{"id":12073,"date":"2024-10-03T10:50:29","date_gmt":"2024-10-03T14:50:29","guid":{"rendered":"https:\/\/www.jessar.ca\/?page_id=12073"},"modified":"2025-05-15T15:14:26","modified_gmt":"2025-05-15T19:14:26","slug":"cooking-preparing","status":"publish","type":"page","link":"https:\/\/www.jessar.ca\/fr\/products\/kitchen\/cooking-preparing\/","title":{"rendered":"Cuisiner et pr\u00e9parer"},"content":{"rendered":"<div class=\"breadcrumbs\" typeof=\"BreadcrumbList\" vocab=\"https:\/\/schema.org\/\"><span property=\"itemListElement\" typeof=\"ListItem\"><a property=\"item\" typeof=\"WebPage\" title=\"Go to Jessar.\" href=\"https:\/\/www.jessar.ca\/fr\" class=\"home\" aria-current=\"page\"><span property=\"name\">Jessar<\/span><\/a><meta property=\"position\" content=\"1\"><\/span><\/div>\n\n\n<figure class=\"wp-block-gallery columns-4 is-cropped\"><ul class=\"blocks-gallery-grid\"><li class=\"blocks-gallery-item\"><figure><img loading=\"lazy\" width=\"800\" height=\"800\" src=\"https:\/\/www.jessar.ca\/wp-content\/uploads\/steak-knives.jpg\" alt=\"\" data-id=\"12787\" data-full-url=\"https:\/\/www.jessar.ca\/wp-content\/uploads\/steak-knives.jpg\" data-link=\"https:\/\/www.jessar.ca\/steak-knives\/\" class=\"wp-image-12787\" srcset=\"https:\/\/www.jessar.ca\/wp-content\/uploads\/steak-knives.jpg 800w, https:\/\/www.jessar.ca\/wp-content\/uploads\/steak-knives-300x300.jpg 300w, https:\/\/www.jessar.ca\/wp-content\/uploads\/steak-knives-150x150.jpg 150w, https:\/\/www.jessar.ca\/wp-content\/uploads\/steak-knives-768x768.jpg 768w, https:\/\/www.jessar.ca\/wp-content\/uploads\/steak-knives-12x12.jpg 12w, https:\/\/www.jessar.ca\/wp-content\/uploads\/steak-knives-640x640.jpg 640w, https:\/\/www.jessar.ca\/wp-content\/uploads\/steak-knives-240x240.jpg 240w, https:\/\/www.jessar.ca\/wp-content\/uploads\/steak-knives-110x110.jpg 110w, https:\/\/www.jessar.ca\/wp-content\/uploads\/steak-knives-65x65.jpg 65w, https:\/\/www.jessar.ca\/wp-content\/uploads\/steak-knives-50x50.jpg 50w, https:\/\/www.jessar.ca\/wp-content\/uploads\/steak-knives-100x100.jpg 100w\" sizes=\"(max-width: 800px) 100vw, 800px\" \/><figcaption class=\"blocks-gallery-item__caption\"><a href=\"https:\/\/www.jessar.ca\/fr\/products\/kitchen\/cooking-preparing\/steak-knives\/\">Couteaux \u00e0 steak<\/a><\/figcaption><\/figure><\/li><li class=\"blocks-gallery-item\"><figure><img loading=\"lazy\" width=\"800\" height=\"800\" src=\"https:\/\/www.jessar.ca\/wp-content\/uploads\/GADGET.jpg\" alt=\"\" data-id=\"11720\" data-full-url=\"https:\/\/www.jessar.ca\/wp-content\/uploads\/GADGET.jpg\" data-link=\"https:\/\/www.jessar.ca\/gadget\/\" class=\"wp-image-11720\" srcset=\"https:\/\/www.jessar.ca\/wp-content\/uploads\/GADGET.jpg 800w, https:\/\/www.jessar.ca\/wp-content\/uploads\/GADGET-300x300.jpg 300w, https:\/\/www.jessar.ca\/wp-content\/uploads\/GADGET-150x150.jpg 150w, https:\/\/www.jessar.ca\/wp-content\/uploads\/GADGET-768x768.jpg 768w, https:\/\/www.jessar.ca\/wp-content\/uploads\/GADGET-12x12.jpg 12w, https:\/\/www.jessar.ca\/wp-content\/uploads\/GADGET-640x640.jpg 640w, https:\/\/www.jessar.ca\/wp-content\/uploads\/GADGET-240x240.jpg 240w, https:\/\/www.jessar.ca\/wp-content\/uploads\/GADGET-110x110.jpg 110w, https:\/\/www.jessar.ca\/wp-content\/uploads\/GADGET-65x65.jpg 65w, https:\/\/www.jessar.ca\/wp-content\/uploads\/GADGET-50x50.jpg 50w, https:\/\/www.jessar.ca\/wp-content\/uploads\/GADGET-100x100.jpg 100w\" sizes=\"(max-width: 800px) 100vw, 800px\" \/><figcaption class=\"blocks-gallery-item__caption\"><a href=\"https:\/\/www.jessar.ca\/fr\/knives-cutting-board\/\">Couteaux et planche \u00e0 d\u00e9couper<\/a><\/figcaption><\/figure><\/li><li class=\"blocks-gallery-item\"><figure><img loading=\"lazy\" width=\"800\" height=\"800\" src=\"https:\/\/www.jessar.ca\/wp-content\/uploads\/Kitchen-Utensils.jpg\" alt=\"\" data-id=\"12788\" data-full-url=\"https:\/\/www.jessar.ca\/wp-content\/uploads\/Kitchen-Utensils.jpg\" data-link=\"https:\/\/www.jessar.ca\/kitchen-utensils\/\" class=\"wp-image-12788\" srcset=\"https:\/\/www.jessar.ca\/wp-content\/uploads\/Kitchen-Utensils.jpg 800w, https:\/\/www.jessar.ca\/wp-content\/uploads\/Kitchen-Utensils-300x300.jpg 300w, https:\/\/www.jessar.ca\/wp-content\/uploads\/Kitchen-Utensils-150x150.jpg 150w, https:\/\/www.jessar.ca\/wp-content\/uploads\/Kitchen-Utensils-768x768.jpg 768w, https:\/\/www.jessar.ca\/wp-content\/uploads\/Kitchen-Utensils-12x12.jpg 12w, https:\/\/www.jessar.ca\/wp-content\/uploads\/Kitchen-Utensils-640x640.jpg 640w, https:\/\/www.jessar.ca\/wp-content\/uploads\/Kitchen-Utensils-240x240.jpg 240w, https:\/\/www.jessar.ca\/wp-content\/uploads\/Kitchen-Utensils-110x110.jpg 110w, https:\/\/www.jessar.ca\/wp-content\/uploads\/Kitchen-Utensils-65x65.jpg 65w, https:\/\/www.jessar.ca\/wp-content\/uploads\/Kitchen-Utensils-50x50.jpg 50w, https:\/\/www.jessar.ca\/wp-content\/uploads\/Kitchen-Utensils-100x100.jpg 100w\" sizes=\"(max-width: 800px) 100vw, 800px\" \/><figcaption class=\"blocks-gallery-item__caption\"><a href=\"https:\/\/www.jessar.ca\/fr\/products\/kitchen\/cooking-preparing\/kitchen-utensils-3\/\">Ustensiles de cuisine<\/a><\/figcaption><\/figure><\/li><li class=\"blocks-gallery-item\"><figure><img loading=\"lazy\" width=\"800\" height=\"800\" src=\"https:\/\/www.jessar.ca\/wp-content\/uploads\/Kitchen-Gadgets.jpg\" alt=\"\" data-id=\"12789\" data-full-url=\"https:\/\/www.jessar.ca\/wp-content\/uploads\/Kitchen-Gadgets.jpg\" data-link=\"https:\/\/www.jessar.ca\/kitchen-gadgets\/\" class=\"wp-image-12789\" srcset=\"https:\/\/www.jessar.ca\/wp-content\/uploads\/Kitchen-Gadgets.jpg 800w, https:\/\/www.jessar.ca\/wp-content\/uploads\/Kitchen-Gadgets-300x300.jpg 300w, https:\/\/www.jessar.ca\/wp-content\/uploads\/Kitchen-Gadgets-150x150.jpg 150w, https:\/\/www.jessar.ca\/wp-content\/uploads\/Kitchen-Gadgets-768x768.jpg 768w, https:\/\/www.jessar.ca\/wp-content\/uploads\/Kitchen-Gadgets-12x12.jpg 12w, https:\/\/www.jessar.ca\/wp-content\/uploads\/Kitchen-Gadgets-640x640.jpg 640w, https:\/\/www.jessar.ca\/wp-content\/uploads\/Kitchen-Gadgets-240x240.jpg 240w, https:\/\/www.jessar.ca\/wp-content\/uploads\/Kitchen-Gadgets-110x110.jpg 110w, https:\/\/www.jessar.ca\/wp-content\/uploads\/Kitchen-Gadgets-65x65.jpg 65w, https:\/\/www.jessar.ca\/wp-content\/uploads\/Kitchen-Gadgets-50x50.jpg 50w, https:\/\/www.jessar.ca\/wp-content\/uploads\/Kitchen-Gadgets-100x100.jpg 100w\" sizes=\"(max-width: 800px) 100vw, 800px\" \/><figcaption class=\"blocks-gallery-item__caption\"><a href=\"https:\/\/www.jessar.ca\/fr\/products\/kitchen\/cooking-preparing\/kitchen-gadgets-3\/\">Gadgets de cuisine<\/a><\/figcaption><\/figure><\/li><li class=\"blocks-gallery-item\"><figure><img loading=\"lazy\" width=\"800\" height=\"800\" src=\"https:\/\/www.jessar.ca\/wp-content\/uploads\/spices-racks-and-salt-and-pepper.jpg\" alt=\"\" data-id=\"12111\" data-full-url=\"https:\/\/www.jessar.ca\/wp-content\/uploads\/spices-racks-and-salt-and-pepper.jpg\" data-link=\"https:\/\/www.jessar.ca\/spices-racks-and-salt-and-pepper\/\" class=\"wp-image-12111\" srcset=\"https:\/\/www.jessar.ca\/wp-content\/uploads\/spices-racks-and-salt-and-pepper.jpg 800w, https:\/\/www.jessar.ca\/wp-content\/uploads\/spices-racks-and-salt-and-pepper-300x300.jpg 300w, https:\/\/www.jessar.ca\/wp-content\/uploads\/spices-racks-and-salt-and-pepper-150x150.jpg 150w, https:\/\/www.jessar.ca\/wp-content\/uploads\/spices-racks-and-salt-and-pepper-768x768.jpg 768w, https:\/\/www.jessar.ca\/wp-content\/uploads\/spices-racks-and-salt-and-pepper-12x12.jpg 12w, https:\/\/www.jessar.ca\/wp-content\/uploads\/spices-racks-and-salt-and-pepper-640x640.jpg 640w, https:\/\/www.jessar.ca\/wp-content\/uploads\/spices-racks-and-salt-and-pepper-240x240.jpg 240w, https:\/\/www.jessar.ca\/wp-content\/uploads\/spices-racks-and-salt-and-pepper-110x110.jpg 110w, https:\/\/www.jessar.ca\/wp-content\/uploads\/spices-racks-and-salt-and-pepper-65x65.jpg 65w, https:\/\/www.jessar.ca\/wp-content\/uploads\/spices-racks-and-salt-and-pepper-50x50.jpg 50w, https:\/\/www.jessar.ca\/wp-content\/uploads\/spices-racks-and-salt-and-pepper-100x100.jpg 100w\" sizes=\"(max-width: 800px) 100vw, 800px\" \/><figcaption class=\"blocks-gallery-item__caption\"><a href=\"https:\/\/www.jessar.ca\/fr\/products\/kitchen\/cooking-preparing\/spice-racks-salt-pepper\/\">\u00c9tag\u00e8res \u00e0 \u00c9pices et Moulin \u00e0 Sel et \u00e0 Poivre<\/a><\/figcaption><\/figure><\/li><li class=\"blocks-gallery-item\"><figure><img loading=\"lazy\" width=\"800\" height=\"800\" src=\"https:\/\/www.jessar.ca\/wp-content\/uploads\/Food-Storage.jpg\" alt=\"\" data-id=\"12790\" data-full-url=\"https:\/\/www.jessar.ca\/wp-content\/uploads\/Food-Storage.jpg\" data-link=\"https:\/\/www.jessar.ca\/food-storage\/\" class=\"wp-image-12790\" srcset=\"https:\/\/www.jessar.ca\/wp-content\/uploads\/Food-Storage.jpg 800w, https:\/\/www.jessar.ca\/wp-content\/uploads\/Food-Storage-300x300.jpg 300w, https:\/\/www.jessar.ca\/wp-content\/uploads\/Food-Storage-150x150.jpg 150w, https:\/\/www.jessar.ca\/wp-content\/uploads\/Food-Storage-768x768.jpg 768w, https:\/\/www.jessar.ca\/wp-content\/uploads\/Food-Storage-12x12.jpg 12w, https:\/\/www.jessar.ca\/wp-content\/uploads\/Food-Storage-640x640.jpg 640w, https:\/\/www.jessar.ca\/wp-content\/uploads\/Food-Storage-240x240.jpg 240w, https:\/\/www.jessar.ca\/wp-content\/uploads\/Food-Storage-110x110.jpg 110w, https:\/\/www.jessar.ca\/wp-content\/uploads\/Food-Storage-65x65.jpg 65w, https:\/\/www.jessar.ca\/wp-content\/uploads\/Food-Storage-50x50.jpg 50w, https:\/\/www.jessar.ca\/wp-content\/uploads\/Food-Storage-100x100.jpg 100w\" sizes=\"(max-width: 800px) 100vw, 800px\" \/><figcaption class=\"blocks-gallery-item__caption\"><a href=\"https:\/\/www.jessar.ca\/fr\/products\/kitchen\/cooking-preparing\/food-storage-4\/\">Stockage Alimentaire<\/a><\/figcaption><\/figure><\/li><li class=\"blocks-gallery-item\"><figure><img loading=\"lazy\" width=\"800\" height=\"800\" src=\"https:\/\/www.jessar.ca\/wp-content\/uploads\/Kitchen-Accessories.jpg\" alt=\"\" data-id=\"12791\" data-full-url=\"https:\/\/www.jessar.ca\/wp-content\/uploads\/Kitchen-Accessories.jpg\" data-link=\"https:\/\/www.jessar.ca\/kitchen-accessories\/\" class=\"wp-image-12791\" srcset=\"https:\/\/www.jessar.ca\/wp-content\/uploads\/Kitchen-Accessories.jpg 800w, https:\/\/www.jessar.ca\/wp-content\/uploads\/Kitchen-Accessories-300x300.jpg 300w, https:\/\/www.jessar.ca\/wp-content\/uploads\/Kitchen-Accessories-150x150.jpg 150w, https:\/\/www.jessar.ca\/wp-content\/uploads\/Kitchen-Accessories-768x768.jpg 768w, https:\/\/www.jessar.ca\/wp-content\/uploads\/Kitchen-Accessories-12x12.jpg 12w, https:\/\/www.jessar.ca\/wp-content\/uploads\/Kitchen-Accessories-640x640.jpg 640w, https:\/\/www.jessar.ca\/wp-content\/uploads\/Kitchen-Accessories-240x240.jpg 240w, https:\/\/www.jessar.ca\/wp-content\/uploads\/Kitchen-Accessories-110x110.jpg 110w, https:\/\/www.jessar.ca\/wp-content\/uploads\/Kitchen-Accessories-65x65.jpg 65w, https:\/\/www.jessar.ca\/wp-content\/uploads\/Kitchen-Accessories-50x50.jpg 50w, https:\/\/www.jessar.ca\/wp-content\/uploads\/Kitchen-Accessories-100x100.jpg 100w\" sizes=\"(max-width: 800px) 100vw, 800px\" \/><figcaption class=\"blocks-gallery-item__caption\"><a href=\"https:\/\/www.jessar.ca\/fr\/products\/kitchen\/cooking-preparing\/kitchen-accessories\/\">Accessoires de cuisine<\/a><\/figcaption><\/figure><\/li><li class=\"blocks-gallery-item\"><figure><img loading=\"lazy\" width=\"800\" height=\"800\" src=\"https:\/\/www.jessar.ca\/wp-content\/uploads\/blank-page_1.jpg\" alt=\"\" data-id=\"3995\" data-full-url=\"https:\/\/www.jessar.ca\/wp-content\/uploads\/blank-page_1.jpg\" data-link=\"https:\/\/www.jessar.ca\/products\/electricity\/receptacle-switch-dimmer\/blank-page_1\/\" class=\"wp-image-3995\" srcset=\"https:\/\/www.jessar.ca\/wp-content\/uploads\/blank-page_1.jpg 800w, https:\/\/www.jessar.ca\/wp-content\/uploads\/blank-page_1-300x300.jpg 300w, https:\/\/www.jessar.ca\/wp-content\/uploads\/blank-page_1-150x150.jpg 150w, https:\/\/www.jessar.ca\/wp-content\/uploads\/blank-page_1-768x768.jpg 768w, https:\/\/www.jessar.ca\/wp-content\/uploads\/blank-page_1-640x640.jpg 640w, https:\/\/www.jessar.ca\/wp-content\/uploads\/blank-page_1-240x240.jpg 240w, https:\/\/www.jessar.ca\/wp-content\/uploads\/blank-page_1-110x110.jpg 110w, https:\/\/www.jessar.ca\/wp-content\/uploads\/blank-page_1-65x65.jpg 65w, https:\/\/www.jessar.ca\/wp-content\/uploads\/blank-page_1-50x50.jpg 50w, https:\/\/www.jessar.ca\/wp-content\/uploads\/blank-page_1-100x100.jpg 100w\" sizes=\"(max-width: 800px) 100vw, 800px\" \/><\/figure><\/li><\/ul><\/figure>","protected":false},"excerpt":{"rendered":"","protected":false},"author":5,"featured_media":0,"parent":82,"menu_order":0,"comment_status":"closed","ping_status":"closed","template":"","meta":[],"_links":{"self":[{"href":"https:\/\/www.jessar.ca\/fr\/wp-json\/wp\/v2\/pages\/12073"}],"collection":[{"href":"https:\/\/www.jessar.ca\/fr\/wp-json\/wp\/v2\/pages"}],"about":[{"href":"https:\/\/www.jessar.ca\/fr\/wp-json\/wp\/v2\/types\/page"}],"author":[{"embeddable":true,"href":"https:\/\/www.jessar.ca\/fr\/wp-json\/wp\/v2\/users\/5"}],"replies":[{"embeddable":true,"href":"https:\/\/www.jessar.ca\/fr\/wp-json\/wp\/v2\/comments?post=12073"}],"version-history":[{"count":5,"href":"https:\/\/www.jessar.ca\/fr\/wp-json\/wp\/v2\/pages\/12073\/revisions"}],"predecessor-version":[{"id":12932,"href":"https:\/\/www.jessar.ca\/fr\/wp-json\/wp\/v2\/pages\/12073\/revisions\/12932"}],"up":[{"embeddable":true,"href":"https:\/\/www.jessar.ca\/fr\/wp-json\/wp\/v2\/pages\/82"}],"wp:attachment":[{"href":"https:\/\/www.jessar.ca\/fr\/wp-json\/wp\/v2\/media?parent=12073"}],"curies":[{"name":"wp","href":"https:\/\/api.w.org\/{rel}","templated":true}]}}