{"id":12089,"date":"2024-10-03T12:32:50","date_gmt":"2024-10-03T16:32:50","guid":{"rendered":"https:\/\/www.jessar.ca\/?page_id=12089"},"modified":"2025-06-11T08:31:19","modified_gmt":"2025-06-11T12:31:19","slug":"coffee-tea-beverage","status":"publish","type":"page","link":"https:\/\/www.jessar.ca\/fr\/products\/kitchen\/tabletop-2\/coffee-tea-beverage\/","title":{"rendered":"Caf\u00e9, th\u00e9 et boissons"},"content":{"rendered":"<div class=\"breadcrumbs\" typeof=\"BreadcrumbList\" vocab=\"https:\/\/schema.org\/\"><span property=\"itemListElement\" typeof=\"ListItem\"><a property=\"item\" typeof=\"WebPage\" title=\"Go to Jessar.\" href=\"https:\/\/www.jessar.ca\/fr\" class=\"home\" aria-current=\"page\"><span property=\"name\">Jessar<\/span><\/a><meta property=\"position\" content=\"1\"><\/span><\/div>\n\n\n<figure class=\"wp-block-gallery columns-4 is-cropped\"><ul class=\"blocks-gallery-grid\"><li class=\"blocks-gallery-item\"><figure><img loading=\"lazy\" width=\"800\" height=\"800\" src=\"https:\/\/www.jessar.ca\/wp-content\/uploads\/Mugs.jpg\" alt=\"\" data-id=\"12094\" data-full-url=\"https:\/\/www.jessar.ca\/wp-content\/uploads\/Mugs.jpg\" data-link=\"https:\/\/www.jessar.ca\/products\/kitchen\/tabletop-2\/coffee-tea\/mugs\/\" class=\"wp-image-12094\" srcset=\"https:\/\/www.jessar.ca\/wp-content\/uploads\/Mugs.jpg 800w, https:\/\/www.jessar.ca\/wp-content\/uploads\/Mugs-300x300.jpg 300w, https:\/\/www.jessar.ca\/wp-content\/uploads\/Mugs-150x150.jpg 150w, https:\/\/www.jessar.ca\/wp-content\/uploads\/Mugs-768x768.jpg 768w, https:\/\/www.jessar.ca\/wp-content\/uploads\/Mugs-12x12.jpg 12w, https:\/\/www.jessar.ca\/wp-content\/uploads\/Mugs-640x640.jpg 640w, https:\/\/www.jessar.ca\/wp-content\/uploads\/Mugs-240x240.jpg 240w, https:\/\/www.jessar.ca\/wp-content\/uploads\/Mugs-110x110.jpg 110w, https:\/\/www.jessar.ca\/wp-content\/uploads\/Mugs-65x65.jpg 65w, https:\/\/www.jessar.ca\/wp-content\/uploads\/Mugs-50x50.jpg 50w, https:\/\/www.jessar.ca\/wp-content\/uploads\/Mugs-100x100.jpg 100w\" sizes=\"(max-width: 800px) 100vw, 800px\" \/><figcaption class=\"blocks-gallery-item__caption\"><a href=\"https:\/\/www.jessar.ca\/fr\/products\/kitchen\/tabletop-2\/coffee-tea-beverage\/mugs-2\/\">Tasses<\/a><\/figcaption><\/figure><\/li><li class=\"blocks-gallery-item\"><figure><img loading=\"lazy\" width=\"800\" height=\"800\" src=\"https:\/\/www.jessar.ca\/wp-content\/uploads\/Watter-bottle-Travel-mugs.jpg\" alt=\"\" data-id=\"12136\" data-full-url=\"https:\/\/www.jessar.ca\/wp-content\/uploads\/Watter-bottle-Travel-mugs.jpg\" data-link=\"https:\/\/www.jessar.ca\/watter-bottle-travel-mugs\/\" class=\"wp-image-12136\" srcset=\"https:\/\/www.jessar.ca\/wp-content\/uploads\/Watter-bottle-Travel-mugs.jpg 800w, https:\/\/www.jessar.ca\/wp-content\/uploads\/Watter-bottle-Travel-mugs-300x300.jpg 300w, https:\/\/www.jessar.ca\/wp-content\/uploads\/Watter-bottle-Travel-mugs-150x150.jpg 150w, https:\/\/www.jessar.ca\/wp-content\/uploads\/Watter-bottle-Travel-mugs-768x768.jpg 768w, https:\/\/www.jessar.ca\/wp-content\/uploads\/Watter-bottle-Travel-mugs-12x12.jpg 12w, https:\/\/www.jessar.ca\/wp-content\/uploads\/Watter-bottle-Travel-mugs-640x640.jpg 640w, https:\/\/www.jessar.ca\/wp-content\/uploads\/Watter-bottle-Travel-mugs-240x240.jpg 240w, https:\/\/www.jessar.ca\/wp-content\/uploads\/Watter-bottle-Travel-mugs-110x110.jpg 110w, https:\/\/www.jessar.ca\/wp-content\/uploads\/Watter-bottle-Travel-mugs-65x65.jpg 65w, https:\/\/www.jessar.ca\/wp-content\/uploads\/Watter-bottle-Travel-mugs-50x50.jpg 50w, https:\/\/www.jessar.ca\/wp-content\/uploads\/Watter-bottle-Travel-mugs-100x100.jpg 100w\" sizes=\"(max-width: 800px) 100vw, 800px\" \/><figcaption class=\"blocks-gallery-item__caption\"><a href=\"https:\/\/www.jessar.ca\/fr\/products\/kitchen\/tabletop-2\/coffee-tea-beverage\/water-bottles-travel-mugs\/\">Bouteilles d'eau et tasses de voyage<\/a><\/figcaption><\/figure><\/li><li class=\"blocks-gallery-item\"><figure><img loading=\"lazy\" width=\"800\" height=\"800\" src=\"https:\/\/www.jessar.ca\/wp-content\/uploads\/Teapot-Coffee-maker.jpg\" alt=\"Teapot &amp; Coffee maker\" data-id=\"12159\" data-full-url=\"https:\/\/www.jessar.ca\/wp-content\/uploads\/Teapot-Coffee-maker.jpg\" data-link=\"https:\/\/www.jessar.ca\/teapot-coffee-maker-2\/\" class=\"wp-image-12159\" srcset=\"https:\/\/www.jessar.ca\/wp-content\/uploads\/Teapot-Coffee-maker.jpg 800w, https:\/\/www.jessar.ca\/wp-content\/uploads\/Teapot-Coffee-maker-300x300.jpg 300w, https:\/\/www.jessar.ca\/wp-content\/uploads\/Teapot-Coffee-maker-150x150.jpg 150w, https:\/\/www.jessar.ca\/wp-content\/uploads\/Teapot-Coffee-maker-768x768.jpg 768w, https:\/\/www.jessar.ca\/wp-content\/uploads\/Teapot-Coffee-maker-12x12.jpg 12w, https:\/\/www.jessar.ca\/wp-content\/uploads\/Teapot-Coffee-maker-640x640.jpg 640w, https:\/\/www.jessar.ca\/wp-content\/uploads\/Teapot-Coffee-maker-240x240.jpg 240w, https:\/\/www.jessar.ca\/wp-content\/uploads\/Teapot-Coffee-maker-110x110.jpg 110w, https:\/\/www.jessar.ca\/wp-content\/uploads\/Teapot-Coffee-maker-65x65.jpg 65w, https:\/\/www.jessar.ca\/wp-content\/uploads\/Teapot-Coffee-maker-50x50.jpg 50w, https:\/\/www.jessar.ca\/wp-content\/uploads\/Teapot-Coffee-maker-100x100.jpg 100w\" sizes=\"(max-width: 800px) 100vw, 800px\" \/><figcaption class=\"blocks-gallery-item__caption\"><a href=\"https:\/\/www.jessar.ca\/fr\/products\/kitchen\/tabletop-2\/coffee-tea-beverage\/teapot-coffee-maker\/\">Th\u00e9i\u00e8re et cafeti\u00e8re<\/a><\/figcaption><\/figure><\/li><li class=\"blocks-gallery-item\"><figure><img loading=\"lazy\" width=\"800\" height=\"800\" src=\"https:\/\/www.jessar.ca\/wp-content\/uploads\/stovetop-kettles-Carafe.jpg\" alt=\"Stovetop kettles &amp; Carafe\" data-id=\"12177\" data-full-url=\"https:\/\/www.jessar.ca\/wp-content\/uploads\/stovetop-kettles-Carafe.jpg\" data-link=\"https:\/\/www.jessar.ca\/products\/kitchen\/tabletop-2\/coffee-tea-beverage\/stovetop-kettles-carafe\/\" class=\"wp-image-12177\" srcset=\"https:\/\/www.jessar.ca\/wp-content\/uploads\/stovetop-kettles-Carafe.jpg 800w, https:\/\/www.jessar.ca\/wp-content\/uploads\/stovetop-kettles-Carafe-300x300.jpg 300w, https:\/\/www.jessar.ca\/wp-content\/uploads\/stovetop-kettles-Carafe-150x150.jpg 150w, https:\/\/www.jessar.ca\/wp-content\/uploads\/stovetop-kettles-Carafe-768x768.jpg 768w, https:\/\/www.jessar.ca\/wp-content\/uploads\/stovetop-kettles-Carafe-12x12.jpg 12w, https:\/\/www.jessar.ca\/wp-content\/uploads\/stovetop-kettles-Carafe-640x640.jpg 640w, https:\/\/www.jessar.ca\/wp-content\/uploads\/stovetop-kettles-Carafe-240x240.jpg 240w, https:\/\/www.jessar.ca\/wp-content\/uploads\/stovetop-kettles-Carafe-110x110.jpg 110w, https:\/\/www.jessar.ca\/wp-content\/uploads\/stovetop-kettles-Carafe-65x65.jpg 65w, https:\/\/www.jessar.ca\/wp-content\/uploads\/stovetop-kettles-Carafe-50x50.jpg 50w, https:\/\/www.jessar.ca\/wp-content\/uploads\/stovetop-kettles-Carafe-100x100.jpg 100w\" sizes=\"(max-width: 800px) 100vw, 800px\" \/><figcaption class=\"blocks-gallery-item__caption\"><a href=\"https:\/\/www.jessar.ca\/fr\/products\/kitchen\/tabletop-2\/coffee-tea-beverage\/stovetop-kettles-carafe-2\/\">Bouilloires et carafes<\/a><\/figcaption><\/figure><\/li><\/ul><\/figure>","protected":false},"excerpt":{"rendered":"","protected":false},"author":5,"featured_media":0,"parent":12014,"menu_order":0,"comment_status":"closed","ping_status":"closed","template":"","meta":[],"_links":{"self":[{"href":"https:\/\/www.jessar.ca\/fr\/wp-json\/wp\/v2\/pages\/12089"}],"collection":[{"href":"https:\/\/www.jessar.ca\/fr\/wp-json\/wp\/v2\/pages"}],"about":[{"href":"https:\/\/www.jessar.ca\/fr\/wp-json\/wp\/v2\/types\/page"}],"author":[{"embeddable":true,"href":"https:\/\/www.jessar.ca\/fr\/wp-json\/wp\/v2\/users\/5"}],"replies":[{"embeddable":true,"href":"https:\/\/www.jessar.ca\/fr\/wp-json\/wp\/v2\/comments?post=12089"}],"version-history":[{"count":5,"href":"https:\/\/www.jessar.ca\/fr\/wp-json\/wp\/v2\/pages\/12089\/revisions"}],"predecessor-version":[{"id":13009,"href":"https:\/\/www.jessar.ca\/fr\/wp-json\/wp\/v2\/pages\/12089\/revisions\/13009"}],"up":[{"embeddable":true,"href":"https:\/\/www.jessar.ca\/fr\/wp-json\/wp\/v2\/pages\/12014"}],"wp:attachment":[{"href":"https:\/\/www.jessar.ca\/fr\/wp-json\/wp\/v2\/media?parent=12089"}],"curies":[{"name":"wp","href":"https:\/\/api.w.org\/{rel}","templated":true}]}}