{"id":12104,"date":"2024-10-03T13:54:40","date_gmt":"2024-10-03T17:54:40","guid":{"rendered":"https:\/\/www.jessar.ca\/?page_id=12104"},"modified":"2025-06-10T14:18:41","modified_gmt":"2025-06-10T18:18:41","slug":"knives-cutting-board","status":"publish","type":"page","link":"https:\/\/www.jessar.ca\/fr\/products\/kitchen\/cooking-preparing\/knives-cutting-board\/","title":{"rendered":"Knives &#038; Cutting board"},"content":{"rendered":"<div class=\"breadcrumbs\" typeof=\"BreadcrumbList\" vocab=\"https:\/\/schema.org\/\"><span property=\"itemListElement\" typeof=\"ListItem\"><a property=\"item\" typeof=\"WebPage\" title=\"Go to Jessar.\" href=\"https:\/\/www.jessar.ca\/fr\" class=\"home\" aria-current=\"page\"><span property=\"name\">Jessar<\/span><\/a><meta property=\"position\" content=\"1\"><\/span><\/div>\n\n<div class=\"wc-block-grid wp-block-product-category wc-block-product-category has-4-columns has-multiple-rows\"><ul class=\"wc-block-grid__products\"><li class=\"wc-block-grid__product\">\n\t\t\t\t<a href=\"https:\/\/www.jessar.ca\/fr\/produit\/hook-handle-knife-sharpener-7-99111\/\" class=\"wc-block-grid__product-link\">\n\t\t\t\t\t<div class=\"wc-block-grid__product-image\"><img width=\"640\" height=\"640\" src=\"https:\/\/www.jessar.ca\/wp-content\/uploads\/7-99111-640x640.jpg\" class=\"attachment-woocommerce_thumbnail size-woocommerce_thumbnail\" alt=\"\" loading=\"lazy\" srcset=\"https:\/\/www.jessar.ca\/wp-content\/uploads\/7-99111-640x640.jpg 640w, https:\/\/www.jessar.ca\/wp-content\/uploads\/7-99111-300x300.jpg 300w, https:\/\/www.jessar.ca\/wp-content\/uploads\/7-99111-1024x1024.jpg 1024w, https:\/\/www.jessar.ca\/wp-content\/uploads\/7-99111-150x150.jpg 150w, https:\/\/www.jessar.ca\/wp-content\/uploads\/7-99111-768x768.jpg 768w, https:\/\/www.jessar.ca\/wp-content\/uploads\/7-99111-12x12.jpg 12w, https:\/\/www.jessar.ca\/wp-content\/uploads\/7-99111-240x240.jpg 240w, https:\/\/www.jessar.ca\/wp-content\/uploads\/7-99111-110x110.jpg 110w, https:\/\/www.jessar.ca\/wp-content\/uploads\/7-99111-65x65.jpg 65w, https:\/\/www.jessar.ca\/wp-content\/uploads\/7-99111-50x50.jpg 50w, https:\/\/www.jessar.ca\/wp-content\/uploads\/7-99111-800x800.jpg 800w, https:\/\/www.jessar.ca\/wp-content\/uploads\/7-99111-100x100.jpg 100w, https:\/\/www.jessar.ca\/wp-content\/uploads\/7-99111.jpg 1500w\" sizes=\"(max-width: 640px) 100vw, 640px\" \/><\/div>\n\t\t\t\t\t<div class=\"wc-block-grid__product-title\">AIGUISEUR DE COUTEAU \u00c0 MANCHE CROCHET <br><br> #7-99111<\/div>\n\t\t\t\t<\/a>\n\t\t\t\t\n\t\t\t\t\n\t\t\t\t\n\t\t\t\t\n\t\t\t<\/li><li class=\"wc-block-grid__product\">\n\t\t\t\t<a href=\"https:\/\/www.jessar.ca\/fr\/produit\/6-piece-knife-set-with-universal-block-black-granite-texture-7-99033\/\" class=\"wc-block-grid__product-link\">\n\t\t\t\t\t<div class=\"wc-block-grid__product-image\"><img width=\"640\" height=\"640\" src=\"https:\/\/www.jessar.ca\/wp-content\/uploads\/7-99033-640x640.jpg\" class=\"attachment-woocommerce_thumbnail size-woocommerce_thumbnail\" alt=\"\" loading=\"lazy\" srcset=\"https:\/\/www.jessar.ca\/wp-content\/uploads\/7-99033-640x640.jpg 640w, https:\/\/www.jessar.ca\/wp-content\/uploads\/7-99033-300x300.jpg 300w, https:\/\/www.jessar.ca\/wp-content\/uploads\/7-99033-1024x1024.jpg 1024w, https:\/\/www.jessar.ca\/wp-content\/uploads\/7-99033-150x150.jpg 150w, https:\/\/www.jessar.ca\/wp-content\/uploads\/7-99033-768x768.jpg 768w, https:\/\/www.jessar.ca\/wp-content\/uploads\/7-99033-12x12.jpg 12w, https:\/\/www.jessar.ca\/wp-content\/uploads\/7-99033-240x240.jpg 240w, https:\/\/www.jessar.ca\/wp-content\/uploads\/7-99033-110x110.jpg 110w, https:\/\/www.jessar.ca\/wp-content\/uploads\/7-99033-65x65.jpg 65w, https:\/\/www.jessar.ca\/wp-content\/uploads\/7-99033-50x50.jpg 50w, https:\/\/www.jessar.ca\/wp-content\/uploads\/7-99033-800x800.jpg 800w, https:\/\/www.jessar.ca\/wp-content\/uploads\/7-99033-100x100.jpg 100w, https:\/\/www.jessar.ca\/wp-content\/uploads\/7-99033.jpg 1500w\" sizes=\"(max-width: 640px) 100vw, 640px\" \/><\/div>\n\t\t\t\t\t<div class=\"wc-block-grid__product-title\">6 PI\u00c8CES COUTEAUX AVEC BLOC UNIVERSEL <br><br> #7-99033<\/div>\n\t\t\t\t<\/a>\n\t\t\t\t\n\t\t\t\t\n\t\t\t\t\n\t\t\t\t\n\t\t\t<\/li><li class=\"wc-block-grid__product\">\n\t\t\t\t<a href=\"https:\/\/www.jessar.ca\/fr\/produit\/6-piece-knife-set-with-universal-block-black-7-99032\/\" class=\"wc-block-grid__product-link\">\n\t\t\t\t\t<div class=\"wc-block-grid__product-image\"><img width=\"640\" height=\"640\" src=\"https:\/\/www.jessar.ca\/wp-content\/uploads\/7-99032-640x640.jpg\" class=\"attachment-woocommerce_thumbnail size-woocommerce_thumbnail\" alt=\"\" loading=\"lazy\" srcset=\"https:\/\/www.jessar.ca\/wp-content\/uploads\/7-99032-640x640.jpg 640w, https:\/\/www.jessar.ca\/wp-content\/uploads\/7-99032-300x300.jpg 300w, https:\/\/www.jessar.ca\/wp-content\/uploads\/7-99032-1024x1024.jpg 1024w, https:\/\/www.jessar.ca\/wp-content\/uploads\/7-99032-150x150.jpg 150w, https:\/\/www.jessar.ca\/wp-content\/uploads\/7-99032-768x768.jpg 768w, https:\/\/www.jessar.ca\/wp-content\/uploads\/7-99032-12x12.jpg 12w, https:\/\/www.jessar.ca\/wp-content\/uploads\/7-99032-240x240.jpg 240w, https:\/\/www.jessar.ca\/wp-content\/uploads\/7-99032-110x110.jpg 110w, https:\/\/www.jessar.ca\/wp-content\/uploads\/7-99032-65x65.jpg 65w, https:\/\/www.jessar.ca\/wp-content\/uploads\/7-99032-50x50.jpg 50w, https:\/\/www.jessar.ca\/wp-content\/uploads\/7-99032-800x800.jpg 800w, https:\/\/www.jessar.ca\/wp-content\/uploads\/7-99032-100x100.jpg 100w, https:\/\/www.jessar.ca\/wp-content\/uploads\/7-99032.jpg 1500w\" sizes=\"(max-width: 640px) 100vw, 640px\" \/><\/div>\n\t\t\t\t\t<div class=\"wc-block-grid__product-title\">6 PI\u00c8CES COUTEAUX AVEC BLOC UNIVERSEL <br><br> #7-99032<\/div>\n\t\t\t\t<\/a>\n\t\t\t\t\n\t\t\t\t\n\t\t\t\t\n\t\t\t\t\n\t\t\t<\/li><li class=\"wc-block-grid__product\">\n\t\t\t\t<a href=\"https:\/\/www.jessar.ca\/fr\/produit\/6-piece-knife-block-set-with-wood-grain-handle-7-99105\/\" class=\"wc-block-grid__product-link\">\n\t\t\t\t\t<div class=\"wc-block-grid__product-image\"><img width=\"640\" height=\"640\" src=\"https:\/\/www.jessar.ca\/wp-content\/uploads\/7-99105-640x640.jpg\" class=\"attachment-woocommerce_thumbnail size-woocommerce_thumbnail\" alt=\"\" loading=\"lazy\" srcset=\"https:\/\/www.jessar.ca\/wp-content\/uploads\/7-99105-640x640.jpg 640w, https:\/\/www.jessar.ca\/wp-content\/uploads\/7-99105-300x300.jpg 300w, https:\/\/www.jessar.ca\/wp-content\/uploads\/7-99105-1024x1024.jpg 1024w, https:\/\/www.jessar.ca\/wp-content\/uploads\/7-99105-150x150.jpg 150w, https:\/\/www.jessar.ca\/wp-content\/uploads\/7-99105-768x768.jpg 768w, https:\/\/www.jessar.ca\/wp-content\/uploads\/7-99105-12x12.jpg 12w, https:\/\/www.jessar.ca\/wp-content\/uploads\/7-99105-240x240.jpg 240w, https:\/\/www.jessar.ca\/wp-content\/uploads\/7-99105-110x110.jpg 110w, https:\/\/www.jessar.ca\/wp-content\/uploads\/7-99105-65x65.jpg 65w, https:\/\/www.jessar.ca\/wp-content\/uploads\/7-99105-50x50.jpg 50w, https:\/\/www.jessar.ca\/wp-content\/uploads\/7-99105-800x800.jpg 800w, https:\/\/www.jessar.ca\/wp-content\/uploads\/7-99105-100x100.jpg 100w, https:\/\/www.jessar.ca\/wp-content\/uploads\/7-99105.jpg 1500w\" sizes=\"(max-width: 640px) 100vw, 640px\" \/><\/div>\n\t\t\t\t\t<div class=\"wc-block-grid__product-title\">6 PI\u00c8CES BLOC \u00c0 COUTEAUX AVEC POIGN\u00c9ES EN GRAIN DE BOIS <br><br> #7-99105<\/div>\n\t\t\t\t<\/a>\n\t\t\t\t\n\t\t\t\t\n\t\t\t\t\n\t\t\t\t\n\t\t\t<\/li><li class=\"wc-block-grid__product\">\n\t\t\t\t<a href=\"https:\/\/www.jessar.ca\/fr\/produit\/7-piece-knife-block-set-black-7-99031\/\" class=\"wc-block-grid__product-link\">\n\t\t\t\t\t<div class=\"wc-block-grid__product-image\"><img width=\"640\" height=\"640\" src=\"https:\/\/www.jessar.ca\/wp-content\/uploads\/7-99031-640x640.jpg\" class=\"attachment-woocommerce_thumbnail size-woocommerce_thumbnail\" alt=\"\" loading=\"lazy\" srcset=\"https:\/\/www.jessar.ca\/wp-content\/uploads\/7-99031-640x640.jpg 640w, https:\/\/www.jessar.ca\/wp-content\/uploads\/7-99031-300x300.jpg 300w, https:\/\/www.jessar.ca\/wp-content\/uploads\/7-99031-1024x1024.jpg 1024w, https:\/\/www.jessar.ca\/wp-content\/uploads\/7-99031-150x150.jpg 150w, https:\/\/www.jessar.ca\/wp-content\/uploads\/7-99031-768x768.jpg 768w, https:\/\/www.jessar.ca\/wp-content\/uploads\/7-99031-12x12.jpg 12w, https:\/\/www.jessar.ca\/wp-content\/uploads\/7-99031-240x240.jpg 240w, https:\/\/www.jessar.ca\/wp-content\/uploads\/7-99031-110x110.jpg 110w, https:\/\/www.jessar.ca\/wp-content\/uploads\/7-99031-65x65.jpg 65w, https:\/\/www.jessar.ca\/wp-content\/uploads\/7-99031-50x50.jpg 50w, https:\/\/www.jessar.ca\/wp-content\/uploads\/7-99031-800x800.jpg 800w, https:\/\/www.jessar.ca\/wp-content\/uploads\/7-99031-100x100.jpg 100w, https:\/\/www.jessar.ca\/wp-content\/uploads\/7-99031.jpg 1500w\" sizes=\"(max-width: 640px) 100vw, 640px\" \/><\/div>\n\t\t\t\t\t<div class=\"wc-block-grid__product-title\">7 PI\u00c8CES PORTE COUTEAUX - NOIR <br><br> #7-99031<\/div>\n\t\t\t\t<\/a>\n\t\t\t\t\n\t\t\t\t\n\t\t\t\t\n\t\t\t\t\n\t\t\t<\/li><li class=\"wc-block-grid__product\">\n\t\t\t\t<a href=\"https:\/\/www.jessar.ca\/fr\/produit\/6-piece-chef-knife-set-with-stylish-acrylic-stand-7-99038\/\" class=\"wc-block-grid__product-link\">\n\t\t\t\t\t<div class=\"wc-block-grid__product-image\"><img width=\"640\" height=\"640\" src=\"https:\/\/www.jessar.ca\/wp-content\/uploads\/7-99038-640x640.jpg\" class=\"attachment-woocommerce_thumbnail size-woocommerce_thumbnail\" alt=\"\" loading=\"lazy\" srcset=\"https:\/\/www.jessar.ca\/wp-content\/uploads\/7-99038-640x640.jpg 640w, https:\/\/www.jessar.ca\/wp-content\/uploads\/7-99038-300x300.jpg 300w, https:\/\/www.jessar.ca\/wp-content\/uploads\/7-99038-1024x1024.jpg 1024w, https:\/\/www.jessar.ca\/wp-content\/uploads\/7-99038-150x150.jpg 150w, https:\/\/www.jessar.ca\/wp-content\/uploads\/7-99038-768x768.jpg 768w, https:\/\/www.jessar.ca\/wp-content\/uploads\/7-99038-12x12.jpg 12w, https:\/\/www.jessar.ca\/wp-content\/uploads\/7-99038-240x240.jpg 240w, https:\/\/www.jessar.ca\/wp-content\/uploads\/7-99038-110x110.jpg 110w, https:\/\/www.jessar.ca\/wp-content\/uploads\/7-99038-65x65.jpg 65w, https:\/\/www.jessar.ca\/wp-content\/uploads\/7-99038-50x50.jpg 50w, https:\/\/www.jessar.ca\/wp-content\/uploads\/7-99038-800x800.jpg 800w, https:\/\/www.jessar.ca\/wp-content\/uploads\/7-99038-100x100.jpg 100w, https:\/\/www.jessar.ca\/wp-content\/uploads\/7-99038.jpg 1500w\" sizes=\"(max-width: 640px) 100vw, 640px\" \/><\/div>\n\t\t\t\t\t<div class=\"wc-block-grid__product-title\">6 PIECE CHEF KNIFE SET WITH ACRYLIC STAND <br><br> #7-99038<\/div>\n\t\t\t\t<\/a>\n\t\t\t\t\n\t\t\t\t\n\t\t\t\t\n\t\t\t\t\n\t\t\t<\/li><li class=\"wc-block-grid__product\">\n\t\t\t\t<a href=\"https:\/\/www.jessar.ca\/fr\/produit\/6-piece-classic-knife-set-with-transparent-stand-7-99039\/\" class=\"wc-block-grid__product-link\">\n\t\t\t\t\t<div class=\"wc-block-grid__product-image\"><img width=\"640\" height=\"640\" src=\"https:\/\/www.jessar.ca\/wp-content\/uploads\/7-99039-640x640.jpg\" class=\"attachment-woocommerce_thumbnail size-woocommerce_thumbnail\" alt=\"\" loading=\"lazy\" srcset=\"https:\/\/www.jessar.ca\/wp-content\/uploads\/7-99039-640x640.jpg 640w, https:\/\/www.jessar.ca\/wp-content\/uploads\/7-99039-300x300.jpg 300w, https:\/\/www.jessar.ca\/wp-content\/uploads\/7-99039-1024x1024.jpg 1024w, https:\/\/www.jessar.ca\/wp-content\/uploads\/7-99039-150x150.jpg 150w, https:\/\/www.jessar.ca\/wp-content\/uploads\/7-99039-768x768.jpg 768w, https:\/\/www.jessar.ca\/wp-content\/uploads\/7-99039-12x12.jpg 12w, https:\/\/www.jessar.ca\/wp-content\/uploads\/7-99039-240x240.jpg 240w, https:\/\/www.jessar.ca\/wp-content\/uploads\/7-99039-110x110.jpg 110w, https:\/\/www.jessar.ca\/wp-content\/uploads\/7-99039-65x65.jpg 65w, https:\/\/www.jessar.ca\/wp-content\/uploads\/7-99039-50x50.jpg 50w, https:\/\/www.jessar.ca\/wp-content\/uploads\/7-99039-800x800.jpg 800w, https:\/\/www.jessar.ca\/wp-content\/uploads\/7-99039-100x100.jpg 100w, https:\/\/www.jessar.ca\/wp-content\/uploads\/7-99039.jpg 1500w\" sizes=\"(max-width: 640px) 100vw, 640px\" \/><\/div>\n\t\t\t\t\t<div class=\"wc-block-grid__product-title\">6 PI\u00c8CES COUTEAUX CLASSIQUE AVEC SUPPORT TRANSPARENT <br><br> #7-99039<\/div>\n\t\t\t\t<\/a>\n\t\t\t\t\n\t\t\t\t\n\t\t\t\t\n\t\t\t\t\n\t\t\t<\/li><li class=\"wc-block-grid__product\">\n\t\t\t\t<a href=\"https:\/\/www.jessar.ca\/fr\/produit\/acacia-wood-serving-cutting-board-7-99142\/\" class=\"wc-block-grid__product-link\">\n\t\t\t\t\t<div class=\"wc-block-grid__product-image\"><img width=\"640\" height=\"640\" src=\"https:\/\/www.jessar.ca\/wp-content\/uploads\/7-99142-1-640x640.jpg\" class=\"attachment-woocommerce_thumbnail size-woocommerce_thumbnail\" alt=\"\" loading=\"lazy\" srcset=\"https:\/\/www.jessar.ca\/wp-content\/uploads\/7-99142-1-640x640.jpg 640w, https:\/\/www.jessar.ca\/wp-content\/uploads\/7-99142-1-300x300.jpg 300w, https:\/\/www.jessar.ca\/wp-content\/uploads\/7-99142-1-1024x1024.jpg 1024w, https:\/\/www.jessar.ca\/wp-content\/uploads\/7-99142-1-150x150.jpg 150w, https:\/\/www.jessar.ca\/wp-content\/uploads\/7-99142-1-768x768.jpg 768w, https:\/\/www.jessar.ca\/wp-content\/uploads\/7-99142-1-12x12.jpg 12w, https:\/\/www.jessar.ca\/wp-content\/uploads\/7-99142-1-240x240.jpg 240w, https:\/\/www.jessar.ca\/wp-content\/uploads\/7-99142-1-110x110.jpg 110w, https:\/\/www.jessar.ca\/wp-content\/uploads\/7-99142-1-65x65.jpg 65w, https:\/\/www.jessar.ca\/wp-content\/uploads\/7-99142-1-50x50.jpg 50w, https:\/\/www.jessar.ca\/wp-content\/uploads\/7-99142-1-800x800.jpg 800w, https:\/\/www.jessar.ca\/wp-content\/uploads\/7-99142-1-100x100.jpg 100w, https:\/\/www.jessar.ca\/wp-content\/uploads\/7-99142-1.jpg 1500w\" sizes=\"(max-width: 640px) 100vw, 640px\" \/><\/div>\n\t\t\t\t\t<div class=\"wc-block-grid__product-title\">PLANCHE \u00c0 SERVICE ET D\u00c9COUPER EN ACACIA <br><br> #7-99142<\/div>\n\t\t\t\t<\/a>\n\t\t\t\t\n\t\t\t\t\n\t\t\t\t\n\t\t\t\t\n\t\t\t<\/li><li class=\"wc-block-grid__product\">\n\t\t\t\t<a href=\"https:\/\/www.jessar.ca\/fr\/produit\/acacia-wood-serving-cutting-board-7-99143\/\" class=\"wc-block-grid__product-link\">\n\t\t\t\t\t<div class=\"wc-block-grid__product-image\"><img width=\"640\" height=\"640\" src=\"https:\/\/www.jessar.ca\/wp-content\/uploads\/7-99143_1-640x640.jpg\" class=\"attachment-woocommerce_thumbnail size-woocommerce_thumbnail\" alt=\"\" loading=\"lazy\" srcset=\"https:\/\/www.jessar.ca\/wp-content\/uploads\/7-99143_1-640x640.jpg 640w, https:\/\/www.jessar.ca\/wp-content\/uploads\/7-99143_1-300x300.jpg 300w, https:\/\/www.jessar.ca\/wp-content\/uploads\/7-99143_1-1024x1024.jpg 1024w, https:\/\/www.jessar.ca\/wp-content\/uploads\/7-99143_1-150x150.jpg 150w, https:\/\/www.jessar.ca\/wp-content\/uploads\/7-99143_1-768x768.jpg 768w, https:\/\/www.jessar.ca\/wp-content\/uploads\/7-99143_1-12x12.jpg 12w, https:\/\/www.jessar.ca\/wp-content\/uploads\/7-99143_1-240x240.jpg 240w, https:\/\/www.jessar.ca\/wp-content\/uploads\/7-99143_1-110x110.jpg 110w, https:\/\/www.jessar.ca\/wp-content\/uploads\/7-99143_1-65x65.jpg 65w, https:\/\/www.jessar.ca\/wp-content\/uploads\/7-99143_1-50x50.jpg 50w, https:\/\/www.jessar.ca\/wp-content\/uploads\/7-99143_1-800x800.jpg 800w, https:\/\/www.jessar.ca\/wp-content\/uploads\/7-99143_1-100x100.jpg 100w, https:\/\/www.jessar.ca\/wp-content\/uploads\/7-99143_1.jpg 1500w\" sizes=\"(max-width: 640px) 100vw, 640px\" \/><\/div>\n\t\t\t\t\t<div class=\"wc-block-grid__product-title\">PLANCHE \u00c0 SERVICE ET D\u00c9COUPER EN ACACIA <br><br>  #7-99143<\/div>\n\t\t\t\t<\/a>\n\t\t\t\t\n\t\t\t\t\n\t\t\t\t\n\t\t\t\t\n\t\t\t<\/li><li class=\"wc-block-grid__product\">\n\t\t\t\t<a href=\"https:\/\/www.jessar.ca\/fr\/produit\/bamboo-serving-boards-with-grey-accent-2pk-7-99084\/\" class=\"wc-block-grid__product-link\">\n\t\t\t\t\t<div class=\"wc-block-grid__product-image\"><img width=\"640\" height=\"640\" src=\"https:\/\/www.jessar.ca\/wp-content\/uploads\/7-99084-640x640.jpg\" class=\"attachment-woocommerce_thumbnail size-woocommerce_thumbnail\" alt=\"\" loading=\"lazy\" srcset=\"https:\/\/www.jessar.ca\/wp-content\/uploads\/7-99084-640x640.jpg 640w, https:\/\/www.jessar.ca\/wp-content\/uploads\/7-99084-300x300.jpg 300w, https:\/\/www.jessar.ca\/wp-content\/uploads\/7-99084-1024x1024.jpg 1024w, https:\/\/www.jessar.ca\/wp-content\/uploads\/7-99084-150x150.jpg 150w, https:\/\/www.jessar.ca\/wp-content\/uploads\/7-99084-768x768.jpg 768w, https:\/\/www.jessar.ca\/wp-content\/uploads\/7-99084-12x12.jpg 12w, https:\/\/www.jessar.ca\/wp-content\/uploads\/7-99084-240x240.jpg 240w, https:\/\/www.jessar.ca\/wp-content\/uploads\/7-99084-110x110.jpg 110w, https:\/\/www.jessar.ca\/wp-content\/uploads\/7-99084-65x65.jpg 65w, https:\/\/www.jessar.ca\/wp-content\/uploads\/7-99084-50x50.jpg 50w, https:\/\/www.jessar.ca\/wp-content\/uploads\/7-99084-800x800.jpg 800w, https:\/\/www.jessar.ca\/wp-content\/uploads\/7-99084-100x100.jpg 100w, https:\/\/www.jessar.ca\/wp-content\/uploads\/7-99084.jpg 1500w\" sizes=\"(max-width: 640px) 100vw, 640px\" \/><\/div>\n\t\t\t\t\t<div class=\"wc-block-grid__product-title\">PLANCHES DE SERVICE EN BAMBOU AVEC ACCENT GRIS \/ 2PK <br><br> #7-99084<\/div>\n\t\t\t\t<\/a>\n\t\t\t\t\n\t\t\t\t\n\t\t\t\t\n\t\t\t\t\n\t\t\t<\/li><li class=\"wc-block-grid__product\">\n\t\t\t\t<a href=\"https:\/\/www.jessar.ca\/fr\/produit\/bamboo-serving-boards-with-black-accent-2pk-7-99083\/\" class=\"wc-block-grid__product-link\">\n\t\t\t\t\t<div class=\"wc-block-grid__product-image\"><img width=\"640\" height=\"640\" src=\"https:\/\/www.jessar.ca\/wp-content\/uploads\/7-99083-640x640.jpg\" class=\"attachment-woocommerce_thumbnail size-woocommerce_thumbnail\" alt=\"\" loading=\"lazy\" srcset=\"https:\/\/www.jessar.ca\/wp-content\/uploads\/7-99083-640x640.jpg 640w, https:\/\/www.jessar.ca\/wp-content\/uploads\/7-99083-300x300.jpg 300w, https:\/\/www.jessar.ca\/wp-content\/uploads\/7-99083-1024x1024.jpg 1024w, https:\/\/www.jessar.ca\/wp-content\/uploads\/7-99083-150x150.jpg 150w, https:\/\/www.jessar.ca\/wp-content\/uploads\/7-99083-768x768.jpg 768w, https:\/\/www.jessar.ca\/wp-content\/uploads\/7-99083-12x12.jpg 12w, https:\/\/www.jessar.ca\/wp-content\/uploads\/7-99083-240x240.jpg 240w, https:\/\/www.jessar.ca\/wp-content\/uploads\/7-99083-110x110.jpg 110w, https:\/\/www.jessar.ca\/wp-content\/uploads\/7-99083-65x65.jpg 65w, https:\/\/www.jessar.ca\/wp-content\/uploads\/7-99083-50x50.jpg 50w, https:\/\/www.jessar.ca\/wp-content\/uploads\/7-99083-800x800.jpg 800w, https:\/\/www.jessar.ca\/wp-content\/uploads\/7-99083-100x100.jpg 100w, https:\/\/www.jessar.ca\/wp-content\/uploads\/7-99083.jpg 1500w\" sizes=\"(max-width: 640px) 100vw, 640px\" \/><\/div>\n\t\t\t\t\t<div class=\"wc-block-grid__product-title\">PLANCHES DE SERVICE EN BAMBOU AVEC ACCENT NOIR \/ 2PK <br><br> #7-99083<\/div>\n\t\t\t\t<\/a>\n\t\t\t\t\n\t\t\t\t\n\t\t\t\t\n\t\t\t\t\n\t\t\t<\/li><\/ul><\/div>","protected":false},"excerpt":{"rendered":"","protected":false},"author":5,"featured_media":0,"parent":12073,"menu_order":0,"comment_status":"closed","ping_status":"closed","template":"","meta":[],"_links":{"self":[{"href":"https:\/\/www.jessar.ca\/fr\/wp-json\/wp\/v2\/pages\/12104"}],"collection":[{"href":"https:\/\/www.jessar.ca\/fr\/wp-json\/wp\/v2\/pages"}],"about":[{"href":"https:\/\/www.jessar.ca\/fr\/wp-json\/wp\/v2\/types\/page"}],"author":[{"embeddable":true,"href":"https:\/\/www.jessar.ca\/fr\/wp-json\/wp\/v2\/users\/5"}],"replies":[{"embeddable":true,"href":"https:\/\/www.jessar.ca\/fr\/wp-json\/wp\/v2\/comments?post=12104"}],"version-history":[{"count":5,"href":"https:\/\/www.jessar.ca\/fr\/wp-json\/wp\/v2\/pages\/12104\/revisions"}],"predecessor-version":[{"id":12110,"href":"https:\/\/www.jessar.ca\/fr\/wp-json\/wp\/v2\/pages\/12104\/revisions\/12110"}],"up":[{"embeddable":true,"href":"https:\/\/www.jessar.ca\/fr\/wp-json\/wp\/v2\/pages\/12073"}],"wp:attachment":[{"href":"https:\/\/www.jessar.ca\/fr\/wp-json\/wp\/v2\/media?parent=12104"}],"curies":[{"name":"wp","href":"https:\/\/api.w.org\/{rel}","templated":true}]}}