{"id":12161,"date":"2024-10-04T11:31:25","date_gmt":"2024-10-04T15:31:25","guid":{"rendered":"https:\/\/www.jessar.ca\/?page_id=12161"},"modified":"2025-06-11T08:29:30","modified_gmt":"2025-06-11T12:29:30","slug":"teapot-coffee-maker","status":"publish","type":"page","link":"https:\/\/www.jessar.ca\/fr\/products\/kitchen\/tabletop-2\/coffee-tea-beverage\/teapot-coffee-maker\/","title":{"rendered":"Th\u00e9i\u00e8re et cafeti\u00e8re"},"content":{"rendered":"<div class=\"breadcrumbs\" typeof=\"BreadcrumbList\" vocab=\"https:\/\/schema.org\/\"><span property=\"itemListElement\" typeof=\"ListItem\"><a property=\"item\" typeof=\"WebPage\" title=\"Go to Jessar.\" href=\"https:\/\/www.jessar.ca\/fr\" class=\"home\" aria-current=\"page\"><span property=\"name\">Jessar<\/span><\/a><meta property=\"position\" content=\"1\"><\/span><\/div>\n\n<div class=\"wc-block-grid wp-block-product-category wc-block-product-category has-4-columns has-multiple-rows\"><ul class=\"wc-block-grid__products\"><li class=\"wc-block-grid__product\">\n\t\t\t\t<a href=\"https:\/\/www.jessar.ca\/fr\/produit\/800ml-french-press-with-bamboo-knob-handle-7-99452\/\" class=\"wc-block-grid__product-link\">\n\t\t\t\t\t<div class=\"wc-block-grid__product-image\"><img width=\"640\" height=\"640\" src=\"https:\/\/www.jessar.ca\/wp-content\/uploads\/7-99452-640x640.jpg\" class=\"attachment-woocommerce_thumbnail size-woocommerce_thumbnail\" alt=\"\" loading=\"lazy\" srcset=\"https:\/\/www.jessar.ca\/wp-content\/uploads\/7-99452-640x640.jpg 640w, https:\/\/www.jessar.ca\/wp-content\/uploads\/7-99452-300x300.jpg 300w, https:\/\/www.jessar.ca\/wp-content\/uploads\/7-99452-1024x1024.jpg 1024w, https:\/\/www.jessar.ca\/wp-content\/uploads\/7-99452-150x150.jpg 150w, https:\/\/www.jessar.ca\/wp-content\/uploads\/7-99452-768x768.jpg 768w, https:\/\/www.jessar.ca\/wp-content\/uploads\/7-99452-12x12.jpg 12w, https:\/\/www.jessar.ca\/wp-content\/uploads\/7-99452-240x240.jpg 240w, https:\/\/www.jessar.ca\/wp-content\/uploads\/7-99452-110x110.jpg 110w, https:\/\/www.jessar.ca\/wp-content\/uploads\/7-99452-65x65.jpg 65w, https:\/\/www.jessar.ca\/wp-content\/uploads\/7-99452-50x50.jpg 50w, https:\/\/www.jessar.ca\/wp-content\/uploads\/7-99452-800x800.jpg 800w, https:\/\/www.jessar.ca\/wp-content\/uploads\/7-99452-100x100.jpg 100w, https:\/\/www.jessar.ca\/wp-content\/uploads\/7-99452.jpg 1500w\" sizes=\"(max-width: 640px) 100vw, 640px\" \/><\/div>\n\t\t\t\t\t<div class=\"wc-block-grid__product-title\">800ML CAFETI\u00c8RE \u00c0 PISTON AVEC BOUTON ET POIGN\u00c9E EN BAMBOU<br><br> #7-99452<\/div>\n\t\t\t\t<\/a>\n\t\t\t\t\n\t\t\t\t\n\t\t\t\t\n\t\t\t\t\n\t\t\t<\/li><li class=\"wc-block-grid__product\">\n\t\t\t\t<a href=\"https:\/\/www.jessar.ca\/fr\/produit\/800ml-french-press-7-99313\/\" class=\"wc-block-grid__product-link\">\n\t\t\t\t\t<div class=\"wc-block-grid__product-image\"><img width=\"640\" height=\"640\" src=\"https:\/\/www.jessar.ca\/wp-content\/uploads\/7-99313-1-640x640.jpg\" class=\"attachment-woocommerce_thumbnail size-woocommerce_thumbnail\" alt=\"\" loading=\"lazy\" srcset=\"https:\/\/www.jessar.ca\/wp-content\/uploads\/7-99313-1-640x640.jpg 640w, https:\/\/www.jessar.ca\/wp-content\/uploads\/7-99313-1-300x300.jpg 300w, https:\/\/www.jessar.ca\/wp-content\/uploads\/7-99313-1-1024x1024.jpg 1024w, https:\/\/www.jessar.ca\/wp-content\/uploads\/7-99313-1-150x150.jpg 150w, https:\/\/www.jessar.ca\/wp-content\/uploads\/7-99313-1-768x768.jpg 768w, https:\/\/www.jessar.ca\/wp-content\/uploads\/7-99313-1-12x12.jpg 12w, https:\/\/www.jessar.ca\/wp-content\/uploads\/7-99313-1-240x240.jpg 240w, https:\/\/www.jessar.ca\/wp-content\/uploads\/7-99313-1-110x110.jpg 110w, https:\/\/www.jessar.ca\/wp-content\/uploads\/7-99313-1-65x65.jpg 65w, https:\/\/www.jessar.ca\/wp-content\/uploads\/7-99313-1-50x50.jpg 50w, https:\/\/www.jessar.ca\/wp-content\/uploads\/7-99313-1-800x800.jpg 800w, https:\/\/www.jessar.ca\/wp-content\/uploads\/7-99313-1-100x100.jpg 100w, https:\/\/www.jessar.ca\/wp-content\/uploads\/7-99313-1.jpg 1500w\" sizes=\"(max-width: 640px) 100vw, 640px\" \/><\/div>\n\t\t\t\t\t<div class=\"wc-block-grid__product-title\">800ML CAFETI\u00c8RE \u00c0 PISTON AVEC BASE EN BAMBOU<br><br> #7-99313<\/div>\n\t\t\t\t<\/a>\n\t\t\t\t\n\t\t\t\t\n\t\t\t\t\n\t\t\t\t\n\t\t\t<\/li><li class=\"wc-block-grid__product\">\n\t\t\t\t<a href=\"https:\/\/www.jessar.ca\/fr\/produit\/600ml-double-wall-french-press-with-bamboo-lid-7-99312\/\" class=\"wc-block-grid__product-link\">\n\t\t\t\t\t<div class=\"wc-block-grid__product-image\"><img width=\"640\" height=\"640\" src=\"https:\/\/www.jessar.ca\/wp-content\/uploads\/7-99312-1-640x640.jpg\" class=\"attachment-woocommerce_thumbnail size-woocommerce_thumbnail\" alt=\"\" loading=\"lazy\" srcset=\"https:\/\/www.jessar.ca\/wp-content\/uploads\/7-99312-1-640x640.jpg 640w, https:\/\/www.jessar.ca\/wp-content\/uploads\/7-99312-1-300x300.jpg 300w, https:\/\/www.jessar.ca\/wp-content\/uploads\/7-99312-1-1024x1024.jpg 1024w, https:\/\/www.jessar.ca\/wp-content\/uploads\/7-99312-1-150x150.jpg 150w, https:\/\/www.jessar.ca\/wp-content\/uploads\/7-99312-1-768x768.jpg 768w, https:\/\/www.jessar.ca\/wp-content\/uploads\/7-99312-1-12x12.jpg 12w, https:\/\/www.jessar.ca\/wp-content\/uploads\/7-99312-1-240x240.jpg 240w, https:\/\/www.jessar.ca\/wp-content\/uploads\/7-99312-1-110x110.jpg 110w, https:\/\/www.jessar.ca\/wp-content\/uploads\/7-99312-1-65x65.jpg 65w, https:\/\/www.jessar.ca\/wp-content\/uploads\/7-99312-1-50x50.jpg 50w, https:\/\/www.jessar.ca\/wp-content\/uploads\/7-99312-1-800x800.jpg 800w, https:\/\/www.jessar.ca\/wp-content\/uploads\/7-99312-1-100x100.jpg 100w, https:\/\/www.jessar.ca\/wp-content\/uploads\/7-99312-1.jpg 1500w\" sizes=\"(max-width: 640px) 100vw, 640px\" \/><\/div>\n\t\t\t\t\t<div class=\"wc-block-grid__product-title\">600ML CAFETI\u00c8RE DOUBLE PAROI \u00c0 PISTON AVEC COUVERCLE EN BAMBOU <br><br> #7-99312<\/div>\n\t\t\t\t<\/a>\n\t\t\t\t\n\t\t\t\t\n\t\t\t\t\n\t\t\t\t\n\t\t\t<\/li><li class=\"wc-block-grid__product\">\n\t\t\t\t<a href=\"https:\/\/www.jessar.ca\/fr\/produit\/french-press-glass-coffee-maker-with-bamboo-lid-and-handle-gs-07b137\/\" class=\"wc-block-grid__product-link\">\n\t\t\t\t\t<div class=\"wc-block-grid__product-image\"><img width=\"640\" height=\"640\" src=\"https:\/\/www.jessar.ca\/wp-content\/uploads\/7-99137-640x640.jpg\" class=\"attachment-woocommerce_thumbnail size-woocommerce_thumbnail\" alt=\"\" loading=\"lazy\" srcset=\"https:\/\/www.jessar.ca\/wp-content\/uploads\/7-99137-640x640.jpg 640w, https:\/\/www.jessar.ca\/wp-content\/uploads\/7-99137-300x300.jpg 300w, https:\/\/www.jessar.ca\/wp-content\/uploads\/7-99137-1024x1024.jpg 1024w, https:\/\/www.jessar.ca\/wp-content\/uploads\/7-99137-150x150.jpg 150w, https:\/\/www.jessar.ca\/wp-content\/uploads\/7-99137-768x768.jpg 768w, https:\/\/www.jessar.ca\/wp-content\/uploads\/7-99137-12x12.jpg 12w, https:\/\/www.jessar.ca\/wp-content\/uploads\/7-99137-240x240.jpg 240w, https:\/\/www.jessar.ca\/wp-content\/uploads\/7-99137-110x110.jpg 110w, https:\/\/www.jessar.ca\/wp-content\/uploads\/7-99137-65x65.jpg 65w, https:\/\/www.jessar.ca\/wp-content\/uploads\/7-99137-50x50.jpg 50w, https:\/\/www.jessar.ca\/wp-content\/uploads\/7-99137-800x800.jpg 800w, https:\/\/www.jessar.ca\/wp-content\/uploads\/7-99137-100x100.jpg 100w, https:\/\/www.jessar.ca\/wp-content\/uploads\/7-99137.jpg 1500w\" sizes=\"(max-width: 640px) 100vw, 640px\" \/><\/div>\n\t\t\t\t\t<div class=\"wc-block-grid__product-title\">CAFETI\u00c8RE \u00c0 PISTON AVEC COUVERCLE ET POIGN\u00c9E EN BAMBOU <br><br> #7-99137<\/div>\n\t\t\t\t<\/a>\n\t\t\t\t\n\t\t\t\t\n\t\t\t\t\n\t\t\t\t\n\t\t\t<\/li><li class=\"wc-block-grid__product\">\n\t\t\t\t<a href=\"https:\/\/www.jessar.ca\/fr\/produit\/stovetop-aluminum-espresso-maker-7-99128\/\" class=\"wc-block-grid__product-link\">\n\t\t\t\t\t<div class=\"wc-block-grid__product-image\"><img width=\"640\" height=\"640\" src=\"https:\/\/www.jessar.ca\/wp-content\/uploads\/7-99128-640x640.jpg\" class=\"attachment-woocommerce_thumbnail size-woocommerce_thumbnail\" alt=\"\" loading=\"lazy\" srcset=\"https:\/\/www.jessar.ca\/wp-content\/uploads\/7-99128-640x640.jpg 640w, https:\/\/www.jessar.ca\/wp-content\/uploads\/7-99128-300x300.jpg 300w, https:\/\/www.jessar.ca\/wp-content\/uploads\/7-99128-1024x1024.jpg 1024w, https:\/\/www.jessar.ca\/wp-content\/uploads\/7-99128-150x150.jpg 150w, https:\/\/www.jessar.ca\/wp-content\/uploads\/7-99128-768x768.jpg 768w, https:\/\/www.jessar.ca\/wp-content\/uploads\/7-99128-12x12.jpg 12w, https:\/\/www.jessar.ca\/wp-content\/uploads\/7-99128-240x240.jpg 240w, https:\/\/www.jessar.ca\/wp-content\/uploads\/7-99128-110x110.jpg 110w, https:\/\/www.jessar.ca\/wp-content\/uploads\/7-99128-65x65.jpg 65w, https:\/\/www.jessar.ca\/wp-content\/uploads\/7-99128-50x50.jpg 50w, https:\/\/www.jessar.ca\/wp-content\/uploads\/7-99128-800x800.jpg 800w, https:\/\/www.jessar.ca\/wp-content\/uploads\/7-99128-100x100.jpg 100w, https:\/\/www.jessar.ca\/wp-content\/uploads\/7-99128.jpg 1500w\" sizes=\"(max-width: 640px) 100vw, 640px\" \/><\/div>\n\t\t\t\t\t<div class=\"wc-block-grid__product-title\">CAFETI\u00c8RE \u00c0 EXPRESSO EN ALUMINIUM <br><br> #7-99128<\/div>\n\t\t\t\t<\/a>\n\t\t\t\t\n\t\t\t\t\n\t\t\t\t\n\t\t\t\t\n\t\t\t<\/li><li class=\"wc-block-grid__product\">\n\t\t\t\t<a href=\"https:\/\/www.jessar.ca\/fr\/produit\/manual-coffee-grinder-with-adjustable-settings-7-99114\/\" class=\"wc-block-grid__product-link\">\n\t\t\t\t\t<div class=\"wc-block-grid__product-image\"><img width=\"640\" height=\"640\" src=\"https:\/\/www.jessar.ca\/wp-content\/uploads\/7-99114N-640x640.jpg\" class=\"attachment-woocommerce_thumbnail size-woocommerce_thumbnail\" alt=\"\" loading=\"lazy\" srcset=\"https:\/\/www.jessar.ca\/wp-content\/uploads\/7-99114N-640x640.jpg 640w, https:\/\/www.jessar.ca\/wp-content\/uploads\/7-99114N-300x300.jpg 300w, https:\/\/www.jessar.ca\/wp-content\/uploads\/7-99114N-1024x1024.jpg 1024w, https:\/\/www.jessar.ca\/wp-content\/uploads\/7-99114N-150x150.jpg 150w, https:\/\/www.jessar.ca\/wp-content\/uploads\/7-99114N-768x768.jpg 768w, https:\/\/www.jessar.ca\/wp-content\/uploads\/7-99114N-12x12.jpg 12w, https:\/\/www.jessar.ca\/wp-content\/uploads\/7-99114N-240x240.jpg 240w, https:\/\/www.jessar.ca\/wp-content\/uploads\/7-99114N-110x110.jpg 110w, https:\/\/www.jessar.ca\/wp-content\/uploads\/7-99114N-65x65.jpg 65w, https:\/\/www.jessar.ca\/wp-content\/uploads\/7-99114N-50x50.jpg 50w, https:\/\/www.jessar.ca\/wp-content\/uploads\/7-99114N-800x800.jpg 800w, https:\/\/www.jessar.ca\/wp-content\/uploads\/7-99114N-100x100.jpg 100w, https:\/\/www.jessar.ca\/wp-content\/uploads\/7-99114N.jpg 1500w\" sizes=\"(max-width: 640px) 100vw, 640px\" \/><\/div>\n\t\t\t\t\t<div class=\"wc-block-grid__product-title\">MOULIN \u00c0 CAF\u00c9 MANUEL AVEC R\u00c9GLAGES AJUSTABLES <br><br> #7-99114<\/div>\n\t\t\t\t<\/a>\n\t\t\t\t\n\t\t\t\t\n\t\t\t\t\n\t\t\t\t\n\t\t\t<\/li><li class=\"wc-block-grid__product\">\n\t\t\t\t<a href=\"https:\/\/www.jessar.ca\/fr\/produit\/1500ml-tea-kettle-with-built-in-infuser-7-99134\/\" class=\"wc-block-grid__product-link\">\n\t\t\t\t\t<div class=\"wc-block-grid__product-image\"><img width=\"640\" height=\"640\" src=\"https:\/\/www.jessar.ca\/wp-content\/uploads\/7-99134N-640x640.jpg\" class=\"attachment-woocommerce_thumbnail size-woocommerce_thumbnail\" alt=\"\" loading=\"lazy\" srcset=\"https:\/\/www.jessar.ca\/wp-content\/uploads\/7-99134N-640x640.jpg 640w, https:\/\/www.jessar.ca\/wp-content\/uploads\/7-99134N-300x300.jpg 300w, https:\/\/www.jessar.ca\/wp-content\/uploads\/7-99134N-1024x1024.jpg 1024w, https:\/\/www.jessar.ca\/wp-content\/uploads\/7-99134N-150x150.jpg 150w, https:\/\/www.jessar.ca\/wp-content\/uploads\/7-99134N-768x768.jpg 768w, https:\/\/www.jessar.ca\/wp-content\/uploads\/7-99134N-12x12.jpg 12w, https:\/\/www.jessar.ca\/wp-content\/uploads\/7-99134N-240x240.jpg 240w, https:\/\/www.jessar.ca\/wp-content\/uploads\/7-99134N-110x110.jpg 110w, https:\/\/www.jessar.ca\/wp-content\/uploads\/7-99134N-65x65.jpg 65w, https:\/\/www.jessar.ca\/wp-content\/uploads\/7-99134N-50x50.jpg 50w, https:\/\/www.jessar.ca\/wp-content\/uploads\/7-99134N-800x800.jpg 800w, https:\/\/www.jessar.ca\/wp-content\/uploads\/7-99134N-100x100.jpg 100w, https:\/\/www.jessar.ca\/wp-content\/uploads\/7-99134N.jpg 1500w\" sizes=\"(max-width: 640px) 100vw, 640px\" \/><\/div>\n\t\t\t\t\t<div class=\"wc-block-grid__product-title\">BOUILLOIRE \u00c0 TH\u00c9 1500ML AVEC INFUSEUR INT\u00c9GR\u00c9 <br><br> #7-99134<\/div>\n\t\t\t\t<\/a>\n\t\t\t\t\n\t\t\t\t\n\t\t\t\t\n\t\t\t\t\n\t\t\t<\/li><\/ul><\/div>","protected":false},"excerpt":{"rendered":"","protected":false},"author":5,"featured_media":0,"parent":12089,"menu_order":0,"comment_status":"closed","ping_status":"closed","template":"","meta":[],"_links":{"self":[{"href":"https:\/\/www.jessar.ca\/fr\/wp-json\/wp\/v2\/pages\/12161"}],"collection":[{"href":"https:\/\/www.jessar.ca\/fr\/wp-json\/wp\/v2\/pages"}],"about":[{"href":"https:\/\/www.jessar.ca\/fr\/wp-json\/wp\/v2\/types\/page"}],"author":[{"embeddable":true,"href":"https:\/\/www.jessar.ca\/fr\/wp-json\/wp\/v2\/users\/5"}],"replies":[{"embeddable":true,"href":"https:\/\/www.jessar.ca\/fr\/wp-json\/wp\/v2\/comments?post=12161"}],"version-history":[{"count":3,"href":"https:\/\/www.jessar.ca\/fr\/wp-json\/wp\/v2\/pages\/12161\/revisions"}],"predecessor-version":[{"id":12168,"href":"https:\/\/www.jessar.ca\/fr\/wp-json\/wp\/v2\/pages\/12161\/revisions\/12168"}],"up":[{"embeddable":true,"href":"https:\/\/www.jessar.ca\/fr\/wp-json\/wp\/v2\/pages\/12089"}],"wp:attachment":[{"href":"https:\/\/www.jessar.ca\/fr\/wp-json\/wp\/v2\/media?parent=12161"}],"curies":[{"name":"wp","href":"https:\/\/api.w.org\/{rel}","templated":true}]}}