{"id":12215,"date":"2024-10-11T10:32:29","date_gmt":"2024-10-11T14:32:29","guid":{"rendered":"https:\/\/www.jessar.ca\/?page_id=12215"},"modified":"2025-06-11T08:12:37","modified_gmt":"2025-06-11T12:12:37","slug":"drinkware-2","status":"publish","type":"page","link":"https:\/\/www.jessar.ca\/fr\/products\/kitchen\/tabletop-2\/drinkware-2\/","title":{"rendered":"Verres tout usage"},"content":{"rendered":"<div class=\"breadcrumbs\" typeof=\"BreadcrumbList\" vocab=\"https:\/\/schema.org\/\"><span property=\"itemListElement\" typeof=\"ListItem\"><a property=\"item\" typeof=\"WebPage\" title=\"Go to Jessar.\" href=\"https:\/\/www.jessar.ca\/fr\" class=\"home\" aria-current=\"page\"><span property=\"name\">Jessar<\/span><\/a><meta property=\"position\" content=\"1\"><\/span><\/div>\n\n<div class=\"wc-block-grid wp-block-product-category wc-block-product-category has-4-columns has-multiple-rows\"><ul class=\"wc-block-grid__products\"><li class=\"wc-block-grid__product\">\n\t\t\t\t<a href=\"https:\/\/www.jessar.ca\/fr\/produit\/2-embossed-glasses-with-bamboo-lid-glass-straw-7-99439\/\" class=\"wc-block-grid__product-link\">\n\t\t\t\t\t<div class=\"wc-block-grid__product-image\"><img width=\"640\" height=\"640\" src=\"https:\/\/www.jessar.ca\/wp-content\/uploads\/7-99439-640x640.jpg\" class=\"attachment-woocommerce_thumbnail size-woocommerce_thumbnail\" alt=\"\" loading=\"lazy\" srcset=\"https:\/\/www.jessar.ca\/wp-content\/uploads\/7-99439-640x640.jpg 640w, https:\/\/www.jessar.ca\/wp-content\/uploads\/7-99439-300x300.jpg 300w, https:\/\/www.jessar.ca\/wp-content\/uploads\/7-99439-1024x1024.jpg 1024w, https:\/\/www.jessar.ca\/wp-content\/uploads\/7-99439-150x150.jpg 150w, https:\/\/www.jessar.ca\/wp-content\/uploads\/7-99439-768x768.jpg 768w, https:\/\/www.jessar.ca\/wp-content\/uploads\/7-99439-12x12.jpg 12w, https:\/\/www.jessar.ca\/wp-content\/uploads\/7-99439-240x240.jpg 240w, https:\/\/www.jessar.ca\/wp-content\/uploads\/7-99439-110x110.jpg 110w, https:\/\/www.jessar.ca\/wp-content\/uploads\/7-99439-65x65.jpg 65w, https:\/\/www.jessar.ca\/wp-content\/uploads\/7-99439-50x50.jpg 50w, https:\/\/www.jessar.ca\/wp-content\/uploads\/7-99439-800x800.jpg 800w, https:\/\/www.jessar.ca\/wp-content\/uploads\/7-99439-100x100.jpg 100w, https:\/\/www.jessar.ca\/wp-content\/uploads\/7-99439.jpg 1500w\" sizes=\"(max-width: 640px) 100vw, 640px\" \/><\/div>\n\t\t\t\t\t<div class=\"wc-block-grid__product-title\">2 VERRES EMBOSS\u00c9S AVEC COUVERCLE EN BAMBOU ET PAILLE EN VERRE <br><br> #7-99439<\/div>\n\t\t\t\t<\/a>\n\t\t\t\t\n\t\t\t\t\n\t\t\t\t\n\t\t\t\t\n\t\t\t<\/li><li class=\"wc-block-grid__product\">\n\t\t\t\t<a href=\"https:\/\/www.jessar.ca\/fr\/produit\/2-embossed-glasses-with-bamboo-lid-glass-straw-7-99438\/\" class=\"wc-block-grid__product-link\">\n\t\t\t\t\t<div class=\"wc-block-grid__product-image\"><img width=\"640\" height=\"640\" src=\"https:\/\/www.jessar.ca\/wp-content\/uploads\/7-99438-640x640.jpg\" class=\"attachment-woocommerce_thumbnail size-woocommerce_thumbnail\" alt=\"\" loading=\"lazy\" srcset=\"https:\/\/www.jessar.ca\/wp-content\/uploads\/7-99438-640x640.jpg 640w, https:\/\/www.jessar.ca\/wp-content\/uploads\/7-99438-300x300.jpg 300w, https:\/\/www.jessar.ca\/wp-content\/uploads\/7-99438-1024x1024.jpg 1024w, https:\/\/www.jessar.ca\/wp-content\/uploads\/7-99438-150x150.jpg 150w, https:\/\/www.jessar.ca\/wp-content\/uploads\/7-99438-768x768.jpg 768w, https:\/\/www.jessar.ca\/wp-content\/uploads\/7-99438-12x12.jpg 12w, https:\/\/www.jessar.ca\/wp-content\/uploads\/7-99438-240x240.jpg 240w, https:\/\/www.jessar.ca\/wp-content\/uploads\/7-99438-110x110.jpg 110w, https:\/\/www.jessar.ca\/wp-content\/uploads\/7-99438-65x65.jpg 65w, https:\/\/www.jessar.ca\/wp-content\/uploads\/7-99438-50x50.jpg 50w, https:\/\/www.jessar.ca\/wp-content\/uploads\/7-99438-800x800.jpg 800w, https:\/\/www.jessar.ca\/wp-content\/uploads\/7-99438-100x100.jpg 100w, https:\/\/www.jessar.ca\/wp-content\/uploads\/7-99438.jpg 1500w\" sizes=\"(max-width: 640px) 100vw, 640px\" \/><\/div>\n\t\t\t\t\t<div class=\"wc-block-grid__product-title\">2 VERRES EMBOSS\u00c9S AVEC COUVERCLE EN BAMBOU ET PAILLE EN VERRE <br><br> #7-99438<\/div>\n\t\t\t\t<\/a>\n\t\t\t\t\n\t\t\t\t\n\t\t\t\t\n\t\t\t\t\n\t\t\t<\/li><li class=\"wc-block-grid__product\">\n\t\t\t\t<a href=\"https:\/\/www.jessar.ca\/fr\/produit\/2-embossed-glasses-with-bamboo-lid-glass-straw-7-99437\/\" class=\"wc-block-grid__product-link\">\n\t\t\t\t\t<div class=\"wc-block-grid__product-image\"><img width=\"640\" height=\"640\" src=\"https:\/\/www.jessar.ca\/wp-content\/uploads\/7-99437-640x640.jpg\" class=\"attachment-woocommerce_thumbnail size-woocommerce_thumbnail\" alt=\"\" loading=\"lazy\" srcset=\"https:\/\/www.jessar.ca\/wp-content\/uploads\/7-99437-640x640.jpg 640w, https:\/\/www.jessar.ca\/wp-content\/uploads\/7-99437-300x300.jpg 300w, https:\/\/www.jessar.ca\/wp-content\/uploads\/7-99437-1024x1024.jpg 1024w, https:\/\/www.jessar.ca\/wp-content\/uploads\/7-99437-150x150.jpg 150w, https:\/\/www.jessar.ca\/wp-content\/uploads\/7-99437-768x768.jpg 768w, https:\/\/www.jessar.ca\/wp-content\/uploads\/7-99437-12x12.jpg 12w, https:\/\/www.jessar.ca\/wp-content\/uploads\/7-99437-240x240.jpg 240w, https:\/\/www.jessar.ca\/wp-content\/uploads\/7-99437-110x110.jpg 110w, https:\/\/www.jessar.ca\/wp-content\/uploads\/7-99437-65x65.jpg 65w, https:\/\/www.jessar.ca\/wp-content\/uploads\/7-99437-50x50.jpg 50w, https:\/\/www.jessar.ca\/wp-content\/uploads\/7-99437-800x800.jpg 800w, https:\/\/www.jessar.ca\/wp-content\/uploads\/7-99437-100x100.jpg 100w, https:\/\/www.jessar.ca\/wp-content\/uploads\/7-99437.jpg 1500w\" sizes=\"(max-width: 640px) 100vw, 640px\" \/><\/div>\n\t\t\t\t\t<div class=\"wc-block-grid__product-title\">2 VERRES EMBOSS\u00c9S AVEC COUVERCLE EN BAMBOU ET PAILLE EN VERRE <br><br> #7-99437<\/div>\n\t\t\t\t<\/a>\n\t\t\t\t\n\t\t\t\t\n\t\t\t\t\n\t\t\t\t\n\t\t\t<\/li><li class=\"wc-block-grid__product\">\n\t\t\t\t<a href=\"https:\/\/www.jessar.ca\/fr\/produit\/2-embossed-glasses-with-bamboo-lid-glass-straw-7-99436\/\" class=\"wc-block-grid__product-link\">\n\t\t\t\t\t<div class=\"wc-block-grid__product-image\"><img width=\"640\" height=\"640\" src=\"https:\/\/www.jessar.ca\/wp-content\/uploads\/7-99436-640x640.jpg\" class=\"attachment-woocommerce_thumbnail size-woocommerce_thumbnail\" alt=\"\" loading=\"lazy\" srcset=\"https:\/\/www.jessar.ca\/wp-content\/uploads\/7-99436-640x640.jpg 640w, https:\/\/www.jessar.ca\/wp-content\/uploads\/7-99436-300x300.jpg 300w, https:\/\/www.jessar.ca\/wp-content\/uploads\/7-99436-1024x1024.jpg 1024w, https:\/\/www.jessar.ca\/wp-content\/uploads\/7-99436-150x150.jpg 150w, https:\/\/www.jessar.ca\/wp-content\/uploads\/7-99436-768x768.jpg 768w, https:\/\/www.jessar.ca\/wp-content\/uploads\/7-99436-12x12.jpg 12w, https:\/\/www.jessar.ca\/wp-content\/uploads\/7-99436-240x240.jpg 240w, https:\/\/www.jessar.ca\/wp-content\/uploads\/7-99436-110x110.jpg 110w, https:\/\/www.jessar.ca\/wp-content\/uploads\/7-99436-65x65.jpg 65w, https:\/\/www.jessar.ca\/wp-content\/uploads\/7-99436-50x50.jpg 50w, https:\/\/www.jessar.ca\/wp-content\/uploads\/7-99436-800x800.jpg 800w, https:\/\/www.jessar.ca\/wp-content\/uploads\/7-99436-100x100.jpg 100w, https:\/\/www.jessar.ca\/wp-content\/uploads\/7-99436.jpg 1500w\" sizes=\"(max-width: 640px) 100vw, 640px\" \/><\/div>\n\t\t\t\t\t<div class=\"wc-block-grid__product-title\">2 VERRES EMBOSS\u00c9S AVEC COUVERCLE EN BAMBOU ET PAILLE EN VERRE <br><br> #7-99436<\/div>\n\t\t\t\t<\/a>\n\t\t\t\t\n\t\t\t\t\n\t\t\t\t\n\t\t\t\t\n\t\t\t<\/li><\/ul><\/div>\n\n<div class=\"wc-block-grid wp-block-product-category wc-block-product-category has-4-columns has-multiple-rows\"><ul class=\"wc-block-grid__products\"><li class=\"wc-block-grid__product\">\n\t\t\t\t<a href=\"https:\/\/www.jessar.ca\/fr\/produit\/4-piece-16-oz-mason-jar-7-99049\/\" class=\"wc-block-grid__product-link\">\n\t\t\t\t\t<div class=\"wc-block-grid__product-image\"><img width=\"640\" height=\"640\" src=\"https:\/\/www.jessar.ca\/wp-content\/uploads\/7-99049-640x640.jpg\" class=\"attachment-woocommerce_thumbnail size-woocommerce_thumbnail\" alt=\"\" loading=\"lazy\" srcset=\"https:\/\/www.jessar.ca\/wp-content\/uploads\/7-99049-640x640.jpg 640w, https:\/\/www.jessar.ca\/wp-content\/uploads\/7-99049-300x300.jpg 300w, https:\/\/www.jessar.ca\/wp-content\/uploads\/7-99049-1024x1024.jpg 1024w, https:\/\/www.jessar.ca\/wp-content\/uploads\/7-99049-150x150.jpg 150w, https:\/\/www.jessar.ca\/wp-content\/uploads\/7-99049-768x768.jpg 768w, https:\/\/www.jessar.ca\/wp-content\/uploads\/7-99049-12x12.jpg 12w, https:\/\/www.jessar.ca\/wp-content\/uploads\/7-99049-240x240.jpg 240w, https:\/\/www.jessar.ca\/wp-content\/uploads\/7-99049-110x110.jpg 110w, https:\/\/www.jessar.ca\/wp-content\/uploads\/7-99049-65x65.jpg 65w, https:\/\/www.jessar.ca\/wp-content\/uploads\/7-99049-50x50.jpg 50w, https:\/\/www.jessar.ca\/wp-content\/uploads\/7-99049-800x800.jpg 800w, https:\/\/www.jessar.ca\/wp-content\/uploads\/7-99049-100x100.jpg 100w, https:\/\/www.jessar.ca\/wp-content\/uploads\/7-99049.jpg 1500w\" sizes=\"(max-width: 640px) 100vw, 640px\" \/><\/div>\n\t\t\t\t\t<div class=\"wc-block-grid__product-title\">4 PI\u00c8CES VERRE MASON DE 16 OZ <br><br> #7-99049<\/div>\n\t\t\t\t<\/a>\n\t\t\t\t\n\t\t\t\t\n\t\t\t\t\n\t\t\t\t\n\t\t\t<\/li><li class=\"wc-block-grid__product\">\n\t\t\t\t<a href=\"https:\/\/www.jessar.ca\/fr\/produit\/4-embossed-glass-drinking-jars-with-metal-lids-and-straws-7-99384\/\" class=\"wc-block-grid__product-link\">\n\t\t\t\t\t<div class=\"wc-block-grid__product-image\"><img width=\"640\" height=\"640\" src=\"https:\/\/www.jessar.ca\/wp-content\/uploads\/7-99384-640x640.jpg\" class=\"attachment-woocommerce_thumbnail size-woocommerce_thumbnail\" alt=\"\" loading=\"lazy\" srcset=\"https:\/\/www.jessar.ca\/wp-content\/uploads\/7-99384-640x640.jpg 640w, https:\/\/www.jessar.ca\/wp-content\/uploads\/7-99384-300x300.jpg 300w, https:\/\/www.jessar.ca\/wp-content\/uploads\/7-99384-1024x1024.jpg 1024w, https:\/\/www.jessar.ca\/wp-content\/uploads\/7-99384-150x150.jpg 150w, https:\/\/www.jessar.ca\/wp-content\/uploads\/7-99384-768x768.jpg 768w, https:\/\/www.jessar.ca\/wp-content\/uploads\/7-99384-12x12.jpg 12w, https:\/\/www.jessar.ca\/wp-content\/uploads\/7-99384-240x240.jpg 240w, https:\/\/www.jessar.ca\/wp-content\/uploads\/7-99384-110x110.jpg 110w, https:\/\/www.jessar.ca\/wp-content\/uploads\/7-99384-65x65.jpg 65w, https:\/\/www.jessar.ca\/wp-content\/uploads\/7-99384-50x50.jpg 50w, https:\/\/www.jessar.ca\/wp-content\/uploads\/7-99384-800x800.jpg 800w, https:\/\/www.jessar.ca\/wp-content\/uploads\/7-99384-100x100.jpg 100w, https:\/\/www.jessar.ca\/wp-content\/uploads\/7-99384.jpg 1500w\" sizes=\"(max-width: 640px) 100vw, 640px\" \/><\/div>\n\t\t\t\t\t<div class=\"wc-block-grid__product-title\">4 GOBELETS EN VERRE EMBOSS\u00c9 AVEC PAILLES ET COUVERCLES M\u00c9TAL <br><br> #7-99384<\/div>\n\t\t\t\t<\/a>\n\t\t\t\t\n\t\t\t\t\n\t\t\t\t\n\t\t\t\t\n\t\t\t<\/li><li class=\"wc-block-grid__product\">\n\t\t\t\t<a href=\"https:\/\/www.jessar.ca\/fr\/produit\/5l-embossed-glass-beverage-dispenser-with-metal-lid-7-99383\/\" class=\"wc-block-grid__product-link\">\n\t\t\t\t\t<div class=\"wc-block-grid__product-image\"><img width=\"640\" height=\"640\" src=\"https:\/\/www.jessar.ca\/wp-content\/uploads\/7-99383-640x640.jpg\" class=\"attachment-woocommerce_thumbnail size-woocommerce_thumbnail\" alt=\"\" loading=\"lazy\" srcset=\"https:\/\/www.jessar.ca\/wp-content\/uploads\/7-99383-640x640.jpg 640w, https:\/\/www.jessar.ca\/wp-content\/uploads\/7-99383-300x300.jpg 300w, https:\/\/www.jessar.ca\/wp-content\/uploads\/7-99383-1024x1024.jpg 1024w, https:\/\/www.jessar.ca\/wp-content\/uploads\/7-99383-150x150.jpg 150w, https:\/\/www.jessar.ca\/wp-content\/uploads\/7-99383-768x768.jpg 768w, https:\/\/www.jessar.ca\/wp-content\/uploads\/7-99383-12x12.jpg 12w, https:\/\/www.jessar.ca\/wp-content\/uploads\/7-99383-240x240.jpg 240w, https:\/\/www.jessar.ca\/wp-content\/uploads\/7-99383-110x110.jpg 110w, https:\/\/www.jessar.ca\/wp-content\/uploads\/7-99383-65x65.jpg 65w, https:\/\/www.jessar.ca\/wp-content\/uploads\/7-99383-50x50.jpg 50w, https:\/\/www.jessar.ca\/wp-content\/uploads\/7-99383-800x800.jpg 800w, https:\/\/www.jessar.ca\/wp-content\/uploads\/7-99383-100x100.jpg 100w, https:\/\/www.jessar.ca\/wp-content\/uploads\/7-99383.jpg 1500w\" sizes=\"(max-width: 640px) 100vw, 640px\" \/><\/div>\n\t\t\t\t\t<div class=\"wc-block-grid__product-title\">5L DISTRIBUTEUR DE BOISSONS EN VERRE EMBOSS\u00c9 AVEC COUVERCLE EN M\u00c9TAL <br><br> #7-99383<\/div>\n\t\t\t\t<\/a>\n\t\t\t\t\n\t\t\t\t\n\t\t\t\t\n\t\t\t\t\n\t\t\t<\/li><li class=\"wc-block-grid__product\">\n\t\t\t\t<a href=\"https:\/\/www.jessar.ca\/fr\/produit\/4-xmas-ball-ornament-glasses-7-99285\/\" class=\"wc-block-grid__product-link\">\n\t\t\t\t\t<div class=\"wc-block-grid__product-image\"><img width=\"640\" height=\"640\" src=\"https:\/\/www.jessar.ca\/wp-content\/uploads\/7-99285-wht-640x640.jpg\" class=\"attachment-woocommerce_thumbnail size-woocommerce_thumbnail\" alt=\"\" loading=\"lazy\" srcset=\"https:\/\/www.jessar.ca\/wp-content\/uploads\/7-99285-wht-640x640.jpg 640w, https:\/\/www.jessar.ca\/wp-content\/uploads\/7-99285-wht-300x300.jpg 300w, https:\/\/www.jessar.ca\/wp-content\/uploads\/7-99285-wht-1024x1024.jpg 1024w, https:\/\/www.jessar.ca\/wp-content\/uploads\/7-99285-wht-150x150.jpg 150w, https:\/\/www.jessar.ca\/wp-content\/uploads\/7-99285-wht-768x768.jpg 768w, https:\/\/www.jessar.ca\/wp-content\/uploads\/7-99285-wht-1536x1536.jpg 1536w, https:\/\/www.jessar.ca\/wp-content\/uploads\/7-99285-wht-2048x2048.jpg 2048w, https:\/\/www.jessar.ca\/wp-content\/uploads\/7-99285-wht-12x12.jpg 12w, https:\/\/www.jessar.ca\/wp-content\/uploads\/7-99285-wht-240x240.jpg 240w, https:\/\/www.jessar.ca\/wp-content\/uploads\/7-99285-wht-110x110.jpg 110w, https:\/\/www.jessar.ca\/wp-content\/uploads\/7-99285-wht-65x65.jpg 65w, https:\/\/www.jessar.ca\/wp-content\/uploads\/7-99285-wht-50x50.jpg 50w, https:\/\/www.jessar.ca\/wp-content\/uploads\/7-99285-wht-800x800.jpg 800w, https:\/\/www.jessar.ca\/wp-content\/uploads\/7-99285-wht-100x100.jpg 100w\" sizes=\"(max-width: 640px) 100vw, 640px\" \/><\/div>\n\t\t\t\t\t<div class=\"wc-block-grid__product-title\">ENSEMBLE DE VERRE 4-PI\u00c8CES AVEC PAILLES <br><br> #7-99285<\/div>\n\t\t\t\t<\/a>\n\t\t\t\t\n\t\t\t\t\n\t\t\t\t\n\t\t\t\t\n\t\t\t<\/li><li class=\"wc-block-grid__product\">\n\t\t\t\t<a href=\"https:\/\/www.jessar.ca\/fr\/produit\/xmas-ball-ornament-drink-dispenser-with-stand-5-7l-7-99284\/\" class=\"wc-block-grid__product-link\">\n\t\t\t\t\t<div class=\"wc-block-grid__product-image\"><img width=\"640\" height=\"640\" src=\"https:\/\/www.jessar.ca\/wp-content\/uploads\/7-99284-wht-640x640.jpg\" class=\"attachment-woocommerce_thumbnail size-woocommerce_thumbnail\" alt=\"\" loading=\"lazy\" srcset=\"https:\/\/www.jessar.ca\/wp-content\/uploads\/7-99284-wht-640x640.jpg 640w, https:\/\/www.jessar.ca\/wp-content\/uploads\/7-99284-wht-300x300.jpg 300w, https:\/\/www.jessar.ca\/wp-content\/uploads\/7-99284-wht-1024x1024.jpg 1024w, https:\/\/www.jessar.ca\/wp-content\/uploads\/7-99284-wht-150x150.jpg 150w, https:\/\/www.jessar.ca\/wp-content\/uploads\/7-99284-wht-768x768.jpg 768w, https:\/\/www.jessar.ca\/wp-content\/uploads\/7-99284-wht-1536x1536.jpg 1536w, https:\/\/www.jessar.ca\/wp-content\/uploads\/7-99284-wht-2048x2048.jpg 2048w, https:\/\/www.jessar.ca\/wp-content\/uploads\/7-99284-wht-12x12.jpg 12w, https:\/\/www.jessar.ca\/wp-content\/uploads\/7-99284-wht-240x240.jpg 240w, https:\/\/www.jessar.ca\/wp-content\/uploads\/7-99284-wht-110x110.jpg 110w, https:\/\/www.jessar.ca\/wp-content\/uploads\/7-99284-wht-65x65.jpg 65w, https:\/\/www.jessar.ca\/wp-content\/uploads\/7-99284-wht-50x50.jpg 50w, https:\/\/www.jessar.ca\/wp-content\/uploads\/7-99284-wht-800x800.jpg 800w, https:\/\/www.jessar.ca\/wp-content\/uploads\/7-99284-wht-100x100.jpg 100w\" sizes=\"(max-width: 640px) 100vw, 640px\" \/><\/div>\n\t\t\t\t\t<div class=\"wc-block-grid__product-title\">5,7L DISTRIBUTEUR DE BOISSON AVEC SUPPORT <br><br> #7-99284<\/div>\n\t\t\t\t<\/a>\n\t\t\t\t\n\t\t\t\t\n\t\t\t\t\n\t\t\t\t\n\t\t\t<\/li><li class=\"wc-block-grid__product\">\n\t\t\t\t<a href=\"https:\/\/www.jessar.ca\/fr\/produit\/1-6l-slim-glass-beverage-dispenser-7-99427\/\" class=\"wc-block-grid__product-link\">\n\t\t\t\t\t<div class=\"wc-block-grid__product-image\"><img width=\"640\" height=\"640\" src=\"https:\/\/www.jessar.ca\/wp-content\/uploads\/7-99427-640x640.jpg\" class=\"attachment-woocommerce_thumbnail size-woocommerce_thumbnail\" alt=\"\" loading=\"lazy\" srcset=\"https:\/\/www.jessar.ca\/wp-content\/uploads\/7-99427-640x640.jpg 640w, https:\/\/www.jessar.ca\/wp-content\/uploads\/7-99427-300x300.jpg 300w, https:\/\/www.jessar.ca\/wp-content\/uploads\/7-99427-1024x1024.jpg 1024w, https:\/\/www.jessar.ca\/wp-content\/uploads\/7-99427-150x150.jpg 150w, https:\/\/www.jessar.ca\/wp-content\/uploads\/7-99427-768x768.jpg 768w, https:\/\/www.jessar.ca\/wp-content\/uploads\/7-99427-12x12.jpg 12w, https:\/\/www.jessar.ca\/wp-content\/uploads\/7-99427-240x240.jpg 240w, https:\/\/www.jessar.ca\/wp-content\/uploads\/7-99427-110x110.jpg 110w, https:\/\/www.jessar.ca\/wp-content\/uploads\/7-99427-65x65.jpg 65w, https:\/\/www.jessar.ca\/wp-content\/uploads\/7-99427-50x50.jpg 50w, https:\/\/www.jessar.ca\/wp-content\/uploads\/7-99427-800x800.jpg 800w, https:\/\/www.jessar.ca\/wp-content\/uploads\/7-99427-100x100.jpg 100w, https:\/\/www.jessar.ca\/wp-content\/uploads\/7-99427.jpg 1500w\" sizes=\"(max-width: 640px) 100vw, 640px\" \/><\/div>\n\t\t\t\t\t<div class=\"wc-block-grid__product-title\">1,6L DISTRIBUTEUR DE BOISSONS MINCE EN VERRE <br><br> #7-99427<\/div>\n\t\t\t\t<\/a>\n\t\t\t\t\n\t\t\t\t\n\t\t\t\t\n\t\t\t\t\n\t\t\t<\/li><li class=\"wc-block-grid__product\">\n\t\t\t\t<a href=\"https:\/\/www.jessar.ca\/fr\/produit\/double-4l-glass-beverage-dispenser-7-99405\/\" class=\"wc-block-grid__product-link\">\n\t\t\t\t\t<div class=\"wc-block-grid__product-image\"><img width=\"640\" height=\"640\" src=\"https:\/\/www.jessar.ca\/wp-content\/uploads\/7-99405-640x640.jpg\" class=\"attachment-woocommerce_thumbnail size-woocommerce_thumbnail\" alt=\"\" loading=\"lazy\" srcset=\"https:\/\/www.jessar.ca\/wp-content\/uploads\/7-99405-640x640.jpg 640w, https:\/\/www.jessar.ca\/wp-content\/uploads\/7-99405-300x300.jpg 300w, https:\/\/www.jessar.ca\/wp-content\/uploads\/7-99405-1024x1024.jpg 1024w, https:\/\/www.jessar.ca\/wp-content\/uploads\/7-99405-150x150.jpg 150w, https:\/\/www.jessar.ca\/wp-content\/uploads\/7-99405-768x768.jpg 768w, https:\/\/www.jessar.ca\/wp-content\/uploads\/7-99405-12x12.jpg 12w, https:\/\/www.jessar.ca\/wp-content\/uploads\/7-99405-240x240.jpg 240w, https:\/\/www.jessar.ca\/wp-content\/uploads\/7-99405-110x110.jpg 110w, https:\/\/www.jessar.ca\/wp-content\/uploads\/7-99405-65x65.jpg 65w, https:\/\/www.jessar.ca\/wp-content\/uploads\/7-99405-50x50.jpg 50w, https:\/\/www.jessar.ca\/wp-content\/uploads\/7-99405-800x800.jpg 800w, https:\/\/www.jessar.ca\/wp-content\/uploads\/7-99405-100x100.jpg 100w, https:\/\/www.jessar.ca\/wp-content\/uploads\/7-99405.jpg 1500w\" sizes=\"(max-width: 640px) 100vw, 640px\" \/><\/div>\n\t\t\t\t\t<div class=\"wc-block-grid__product-title\">4L DISTRIBUTEUR \u00c0 BOISSONS DOUBLE EN VERRE <br><br> #7-99405<\/div>\n\t\t\t\t<\/a>\n\t\t\t\t\n\t\t\t\t\n\t\t\t\t\n\t\t\t\t\n\t\t\t<\/li><li class=\"wc-block-grid__product\">\n\t\t\t\t<a href=\"https:\/\/www.jessar.ca\/fr\/produit\/1-gallon-drink-dispenser-with-built-in-diffuser-7-99042\/\" class=\"wc-block-grid__product-link\">\n\t\t\t\t\t<div class=\"wc-block-grid__product-image\"><img width=\"640\" height=\"640\" src=\"https:\/\/www.jessar.ca\/wp-content\/uploads\/7-99042-640x640.jpg\" class=\"attachment-woocommerce_thumbnail size-woocommerce_thumbnail\" alt=\"\" loading=\"lazy\" srcset=\"https:\/\/www.jessar.ca\/wp-content\/uploads\/7-99042-640x640.jpg 640w, https:\/\/www.jessar.ca\/wp-content\/uploads\/7-99042-300x300.jpg 300w, https:\/\/www.jessar.ca\/wp-content\/uploads\/7-99042-1024x1024.jpg 1024w, https:\/\/www.jessar.ca\/wp-content\/uploads\/7-99042-150x150.jpg 150w, https:\/\/www.jessar.ca\/wp-content\/uploads\/7-99042-768x768.jpg 768w, https:\/\/www.jessar.ca\/wp-content\/uploads\/7-99042-12x12.jpg 12w, https:\/\/www.jessar.ca\/wp-content\/uploads\/7-99042-240x240.jpg 240w, https:\/\/www.jessar.ca\/wp-content\/uploads\/7-99042-110x110.jpg 110w, https:\/\/www.jessar.ca\/wp-content\/uploads\/7-99042-65x65.jpg 65w, https:\/\/www.jessar.ca\/wp-content\/uploads\/7-99042-50x50.jpg 50w, https:\/\/www.jessar.ca\/wp-content\/uploads\/7-99042-800x800.jpg 800w, https:\/\/www.jessar.ca\/wp-content\/uploads\/7-99042-100x100.jpg 100w, https:\/\/www.jessar.ca\/wp-content\/uploads\/7-99042.jpg 1500w\" sizes=\"(max-width: 640px) 100vw, 640px\" \/><\/div>\n\t\t\t\t\t<div class=\"wc-block-grid__product-title\">4L DISTRIBUTEUR \u00c0 BOISSONS AVEC DIFFUSEUR INT\u00c9GR\u00c9 <br><br> #7-99042<\/div>\n\t\t\t\t<\/a>\n\t\t\t\t\n\t\t\t\t\n\t\t\t\t\n\t\t\t\t\n\t\t\t<\/li><li class=\"wc-block-grid__product\">\n\t\t\t\t<a href=\"https:\/\/www.jessar.ca\/fr\/produit\/4l-glass-dispenser-in-one-set-on-stand-7-99073\/\" class=\"wc-block-grid__product-link\">\n\t\t\t\t\t<div class=\"wc-block-grid__product-image\"><img width=\"640\" height=\"640\" src=\"https:\/\/www.jessar.ca\/wp-content\/uploads\/7-99073-new-640x640.jpg\" class=\"attachment-woocommerce_thumbnail size-woocommerce_thumbnail\" alt=\"\" loading=\"lazy\" srcset=\"https:\/\/www.jessar.ca\/wp-content\/uploads\/7-99073-new-640x640.jpg 640w, https:\/\/www.jessar.ca\/wp-content\/uploads\/7-99073-new-300x300.jpg 300w, https:\/\/www.jessar.ca\/wp-content\/uploads\/7-99073-new-1024x1024.jpg 1024w, https:\/\/www.jessar.ca\/wp-content\/uploads\/7-99073-new-150x150.jpg 150w, https:\/\/www.jessar.ca\/wp-content\/uploads\/7-99073-new-768x768.jpg 768w, https:\/\/www.jessar.ca\/wp-content\/uploads\/7-99073-new-12x12.jpg 12w, https:\/\/www.jessar.ca\/wp-content\/uploads\/7-99073-new-240x240.jpg 240w, https:\/\/www.jessar.ca\/wp-content\/uploads\/7-99073-new-110x110.jpg 110w, https:\/\/www.jessar.ca\/wp-content\/uploads\/7-99073-new-65x65.jpg 65w, https:\/\/www.jessar.ca\/wp-content\/uploads\/7-99073-new-50x50.jpg 50w, https:\/\/www.jessar.ca\/wp-content\/uploads\/7-99073-new-800x800.jpg 800w, https:\/\/www.jessar.ca\/wp-content\/uploads\/7-99073-new-100x100.jpg 100w, https:\/\/www.jessar.ca\/wp-content\/uploads\/7-99073-new.jpg 1500w\" sizes=\"(max-width: 640px) 100vw, 640px\" \/><\/div>\n\t\t\t\t\t<div class=\"wc-block-grid__product-title\">4L DISTRIBUTEUR DE VERRE AVEC TABLEAU NOIR ET SUPPORT EN M\u00c9TAL <br><br> #7-99073<\/div>\n\t\t\t\t<\/a>\n\t\t\t\t\n\t\t\t\t\n\t\t\t\t\n\t\t\t\t\n\t\t\t<\/li><li class=\"wc-block-grid__product\">\n\t\t\t\t<a href=\"https:\/\/www.jessar.ca\/fr\/produit\/5l-glass-dispenser-in-one-set-on-stand-7-99074\/\" class=\"wc-block-grid__product-link\">\n\t\t\t\t\t<div class=\"wc-block-grid__product-image\"><img width=\"640\" height=\"640\" src=\"https:\/\/www.jessar.ca\/wp-content\/uploads\/7-99074-new-1-640x640.jpg\" class=\"attachment-woocommerce_thumbnail size-woocommerce_thumbnail\" alt=\"\" loading=\"lazy\" srcset=\"https:\/\/www.jessar.ca\/wp-content\/uploads\/7-99074-new-1-640x640.jpg 640w, https:\/\/www.jessar.ca\/wp-content\/uploads\/7-99074-new-1-300x300.jpg 300w, https:\/\/www.jessar.ca\/wp-content\/uploads\/7-99074-new-1-1024x1024.jpg 1024w, https:\/\/www.jessar.ca\/wp-content\/uploads\/7-99074-new-1-150x150.jpg 150w, https:\/\/www.jessar.ca\/wp-content\/uploads\/7-99074-new-1-768x768.jpg 768w, https:\/\/www.jessar.ca\/wp-content\/uploads\/7-99074-new-1-12x12.jpg 12w, https:\/\/www.jessar.ca\/wp-content\/uploads\/7-99074-new-1-240x240.jpg 240w, https:\/\/www.jessar.ca\/wp-content\/uploads\/7-99074-new-1-110x110.jpg 110w, https:\/\/www.jessar.ca\/wp-content\/uploads\/7-99074-new-1-65x65.jpg 65w, https:\/\/www.jessar.ca\/wp-content\/uploads\/7-99074-new-1-50x50.jpg 50w, https:\/\/www.jessar.ca\/wp-content\/uploads\/7-99074-new-1-800x800.jpg 800w, https:\/\/www.jessar.ca\/wp-content\/uploads\/7-99074-new-1-100x100.jpg 100w, https:\/\/www.jessar.ca\/wp-content\/uploads\/7-99074-new-1.jpg 1500w\" sizes=\"(max-width: 640px) 100vw, 640px\" \/><\/div>\n\t\t\t\t\t<div class=\"wc-block-grid__product-title\">5L DISTRIBUTEUR DE VERRE AVEC SUPPORT EN M\u00c9TAL <br><br> #7-99074<\/div>\n\t\t\t\t<\/a>\n\t\t\t\t\n\t\t\t\t\n\t\t\t\t\n\t\t\t\t\n\t\t\t<\/li><li class=\"wc-block-grid__product\">\n\t\t\t\t<a href=\"https:\/\/www.jessar.ca\/fr\/produit\/1-gallon-glass-refrigerator-drink-dispenser-7-99302\/\" class=\"wc-block-grid__product-link\">\n\t\t\t\t\t<div class=\"wc-block-grid__product-image\"><img width=\"640\" height=\"640\" src=\"https:\/\/www.jessar.ca\/wp-content\/uploads\/7-99302-640x640.jpg\" class=\"attachment-woocommerce_thumbnail size-woocommerce_thumbnail\" alt=\"\" loading=\"lazy\" srcset=\"https:\/\/www.jessar.ca\/wp-content\/uploads\/7-99302-640x640.jpg 640w, https:\/\/www.jessar.ca\/wp-content\/uploads\/7-99302-300x300.jpg 300w, https:\/\/www.jessar.ca\/wp-content\/uploads\/7-99302-1024x1024.jpg 1024w, https:\/\/www.jessar.ca\/wp-content\/uploads\/7-99302-150x150.jpg 150w, https:\/\/www.jessar.ca\/wp-content\/uploads\/7-99302-768x768.jpg 768w, https:\/\/www.jessar.ca\/wp-content\/uploads\/7-99302-12x12.jpg 12w, https:\/\/www.jessar.ca\/wp-content\/uploads\/7-99302-240x240.jpg 240w, https:\/\/www.jessar.ca\/wp-content\/uploads\/7-99302-110x110.jpg 110w, https:\/\/www.jessar.ca\/wp-content\/uploads\/7-99302-65x65.jpg 65w, https:\/\/www.jessar.ca\/wp-content\/uploads\/7-99302-50x50.jpg 50w, https:\/\/www.jessar.ca\/wp-content\/uploads\/7-99302-800x800.jpg 800w, https:\/\/www.jessar.ca\/wp-content\/uploads\/7-99302-100x100.jpg 100w, https:\/\/www.jessar.ca\/wp-content\/uploads\/7-99302.jpg 1200w\" sizes=\"(max-width: 640px) 100vw, 640px\" \/><\/div>\n\t\t\t\t\t<div class=\"wc-block-grid__product-title\">3,7L DISTRIBUTEUR DE BOISSONS POUR R\u00c9FRIG\u00c9RATEUR EN VERRE <br><br>#7-99302<\/div>\n\t\t\t\t<\/a>\n\t\t\t\t\n\t\t\t\t\n\t\t\t\t\n\t\t\t\t\n\t\t\t<\/li><\/ul><\/div>","protected":false},"excerpt":{"rendered":"","protected":false},"author":5,"featured_media":0,"parent":12014,"menu_order":0,"comment_status":"closed","ping_status":"closed","template":"","meta":[],"_links":{"self":[{"href":"https:\/\/www.jessar.ca\/fr\/wp-json\/wp\/v2\/pages\/12215"}],"collection":[{"href":"https:\/\/www.jessar.ca\/fr\/wp-json\/wp\/v2\/pages"}],"about":[{"href":"https:\/\/www.jessar.ca\/fr\/wp-json\/wp\/v2\/types\/page"}],"author":[{"embeddable":true,"href":"https:\/\/www.jessar.ca\/fr\/wp-json\/wp\/v2\/users\/5"}],"replies":[{"embeddable":true,"href":"https:\/\/www.jessar.ca\/fr\/wp-json\/wp\/v2\/comments?post=12215"}],"version-history":[{"count":4,"href":"https:\/\/www.jessar.ca\/fr\/wp-json\/wp\/v2\/pages\/12215\/revisions"}],"predecessor-version":[{"id":12434,"href":"https:\/\/www.jessar.ca\/fr\/wp-json\/wp\/v2\/pages\/12215\/revisions\/12434"}],"up":[{"embeddable":true,"href":"https:\/\/www.jessar.ca\/fr\/wp-json\/wp\/v2\/pages\/12014"}],"wp:attachment":[{"href":"https:\/\/www.jessar.ca\/fr\/wp-json\/wp\/v2\/media?parent=12215"}],"curies":[{"name":"wp","href":"https:\/\/api.w.org\/{rel}","templated":true}]}}