{"id":12793,"date":"2025-05-08T10:16:01","date_gmt":"2025-05-08T14:16:01","guid":{"rendered":"https:\/\/www.jessar.ca\/?page_id=12793"},"modified":"2025-06-10T14:13:19","modified_gmt":"2025-06-10T18:13:19","slug":"steak-knives","status":"publish","type":"page","link":"https:\/\/www.jessar.ca\/fr\/products\/kitchen\/cooking-preparing\/steak-knives\/","title":{"rendered":"Couteaux \u00e0 steak"},"content":{"rendered":"<div class=\"breadcrumbs\" typeof=\"BreadcrumbList\" vocab=\"https:\/\/schema.org\/\"><span property=\"itemListElement\" typeof=\"ListItem\"><a property=\"item\" typeof=\"WebPage\" title=\"Go to Jessar.\" href=\"https:\/\/www.jessar.ca\/fr\" class=\"home\" aria-current=\"page\"><span property=\"name\">Jessar<\/span><\/a><meta property=\"position\" content=\"1\"><\/span><\/div>\n\n<div class=\"wc-block-grid wp-block-product-category wc-block-product-category has-4-columns has-multiple-rows\"><ul class=\"wc-block-grid__products\"><li class=\"wc-block-grid__product\">\n\t\t\t\t<a href=\"https:\/\/www.jessar.ca\/fr\/produit\/laguiole-4-piece-forced-stainless-steel-steak-knives-with-pearlized-handle-7-99345\/\" class=\"wc-block-grid__product-link\">\n\t\t\t\t\t<div class=\"wc-block-grid__product-image\"><img width=\"640\" height=\"640\" src=\"https:\/\/www.jessar.ca\/wp-content\/uploads\/7-99345-640x640.jpg\" class=\"attachment-woocommerce_thumbnail size-woocommerce_thumbnail\" alt=\"\" loading=\"lazy\" srcset=\"https:\/\/www.jessar.ca\/wp-content\/uploads\/7-99345-640x640.jpg 640w, https:\/\/www.jessar.ca\/wp-content\/uploads\/7-99345-300x300.jpg 300w, https:\/\/www.jessar.ca\/wp-content\/uploads\/7-99345-1024x1024.jpg 1024w, https:\/\/www.jessar.ca\/wp-content\/uploads\/7-99345-150x150.jpg 150w, https:\/\/www.jessar.ca\/wp-content\/uploads\/7-99345-768x768.jpg 768w, https:\/\/www.jessar.ca\/wp-content\/uploads\/7-99345-12x12.jpg 12w, https:\/\/www.jessar.ca\/wp-content\/uploads\/7-99345-240x240.jpg 240w, https:\/\/www.jessar.ca\/wp-content\/uploads\/7-99345-110x110.jpg 110w, https:\/\/www.jessar.ca\/wp-content\/uploads\/7-99345-65x65.jpg 65w, https:\/\/www.jessar.ca\/wp-content\/uploads\/7-99345-50x50.jpg 50w, https:\/\/www.jessar.ca\/wp-content\/uploads\/7-99345-800x800.jpg 800w, https:\/\/www.jessar.ca\/wp-content\/uploads\/7-99345-100x100.jpg 100w, https:\/\/www.jessar.ca\/wp-content\/uploads\/7-99345.jpg 1500w\" sizes=\"(max-width: 640px) 100vw, 640px\" \/><\/div>\n\t\t\t\t\t<div class=\"wc-block-grid__product-title\">COUTEAUX \u00c0 STEAK LAGUIOLE 4 PI\u00c8CES EN ACIER INOXYDABLE AVEC MANCHE NACR\u00c9 <br><br> #7-99345<\/div>\n\t\t\t\t<\/a>\n\t\t\t\t\n\t\t\t\t\n\t\t\t\t\n\t\t\t\t\n\t\t\t<\/li><li class=\"wc-block-grid__product\">\n\t\t\t\t<a href=\"https:\/\/www.jessar.ca\/fr\/produit\/laguiole-4-piece-forced-stainless-steel-steak-knives-with-marble-design-handle-7-99344\/\" class=\"wc-block-grid__product-link\">\n\t\t\t\t\t<div class=\"wc-block-grid__product-image\"><img width=\"640\" height=\"640\" src=\"https:\/\/www.jessar.ca\/wp-content\/uploads\/7-99344-640x640.jpg\" class=\"attachment-woocommerce_thumbnail size-woocommerce_thumbnail\" alt=\"\" loading=\"lazy\" srcset=\"https:\/\/www.jessar.ca\/wp-content\/uploads\/7-99344-640x640.jpg 640w, https:\/\/www.jessar.ca\/wp-content\/uploads\/7-99344-300x300.jpg 300w, https:\/\/www.jessar.ca\/wp-content\/uploads\/7-99344-1024x1024.jpg 1024w, https:\/\/www.jessar.ca\/wp-content\/uploads\/7-99344-150x150.jpg 150w, https:\/\/www.jessar.ca\/wp-content\/uploads\/7-99344-768x768.jpg 768w, https:\/\/www.jessar.ca\/wp-content\/uploads\/7-99344-12x12.jpg 12w, https:\/\/www.jessar.ca\/wp-content\/uploads\/7-99344-240x240.jpg 240w, https:\/\/www.jessar.ca\/wp-content\/uploads\/7-99344-110x110.jpg 110w, https:\/\/www.jessar.ca\/wp-content\/uploads\/7-99344-65x65.jpg 65w, https:\/\/www.jessar.ca\/wp-content\/uploads\/7-99344-50x50.jpg 50w, https:\/\/www.jessar.ca\/wp-content\/uploads\/7-99344-800x800.jpg 800w, https:\/\/www.jessar.ca\/wp-content\/uploads\/7-99344-100x100.jpg 100w, https:\/\/www.jessar.ca\/wp-content\/uploads\/7-99344.jpg 1500w\" sizes=\"(max-width: 640px) 100vw, 640px\" \/><\/div>\n\t\t\t\t\t<div class=\"wc-block-grid__product-title\">COUTEAUX \u00c0 STEAK LAGUIOLE 4 PI\u00c8CES EN ACIER INOXYDABLE AVEC MANCHE MARBRE <br><br> #7-99344<\/div>\n\t\t\t\t<\/a>\n\t\t\t\t\n\t\t\t\t\n\t\t\t\t\n\t\t\t\t\n\t\t\t<\/li><li class=\"wc-block-grid__product\">\n\t\t\t\t<a href=\"https:\/\/www.jessar.ca\/fr\/produit\/laguiole-4-piece-forced-stainless-steel-steak-knife-set-with-black-high-gloss-handle-7-99051\/\" class=\"wc-block-grid__product-link\">\n\t\t\t\t\t<div class=\"wc-block-grid__product-image\"><img width=\"640\" height=\"640\" src=\"https:\/\/www.jessar.ca\/wp-content\/uploads\/7-99051-1-640x640.jpg\" class=\"attachment-woocommerce_thumbnail size-woocommerce_thumbnail\" alt=\"\" loading=\"lazy\" srcset=\"https:\/\/www.jessar.ca\/wp-content\/uploads\/7-99051-1-640x640.jpg 640w, https:\/\/www.jessar.ca\/wp-content\/uploads\/7-99051-1-300x300.jpg 300w, https:\/\/www.jessar.ca\/wp-content\/uploads\/7-99051-1-1024x1024.jpg 1024w, https:\/\/www.jessar.ca\/wp-content\/uploads\/7-99051-1-150x150.jpg 150w, https:\/\/www.jessar.ca\/wp-content\/uploads\/7-99051-1-768x768.jpg 768w, https:\/\/www.jessar.ca\/wp-content\/uploads\/7-99051-1-12x12.jpg 12w, https:\/\/www.jessar.ca\/wp-content\/uploads\/7-99051-1-240x240.jpg 240w, https:\/\/www.jessar.ca\/wp-content\/uploads\/7-99051-1-110x110.jpg 110w, https:\/\/www.jessar.ca\/wp-content\/uploads\/7-99051-1-65x65.jpg 65w, https:\/\/www.jessar.ca\/wp-content\/uploads\/7-99051-1-50x50.jpg 50w, https:\/\/www.jessar.ca\/wp-content\/uploads\/7-99051-1-800x800.jpg 800w, https:\/\/www.jessar.ca\/wp-content\/uploads\/7-99051-1-100x100.jpg 100w, https:\/\/www.jessar.ca\/wp-content\/uploads\/7-99051-1.jpg 1500w\" sizes=\"(max-width: 640px) 100vw, 640px\" \/><\/div>\n\t\t\t\t\t<div class=\"wc-block-grid__product-title\">COUTEAUX \u00c0 STEAK LAGUIOLE 4 PI\u00c8CES EN ACIER INOXYDABLE AVEC MANCHE NOIR <br><br> #7-99051<\/div>\n\t\t\t\t<\/a>\n\t\t\t\t\n\t\t\t\t\n\t\t\t\t\n\t\t\t\t\n\t\t\t<\/li><li class=\"wc-block-grid__product\">\n\t\t\t\t<a href=\"https:\/\/www.jessar.ca\/fr\/produit\/laguiole-6-piece-forced-stainless-steel-steak-knife-set-with-wood-grain-handle-in-a-wooden-box-7-99096\/\" class=\"wc-block-grid__product-link\">\n\t\t\t\t\t<div class=\"wc-block-grid__product-image\"><img width=\"640\" height=\"640\" src=\"https:\/\/www.jessar.ca\/wp-content\/uploads\/7-99096-2-640x640.jpg\" class=\"attachment-woocommerce_thumbnail size-woocommerce_thumbnail\" alt=\"\" loading=\"lazy\" srcset=\"https:\/\/www.jessar.ca\/wp-content\/uploads\/7-99096-2-640x640.jpg 640w, https:\/\/www.jessar.ca\/wp-content\/uploads\/7-99096-2-300x300.jpg 300w, https:\/\/www.jessar.ca\/wp-content\/uploads\/7-99096-2-1024x1024.jpg 1024w, https:\/\/www.jessar.ca\/wp-content\/uploads\/7-99096-2-150x150.jpg 150w, https:\/\/www.jessar.ca\/wp-content\/uploads\/7-99096-2-768x768.jpg 768w, https:\/\/www.jessar.ca\/wp-content\/uploads\/7-99096-2-12x12.jpg 12w, https:\/\/www.jessar.ca\/wp-content\/uploads\/7-99096-2-240x240.jpg 240w, https:\/\/www.jessar.ca\/wp-content\/uploads\/7-99096-2-110x110.jpg 110w, https:\/\/www.jessar.ca\/wp-content\/uploads\/7-99096-2-65x65.jpg 65w, https:\/\/www.jessar.ca\/wp-content\/uploads\/7-99096-2-50x50.jpg 50w, https:\/\/www.jessar.ca\/wp-content\/uploads\/7-99096-2-800x800.jpg 800w, https:\/\/www.jessar.ca\/wp-content\/uploads\/7-99096-2-100x100.jpg 100w, https:\/\/www.jessar.ca\/wp-content\/uploads\/7-99096-2.jpg 1500w\" sizes=\"(max-width: 640px) 100vw, 640px\" \/><\/div>\n\t\t\t\t\t<div class=\"wc-block-grid__product-title\">COUTEAUX \u00c0 STEAK LAGUIOLE 6 PI\u00c8CES EN ACIER INOXYDABLE AVEC MANCHE ET COFFRET EN BOIS <br><br> #7-99096<\/div>\n\t\t\t\t<\/a>\n\t\t\t\t\n\t\t\t\t\n\t\t\t\t\n\t\t\t\t\n\t\t\t<\/li><li class=\"wc-block-grid__product\">\n\t\t\t\t<a href=\"https:\/\/www.jessar.ca\/fr\/produit\/laguiole-4-piece-forced-stainless-steel-steak-knife-set-with-wood-handle-7-99052\/\" class=\"wc-block-grid__product-link\">\n\t\t\t\t\t<div class=\"wc-block-grid__product-image\"><img width=\"640\" height=\"640\" src=\"https:\/\/www.jessar.ca\/wp-content\/uploads\/7-99052-640x640.jpg\" class=\"attachment-woocommerce_thumbnail size-woocommerce_thumbnail\" alt=\"\" loading=\"lazy\" srcset=\"https:\/\/www.jessar.ca\/wp-content\/uploads\/7-99052-640x640.jpg 640w, https:\/\/www.jessar.ca\/wp-content\/uploads\/7-99052-300x300.jpg 300w, https:\/\/www.jessar.ca\/wp-content\/uploads\/7-99052-1024x1024.jpg 1024w, https:\/\/www.jessar.ca\/wp-content\/uploads\/7-99052-150x150.jpg 150w, https:\/\/www.jessar.ca\/wp-content\/uploads\/7-99052-768x768.jpg 768w, https:\/\/www.jessar.ca\/wp-content\/uploads\/7-99052-12x12.jpg 12w, https:\/\/www.jessar.ca\/wp-content\/uploads\/7-99052-240x240.jpg 240w, https:\/\/www.jessar.ca\/wp-content\/uploads\/7-99052-110x110.jpg 110w, https:\/\/www.jessar.ca\/wp-content\/uploads\/7-99052-65x65.jpg 65w, https:\/\/www.jessar.ca\/wp-content\/uploads\/7-99052-50x50.jpg 50w, https:\/\/www.jessar.ca\/wp-content\/uploads\/7-99052-800x800.jpg 800w, https:\/\/www.jessar.ca\/wp-content\/uploads\/7-99052-100x100.jpg 100w, https:\/\/www.jessar.ca\/wp-content\/uploads\/7-99052.jpg 1500w\" sizes=\"(max-width: 640px) 100vw, 640px\" \/><\/div>\n\t\t\t\t\t<div class=\"wc-block-grid__product-title\">COUTEAUX \u00c0 STEAK LAGUIOLE 4 PI\u00c8CES EN ACIER INOXYDABLE AVEC MANCHE EN BOIS <br><br> #7-99052<\/div>\n\t\t\t\t<\/a>\n\t\t\t\t\n\t\t\t\t\n\t\t\t\t\n\t\t\t\t\n\t\t\t<\/li><li class=\"wc-block-grid__product\">\n\t\t\t\t<a href=\"https:\/\/www.jessar.ca\/fr\/produit\/laguiole-4-piece-forced-stainless-steel-steak-knife-set-with-multi-color-handles-7-99050\/\" class=\"wc-block-grid__product-link\">\n\t\t\t\t\t<div class=\"wc-block-grid__product-image\"><img width=\"640\" height=\"640\" src=\"https:\/\/www.jessar.ca\/wp-content\/uploads\/7-99050-640x640.jpg\" class=\"attachment-woocommerce_thumbnail size-woocommerce_thumbnail\" alt=\"\" loading=\"lazy\" srcset=\"https:\/\/www.jessar.ca\/wp-content\/uploads\/7-99050-640x640.jpg 640w, https:\/\/www.jessar.ca\/wp-content\/uploads\/7-99050-300x300.jpg 300w, https:\/\/www.jessar.ca\/wp-content\/uploads\/7-99050-1024x1024.jpg 1024w, https:\/\/www.jessar.ca\/wp-content\/uploads\/7-99050-150x150.jpg 150w, https:\/\/www.jessar.ca\/wp-content\/uploads\/7-99050-768x768.jpg 768w, https:\/\/www.jessar.ca\/wp-content\/uploads\/7-99050-12x12.jpg 12w, https:\/\/www.jessar.ca\/wp-content\/uploads\/7-99050-240x240.jpg 240w, https:\/\/www.jessar.ca\/wp-content\/uploads\/7-99050-110x110.jpg 110w, https:\/\/www.jessar.ca\/wp-content\/uploads\/7-99050-65x65.jpg 65w, https:\/\/www.jessar.ca\/wp-content\/uploads\/7-99050-50x50.jpg 50w, https:\/\/www.jessar.ca\/wp-content\/uploads\/7-99050-800x800.jpg 800w, https:\/\/www.jessar.ca\/wp-content\/uploads\/7-99050-100x100.jpg 100w, https:\/\/www.jessar.ca\/wp-content\/uploads\/7-99050.jpg 1500w\" sizes=\"(max-width: 640px) 100vw, 640px\" \/><\/div>\n\t\t\t\t\t<div class=\"wc-block-grid__product-title\">COUTEAUX \u00c0 STEAK LAGUIOLE 4 PI\u00c8CES EN ACIER INOXYDABLE AVEC MANCHES MULTICOLORES <br><br> #7-99050<\/div>\n\t\t\t\t<\/a>\n\t\t\t\t\n\t\t\t\t\n\t\t\t\t\n\t\t\t\t\n\t\t\t<\/li><\/ul><\/div>","protected":false},"excerpt":{"rendered":"","protected":false},"author":6,"featured_media":0,"parent":12073,"menu_order":0,"comment_status":"closed","ping_status":"closed","template":"","meta":[],"_links":{"self":[{"href":"https:\/\/www.jessar.ca\/fr\/wp-json\/wp\/v2\/pages\/12793"}],"collection":[{"href":"https:\/\/www.jessar.ca\/fr\/wp-json\/wp\/v2\/pages"}],"about":[{"href":"https:\/\/www.jessar.ca\/fr\/wp-json\/wp\/v2\/types\/page"}],"author":[{"embeddable":true,"href":"https:\/\/www.jessar.ca\/fr\/wp-json\/wp\/v2\/users\/6"}],"replies":[{"embeddable":true,"href":"https:\/\/www.jessar.ca\/fr\/wp-json\/wp\/v2\/comments?post=12793"}],"version-history":[{"count":3,"href":"https:\/\/www.jessar.ca\/fr\/wp-json\/wp\/v2\/pages\/12793\/revisions"}],"predecessor-version":[{"id":12805,"href":"https:\/\/www.jessar.ca\/fr\/wp-json\/wp\/v2\/pages\/12793\/revisions\/12805"}],"up":[{"embeddable":true,"href":"https:\/\/www.jessar.ca\/fr\/wp-json\/wp\/v2\/pages\/12073"}],"wp:attachment":[{"href":"https:\/\/www.jessar.ca\/fr\/wp-json\/wp\/v2\/media?parent=12793"}],"curies":[{"name":"wp","href":"https:\/\/api.w.org\/{rel}","templated":true}]}}