{"id":13224,"date":"2025-10-06T15:40:22","date_gmt":"2025-10-06T19:40:22","guid":{"rendered":"https:\/\/www.jessar.ca\/?page_id=13224"},"modified":"2025-10-28T10:49:23","modified_gmt":"2025-10-28T14:49:23","slug":"customer-support","status":"publish","type":"page","link":"https:\/\/www.jessar.ca\/fr\/customer-support\/","title":{"rendered":"Service client"},"content":{"rendered":"<p><strong>Loi sur la protection du consommateur du Qu\u00e9bec (Projet de loi 29)<\/strong><\/p>\n\n\n\n<p>Apr\u00e8s la p\u00e9riode de garantie, les produits ne sont pas r\u00e9parables. Toutefois, des pi\u00e8ces de rechange et des services de r\u00e9paration peuvent \u00eatre offerts pour certains mod\u00e8les, conform\u00e9ment \u00e0 la l\u00e9gislation applicable, notamment la Loi sur la protection du consommateur du Qu\u00e9bec.<\/p>\n\n\n\n<p><strong>Service apr\u00e8s-vente<\/strong><br>Du lundi au vendredi, de 9 h 00 \u00e0 16 h 00<\/p>\n\n\n\n<p><strong>T\u00e9l:&nbsp;&nbsp;<\/strong><a href=\"fax: 14504721280\">(450) 472-0280<\/a><br><strong>Fax:<\/strong>&nbsp;<a href=\"fax: 14504721280\">(450) 472-1280<\/a><\/p>\n\n\n\n<p><strong>Courriel:&nbsp;<\/strong><a href=\"mailto:info@jessar.ca\">info@jessar.ca<\/a><\/p>","protected":false},"excerpt":{"rendered":"<p>Qu\u00e9bec Consumer Protection Act (Bill 29) After the warranty period, products are not repairable. However, replacement parts and repair services &hellip; <a href=\"https:\/\/www.jessar.ca\/fr\/customer-support\/\" class=\"more-link\"><span class=\"more-button\">Continue Reading<span class=\"screen-reader-text\">Service client<\/span><\/span><\/a><\/p>","protected":false},"author":6,"featured_media":0,"parent":0,"menu_order":0,"comment_status":"closed","ping_status":"closed","template":"","meta":[],"_links":{"self":[{"href":"https:\/\/www.jessar.ca\/fr\/wp-json\/wp\/v2\/pages\/13224"}],"collection":[{"href":"https:\/\/www.jessar.ca\/fr\/wp-json\/wp\/v2\/pages"}],"about":[{"href":"https:\/\/www.jessar.ca\/fr\/wp-json\/wp\/v2\/types\/page"}],"author":[{"embeddable":true,"href":"https:\/\/www.jessar.ca\/fr\/wp-json\/wp\/v2\/users\/6"}],"replies":[{"embeddable":true,"href":"https:\/\/www.jessar.ca\/fr\/wp-json\/wp\/v2\/comments?post=13224"}],"version-history":[{"count":2,"href":"https:\/\/www.jessar.ca\/fr\/wp-json\/wp\/v2\/pages\/13224\/revisions"}],"predecessor-version":[{"id":13237,"href":"https:\/\/www.jessar.ca\/fr\/wp-json\/wp\/v2\/pages\/13224\/revisions\/13237"}],"wp:attachment":[{"href":"https:\/\/www.jessar.ca\/fr\/wp-json\/wp\/v2\/media?parent=13224"}],"curies":[{"name":"wp","href":"https:\/\/api.w.org\/{rel}","templated":true}]}}