{"id":3377,"date":"2020-10-06T20:54:30","date_gmt":"2020-10-06T20:54:30","guid":{"rendered":"http:\/\/10.50.100.5\/?page_id=3377"},"modified":"2020-10-06T20:55:51","modified_gmt":"2020-10-06T20:55:51","slug":"high-bay-fixture","status":"publish","type":"page","link":"https:\/\/www.jessar.ca\/fr\/products\/electricity\/high-bay-fixture\/","title":{"rendered":"Haute baie"},"content":{"rendered":"<div class=\"breadcrumbs\" typeof=\"BreadcrumbList\" vocab=\"https:\/\/schema.org\/\"><span property=\"itemListElement\" typeof=\"ListItem\"><a property=\"item\" typeof=\"WebPage\" title=\"Go to Jessar.\" href=\"https:\/\/www.jessar.ca\/fr\" class=\"home\" aria-current=\"page\"><span property=\"name\">Jessar<\/span><\/a><meta property=\"position\" content=\"1\"><\/span><\/div>\n\n<div class=\"wc-block-grid wp-block-product-category wc-block-product-category has-4-columns has-multiple-rows\"><ul class=\"wc-block-grid__products\"><li class=\"wc-block-grid__product\">\n\t\t\t\t<a href=\"https:\/\/www.jessar.ca\/fr\/produit\/2-led-linear-high-bay-135w-100-277v-4000k-dim\/\" class=\"wc-block-grid__product-link\">\n\t\t\t\t\t<div class=\"wc-block-grid__product-image\"><img width=\"640\" height=\"640\" src=\"https:\/\/www.jessar.ca\/wp-content\/uploads\/4-80206-7-9-640x640.jpg\" class=\"attachment-woocommerce_thumbnail size-woocommerce_thumbnail\" alt=\"\" loading=\"lazy\" srcset=\"https:\/\/www.jessar.ca\/wp-content\/uploads\/4-80206-7-9-640x640.jpg 640w, https:\/\/www.jessar.ca\/wp-content\/uploads\/4-80206-7-9-300x300.jpg 300w, https:\/\/www.jessar.ca\/wp-content\/uploads\/4-80206-7-9-1024x1024.jpg 1024w, https:\/\/www.jessar.ca\/wp-content\/uploads\/4-80206-7-9-150x150.jpg 150w, https:\/\/www.jessar.ca\/wp-content\/uploads\/4-80206-7-9-768x768.jpg 768w, https:\/\/www.jessar.ca\/wp-content\/uploads\/4-80206-7-9-240x240.jpg 240w, https:\/\/www.jessar.ca\/wp-content\/uploads\/4-80206-7-9-110x110.jpg 110w, https:\/\/www.jessar.ca\/wp-content\/uploads\/4-80206-7-9-65x65.jpg 65w, https:\/\/www.jessar.ca\/wp-content\/uploads\/4-80206-7-9-50x50.jpg 50w, https:\/\/www.jessar.ca\/wp-content\/uploads\/4-80206-7-9-800x800.jpg 800w, https:\/\/www.jessar.ca\/wp-content\/uploads\/4-80206-7-9-100x100.jpg 100w, https:\/\/www.jessar.ca\/wp-content\/uploads\/4-80206-7-9.jpg 1500w\" sizes=\"(max-width: 640px) 100vw, 640px\" \/><\/div>\n\t\t\t\t\t<div class=\"wc-block-grid__product-title\">2' FIXTURE DEL LINEAIRE HAUTE BAIE 135W \/ 100V-277V \/ 4000K GRAD. <br><br> #4-80207<\/div>\n\t\t\t\t<\/a>\n\t\t\t\t\n\t\t\t\t\n\t\t\t\t\n\t\t\t\t\n\t\t\t<\/li><li class=\"wc-block-grid__product\">\n\t\t\t\t<a href=\"https:\/\/www.jessar.ca\/fr\/produit\/2-led-linear-high-bay-90w-100-277v-4000k-dim\/\" class=\"wc-block-grid__product-link\">\n\t\t\t\t\t<div class=\"wc-block-grid__product-image\"><img width=\"640\" height=\"640\" src=\"https:\/\/www.jessar.ca\/wp-content\/uploads\/4-80206-7-9-640x640.jpg\" class=\"attachment-woocommerce_thumbnail size-woocommerce_thumbnail\" alt=\"\" loading=\"lazy\" srcset=\"https:\/\/www.jessar.ca\/wp-content\/uploads\/4-80206-7-9-640x640.jpg 640w, https:\/\/www.jessar.ca\/wp-content\/uploads\/4-80206-7-9-300x300.jpg 300w, https:\/\/www.jessar.ca\/wp-content\/uploads\/4-80206-7-9-1024x1024.jpg 1024w, https:\/\/www.jessar.ca\/wp-content\/uploads\/4-80206-7-9-150x150.jpg 150w, https:\/\/www.jessar.ca\/wp-content\/uploads\/4-80206-7-9-768x768.jpg 768w, https:\/\/www.jessar.ca\/wp-content\/uploads\/4-80206-7-9-240x240.jpg 240w, https:\/\/www.jessar.ca\/wp-content\/uploads\/4-80206-7-9-110x110.jpg 110w, https:\/\/www.jessar.ca\/wp-content\/uploads\/4-80206-7-9-65x65.jpg 65w, https:\/\/www.jessar.ca\/wp-content\/uploads\/4-80206-7-9-50x50.jpg 50w, https:\/\/www.jessar.ca\/wp-content\/uploads\/4-80206-7-9-800x800.jpg 800w, https:\/\/www.jessar.ca\/wp-content\/uploads\/4-80206-7-9-100x100.jpg 100w, https:\/\/www.jessar.ca\/wp-content\/uploads\/4-80206-7-9.jpg 1500w\" sizes=\"(max-width: 640px) 100vw, 640px\" \/><\/div>\n\t\t\t\t\t<div class=\"wc-block-grid__product-title\">2' FIXTURE DEL LINEAIRE HAUTE BAIE 90W \/ 100V-277V \/ 4000K GRAD. <br><br> #4-80206<\/div>\n\t\t\t\t<\/a>\n\t\t\t\t\n\t\t\t\t\n\t\t\t\t\n\t\t\t\t\n\t\t\t<\/li><li class=\"wc-block-grid__product\">\n\t\t\t\t<a href=\"https:\/\/www.jessar.ca\/fr\/produit\/4-led-linear-high-bay-223w-100-277v-4000k-dim\/\" class=\"wc-block-grid__product-link\">\n\t\t\t\t\t<div class=\"wc-block-grid__product-image\"><img width=\"640\" height=\"640\" src=\"https:\/\/www.jessar.ca\/wp-content\/uploads\/4-80206-7-9-640x640.jpg\" class=\"attachment-woocommerce_thumbnail size-woocommerce_thumbnail\" alt=\"\" loading=\"lazy\" srcset=\"https:\/\/www.jessar.ca\/wp-content\/uploads\/4-80206-7-9-640x640.jpg 640w, https:\/\/www.jessar.ca\/wp-content\/uploads\/4-80206-7-9-300x300.jpg 300w, https:\/\/www.jessar.ca\/wp-content\/uploads\/4-80206-7-9-1024x1024.jpg 1024w, https:\/\/www.jessar.ca\/wp-content\/uploads\/4-80206-7-9-150x150.jpg 150w, https:\/\/www.jessar.ca\/wp-content\/uploads\/4-80206-7-9-768x768.jpg 768w, https:\/\/www.jessar.ca\/wp-content\/uploads\/4-80206-7-9-240x240.jpg 240w, https:\/\/www.jessar.ca\/wp-content\/uploads\/4-80206-7-9-110x110.jpg 110w, https:\/\/www.jessar.ca\/wp-content\/uploads\/4-80206-7-9-65x65.jpg 65w, https:\/\/www.jessar.ca\/wp-content\/uploads\/4-80206-7-9-50x50.jpg 50w, https:\/\/www.jessar.ca\/wp-content\/uploads\/4-80206-7-9-800x800.jpg 800w, https:\/\/www.jessar.ca\/wp-content\/uploads\/4-80206-7-9-100x100.jpg 100w, https:\/\/www.jessar.ca\/wp-content\/uploads\/4-80206-7-9.jpg 1500w\" sizes=\"(max-width: 640px) 100vw, 640px\" \/><\/div>\n\t\t\t\t\t<div class=\"wc-block-grid__product-title\">4' FIXTURE DEL LINEAIRE HAUTE BAIE 223W \/ 100V-277V \/ 4000K GRAD. <br><br> #4-80209<\/div>\n\t\t\t\t<\/a>\n\t\t\t\t\n\t\t\t\t\n\t\t\t\t\n\t\t\t\t\n\t\t\t<\/li><li class=\"wc-block-grid__product\">\n\t\t\t\t<a href=\"https:\/\/www.jessar.ca\/fr\/produit\/highbay-light-150w-100-347v-5000k-ufo\/\" class=\"wc-block-grid__product-link\">\n\t\t\t\t\t<div class=\"wc-block-grid__product-image\"><img width=\"640\" height=\"640\" src=\"https:\/\/www.jessar.ca\/wp-content\/uploads\/4-80218-640x640.jpg\" class=\"attachment-woocommerce_thumbnail size-woocommerce_thumbnail\" alt=\"\" loading=\"lazy\" srcset=\"https:\/\/www.jessar.ca\/wp-content\/uploads\/4-80218-640x640.jpg 640w, https:\/\/www.jessar.ca\/wp-content\/uploads\/4-80218-300x300.jpg 300w, https:\/\/www.jessar.ca\/wp-content\/uploads\/4-80218-1024x1024.jpg 1024w, https:\/\/www.jessar.ca\/wp-content\/uploads\/4-80218-150x150.jpg 150w, https:\/\/www.jessar.ca\/wp-content\/uploads\/4-80218-768x768.jpg 768w, https:\/\/www.jessar.ca\/wp-content\/uploads\/4-80218-240x240.jpg 240w, https:\/\/www.jessar.ca\/wp-content\/uploads\/4-80218-110x110.jpg 110w, https:\/\/www.jessar.ca\/wp-content\/uploads\/4-80218-65x65.jpg 65w, https:\/\/www.jessar.ca\/wp-content\/uploads\/4-80218-50x50.jpg 50w, https:\/\/www.jessar.ca\/wp-content\/uploads\/4-80218-800x800.jpg 800w, https:\/\/www.jessar.ca\/wp-content\/uploads\/4-80218-100x100.jpg 100w, https:\/\/www.jessar.ca\/wp-content\/uploads\/4-80218.jpg 1500w\" sizes=\"(max-width: 640px) 100vw, 640px\" \/><\/div>\n\t\t\t\t\t<div class=\"wc-block-grid__product-title\">FIXTURE HAUTE BAIE 150W \/ 100V-347V \/ 5000K \u201cUFO\u201d <br><br> #4-80218<\/div>\n\t\t\t\t<\/a>\n\t\t\t\t\n\t\t\t\t\n\t\t\t\t\n\t\t\t\t\n\t\t\t<\/li><li class=\"wc-block-grid__product\">\n\t\t\t\t<a href=\"https:\/\/www.jessar.ca\/fr\/produit\/pir-sensor-for-high-bay-4-80124\/\" class=\"wc-block-grid__product-link\">\n\t\t\t\t\t<div class=\"wc-block-grid__product-image\"><img width=\"640\" height=\"640\" src=\"https:\/\/www.jessar.ca\/wp-content\/uploads\/4-80124-640x640.jpg\" class=\"attachment-woocommerce_thumbnail size-woocommerce_thumbnail\" alt=\"\" loading=\"lazy\" srcset=\"https:\/\/www.jessar.ca\/wp-content\/uploads\/4-80124-640x640.jpg 640w, https:\/\/www.jessar.ca\/wp-content\/uploads\/4-80124-300x300.jpg 300w, https:\/\/www.jessar.ca\/wp-content\/uploads\/4-80124-1024x1024.jpg 1024w, https:\/\/www.jessar.ca\/wp-content\/uploads\/4-80124-150x150.jpg 150w, https:\/\/www.jessar.ca\/wp-content\/uploads\/4-80124-768x768.jpg 768w, https:\/\/www.jessar.ca\/wp-content\/uploads\/4-80124-12x12.jpg 12w, https:\/\/www.jessar.ca\/wp-content\/uploads\/4-80124-240x240.jpg 240w, https:\/\/www.jessar.ca\/wp-content\/uploads\/4-80124-110x110.jpg 110w, https:\/\/www.jessar.ca\/wp-content\/uploads\/4-80124-65x65.jpg 65w, https:\/\/www.jessar.ca\/wp-content\/uploads\/4-80124-50x50.jpg 50w, https:\/\/www.jessar.ca\/wp-content\/uploads\/4-80124-800x800.jpg 800w, https:\/\/www.jessar.ca\/wp-content\/uploads\/4-80124-100x100.jpg 100w, https:\/\/www.jessar.ca\/wp-content\/uploads\/4-80124.jpg 1500w\" sizes=\"(max-width: 640px) 100vw, 640px\" \/><\/div>\n\t\t\t\t\t<div class=\"wc-block-grid__product-title\">CAPTEUR PIR POUR HAUTE-BAIE  <br><br> #4-80124<\/div>\n\t\t\t\t<\/a>\n\t\t\t\t\n\t\t\t\t\n\t\t\t\t\n\t\t\t\t\n\t\t\t<\/li><li class=\"wc-block-grid__product\">\n\t\t\t\t<a href=\"https:\/\/www.jessar.ca\/fr\/produit\/pir-sensor-remote-control-4-80125\/\" class=\"wc-block-grid__product-link\">\n\t\t\t\t\t<div class=\"wc-block-grid__product-image\"><img width=\"640\" height=\"640\" src=\"https:\/\/www.jessar.ca\/wp-content\/uploads\/4-80125-640x640.jpg\" class=\"attachment-woocommerce_thumbnail size-woocommerce_thumbnail\" alt=\"\" loading=\"lazy\" srcset=\"https:\/\/www.jessar.ca\/wp-content\/uploads\/4-80125-640x640.jpg 640w, https:\/\/www.jessar.ca\/wp-content\/uploads\/4-80125-300x300.jpg 300w, https:\/\/www.jessar.ca\/wp-content\/uploads\/4-80125-1024x1024.jpg 1024w, https:\/\/www.jessar.ca\/wp-content\/uploads\/4-80125-150x150.jpg 150w, https:\/\/www.jessar.ca\/wp-content\/uploads\/4-80125-768x768.jpg 768w, https:\/\/www.jessar.ca\/wp-content\/uploads\/4-80125-12x12.jpg 12w, https:\/\/www.jessar.ca\/wp-content\/uploads\/4-80125-240x240.jpg 240w, https:\/\/www.jessar.ca\/wp-content\/uploads\/4-80125-110x110.jpg 110w, https:\/\/www.jessar.ca\/wp-content\/uploads\/4-80125-65x65.jpg 65w, https:\/\/www.jessar.ca\/wp-content\/uploads\/4-80125-50x50.jpg 50w, https:\/\/www.jessar.ca\/wp-content\/uploads\/4-80125-800x800.jpg 800w, https:\/\/www.jessar.ca\/wp-content\/uploads\/4-80125-100x100.jpg 100w, https:\/\/www.jessar.ca\/wp-content\/uploads\/4-80125.jpg 1500w\" sizes=\"(max-width: 640px) 100vw, 640px\" \/><\/div>\n\t\t\t\t\t<div class=\"wc-block-grid__product-title\">T\u00c9L\u00c9COMMANDE \u00c0 CAPTEUR PIR <br><br> #4-80125<\/div>\n\t\t\t\t<\/a>\n\t\t\t\t\n\t\t\t\t\n\t\t\t\t\n\t\t\t\t\n\t\t\t<\/li><\/ul><\/div>","protected":false},"excerpt":{"rendered":"","protected":false},"author":5,"featured_media":0,"parent":79,"menu_order":0,"comment_status":"closed","ping_status":"closed","template":"","meta":[],"_links":{"self":[{"href":"https:\/\/www.jessar.ca\/fr\/wp-json\/wp\/v2\/pages\/3377"}],"collection":[{"href":"https:\/\/www.jessar.ca\/fr\/wp-json\/wp\/v2\/pages"}],"about":[{"href":"https:\/\/www.jessar.ca\/fr\/wp-json\/wp\/v2\/types\/page"}],"author":[{"embeddable":true,"href":"https:\/\/www.jessar.ca\/fr\/wp-json\/wp\/v2\/users\/5"}],"replies":[{"embeddable":true,"href":"https:\/\/www.jessar.ca\/fr\/wp-json\/wp\/v2\/comments?post=3377"}],"version-history":[{"count":2,"href":"https:\/\/www.jessar.ca\/fr\/wp-json\/wp\/v2\/pages\/3377\/revisions"}],"predecessor-version":[{"id":3380,"href":"https:\/\/www.jessar.ca\/fr\/wp-json\/wp\/v2\/pages\/3377\/revisions\/3380"}],"up":[{"embeddable":true,"href":"https:\/\/www.jessar.ca\/fr\/wp-json\/wp\/v2\/pages\/79"}],"wp:attachment":[{"href":"https:\/\/www.jessar.ca\/fr\/wp-json\/wp\/v2\/media?parent=3377"}],"curies":[{"name":"wp","href":"https:\/\/api.w.org\/{rel}","templated":true}]}}