{"id":3487,"date":"2020-10-07T18:05:48","date_gmt":"2020-10-07T18:05:48","guid":{"rendered":"http:\/\/10.50.100.5\/?page_id=3487"},"modified":"2020-10-07T18:09:14","modified_gmt":"2020-10-07T18:09:14","slug":"work-light","status":"publish","type":"page","link":"https:\/\/www.jessar.ca\/fr\/products\/electricity\/work-light\/","title":{"rendered":"Lampe de travail"},"content":{"rendered":"<div class=\"breadcrumbs\" typeof=\"BreadcrumbList\" vocab=\"https:\/\/schema.org\/\"><span property=\"itemListElement\" typeof=\"ListItem\"><a property=\"item\" typeof=\"WebPage\" title=\"Go to Jessar.\" href=\"https:\/\/www.jessar.ca\/fr\" class=\"home\" aria-current=\"page\"><span property=\"name\">Jessar<\/span><\/a><meta property=\"position\" content=\"1\"><\/span><\/div>\n\n<div class=\"wc-block-grid wp-block-product-category wc-block-product-category has-4-columns has-multiple-rows\"><ul class=\"wc-block-grid__products\"><li class=\"wc-block-grid__product\">\n\t\t\t\t<a href=\"https:\/\/www.jessar.ca\/fr\/produit\/led-integreted-work-light-55w-5500l-3000k-soft-white-4-80057\/\" class=\"wc-block-grid__product-link\">\n\t\t\t\t\t<div class=\"wc-block-grid__product-image\"><img width=\"640\" height=\"640\" src=\"https:\/\/www.jessar.ca\/wp-content\/uploads\/4-80057-640x640.jpg\" class=\"attachment-woocommerce_thumbnail size-woocommerce_thumbnail\" alt=\"\" loading=\"lazy\" srcset=\"https:\/\/www.jessar.ca\/wp-content\/uploads\/4-80057-640x640.jpg 640w, https:\/\/www.jessar.ca\/wp-content\/uploads\/4-80057-300x300.jpg 300w, https:\/\/www.jessar.ca\/wp-content\/uploads\/4-80057-1024x1024.jpg 1024w, https:\/\/www.jessar.ca\/wp-content\/uploads\/4-80057-150x150.jpg 150w, https:\/\/www.jessar.ca\/wp-content\/uploads\/4-80057-768x768.jpg 768w, https:\/\/www.jessar.ca\/wp-content\/uploads\/4-80057-12x12.jpg 12w, https:\/\/www.jessar.ca\/wp-content\/uploads\/4-80057-240x240.jpg 240w, https:\/\/www.jessar.ca\/wp-content\/uploads\/4-80057-110x110.jpg 110w, https:\/\/www.jessar.ca\/wp-content\/uploads\/4-80057-65x65.jpg 65w, https:\/\/www.jessar.ca\/wp-content\/uploads\/4-80057-50x50.jpg 50w, https:\/\/www.jessar.ca\/wp-content\/uploads\/4-80057-800x800.jpg 800w, https:\/\/www.jessar.ca\/wp-content\/uploads\/4-80057-100x100.jpg 100w, https:\/\/www.jessar.ca\/wp-content\/uploads\/4-80057.jpg 1500w\" sizes=\"(max-width: 640px) 100vw, 640px\" \/><\/div>\n\t\t\t\t\t<div class=\"wc-block-grid__product-title\">LAMPE DE TRAVAIL DEL INT\u00c9GR\u00c9ES 55W \/ 5500L \/ 3000K BLANC DOUX <br><br> #4-80057<\/div>\n\t\t\t\t<\/a>\n\t\t\t\t\n\t\t\t\t\n\t\t\t\t\n\t\t\t\t\n\t\t\t<\/li><li class=\"wc-block-grid__product\">\n\t\t\t\t<a href=\"https:\/\/www.jessar.ca\/fr\/produit\/led-work-light-battery-operated-1800l-15w-acdc-12v-4000k-cool-white\/\" class=\"wc-block-grid__product-link\">\n\t\t\t\t\t<div class=\"wc-block-grid__product-image\"><img width=\"640\" height=\"640\" src=\"https:\/\/www.jessar.ca\/wp-content\/uploads\/4-80014-640x640.jpg\" class=\"attachment-woocommerce_thumbnail size-woocommerce_thumbnail\" alt=\"\" loading=\"lazy\" srcset=\"https:\/\/www.jessar.ca\/wp-content\/uploads\/4-80014-640x640.jpg 640w, https:\/\/www.jessar.ca\/wp-content\/uploads\/4-80014-300x300.jpg 300w, https:\/\/www.jessar.ca\/wp-content\/uploads\/4-80014-1024x1024.jpg 1024w, https:\/\/www.jessar.ca\/wp-content\/uploads\/4-80014-150x150.jpg 150w, https:\/\/www.jessar.ca\/wp-content\/uploads\/4-80014-768x768.jpg 768w, https:\/\/www.jessar.ca\/wp-content\/uploads\/4-80014-240x240.jpg 240w, https:\/\/www.jessar.ca\/wp-content\/uploads\/4-80014-110x110.jpg 110w, https:\/\/www.jessar.ca\/wp-content\/uploads\/4-80014-65x65.jpg 65w, https:\/\/www.jessar.ca\/wp-content\/uploads\/4-80014-50x50.jpg 50w, https:\/\/www.jessar.ca\/wp-content\/uploads\/4-80014-800x800.jpg 800w, https:\/\/www.jessar.ca\/wp-content\/uploads\/4-80014-100x100.jpg 100w, https:\/\/www.jessar.ca\/wp-content\/uploads\/4-80014.jpg 1500w\" sizes=\"(max-width: 640px) 100vw, 640px\" \/><\/div>\n\t\t\t\t\t<div class=\"wc-block-grid__product-title\">LAMPE DE TRAVAIL AVEC PINCE DEL INT\u00c9GR\u00c9ES 15W \/ 1800L \/ 4000K BLANC FROID <br><br> #4-80014<\/div>\n\t\t\t\t<\/a>\n\t\t\t\t\n\t\t\t\t\n\t\t\t\t\n\t\t\t\t\n\t\t\t<\/li><li class=\"wc-block-grid__product\">\n\t\t\t\t<a href=\"https:\/\/www.jessar.ca\/fr\/produit\/led-integreted-work-light-with-usb-40w-5000l-4000k-cool-white\/\" class=\"wc-block-grid__product-link\">\n\t\t\t\t\t<div class=\"wc-block-grid__product-image\"><img width=\"640\" height=\"640\" src=\"https:\/\/www.jessar.ca\/wp-content\/uploads\/4-80015-1-640x640.jpg\" class=\"attachment-woocommerce_thumbnail size-woocommerce_thumbnail\" alt=\"\" loading=\"lazy\" srcset=\"https:\/\/www.jessar.ca\/wp-content\/uploads\/4-80015-1-640x640.jpg 640w, https:\/\/www.jessar.ca\/wp-content\/uploads\/4-80015-1-300x300.jpg 300w, https:\/\/www.jessar.ca\/wp-content\/uploads\/4-80015-1-1024x1024.jpg 1024w, https:\/\/www.jessar.ca\/wp-content\/uploads\/4-80015-1-150x150.jpg 150w, https:\/\/www.jessar.ca\/wp-content\/uploads\/4-80015-1-768x768.jpg 768w, https:\/\/www.jessar.ca\/wp-content\/uploads\/4-80015-1-240x240.jpg 240w, https:\/\/www.jessar.ca\/wp-content\/uploads\/4-80015-1-110x110.jpg 110w, https:\/\/www.jessar.ca\/wp-content\/uploads\/4-80015-1-65x65.jpg 65w, https:\/\/www.jessar.ca\/wp-content\/uploads\/4-80015-1-50x50.jpg 50w, https:\/\/www.jessar.ca\/wp-content\/uploads\/4-80015-1-800x800.jpg 800w, https:\/\/www.jessar.ca\/wp-content\/uploads\/4-80015-1-100x100.jpg 100w, https:\/\/www.jessar.ca\/wp-content\/uploads\/4-80015-1.jpg 1500w\" sizes=\"(max-width: 640px) 100vw, 640px\" \/><\/div>\n\t\t\t\t\t<div class=\"wc-block-grid__product-title\">LAMPE DE TRAVAIL DEL INT\u00c9GR\u00c9ES AVEC USB 40W \/ 5000L \/ 4000K BLANC FROID <br><br> #4-80015<\/div>\n\t\t\t\t<\/a>\n\t\t\t\t\n\t\t\t\t\n\t\t\t\t\n\t\t\t\t\n\t\t\t<\/li><li class=\"wc-block-grid__product\">\n\t\t\t\t<a href=\"https:\/\/www.jessar.ca\/fr\/produit\/led-work-light-2-heads-with-a-tripod-52w-120v-4000k-day-light\/\" class=\"wc-block-grid__product-link\">\n\t\t\t\t\t<div class=\"wc-block-grid__product-image\"><img width=\"640\" height=\"640\" src=\"https:\/\/www.jessar.ca\/wp-content\/uploads\/6-80167-640x640.jpg\" class=\"attachment-woocommerce_thumbnail size-woocommerce_thumbnail\" alt=\"\" loading=\"lazy\" srcset=\"https:\/\/www.jessar.ca\/wp-content\/uploads\/6-80167-640x640.jpg 640w, https:\/\/www.jessar.ca\/wp-content\/uploads\/6-80167-300x300.jpg 300w, https:\/\/www.jessar.ca\/wp-content\/uploads\/6-80167-1024x1024.jpg 1024w, https:\/\/www.jessar.ca\/wp-content\/uploads\/6-80167-150x150.jpg 150w, https:\/\/www.jessar.ca\/wp-content\/uploads\/6-80167-768x768.jpg 768w, https:\/\/www.jessar.ca\/wp-content\/uploads\/6-80167-240x240.jpg 240w, https:\/\/www.jessar.ca\/wp-content\/uploads\/6-80167-110x110.jpg 110w, https:\/\/www.jessar.ca\/wp-content\/uploads\/6-80167-65x65.jpg 65w, https:\/\/www.jessar.ca\/wp-content\/uploads\/6-80167-50x50.jpg 50w, https:\/\/www.jessar.ca\/wp-content\/uploads\/6-80167-800x800.jpg 800w, https:\/\/www.jessar.ca\/wp-content\/uploads\/6-80167-100x100.jpg 100w, https:\/\/www.jessar.ca\/wp-content\/uploads\/6-80167.jpg 1500w\" sizes=\"(max-width: 640px) 100vw, 640px\" \/><\/div>\n\t\t\t\t\t<div class=\"wc-block-grid__product-title\">LAMPE DE TRAVAIL DEL \u00c0 2 T\u00caTES AVEC TR\u00c9PIED \/ 120V \/ USB \/ 4000K <br><br> #4-80167<\/div>\n\t\t\t\t<\/a>\n\t\t\t\t\n\t\t\t\t\n\t\t\t\t\n\t\t\t\t\n\t\t\t<\/li><li class=\"wc-block-grid__product\">\n\t\t\t\t<a href=\"https:\/\/www.jessar.ca\/fr\/produit\/led-worklight-battery-operated-1800l-15w-acdc-12v-4000k-cool-white\/\" class=\"wc-block-grid__product-link\">\n\t\t\t\t\t<div class=\"wc-block-grid__product-image\"><img width=\"640\" height=\"640\" src=\"https:\/\/www.jessar.ca\/wp-content\/uploads\/4-80010-640x640.jpg\" class=\"attachment-woocommerce_thumbnail size-woocommerce_thumbnail\" alt=\"\" loading=\"lazy\" srcset=\"https:\/\/www.jessar.ca\/wp-content\/uploads\/4-80010-640x640.jpg 640w, https:\/\/www.jessar.ca\/wp-content\/uploads\/4-80010-300x300.jpg 300w, https:\/\/www.jessar.ca\/wp-content\/uploads\/4-80010-1024x1024.jpg 1024w, https:\/\/www.jessar.ca\/wp-content\/uploads\/4-80010-150x150.jpg 150w, https:\/\/www.jessar.ca\/wp-content\/uploads\/4-80010-768x768.jpg 768w, https:\/\/www.jessar.ca\/wp-content\/uploads\/4-80010-240x240.jpg 240w, https:\/\/www.jessar.ca\/wp-content\/uploads\/4-80010-110x110.jpg 110w, https:\/\/www.jessar.ca\/wp-content\/uploads\/4-80010-65x65.jpg 65w, https:\/\/www.jessar.ca\/wp-content\/uploads\/4-80010-50x50.jpg 50w, https:\/\/www.jessar.ca\/wp-content\/uploads\/4-80010-800x800.jpg 800w, https:\/\/www.jessar.ca\/wp-content\/uploads\/4-80010-100x100.jpg 100w, https:\/\/www.jessar.ca\/wp-content\/uploads\/4-80010.jpg 1500w\" sizes=\"(max-width: 640px) 100vw, 640px\" \/><\/div>\n\t\t\t\t\t<div class=\"wc-block-grid__product-title\">LAMPE DE TRAVAIL DEL \u00c0 BATTERIE \/ 1800L \/ 15W \/ ACDC 12V \/ 4000K BLANC FROID <br><br> #4-80010<\/div>\n\t\t\t\t<\/a>\n\t\t\t\t\n\t\t\t\t\n\t\t\t\t\n\t\t\t\t\n\t\t\t<\/li><\/ul><\/div>\n\n\n<p><\/p>","protected":false},"excerpt":{"rendered":"","protected":false},"author":5,"featured_media":0,"parent":79,"menu_order":0,"comment_status":"closed","ping_status":"closed","template":"","meta":[],"_links":{"self":[{"href":"https:\/\/www.jessar.ca\/fr\/wp-json\/wp\/v2\/pages\/3487"}],"collection":[{"href":"https:\/\/www.jessar.ca\/fr\/wp-json\/wp\/v2\/pages"}],"about":[{"href":"https:\/\/www.jessar.ca\/fr\/wp-json\/wp\/v2\/types\/page"}],"author":[{"embeddable":true,"href":"https:\/\/www.jessar.ca\/fr\/wp-json\/wp\/v2\/users\/5"}],"replies":[{"embeddable":true,"href":"https:\/\/www.jessar.ca\/fr\/wp-json\/wp\/v2\/comments?post=3487"}],"version-history":[{"count":2,"href":"https:\/\/www.jessar.ca\/fr\/wp-json\/wp\/v2\/pages\/3487\/revisions"}],"predecessor-version":[{"id":3490,"href":"https:\/\/www.jessar.ca\/fr\/wp-json\/wp\/v2\/pages\/3487\/revisions\/3490"}],"up":[{"embeddable":true,"href":"https:\/\/www.jessar.ca\/fr\/wp-json\/wp\/v2\/pages\/79"}],"wp:attachment":[{"href":"https:\/\/www.jessar.ca\/fr\/wp-json\/wp\/v2\/media?parent=3487"}],"curies":[{"name":"wp","href":"https:\/\/api.w.org\/{rel}","templated":true}]}}