{"id":3613,"date":"2020-10-08T14:09:34","date_gmt":"2020-10-08T14:09:34","guid":{"rendered":"http:\/\/10.50.100.5\/?page_id=3613"},"modified":"2021-10-06T14:17:59","modified_gmt":"2021-10-06T18:17:59","slug":"heater-fan-convector","status":"publish","type":"page","link":"https:\/\/www.jessar.ca\/fr\/products\/electricity\/heater-fan-convector\/","title":{"rendered":"Radiateur \/ Ventilateur \/ Convecteur"},"content":{"rendered":"<div class=\"breadcrumbs\" typeof=\"BreadcrumbList\" vocab=\"https:\/\/schema.org\/\"><span property=\"itemListElement\" typeof=\"ListItem\"><a property=\"item\" typeof=\"WebPage\" title=\"Go to Jessar.\" href=\"https:\/\/www.jessar.ca\/fr\" class=\"home\" aria-current=\"page\"><span property=\"name\">Jessar<\/span><\/a><meta property=\"position\" content=\"1\"><\/span><\/div>\n\n<div class=\"wc-block-grid wp-block-product-category wc-block-product-category has-4-columns has-multiple-rows\"><ul class=\"wc-block-grid__products\"><li class=\"wc-block-grid__product\">\n\t\t\t\t<a href=\"https:\/\/www.jessar.ca\/fr\/produit\/heater-ceramic-heating-1000w-1500w\/\" class=\"wc-block-grid__product-link\">\n\t\t\t\t\t<div class=\"wc-block-grid__product-image\"><img width=\"640\" height=\"640\" src=\"https:\/\/www.jessar.ca\/wp-content\/uploads\/4-80305-640x640.jpg\" class=\"attachment-woocommerce_thumbnail size-woocommerce_thumbnail\" alt=\"\" loading=\"lazy\" srcset=\"https:\/\/www.jessar.ca\/wp-content\/uploads\/4-80305-640x640.jpg 640w, https:\/\/www.jessar.ca\/wp-content\/uploads\/4-80305-300x300.jpg 300w, https:\/\/www.jessar.ca\/wp-content\/uploads\/4-80305-1024x1024.jpg 1024w, https:\/\/www.jessar.ca\/wp-content\/uploads\/4-80305-150x150.jpg 150w, https:\/\/www.jessar.ca\/wp-content\/uploads\/4-80305-768x768.jpg 768w, https:\/\/www.jessar.ca\/wp-content\/uploads\/4-80305-240x240.jpg 240w, https:\/\/www.jessar.ca\/wp-content\/uploads\/4-80305-110x110.jpg 110w, https:\/\/www.jessar.ca\/wp-content\/uploads\/4-80305-65x65.jpg 65w, https:\/\/www.jessar.ca\/wp-content\/uploads\/4-80305-50x50.jpg 50w, https:\/\/www.jessar.ca\/wp-content\/uploads\/4-80305-800x800.jpg 800w, https:\/\/www.jessar.ca\/wp-content\/uploads\/4-80305-100x100.jpg 100w, https:\/\/www.jessar.ca\/wp-content\/uploads\/4-80305.jpg 1500w\" sizes=\"(max-width: 640px) 100vw, 640px\" \/><\/div>\n\t\t\t\t\t<div class=\"wc-block-grid__product-title\">RADIATEUR - \u00c9L\u00c9MENT C\u00c9RAMIQUE <br><br> #4-80305<\/div>\n\t\t\t\t<\/a>\n\t\t\t\t\n\t\t\t\t\n\t\t\t\t\n\t\t\t\t\n\t\t\t<\/li><li class=\"wc-block-grid__product\">\n\t\t\t\t<a href=\"https:\/\/www.jessar.ca\/fr\/produit\/heater-digital-ceramic-1000w-1500w-venice\/\" class=\"wc-block-grid__product-link\">\n\t\t\t\t\t<div class=\"wc-block-grid__product-image\"><img width=\"640\" height=\"640\" src=\"https:\/\/www.jessar.ca\/wp-content\/uploads\/4-80307-640x640.jpg\" class=\"attachment-woocommerce_thumbnail size-woocommerce_thumbnail\" alt=\"\" loading=\"lazy\" srcset=\"https:\/\/www.jessar.ca\/wp-content\/uploads\/4-80307-640x640.jpg 640w, https:\/\/www.jessar.ca\/wp-content\/uploads\/4-80307-300x300.jpg 300w, https:\/\/www.jessar.ca\/wp-content\/uploads\/4-80307-1024x1024.jpg 1024w, https:\/\/www.jessar.ca\/wp-content\/uploads\/4-80307-150x150.jpg 150w, https:\/\/www.jessar.ca\/wp-content\/uploads\/4-80307-768x768.jpg 768w, https:\/\/www.jessar.ca\/wp-content\/uploads\/4-80307-240x240.jpg 240w, https:\/\/www.jessar.ca\/wp-content\/uploads\/4-80307-110x110.jpg 110w, https:\/\/www.jessar.ca\/wp-content\/uploads\/4-80307-65x65.jpg 65w, https:\/\/www.jessar.ca\/wp-content\/uploads\/4-80307-50x50.jpg 50w, https:\/\/www.jessar.ca\/wp-content\/uploads\/4-80307-800x800.jpg 800w, https:\/\/www.jessar.ca\/wp-content\/uploads\/4-80307-100x100.jpg 100w, https:\/\/www.jessar.ca\/wp-content\/uploads\/4-80307.jpg 1500w\" sizes=\"(max-width: 640px) 100vw, 640px\" \/><\/div>\n\t\t\t\t\t<div class=\"wc-block-grid__product-title\">RADIATEUR-C\u00c9RAMIQUE NUM\u00c9RIQUE \"VENICE\" <br><br> #4-80307<\/div>\n\t\t\t\t<\/a>\n\t\t\t\t\n\t\t\t\t\n\t\t\t\t\n\t\t\t\t\n\t\t\t<\/li><li class=\"wc-block-grid__product\">\n\t\t\t\t<a href=\"https:\/\/www.jessar.ca\/fr\/produit\/heater-fan-metallic-element-750w-1500w-carson\/\" class=\"wc-block-grid__product-link\">\n\t\t\t\t\t<div class=\"wc-block-grid__product-image\"><img width=\"640\" height=\"640\" src=\"https:\/\/www.jessar.ca\/wp-content\/uploads\/4-80308-640x640.jpg\" class=\"attachment-woocommerce_thumbnail size-woocommerce_thumbnail\" alt=\"\" loading=\"lazy\" srcset=\"https:\/\/www.jessar.ca\/wp-content\/uploads\/4-80308-640x640.jpg 640w, https:\/\/www.jessar.ca\/wp-content\/uploads\/4-80308-300x300.jpg 300w, https:\/\/www.jessar.ca\/wp-content\/uploads\/4-80308-1024x1024.jpg 1024w, https:\/\/www.jessar.ca\/wp-content\/uploads\/4-80308-150x150.jpg 150w, https:\/\/www.jessar.ca\/wp-content\/uploads\/4-80308-768x768.jpg 768w, https:\/\/www.jessar.ca\/wp-content\/uploads\/4-80308-240x240.jpg 240w, https:\/\/www.jessar.ca\/wp-content\/uploads\/4-80308-110x110.jpg 110w, https:\/\/www.jessar.ca\/wp-content\/uploads\/4-80308-65x65.jpg 65w, https:\/\/www.jessar.ca\/wp-content\/uploads\/4-80308-50x50.jpg 50w, https:\/\/www.jessar.ca\/wp-content\/uploads\/4-80308-800x800.jpg 800w, https:\/\/www.jessar.ca\/wp-content\/uploads\/4-80308-100x100.jpg 100w, https:\/\/www.jessar.ca\/wp-content\/uploads\/4-80308.jpg 1500w\" sizes=\"(max-width: 640px) 100vw, 640px\" \/><\/div>\n\t\t\t\t\t<div class=\"wc-block-grid__product-title\">RADIATEUR \/ VENTILATEUR \"CARSON\" <br><br> #4-80308<\/div>\n\t\t\t\t<\/a>\n\t\t\t\t\n\t\t\t\t\n\t\t\t\t\n\t\t\t\t\n\t\t\t<\/li><li class=\"wc-block-grid__product\">\n\t\t\t\t<a href=\"https:\/\/www.jessar.ca\/fr\/produit\/led-retractable-ceiling-fan-42-36w-4000-lm-3000k-black-4-80331\/\" class=\"wc-block-grid__product-link\">\n\t\t\t\t\t<div class=\"wc-block-grid__product-image\"><img width=\"640\" height=\"640\" src=\"https:\/\/www.jessar.ca\/wp-content\/uploads\/4-80331-640x640.jpg\" class=\"attachment-woocommerce_thumbnail size-woocommerce_thumbnail\" alt=\"\" loading=\"lazy\" srcset=\"https:\/\/www.jessar.ca\/wp-content\/uploads\/4-80331-640x640.jpg 640w, https:\/\/www.jessar.ca\/wp-content\/uploads\/4-80331-300x300.jpg 300w, https:\/\/www.jessar.ca\/wp-content\/uploads\/4-80331-1024x1024.jpg 1024w, https:\/\/www.jessar.ca\/wp-content\/uploads\/4-80331-150x150.jpg 150w, https:\/\/www.jessar.ca\/wp-content\/uploads\/4-80331-768x768.jpg 768w, https:\/\/www.jessar.ca\/wp-content\/uploads\/4-80331-12x12.jpg 12w, https:\/\/www.jessar.ca\/wp-content\/uploads\/4-80331-240x240.jpg 240w, https:\/\/www.jessar.ca\/wp-content\/uploads\/4-80331-110x110.jpg 110w, https:\/\/www.jessar.ca\/wp-content\/uploads\/4-80331-65x65.jpg 65w, https:\/\/www.jessar.ca\/wp-content\/uploads\/4-80331-50x50.jpg 50w, https:\/\/www.jessar.ca\/wp-content\/uploads\/4-80331-800x800.jpg 800w, https:\/\/www.jessar.ca\/wp-content\/uploads\/4-80331-100x100.jpg 100w, https:\/\/www.jessar.ca\/wp-content\/uploads\/4-80331.jpg 1500w\" sizes=\"(max-width: 640px) 100vw, 640px\" \/><\/div>\n\t\t\t\t\t<div class=\"wc-block-grid__product-title\">VENTILATEUR \u00c0 H\u00c9LICE R\u00c9TRACTABLE DEL 42\u2033 \/ 36W \/ 4000 LM \/ 3000K \/ NOIR <br><br> #4-80331<\/div>\n\t\t\t\t<\/a>\n\t\t\t\t\n\t\t\t\t\n\t\t\t\t\n\t\t\t\t\n\t\t\t<\/li><li class=\"wc-block-grid__product\">\n\t\t\t\t<a href=\"https:\/\/www.jessar.ca\/fr\/produit\/led-retractable-ceiling-fan-42-36w-4000-lm-3000k-nickel-4-80333\/\" class=\"wc-block-grid__product-link\">\n\t\t\t\t\t<div class=\"wc-block-grid__product-image\"><img width=\"640\" height=\"640\" src=\"https:\/\/www.jessar.ca\/wp-content\/uploads\/4-80333-640x640.jpg\" class=\"attachment-woocommerce_thumbnail size-woocommerce_thumbnail\" alt=\"\" loading=\"lazy\" srcset=\"https:\/\/www.jessar.ca\/wp-content\/uploads\/4-80333-640x640.jpg 640w, https:\/\/www.jessar.ca\/wp-content\/uploads\/4-80333-300x300.jpg 300w, https:\/\/www.jessar.ca\/wp-content\/uploads\/4-80333-1024x1024.jpg 1024w, https:\/\/www.jessar.ca\/wp-content\/uploads\/4-80333-150x150.jpg 150w, https:\/\/www.jessar.ca\/wp-content\/uploads\/4-80333-768x768.jpg 768w, https:\/\/www.jessar.ca\/wp-content\/uploads\/4-80333-12x12.jpg 12w, https:\/\/www.jessar.ca\/wp-content\/uploads\/4-80333-240x240.jpg 240w, https:\/\/www.jessar.ca\/wp-content\/uploads\/4-80333-110x110.jpg 110w, https:\/\/www.jessar.ca\/wp-content\/uploads\/4-80333-65x65.jpg 65w, https:\/\/www.jessar.ca\/wp-content\/uploads\/4-80333-50x50.jpg 50w, https:\/\/www.jessar.ca\/wp-content\/uploads\/4-80333-800x800.jpg 800w, https:\/\/www.jessar.ca\/wp-content\/uploads\/4-80333-100x100.jpg 100w, https:\/\/www.jessar.ca\/wp-content\/uploads\/4-80333.jpg 1500w\" sizes=\"(max-width: 640px) 100vw, 640px\" \/><\/div>\n\t\t\t\t\t<div class=\"wc-block-grid__product-title\">VENTILATEUR \u00c0 H\u00c9LICE R\u00c9TRACTABLE DEL 42\u2033 \/ 36W \/ 4000 LM \/ 3000K \/ NICKEL <br><br> #4-80333<\/div>\n\t\t\t\t<\/a>\n\t\t\t\t\n\t\t\t\t\n\t\t\t\t\n\t\t\t\t\n\t\t\t<\/li><li class=\"wc-block-grid__product\">\n\t\t\t\t<a href=\"https:\/\/www.jessar.ca\/fr\/produit\/led-retractable-ceiling-fan-42-36w-4000-lm-3000k-white-4-80332\/\" class=\"wc-block-grid__product-link\">\n\t\t\t\t\t<div class=\"wc-block-grid__product-image\"><img width=\"640\" height=\"640\" src=\"https:\/\/www.jessar.ca\/wp-content\/uploads\/4-80332-640x640.jpg\" class=\"attachment-woocommerce_thumbnail size-woocommerce_thumbnail\" alt=\"\" loading=\"lazy\" srcset=\"https:\/\/www.jessar.ca\/wp-content\/uploads\/4-80332-640x640.jpg 640w, https:\/\/www.jessar.ca\/wp-content\/uploads\/4-80332-300x300.jpg 300w, https:\/\/www.jessar.ca\/wp-content\/uploads\/4-80332-1024x1024.jpg 1024w, https:\/\/www.jessar.ca\/wp-content\/uploads\/4-80332-150x150.jpg 150w, https:\/\/www.jessar.ca\/wp-content\/uploads\/4-80332-768x768.jpg 768w, https:\/\/www.jessar.ca\/wp-content\/uploads\/4-80332-12x12.jpg 12w, https:\/\/www.jessar.ca\/wp-content\/uploads\/4-80332-240x240.jpg 240w, https:\/\/www.jessar.ca\/wp-content\/uploads\/4-80332-110x110.jpg 110w, https:\/\/www.jessar.ca\/wp-content\/uploads\/4-80332-65x65.jpg 65w, https:\/\/www.jessar.ca\/wp-content\/uploads\/4-80332-50x50.jpg 50w, https:\/\/www.jessar.ca\/wp-content\/uploads\/4-80332-800x800.jpg 800w, https:\/\/www.jessar.ca\/wp-content\/uploads\/4-80332-100x100.jpg 100w, https:\/\/www.jessar.ca\/wp-content\/uploads\/4-80332.jpg 1500w\" sizes=\"(max-width: 640px) 100vw, 640px\" \/><\/div>\n\t\t\t\t\t<div class=\"wc-block-grid__product-title\">VENTILATEUR \u00c0 H\u00c9LICE R\u00c9TRACTABLE DEL 42\u2033 \/ 36W \/ 4000 LM \/ 3000K \/ BLANC <br><br> #4-80332<\/div>\n\t\t\t\t<\/a>\n\t\t\t\t\n\t\t\t\t\n\t\t\t\t\n\t\t\t\t\n\t\t\t<\/li><li class=\"wc-block-grid__product\">\n\t\t\t\t<a href=\"https:\/\/www.jessar.ca\/fr\/produit\/retractable-ceiling-fan-42-black-brown-4-80334\/\" class=\"wc-block-grid__product-link\">\n\t\t\t\t\t<div class=\"wc-block-grid__product-image\"><img width=\"640\" height=\"640\" src=\"https:\/\/www.jessar.ca\/wp-content\/uploads\/4-80334-640x640.jpg\" class=\"attachment-woocommerce_thumbnail size-woocommerce_thumbnail\" alt=\"\" loading=\"lazy\" srcset=\"https:\/\/www.jessar.ca\/wp-content\/uploads\/4-80334-640x640.jpg 640w, https:\/\/www.jessar.ca\/wp-content\/uploads\/4-80334-300x300.jpg 300w, https:\/\/www.jessar.ca\/wp-content\/uploads\/4-80334-1024x1024.jpg 1024w, https:\/\/www.jessar.ca\/wp-content\/uploads\/4-80334-150x150.jpg 150w, https:\/\/www.jessar.ca\/wp-content\/uploads\/4-80334-768x768.jpg 768w, https:\/\/www.jessar.ca\/wp-content\/uploads\/4-80334-12x12.jpg 12w, https:\/\/www.jessar.ca\/wp-content\/uploads\/4-80334-240x240.jpg 240w, https:\/\/www.jessar.ca\/wp-content\/uploads\/4-80334-110x110.jpg 110w, https:\/\/www.jessar.ca\/wp-content\/uploads\/4-80334-65x65.jpg 65w, https:\/\/www.jessar.ca\/wp-content\/uploads\/4-80334-50x50.jpg 50w, https:\/\/www.jessar.ca\/wp-content\/uploads\/4-80334-800x800.jpg 800w, https:\/\/www.jessar.ca\/wp-content\/uploads\/4-80334-100x100.jpg 100w, https:\/\/www.jessar.ca\/wp-content\/uploads\/4-80334.jpg 1500w\" sizes=\"(max-width: 640px) 100vw, 640px\" \/><\/div>\n\t\t\t\t\t<div class=\"wc-block-grid__product-title\">VENTILATEUR \u00c0 H\u00c9LICE R\u00c9TRACTABLE 42\" \/ NOIR ET BRUN <br><br> #4-80334<\/div>\n\t\t\t\t<\/a>\n\t\t\t\t\n\t\t\t\t\n\t\t\t\t\n\t\t\t\t\n\t\t\t<\/li><li class=\"wc-block-grid__product\">\n\t\t\t\t<a href=\"https:\/\/www.jessar.ca\/fr\/produit\/stand-fan-16-48w-3-speeds\/\" class=\"wc-block-grid__product-link\">\n\t\t\t\t\t<div class=\"wc-block-grid__product-image\"><img width=\"640\" height=\"640\" src=\"https:\/\/www.jessar.ca\/wp-content\/uploads\/4-80321-640x640.jpg\" class=\"attachment-woocommerce_thumbnail size-woocommerce_thumbnail\" alt=\"\" loading=\"lazy\" srcset=\"https:\/\/www.jessar.ca\/wp-content\/uploads\/4-80321-640x640.jpg 640w, https:\/\/www.jessar.ca\/wp-content\/uploads\/4-80321-300x300.jpg 300w, https:\/\/www.jessar.ca\/wp-content\/uploads\/4-80321-1024x1024.jpg 1024w, https:\/\/www.jessar.ca\/wp-content\/uploads\/4-80321-150x150.jpg 150w, https:\/\/www.jessar.ca\/wp-content\/uploads\/4-80321-768x768.jpg 768w, https:\/\/www.jessar.ca\/wp-content\/uploads\/4-80321-240x240.jpg 240w, https:\/\/www.jessar.ca\/wp-content\/uploads\/4-80321-110x110.jpg 110w, https:\/\/www.jessar.ca\/wp-content\/uploads\/4-80321-65x65.jpg 65w, https:\/\/www.jessar.ca\/wp-content\/uploads\/4-80321-50x50.jpg 50w, https:\/\/www.jessar.ca\/wp-content\/uploads\/4-80321-800x800.jpg 800w, https:\/\/www.jessar.ca\/wp-content\/uploads\/4-80321-100x100.jpg 100w, https:\/\/www.jessar.ca\/wp-content\/uploads\/4-80321.jpg 1500w\" sizes=\"(max-width: 640px) 100vw, 640px\" \/><\/div>\n\t\t\t\t\t<div class=\"wc-block-grid__product-title\">VENTILATEUR SUR PIED 16'' \/ 48W \/ 3-VITESSES <br><br> #4-80321<\/div>\n\t\t\t\t<\/a>\n\t\t\t\t\n\t\t\t\t\n\t\t\t\t\n\t\t\t\t\n\t\t\t<\/li><li class=\"wc-block-grid__product\">\n\t\t\t\t<a href=\"https:\/\/www.jessar.ca\/fr\/produit\/stand-fan-16-48w-3-speeds-4-80327\/\" class=\"wc-block-grid__product-link\">\n\t\t\t\t\t<div class=\"wc-block-grid__product-image\"><img width=\"640\" height=\"640\" src=\"https:\/\/www.jessar.ca\/wp-content\/uploads\/4-80327-1-640x640.jpg\" class=\"attachment-woocommerce_thumbnail size-woocommerce_thumbnail\" alt=\"\" loading=\"lazy\" srcset=\"https:\/\/www.jessar.ca\/wp-content\/uploads\/4-80327-1-640x640.jpg 640w, https:\/\/www.jessar.ca\/wp-content\/uploads\/4-80327-1-300x300.jpg 300w, https:\/\/www.jessar.ca\/wp-content\/uploads\/4-80327-1-1024x1024.jpg 1024w, https:\/\/www.jessar.ca\/wp-content\/uploads\/4-80327-1-150x150.jpg 150w, https:\/\/www.jessar.ca\/wp-content\/uploads\/4-80327-1-768x768.jpg 768w, https:\/\/www.jessar.ca\/wp-content\/uploads\/4-80327-1-12x12.jpg 12w, https:\/\/www.jessar.ca\/wp-content\/uploads\/4-80327-1-240x240.jpg 240w, https:\/\/www.jessar.ca\/wp-content\/uploads\/4-80327-1-110x110.jpg 110w, https:\/\/www.jessar.ca\/wp-content\/uploads\/4-80327-1-65x65.jpg 65w, https:\/\/www.jessar.ca\/wp-content\/uploads\/4-80327-1-50x50.jpg 50w, https:\/\/www.jessar.ca\/wp-content\/uploads\/4-80327-1-800x800.jpg 800w, https:\/\/www.jessar.ca\/wp-content\/uploads\/4-80327-1-100x100.jpg 100w, https:\/\/www.jessar.ca\/wp-content\/uploads\/4-80327-1.jpg 1500w\" sizes=\"(max-width: 640px) 100vw, 640px\" \/><\/div>\n\t\t\t\t\t<div class=\"wc-block-grid__product-title\">VENTILATEUR SUR PIED 16'' \/ 48W \/ 3-VITESSES <br><br> #4-80327<\/div>\n\t\t\t\t<\/a>\n\t\t\t\t\n\t\t\t\t\n\t\t\t\t\n\t\t\t\t\n\t\t\t<\/li><li class=\"wc-block-grid__product\">\n\t\t\t\t<a href=\"https:\/\/www.jessar.ca\/fr\/produit\/stand-fan-with-remote-control-16-55w-3-speeds\/\" class=\"wc-block-grid__product-link\">\n\t\t\t\t\t<div class=\"wc-block-grid__product-image\"><img width=\"640\" height=\"640\" src=\"https:\/\/www.jessar.ca\/wp-content\/uploads\/4-80303-640x640.jpg\" class=\"attachment-woocommerce_thumbnail size-woocommerce_thumbnail\" alt=\"\" loading=\"lazy\" srcset=\"https:\/\/www.jessar.ca\/wp-content\/uploads\/4-80303-640x640.jpg 640w, https:\/\/www.jessar.ca\/wp-content\/uploads\/4-80303-300x300.jpg 300w, https:\/\/www.jessar.ca\/wp-content\/uploads\/4-80303-1024x1024.jpg 1024w, https:\/\/www.jessar.ca\/wp-content\/uploads\/4-80303-150x150.jpg 150w, https:\/\/www.jessar.ca\/wp-content\/uploads\/4-80303-768x768.jpg 768w, https:\/\/www.jessar.ca\/wp-content\/uploads\/4-80303-240x240.jpg 240w, https:\/\/www.jessar.ca\/wp-content\/uploads\/4-80303-110x110.jpg 110w, https:\/\/www.jessar.ca\/wp-content\/uploads\/4-80303-65x65.jpg 65w, https:\/\/www.jessar.ca\/wp-content\/uploads\/4-80303-50x50.jpg 50w, https:\/\/www.jessar.ca\/wp-content\/uploads\/4-80303-800x800.jpg 800w, https:\/\/www.jessar.ca\/wp-content\/uploads\/4-80303-100x100.jpg 100w, https:\/\/www.jessar.ca\/wp-content\/uploads\/4-80303.jpg 1500w\" sizes=\"(max-width: 640px) 100vw, 640px\" \/><\/div>\n\t\t\t\t\t<div class=\"wc-block-grid__product-title\">VENTILATEUR AVEC T\u00c9L\u00c9COMMANDE 16\" <br><br> #4-80303<\/div>\n\t\t\t\t<\/a>\n\t\t\t\t\n\t\t\t\t\n\t\t\t\t\n\t\t\t\t\n\t\t\t<\/li><li class=\"wc-block-grid__product\">\n\t\t\t\t<a href=\"https:\/\/www.jessar.ca\/fr\/produit\/stand-fan-with-remote-control-18-65w-3-speeds\/\" class=\"wc-block-grid__product-link\">\n\t\t\t\t\t<div class=\"wc-block-grid__product-image\"><img width=\"640\" height=\"640\" src=\"https:\/\/www.jessar.ca\/wp-content\/uploads\/4-80322-640x640.jpg\" class=\"attachment-woocommerce_thumbnail size-woocommerce_thumbnail\" alt=\"\" loading=\"lazy\" srcset=\"https:\/\/www.jessar.ca\/wp-content\/uploads\/4-80322-640x640.jpg 640w, https:\/\/www.jessar.ca\/wp-content\/uploads\/4-80322-300x300.jpg 300w, https:\/\/www.jessar.ca\/wp-content\/uploads\/4-80322-1024x1024.jpg 1024w, https:\/\/www.jessar.ca\/wp-content\/uploads\/4-80322-150x150.jpg 150w, https:\/\/www.jessar.ca\/wp-content\/uploads\/4-80322-768x768.jpg 768w, https:\/\/www.jessar.ca\/wp-content\/uploads\/4-80322-240x240.jpg 240w, https:\/\/www.jessar.ca\/wp-content\/uploads\/4-80322-110x110.jpg 110w, https:\/\/www.jessar.ca\/wp-content\/uploads\/4-80322-65x65.jpg 65w, https:\/\/www.jessar.ca\/wp-content\/uploads\/4-80322-50x50.jpg 50w, https:\/\/www.jessar.ca\/wp-content\/uploads\/4-80322-800x800.jpg 800w, https:\/\/www.jessar.ca\/wp-content\/uploads\/4-80322-100x100.jpg 100w, https:\/\/www.jessar.ca\/wp-content\/uploads\/4-80322.jpg 1500w\" sizes=\"(max-width: 640px) 100vw, 640px\" \/><\/div>\n\t\t\t\t\t<div class=\"wc-block-grid__product-title\">VENTILATEUR AVEC T\u00c9L\u00c9COMMANDE 18'' <br><br> #4-80322<\/div>\n\t\t\t\t<\/a>\n\t\t\t\t\n\t\t\t\t\n\t\t\t\t\n\t\t\t\t\n\t\t\t<\/li><li class=\"wc-block-grid__product\">\n\t\t\t\t<a href=\"https:\/\/www.jessar.ca\/fr\/produit\/table-fan-12-40w-3-speeds\/\" class=\"wc-block-grid__product-link\">\n\t\t\t\t\t<div class=\"wc-block-grid__product-image\"><img width=\"640\" height=\"640\" src=\"https:\/\/www.jessar.ca\/wp-content\/uploads\/4-80320-640x640.jpg\" class=\"attachment-woocommerce_thumbnail size-woocommerce_thumbnail\" alt=\"\" loading=\"lazy\" srcset=\"https:\/\/www.jessar.ca\/wp-content\/uploads\/4-80320-640x640.jpg 640w, https:\/\/www.jessar.ca\/wp-content\/uploads\/4-80320-300x300.jpg 300w, https:\/\/www.jessar.ca\/wp-content\/uploads\/4-80320-1024x1024.jpg 1024w, https:\/\/www.jessar.ca\/wp-content\/uploads\/4-80320-150x150.jpg 150w, https:\/\/www.jessar.ca\/wp-content\/uploads\/4-80320-768x768.jpg 768w, https:\/\/www.jessar.ca\/wp-content\/uploads\/4-80320-240x240.jpg 240w, https:\/\/www.jessar.ca\/wp-content\/uploads\/4-80320-110x110.jpg 110w, https:\/\/www.jessar.ca\/wp-content\/uploads\/4-80320-65x65.jpg 65w, https:\/\/www.jessar.ca\/wp-content\/uploads\/4-80320-50x50.jpg 50w, https:\/\/www.jessar.ca\/wp-content\/uploads\/4-80320-800x800.jpg 800w, https:\/\/www.jessar.ca\/wp-content\/uploads\/4-80320-100x100.jpg 100w, https:\/\/www.jessar.ca\/wp-content\/uploads\/4-80320.jpg 1500w\" sizes=\"(max-width: 640px) 100vw, 640px\" \/><\/div>\n\t\t\t\t\t<div class=\"wc-block-grid__product-title\">VENTILATEUR DE TABLE 12\" \/ 40W \/ 3-VITESSES <br><br> #4-80320<\/div>\n\t\t\t\t<\/a>\n\t\t\t\t\n\t\t\t\t\n\t\t\t\t\n\t\t\t\t\n\t\t\t<\/li><li class=\"wc-block-grid__product\">\n\t\t\t\t<a href=\"https:\/\/www.jessar.ca\/fr\/produit\/tower-fan-32-50w-3-speeds-4-80326\/\" class=\"wc-block-grid__product-link\">\n\t\t\t\t\t<div class=\"wc-block-grid__product-image\"><img width=\"640\" height=\"640\" src=\"https:\/\/www.jessar.ca\/wp-content\/uploads\/4-80326-640x640.jpg\" class=\"attachment-woocommerce_thumbnail size-woocommerce_thumbnail\" alt=\"\" loading=\"lazy\" srcset=\"https:\/\/www.jessar.ca\/wp-content\/uploads\/4-80326-640x640.jpg 640w, https:\/\/www.jessar.ca\/wp-content\/uploads\/4-80326-300x300.jpg 300w, https:\/\/www.jessar.ca\/wp-content\/uploads\/4-80326-1024x1024.jpg 1024w, https:\/\/www.jessar.ca\/wp-content\/uploads\/4-80326-150x150.jpg 150w, https:\/\/www.jessar.ca\/wp-content\/uploads\/4-80326-768x768.jpg 768w, https:\/\/www.jessar.ca\/wp-content\/uploads\/4-80326-12x12.jpg 12w, https:\/\/www.jessar.ca\/wp-content\/uploads\/4-80326-240x240.jpg 240w, https:\/\/www.jessar.ca\/wp-content\/uploads\/4-80326-110x110.jpg 110w, https:\/\/www.jessar.ca\/wp-content\/uploads\/4-80326-65x65.jpg 65w, https:\/\/www.jessar.ca\/wp-content\/uploads\/4-80326-50x50.jpg 50w, https:\/\/www.jessar.ca\/wp-content\/uploads\/4-80326-800x800.jpg 800w, https:\/\/www.jessar.ca\/wp-content\/uploads\/4-80326-100x100.jpg 100w, https:\/\/www.jessar.ca\/wp-content\/uploads\/4-80326.jpg 1500w\" sizes=\"(max-width: 640px) 100vw, 640px\" \/><\/div>\n\t\t\t\t\t<div class=\"wc-block-grid__product-title\">VENTILATEUR TOUR 32\" \/ 50W \/ 3-VITESSES <br><br> #4-80326<\/div>\n\t\t\t\t<\/a>\n\t\t\t\t\n\t\t\t\t\n\t\t\t\t\n\t\t\t\t\n\t\t\t<\/li><\/ul><\/div>","protected":false},"excerpt":{"rendered":"","protected":false},"author":5,"featured_media":0,"parent":79,"menu_order":0,"comment_status":"closed","ping_status":"closed","template":"","meta":[],"_links":{"self":[{"href":"https:\/\/www.jessar.ca\/fr\/wp-json\/wp\/v2\/pages\/3613"}],"collection":[{"href":"https:\/\/www.jessar.ca\/fr\/wp-json\/wp\/v2\/pages"}],"about":[{"href":"https:\/\/www.jessar.ca\/fr\/wp-json\/wp\/v2\/types\/page"}],"author":[{"embeddable":true,"href":"https:\/\/www.jessar.ca\/fr\/wp-json\/wp\/v2\/users\/5"}],"replies":[{"embeddable":true,"href":"https:\/\/www.jessar.ca\/fr\/wp-json\/wp\/v2\/comments?post=3613"}],"version-history":[{"count":4,"href":"https:\/\/www.jessar.ca\/fr\/wp-json\/wp\/v2\/pages\/3613\/revisions"}],"predecessor-version":[{"id":8566,"href":"https:\/\/www.jessar.ca\/fr\/wp-json\/wp\/v2\/pages\/3613\/revisions\/8566"}],"up":[{"embeddable":true,"href":"https:\/\/www.jessar.ca\/fr\/wp-json\/wp\/v2\/pages\/79"}],"wp:attachment":[{"href":"https:\/\/www.jessar.ca\/fr\/wp-json\/wp\/v2\/media?parent=3613"}],"curies":[{"name":"wp","href":"https:\/\/api.w.org\/{rel}","templated":true}]}}