{"id":3791,"date":"2020-10-08T20:05:25","date_gmt":"2020-10-08T20:05:25","guid":{"rendered":"http:\/\/10.50.100.5\/?page_id=3791"},"modified":"2021-05-13T13:19:12","modified_gmt":"2021-05-13T17:19:12","slug":"metal-box","status":"publish","type":"page","link":"https:\/\/www.jessar.ca\/fr\/products\/electricity\/metal-box\/","title":{"rendered":"Bo\u00eete en m\u00e9tal"},"content":{"rendered":"<div class=\"breadcrumbs\" typeof=\"BreadcrumbList\" vocab=\"https:\/\/schema.org\/\"><span property=\"itemListElement\" typeof=\"ListItem\"><a property=\"item\" typeof=\"WebPage\" title=\"Go to Jessar.\" href=\"https:\/\/www.jessar.ca\/fr\" class=\"home\" aria-current=\"page\"><span property=\"name\">Jessar<\/span><\/a><meta property=\"position\" content=\"1\"><\/span><\/div>\n\n<div class=\"wc-block-grid wp-block-product-category wc-block-product-category has-4-columns has-multiple-rows\"><ul class=\"wc-block-grid__products\"><li class=\"wc-block-grid__product\">\n\t\t\t\t<a href=\"https:\/\/www.jessar.ca\/fr\/produit\/4-square-metal-box-1-1-2\/\" class=\"wc-block-grid__product-link\">\n\t\t\t\t\t<div class=\"wc-block-grid__product-image\"><img width=\"640\" height=\"640\" src=\"https:\/\/www.jessar.ca\/wp-content\/uploads\/3-71555_photo-only-640x640.jpg\" class=\"attachment-woocommerce_thumbnail size-woocommerce_thumbnail\" alt=\"\" loading=\"lazy\" srcset=\"https:\/\/www.jessar.ca\/wp-content\/uploads\/3-71555_photo-only-640x640.jpg 640w, https:\/\/www.jessar.ca\/wp-content\/uploads\/3-71555_photo-only-300x300.jpg 300w, https:\/\/www.jessar.ca\/wp-content\/uploads\/3-71555_photo-only-1024x1024.jpg 1024w, https:\/\/www.jessar.ca\/wp-content\/uploads\/3-71555_photo-only-150x150.jpg 150w, https:\/\/www.jessar.ca\/wp-content\/uploads\/3-71555_photo-only-768x768.jpg 768w, https:\/\/www.jessar.ca\/wp-content\/uploads\/3-71555_photo-only-240x240.jpg 240w, https:\/\/www.jessar.ca\/wp-content\/uploads\/3-71555_photo-only-110x110.jpg 110w, https:\/\/www.jessar.ca\/wp-content\/uploads\/3-71555_photo-only-65x65.jpg 65w, https:\/\/www.jessar.ca\/wp-content\/uploads\/3-71555_photo-only-50x50.jpg 50w, https:\/\/www.jessar.ca\/wp-content\/uploads\/3-71555_photo-only-800x800.jpg 800w, https:\/\/www.jessar.ca\/wp-content\/uploads\/3-71555_photo-only-100x100.jpg 100w, https:\/\/www.jessar.ca\/wp-content\/uploads\/3-71555_photo-only.jpg 1500w\" sizes=\"(max-width: 640px) 100vw, 640px\" \/><\/div>\n\t\t\t\t\t<div class=\"wc-block-grid__product-title\">BO\u00ceTE EN M\u00c9TAL CARR\u00c9E 4 x 1-1\/2\u2033 <br><br> #3-71555<\/div>\n\t\t\t\t<\/a>\n\t\t\t\t\n\t\t\t\t\n\t\t\t\t\n\t\t\t\t\n\t\t\t<\/li><li class=\"wc-block-grid__product\">\n\t\t\t\t<a href=\"https:\/\/www.jessar.ca\/fr\/produit\/square-ceiling-box-cover-4-3-71583\/\" class=\"wc-block-grid__product-link\">\n\t\t\t\t\t<div class=\"wc-block-grid__product-image\"><img width=\"640\" height=\"640\" src=\"https:\/\/www.jessar.ca\/wp-content\/uploads\/3-71583-640x640.jpg\" class=\"attachment-woocommerce_thumbnail size-woocommerce_thumbnail\" alt=\"\" loading=\"lazy\" srcset=\"https:\/\/www.jessar.ca\/wp-content\/uploads\/3-71583-640x640.jpg 640w, https:\/\/www.jessar.ca\/wp-content\/uploads\/3-71583-300x300.jpg 300w, https:\/\/www.jessar.ca\/wp-content\/uploads\/3-71583-150x150.jpg 150w, https:\/\/www.jessar.ca\/wp-content\/uploads\/3-71583-768x768.jpg 768w, https:\/\/www.jessar.ca\/wp-content\/uploads\/3-71583-12x12.jpg 12w, https:\/\/www.jessar.ca\/wp-content\/uploads\/3-71583-240x240.jpg 240w, https:\/\/www.jessar.ca\/wp-content\/uploads\/3-71583-110x110.jpg 110w, https:\/\/www.jessar.ca\/wp-content\/uploads\/3-71583-65x65.jpg 65w, https:\/\/www.jessar.ca\/wp-content\/uploads\/3-71583-50x50.jpg 50w, https:\/\/www.jessar.ca\/wp-content\/uploads\/3-71583-800x800.jpg 800w, https:\/\/www.jessar.ca\/wp-content\/uploads\/3-71583-100x100.jpg 100w, https:\/\/www.jessar.ca\/wp-content\/uploads\/3-71583.jpg 1024w\" sizes=\"(max-width: 640px) 100vw, 640px\" \/><\/div>\n\t\t\t\t\t<div class=\"wc-block-grid__product-title\">SQUARE CEILING BOX COVER 4&#8243; <br><br> #3-71583<\/div>\n\t\t\t\t<\/a>\n\t\t\t\t\n\t\t\t\t\n\t\t\t\t\n\t\t\t\t\n\t\t\t<\/li><\/ul><\/div>","protected":false},"excerpt":{"rendered":"","protected":false},"author":5,"featured_media":0,"parent":79,"menu_order":0,"comment_status":"closed","ping_status":"closed","template":"","meta":[],"_links":{"self":[{"href":"https:\/\/www.jessar.ca\/fr\/wp-json\/wp\/v2\/pages\/3791"}],"collection":[{"href":"https:\/\/www.jessar.ca\/fr\/wp-json\/wp\/v2\/pages"}],"about":[{"href":"https:\/\/www.jessar.ca\/fr\/wp-json\/wp\/v2\/types\/page"}],"author":[{"embeddable":true,"href":"https:\/\/www.jessar.ca\/fr\/wp-json\/wp\/v2\/users\/5"}],"replies":[{"embeddable":true,"href":"https:\/\/www.jessar.ca\/fr\/wp-json\/wp\/v2\/comments?post=3791"}],"version-history":[{"count":2,"href":"https:\/\/www.jessar.ca\/fr\/wp-json\/wp\/v2\/pages\/3791\/revisions"}],"predecessor-version":[{"id":7371,"href":"https:\/\/www.jessar.ca\/fr\/wp-json\/wp\/v2\/pages\/3791\/revisions\/7371"}],"up":[{"embeddable":true,"href":"https:\/\/www.jessar.ca\/fr\/wp-json\/wp\/v2\/pages\/79"}],"wp:attachment":[{"href":"https:\/\/www.jessar.ca\/fr\/wp-json\/wp\/v2\/media?parent=3791"}],"curies":[{"name":"wp","href":"https:\/\/api.w.org\/{rel}","templated":true}]}}