{"id":4657,"date":"2020-10-30T13:35:55","date_gmt":"2020-10-30T13:35:55","guid":{"rendered":"http:\/\/10.50.100.5\/?page_id=4657"},"modified":"2020-10-30T13:42:20","modified_gmt":"2020-10-30T13:42:20","slug":"anti-slip-liners","status":"publish","type":"page","link":"https:\/\/www.jessar.ca\/fr\/products\/housewares\/surface-liner-2\/anti-slip-liners\/","title":{"rendered":"Rev\u00eatement anti-d\u00e9rapant"},"content":{"rendered":"<div class=\"breadcrumbs\" typeof=\"BreadcrumbList\" vocab=\"https:\/\/schema.org\/\"><span property=\"itemListElement\" typeof=\"ListItem\"><a property=\"item\" typeof=\"WebPage\" title=\"Go to Jessar.\" href=\"https:\/\/www.jessar.ca\/fr\" class=\"home\" aria-current=\"page\"><span property=\"name\">Jessar<\/span><\/a><meta property=\"position\" content=\"1\"><\/span><\/div>\n\n<div class=\"wc-block-grid wp-block-product-category wc-block-product-category has-4-columns has-multiple-rows\"><ul class=\"wc-block-grid__products\"><li class=\"wc-block-grid__product\">\n\t\t\t\t<a href=\"https:\/\/www.jessar.ca\/fr\/produit\/anti-slip-mat-pvc-doted-clear\/\" class=\"wc-block-grid__product-link\">\n\t\t\t\t\t<div class=\"wc-block-grid__product-image\"><img width=\"640\" height=\"640\" src=\"https:\/\/www.jessar.ca\/wp-content\/uploads\/6-00313-640x640.jpg\" class=\"attachment-woocommerce_thumbnail size-woocommerce_thumbnail\" alt=\"\" loading=\"lazy\" srcset=\"https:\/\/www.jessar.ca\/wp-content\/uploads\/6-00313-640x640.jpg 640w, https:\/\/www.jessar.ca\/wp-content\/uploads\/6-00313-300x300.jpg 300w, https:\/\/www.jessar.ca\/wp-content\/uploads\/6-00313-1024x1024.jpg 1024w, https:\/\/www.jessar.ca\/wp-content\/uploads\/6-00313-150x150.jpg 150w, https:\/\/www.jessar.ca\/wp-content\/uploads\/6-00313-768x768.jpg 768w, https:\/\/www.jessar.ca\/wp-content\/uploads\/6-00313-240x240.jpg 240w, https:\/\/www.jessar.ca\/wp-content\/uploads\/6-00313-110x110.jpg 110w, https:\/\/www.jessar.ca\/wp-content\/uploads\/6-00313-65x65.jpg 65w, https:\/\/www.jessar.ca\/wp-content\/uploads\/6-00313-50x50.jpg 50w, https:\/\/www.jessar.ca\/wp-content\/uploads\/6-00313-800x800.jpg 800w, https:\/\/www.jessar.ca\/wp-content\/uploads\/6-00313-100x100.jpg 100w, https:\/\/www.jessar.ca\/wp-content\/uploads\/6-00313.jpg 1500w\" sizes=\"(max-width: 640px) 100vw, 640px\" \/><\/div>\n\t\t\t\t\t<div class=\"wc-block-grid__product-title\">REV\u00caTEMENT ANTI-GLISSANT PVC ''CLAIR POINTILL\u00c9'' <br><br> #6-00313<\/div>\n\t\t\t\t<\/a>\n\t\t\t\t\n\t\t\t\t\n\t\t\t\t\n\t\t\t\t\n\t\t\t<\/li><li class=\"wc-block-grid__product\">\n\t\t\t\t<a href=\"https:\/\/www.jessar.ca\/fr\/produit\/anti-slip-mat-pvc-striped-clear\/\" class=\"wc-block-grid__product-link\">\n\t\t\t\t\t<div class=\"wc-block-grid__product-image\"><img width=\"640\" height=\"640\" src=\"https:\/\/www.jessar.ca\/wp-content\/uploads\/6-00312-640x640.jpg\" class=\"attachment-woocommerce_thumbnail size-woocommerce_thumbnail\" alt=\"\" loading=\"lazy\" srcset=\"https:\/\/www.jessar.ca\/wp-content\/uploads\/6-00312-640x640.jpg 640w, https:\/\/www.jessar.ca\/wp-content\/uploads\/6-00312-300x300.jpg 300w, https:\/\/www.jessar.ca\/wp-content\/uploads\/6-00312-1024x1024.jpg 1024w, https:\/\/www.jessar.ca\/wp-content\/uploads\/6-00312-150x150.jpg 150w, https:\/\/www.jessar.ca\/wp-content\/uploads\/6-00312-768x768.jpg 768w, https:\/\/www.jessar.ca\/wp-content\/uploads\/6-00312-240x240.jpg 240w, https:\/\/www.jessar.ca\/wp-content\/uploads\/6-00312-110x110.jpg 110w, https:\/\/www.jessar.ca\/wp-content\/uploads\/6-00312-65x65.jpg 65w, https:\/\/www.jessar.ca\/wp-content\/uploads\/6-00312-50x50.jpg 50w, https:\/\/www.jessar.ca\/wp-content\/uploads\/6-00312-800x800.jpg 800w, https:\/\/www.jessar.ca\/wp-content\/uploads\/6-00312-100x100.jpg 100w, https:\/\/www.jessar.ca\/wp-content\/uploads\/6-00312.jpg 1500w\" sizes=\"(max-width: 640px) 100vw, 640px\" \/><\/div>\n\t\t\t\t\t<div class=\"wc-block-grid__product-title\">REV\u00caTEMENT ANTI-GLISSANT PVC ''CLAIR LIGN\u00c9'' <br><br> #6-00312<\/div>\n\t\t\t\t<\/a>\n\t\t\t\t\n\t\t\t\t\n\t\t\t\t\n\t\t\t\t\n\t\t\t<\/li><li class=\"wc-block-grid__product\">\n\t\t\t\t<a href=\"https:\/\/www.jessar.ca\/fr\/produit\/printed-non-adhesive-liner-golden-oak\/\" class=\"wc-block-grid__product-link\">\n\t\t\t\t\t<div class=\"wc-block-grid__product-image\"><img width=\"640\" height=\"640\" src=\"https:\/\/www.jessar.ca\/wp-content\/uploads\/6-00373-640x640.jpg\" class=\"attachment-woocommerce_thumbnail size-woocommerce_thumbnail\" alt=\"\" loading=\"lazy\" srcset=\"https:\/\/www.jessar.ca\/wp-content\/uploads\/6-00373-640x640.jpg 640w, https:\/\/www.jessar.ca\/wp-content\/uploads\/6-00373-300x300.jpg 300w, https:\/\/www.jessar.ca\/wp-content\/uploads\/6-00373-1024x1024.jpg 1024w, https:\/\/www.jessar.ca\/wp-content\/uploads\/6-00373-150x150.jpg 150w, https:\/\/www.jessar.ca\/wp-content\/uploads\/6-00373-768x768.jpg 768w, https:\/\/www.jessar.ca\/wp-content\/uploads\/6-00373-240x240.jpg 240w, https:\/\/www.jessar.ca\/wp-content\/uploads\/6-00373-110x110.jpg 110w, https:\/\/www.jessar.ca\/wp-content\/uploads\/6-00373-65x65.jpg 65w, https:\/\/www.jessar.ca\/wp-content\/uploads\/6-00373-50x50.jpg 50w, https:\/\/www.jessar.ca\/wp-content\/uploads\/6-00373-800x800.jpg 800w, https:\/\/www.jessar.ca\/wp-content\/uploads\/6-00373-100x100.jpg 100w, https:\/\/www.jessar.ca\/wp-content\/uploads\/6-00373.jpg 1500w\" sizes=\"(max-width: 640px) 100vw, 640px\" \/><\/div>\n\t\t\t\t\t<div class=\"wc-block-grid__product-title\">REV\u00caTEMENT IMPRIM\u00c9 NON-ADH\u00c9SIF \"GOLDEN OAK\" <br><br> #6-00373<\/div>\n\t\t\t\t<\/a>\n\t\t\t\t\n\t\t\t\t\n\t\t\t\t\n\t\t\t\t\n\t\t\t<\/li><li class=\"wc-block-grid__product\">\n\t\t\t\t<a href=\"https:\/\/www.jessar.ca\/fr\/produit\/anti-slip-mat-cream\/\" class=\"wc-block-grid__product-link\">\n\t\t\t\t\t<div class=\"wc-block-grid__product-image\"><img width=\"640\" height=\"640\" src=\"https:\/\/www.jessar.ca\/wp-content\/uploads\/6-00391-3-640x640.jpg\" class=\"attachment-woocommerce_thumbnail size-woocommerce_thumbnail\" alt=\"\" loading=\"lazy\" srcset=\"https:\/\/www.jessar.ca\/wp-content\/uploads\/6-00391-3-640x640.jpg 640w, https:\/\/www.jessar.ca\/wp-content\/uploads\/6-00391-3-300x300.jpg 300w, https:\/\/www.jessar.ca\/wp-content\/uploads\/6-00391-3-1024x1024.jpg 1024w, https:\/\/www.jessar.ca\/wp-content\/uploads\/6-00391-3-150x150.jpg 150w, https:\/\/www.jessar.ca\/wp-content\/uploads\/6-00391-3-768x768.jpg 768w, https:\/\/www.jessar.ca\/wp-content\/uploads\/6-00391-3-240x240.jpg 240w, https:\/\/www.jessar.ca\/wp-content\/uploads\/6-00391-3-110x110.jpg 110w, https:\/\/www.jessar.ca\/wp-content\/uploads\/6-00391-3-65x65.jpg 65w, https:\/\/www.jessar.ca\/wp-content\/uploads\/6-00391-3-50x50.jpg 50w, https:\/\/www.jessar.ca\/wp-content\/uploads\/6-00391-3-800x800.jpg 800w, https:\/\/www.jessar.ca\/wp-content\/uploads\/6-00391-3-100x100.jpg 100w, https:\/\/www.jessar.ca\/wp-content\/uploads\/6-00391-3.jpg 1500w\" sizes=\"(max-width: 640px) 100vw, 640px\" \/><\/div>\n\t\t\t\t\t<div class=\"wc-block-grid__product-title\">REV\u00caTEMENT ANTI-GLISSANT ''CR\u00c8ME'' <br><br> #6-00391<\/div>\n\t\t\t\t<\/a>\n\t\t\t\t\n\t\t\t\t\n\t\t\t\t\n\t\t\t\t\n\t\t\t<\/li><li class=\"wc-block-grid__product\">\n\t\t\t\t<a href=\"https:\/\/www.jessar.ca\/fr\/produit\/anti-slip-mat-yellow\/\" class=\"wc-block-grid__product-link\">\n\t\t\t\t\t<div class=\"wc-block-grid__product-image\"><img width=\"640\" height=\"640\" src=\"https:\/\/www.jessar.ca\/wp-content\/uploads\/6-00395-1-640x640.jpg\" class=\"attachment-woocommerce_thumbnail size-woocommerce_thumbnail\" alt=\"\" loading=\"lazy\" srcset=\"https:\/\/www.jessar.ca\/wp-content\/uploads\/6-00395-1-640x640.jpg 640w, https:\/\/www.jessar.ca\/wp-content\/uploads\/6-00395-1-300x300.jpg 300w, https:\/\/www.jessar.ca\/wp-content\/uploads\/6-00395-1-1024x1024.jpg 1024w, https:\/\/www.jessar.ca\/wp-content\/uploads\/6-00395-1-150x150.jpg 150w, https:\/\/www.jessar.ca\/wp-content\/uploads\/6-00395-1-768x768.jpg 768w, https:\/\/www.jessar.ca\/wp-content\/uploads\/6-00395-1-240x240.jpg 240w, https:\/\/www.jessar.ca\/wp-content\/uploads\/6-00395-1-110x110.jpg 110w, https:\/\/www.jessar.ca\/wp-content\/uploads\/6-00395-1-65x65.jpg 65w, https:\/\/www.jessar.ca\/wp-content\/uploads\/6-00395-1-50x50.jpg 50w, https:\/\/www.jessar.ca\/wp-content\/uploads\/6-00395-1-800x800.jpg 800w, https:\/\/www.jessar.ca\/wp-content\/uploads\/6-00395-1-100x100.jpg 100w, https:\/\/www.jessar.ca\/wp-content\/uploads\/6-00395-1.jpg 1500w\" sizes=\"(max-width: 640px) 100vw, 640px\" \/><\/div>\n\t\t\t\t\t<div class=\"wc-block-grid__product-title\">REV\u00caTEMENT ANTI-GLISSANT ''JAUNE'' <br><br> #6-00395<\/div>\n\t\t\t\t<\/a>\n\t\t\t\t\n\t\t\t\t\n\t\t\t\t\n\t\t\t\t\n\t\t\t<\/li><li class=\"wc-block-grid__product\">\n\t\t\t\t<a href=\"https:\/\/www.jessar.ca\/fr\/produit\/anti-slip-mat-pink\/\" class=\"wc-block-grid__product-link\">\n\t\t\t\t\t<div class=\"wc-block-grid__product-image\"><img width=\"640\" height=\"640\" src=\"https:\/\/www.jessar.ca\/wp-content\/uploads\/6-00393-640x640.jpg\" class=\"attachment-woocommerce_thumbnail size-woocommerce_thumbnail\" alt=\"\" loading=\"lazy\" srcset=\"https:\/\/www.jessar.ca\/wp-content\/uploads\/6-00393-640x640.jpg 640w, https:\/\/www.jessar.ca\/wp-content\/uploads\/6-00393-300x300.jpg 300w, https:\/\/www.jessar.ca\/wp-content\/uploads\/6-00393-1024x1024.jpg 1024w, https:\/\/www.jessar.ca\/wp-content\/uploads\/6-00393-150x150.jpg 150w, https:\/\/www.jessar.ca\/wp-content\/uploads\/6-00393-768x768.jpg 768w, https:\/\/www.jessar.ca\/wp-content\/uploads\/6-00393-240x240.jpg 240w, https:\/\/www.jessar.ca\/wp-content\/uploads\/6-00393-110x110.jpg 110w, https:\/\/www.jessar.ca\/wp-content\/uploads\/6-00393-65x65.jpg 65w, https:\/\/www.jessar.ca\/wp-content\/uploads\/6-00393-50x50.jpg 50w, https:\/\/www.jessar.ca\/wp-content\/uploads\/6-00393-800x800.jpg 800w, https:\/\/www.jessar.ca\/wp-content\/uploads\/6-00393-100x100.jpg 100w, https:\/\/www.jessar.ca\/wp-content\/uploads\/6-00393.jpg 1500w\" sizes=\"(max-width: 640px) 100vw, 640px\" \/><\/div>\n\t\t\t\t\t<div class=\"wc-block-grid__product-title\">REV\u00caTEMENT ANTI-GLISSANT ''ROSE'' <br><br> #6-00393<\/div>\n\t\t\t\t<\/a>\n\t\t\t\t\n\t\t\t\t\n\t\t\t\t\n\t\t\t\t\n\t\t\t<\/li><li class=\"wc-block-grid__product\">\n\t\t\t\t<a href=\"https:\/\/www.jessar.ca\/fr\/produit\/anti-slip-mat-navy-blue\/\" class=\"wc-block-grid__product-link\">\n\t\t\t\t\t<div class=\"wc-block-grid__product-image\"><img width=\"640\" height=\"640\" src=\"https:\/\/www.jessar.ca\/wp-content\/uploads\/6-00309-640x640.jpg\" class=\"attachment-woocommerce_thumbnail size-woocommerce_thumbnail\" alt=\"\" loading=\"lazy\" srcset=\"https:\/\/www.jessar.ca\/wp-content\/uploads\/6-00309-640x640.jpg 640w, https:\/\/www.jessar.ca\/wp-content\/uploads\/6-00309-300x300.jpg 300w, https:\/\/www.jessar.ca\/wp-content\/uploads\/6-00309-1024x1024.jpg 1024w, https:\/\/www.jessar.ca\/wp-content\/uploads\/6-00309-150x150.jpg 150w, https:\/\/www.jessar.ca\/wp-content\/uploads\/6-00309-768x768.jpg 768w, https:\/\/www.jessar.ca\/wp-content\/uploads\/6-00309-240x240.jpg 240w, https:\/\/www.jessar.ca\/wp-content\/uploads\/6-00309-110x110.jpg 110w, https:\/\/www.jessar.ca\/wp-content\/uploads\/6-00309-65x65.jpg 65w, https:\/\/www.jessar.ca\/wp-content\/uploads\/6-00309-50x50.jpg 50w, https:\/\/www.jessar.ca\/wp-content\/uploads\/6-00309-800x800.jpg 800w, https:\/\/www.jessar.ca\/wp-content\/uploads\/6-00309-100x100.jpg 100w, https:\/\/www.jessar.ca\/wp-content\/uploads\/6-00309.jpg 1500w\" sizes=\"(max-width: 640px) 100vw, 640px\" \/><\/div>\n\t\t\t\t\t<div class=\"wc-block-grid__product-title\">REV\u00caTEMENT ANTI-GLISSANT ''BLEU MARIN\" <br><br> #6-00309<\/div>\n\t\t\t\t<\/a>\n\t\t\t\t\n\t\t\t\t\n\t\t\t\t\n\t\t\t\t\n\t\t\t<\/li><li class=\"wc-block-grid__product\">\n\t\t\t\t<a href=\"https:\/\/www.jessar.ca\/fr\/produit\/anti-slip-mat-black\/\" class=\"wc-block-grid__product-link\">\n\t\t\t\t\t<div class=\"wc-block-grid__product-image\"><img width=\"640\" height=\"640\" src=\"https:\/\/www.jessar.ca\/wp-content\/uploads\/6-00308-640x640.jpg\" class=\"attachment-woocommerce_thumbnail size-woocommerce_thumbnail\" alt=\"\" loading=\"lazy\" srcset=\"https:\/\/www.jessar.ca\/wp-content\/uploads\/6-00308-640x640.jpg 640w, https:\/\/www.jessar.ca\/wp-content\/uploads\/6-00308-300x300.jpg 300w, https:\/\/www.jessar.ca\/wp-content\/uploads\/6-00308-1024x1024.jpg 1024w, https:\/\/www.jessar.ca\/wp-content\/uploads\/6-00308-150x150.jpg 150w, https:\/\/www.jessar.ca\/wp-content\/uploads\/6-00308-768x768.jpg 768w, https:\/\/www.jessar.ca\/wp-content\/uploads\/6-00308-240x240.jpg 240w, https:\/\/www.jessar.ca\/wp-content\/uploads\/6-00308-110x110.jpg 110w, https:\/\/www.jessar.ca\/wp-content\/uploads\/6-00308-65x65.jpg 65w, https:\/\/www.jessar.ca\/wp-content\/uploads\/6-00308-50x50.jpg 50w, https:\/\/www.jessar.ca\/wp-content\/uploads\/6-00308-800x800.jpg 800w, https:\/\/www.jessar.ca\/wp-content\/uploads\/6-00308-100x100.jpg 100w, https:\/\/www.jessar.ca\/wp-content\/uploads\/6-00308.jpg 1500w\" sizes=\"(max-width: 640px) 100vw, 640px\" \/><\/div>\n\t\t\t\t\t<div class=\"wc-block-grid__product-title\">REV\u00caTEMENT ANTI-GLISSANT ''NOIR'' <br><br> #6-00308<\/div>\n\t\t\t\t<\/a>\n\t\t\t\t\n\t\t\t\t\n\t\t\t\t\n\t\t\t\t\n\t\t\t<\/li><li class=\"wc-block-grid__product\">\n\t\t\t\t<a href=\"https:\/\/www.jessar.ca\/fr\/produit\/anti-slip-mat-burgundy\/\" class=\"wc-block-grid__product-link\">\n\t\t\t\t\t<div class=\"wc-block-grid__product-image\"><img width=\"640\" height=\"640\" src=\"https:\/\/www.jessar.ca\/wp-content\/uploads\/6-00307-640x640.jpg\" class=\"attachment-woocommerce_thumbnail size-woocommerce_thumbnail\" alt=\"\" loading=\"lazy\" srcset=\"https:\/\/www.jessar.ca\/wp-content\/uploads\/6-00307-640x640.jpg 640w, https:\/\/www.jessar.ca\/wp-content\/uploads\/6-00307-300x300.jpg 300w, https:\/\/www.jessar.ca\/wp-content\/uploads\/6-00307-1024x1024.jpg 1024w, https:\/\/www.jessar.ca\/wp-content\/uploads\/6-00307-150x150.jpg 150w, https:\/\/www.jessar.ca\/wp-content\/uploads\/6-00307-768x768.jpg 768w, https:\/\/www.jessar.ca\/wp-content\/uploads\/6-00307-240x240.jpg 240w, https:\/\/www.jessar.ca\/wp-content\/uploads\/6-00307-110x110.jpg 110w, https:\/\/www.jessar.ca\/wp-content\/uploads\/6-00307-65x65.jpg 65w, https:\/\/www.jessar.ca\/wp-content\/uploads\/6-00307-50x50.jpg 50w, https:\/\/www.jessar.ca\/wp-content\/uploads\/6-00307-800x800.jpg 800w, https:\/\/www.jessar.ca\/wp-content\/uploads\/6-00307-100x100.jpg 100w, https:\/\/www.jessar.ca\/wp-content\/uploads\/6-00307.jpg 1500w\" sizes=\"(max-width: 640px) 100vw, 640px\" \/><\/div>\n\t\t\t\t\t<div class=\"wc-block-grid__product-title\">REV\u00caTEMENT ANTI-GLISSANT ''BOURGOGNE'' <br><br> #6-00307<\/div>\n\t\t\t\t<\/a>\n\t\t\t\t\n\t\t\t\t\n\t\t\t\t\n\t\t\t\t\n\t\t\t<\/li><li class=\"wc-block-grid__product\">\n\t\t\t\t<a href=\"https:\/\/www.jessar.ca\/fr\/produit\/anti-slip-mat-gray\/\" class=\"wc-block-grid__product-link\">\n\t\t\t\t\t<div class=\"wc-block-grid__product-image\"><img width=\"640\" height=\"640\" src=\"https:\/\/www.jessar.ca\/wp-content\/uploads\/6-00306-640x640.jpg\" class=\"attachment-woocommerce_thumbnail size-woocommerce_thumbnail\" alt=\"\" loading=\"lazy\" srcset=\"https:\/\/www.jessar.ca\/wp-content\/uploads\/6-00306-640x640.jpg 640w, https:\/\/www.jessar.ca\/wp-content\/uploads\/6-00306-300x300.jpg 300w, https:\/\/www.jessar.ca\/wp-content\/uploads\/6-00306-1024x1024.jpg 1024w, https:\/\/www.jessar.ca\/wp-content\/uploads\/6-00306-150x150.jpg 150w, https:\/\/www.jessar.ca\/wp-content\/uploads\/6-00306-768x768.jpg 768w, https:\/\/www.jessar.ca\/wp-content\/uploads\/6-00306-240x240.jpg 240w, https:\/\/www.jessar.ca\/wp-content\/uploads\/6-00306-110x110.jpg 110w, https:\/\/www.jessar.ca\/wp-content\/uploads\/6-00306-65x65.jpg 65w, https:\/\/www.jessar.ca\/wp-content\/uploads\/6-00306-50x50.jpg 50w, https:\/\/www.jessar.ca\/wp-content\/uploads\/6-00306-800x800.jpg 800w, https:\/\/www.jessar.ca\/wp-content\/uploads\/6-00306-100x100.jpg 100w, https:\/\/www.jessar.ca\/wp-content\/uploads\/6-00306.jpg 1500w\" sizes=\"(max-width: 640px) 100vw, 640px\" \/><\/div>\n\t\t\t\t\t<div class=\"wc-block-grid__product-title\">REV\u00caTEMENT ANTI-GLISSANT ''GRIS'' <br><br> #6-00306<\/div>\n\t\t\t\t<\/a>\n\t\t\t\t\n\t\t\t\t\n\t\t\t\t\n\t\t\t\t\n\t\t\t<\/li><li class=\"wc-block-grid__product\">\n\t\t\t\t<a href=\"https:\/\/www.jessar.ca\/fr\/produit\/anti-slip-mat-beige\/\" class=\"wc-block-grid__product-link\">\n\t\t\t\t\t<div class=\"wc-block-grid__product-image\"><img width=\"640\" height=\"640\" src=\"https:\/\/www.jessar.ca\/wp-content\/uploads\/6-00305-640x640.jpg\" class=\"attachment-woocommerce_thumbnail size-woocommerce_thumbnail\" alt=\"\" loading=\"lazy\" srcset=\"https:\/\/www.jessar.ca\/wp-content\/uploads\/6-00305-640x640.jpg 640w, https:\/\/www.jessar.ca\/wp-content\/uploads\/6-00305-300x300.jpg 300w, https:\/\/www.jessar.ca\/wp-content\/uploads\/6-00305-1024x1024.jpg 1024w, https:\/\/www.jessar.ca\/wp-content\/uploads\/6-00305-150x150.jpg 150w, https:\/\/www.jessar.ca\/wp-content\/uploads\/6-00305-768x768.jpg 768w, https:\/\/www.jessar.ca\/wp-content\/uploads\/6-00305-240x240.jpg 240w, https:\/\/www.jessar.ca\/wp-content\/uploads\/6-00305-110x110.jpg 110w, https:\/\/www.jessar.ca\/wp-content\/uploads\/6-00305-65x65.jpg 65w, https:\/\/www.jessar.ca\/wp-content\/uploads\/6-00305-50x50.jpg 50w, https:\/\/www.jessar.ca\/wp-content\/uploads\/6-00305-800x800.jpg 800w, https:\/\/www.jessar.ca\/wp-content\/uploads\/6-00305-100x100.jpg 100w, https:\/\/www.jessar.ca\/wp-content\/uploads\/6-00305.jpg 1500w\" sizes=\"(max-width: 640px) 100vw, 640px\" \/><\/div>\n\t\t\t\t\t<div class=\"wc-block-grid__product-title\">REV\u00caTEMENT ANTI-GLISSANT ''BEIGE'' <br><br> #6-00305<\/div>\n\t\t\t\t<\/a>\n\t\t\t\t\n\t\t\t\t\n\t\t\t\t\n\t\t\t\t\n\t\t\t<\/li><li class=\"wc-block-grid__product\">\n\t\t\t\t<a href=\"https:\/\/www.jessar.ca\/fr\/produit\/anti-slip-mat-blue\/\" class=\"wc-block-grid__product-link\">\n\t\t\t\t\t<div class=\"wc-block-grid__product-image\"><img width=\"640\" height=\"640\" src=\"https:\/\/www.jessar.ca\/wp-content\/uploads\/6-00304-640x640.jpg\" class=\"attachment-woocommerce_thumbnail size-woocommerce_thumbnail\" alt=\"\" loading=\"lazy\" srcset=\"https:\/\/www.jessar.ca\/wp-content\/uploads\/6-00304-640x640.jpg 640w, https:\/\/www.jessar.ca\/wp-content\/uploads\/6-00304-300x300.jpg 300w, https:\/\/www.jessar.ca\/wp-content\/uploads\/6-00304-1024x1024.jpg 1024w, https:\/\/www.jessar.ca\/wp-content\/uploads\/6-00304-150x150.jpg 150w, https:\/\/www.jessar.ca\/wp-content\/uploads\/6-00304-768x768.jpg 768w, https:\/\/www.jessar.ca\/wp-content\/uploads\/6-00304-240x240.jpg 240w, https:\/\/www.jessar.ca\/wp-content\/uploads\/6-00304-110x110.jpg 110w, https:\/\/www.jessar.ca\/wp-content\/uploads\/6-00304-65x65.jpg 65w, https:\/\/www.jessar.ca\/wp-content\/uploads\/6-00304-50x50.jpg 50w, https:\/\/www.jessar.ca\/wp-content\/uploads\/6-00304-800x800.jpg 800w, https:\/\/www.jessar.ca\/wp-content\/uploads\/6-00304-100x100.jpg 100w, https:\/\/www.jessar.ca\/wp-content\/uploads\/6-00304.jpg 1500w\" sizes=\"(max-width: 640px) 100vw, 640px\" \/><\/div>\n\t\t\t\t\t<div class=\"wc-block-grid__product-title\">REV\u00caTEMENT ANTI-GLISSANT ''BLEU'' <br><br> #6-00304<\/div>\n\t\t\t\t<\/a>\n\t\t\t\t\n\t\t\t\t\n\t\t\t\t\n\t\t\t\t\n\t\t\t<\/li><li class=\"wc-block-grid__product\">\n\t\t\t\t<a href=\"https:\/\/www.jessar.ca\/fr\/produit\/anti-slip-mat-ivory\/\" class=\"wc-block-grid__product-link\">\n\t\t\t\t\t<div class=\"wc-block-grid__product-image\"><img width=\"640\" height=\"640\" src=\"https:\/\/www.jessar.ca\/wp-content\/uploads\/6-00302-640x640.jpg\" class=\"attachment-woocommerce_thumbnail size-woocommerce_thumbnail\" alt=\"\" loading=\"lazy\" srcset=\"https:\/\/www.jessar.ca\/wp-content\/uploads\/6-00302-640x640.jpg 640w, https:\/\/www.jessar.ca\/wp-content\/uploads\/6-00302-300x300.jpg 300w, https:\/\/www.jessar.ca\/wp-content\/uploads\/6-00302-1024x1024.jpg 1024w, https:\/\/www.jessar.ca\/wp-content\/uploads\/6-00302-150x150.jpg 150w, https:\/\/www.jessar.ca\/wp-content\/uploads\/6-00302-768x768.jpg 768w, https:\/\/www.jessar.ca\/wp-content\/uploads\/6-00302-240x240.jpg 240w, https:\/\/www.jessar.ca\/wp-content\/uploads\/6-00302-110x110.jpg 110w, https:\/\/www.jessar.ca\/wp-content\/uploads\/6-00302-65x65.jpg 65w, https:\/\/www.jessar.ca\/wp-content\/uploads\/6-00302-50x50.jpg 50w, https:\/\/www.jessar.ca\/wp-content\/uploads\/6-00302-800x800.jpg 800w, https:\/\/www.jessar.ca\/wp-content\/uploads\/6-00302-100x100.jpg 100w, https:\/\/www.jessar.ca\/wp-content\/uploads\/6-00302.jpg 1500w\" sizes=\"(max-width: 640px) 100vw, 640px\" \/><\/div>\n\t\t\t\t\t<div class=\"wc-block-grid__product-title\">REV\u00caTEMENT ANTI-GLISSANT ''IVOIRE'' <br><br> #6-00302<\/div>\n\t\t\t\t<\/a>\n\t\t\t\t\n\t\t\t\t\n\t\t\t\t\n\t\t\t\t\n\t\t\t<\/li><li class=\"wc-block-grid__product\">\n\t\t\t\t<a href=\"https:\/\/www.jessar.ca\/fr\/produit\/anti-slip-mat-white\/\" class=\"wc-block-grid__product-link\">\n\t\t\t\t\t<div class=\"wc-block-grid__product-image\"><img width=\"640\" height=\"640\" src=\"https:\/\/www.jessar.ca\/wp-content\/uploads\/6-00301-640x640.jpg\" class=\"attachment-woocommerce_thumbnail size-woocommerce_thumbnail\" alt=\"\" loading=\"lazy\" srcset=\"https:\/\/www.jessar.ca\/wp-content\/uploads\/6-00301-640x640.jpg 640w, https:\/\/www.jessar.ca\/wp-content\/uploads\/6-00301-300x300.jpg 300w, https:\/\/www.jessar.ca\/wp-content\/uploads\/6-00301-1024x1024.jpg 1024w, https:\/\/www.jessar.ca\/wp-content\/uploads\/6-00301-150x150.jpg 150w, https:\/\/www.jessar.ca\/wp-content\/uploads\/6-00301-768x768.jpg 768w, https:\/\/www.jessar.ca\/wp-content\/uploads\/6-00301-240x240.jpg 240w, https:\/\/www.jessar.ca\/wp-content\/uploads\/6-00301-110x110.jpg 110w, https:\/\/www.jessar.ca\/wp-content\/uploads\/6-00301-65x65.jpg 65w, https:\/\/www.jessar.ca\/wp-content\/uploads\/6-00301-50x50.jpg 50w, https:\/\/www.jessar.ca\/wp-content\/uploads\/6-00301-800x800.jpg 800w, https:\/\/www.jessar.ca\/wp-content\/uploads\/6-00301-100x100.jpg 100w, https:\/\/www.jessar.ca\/wp-content\/uploads\/6-00301.jpg 1500w\" sizes=\"(max-width: 640px) 100vw, 640px\" \/><\/div>\n\t\t\t\t\t<div class=\"wc-block-grid__product-title\">REV\u00caTEMENT ANTI-GLISSANT ''BLANC'' <br><br> #6-00301<\/div>\n\t\t\t\t<\/a>\n\t\t\t\t\n\t\t\t\t\n\t\t\t\t\n\t\t\t\t\n\t\t\t<\/li><\/ul><\/div>","protected":false},"excerpt":{"rendered":"","protected":false},"author":6,"featured_media":0,"parent":4537,"menu_order":0,"comment_status":"closed","ping_status":"closed","template":"","meta":[],"_links":{"self":[{"href":"https:\/\/www.jessar.ca\/fr\/wp-json\/wp\/v2\/pages\/4657"}],"collection":[{"href":"https:\/\/www.jessar.ca\/fr\/wp-json\/wp\/v2\/pages"}],"about":[{"href":"https:\/\/www.jessar.ca\/fr\/wp-json\/wp\/v2\/types\/page"}],"author":[{"embeddable":true,"href":"https:\/\/www.jessar.ca\/fr\/wp-json\/wp\/v2\/users\/6"}],"replies":[{"embeddable":true,"href":"https:\/\/www.jessar.ca\/fr\/wp-json\/wp\/v2\/comments?post=4657"}],"version-history":[{"count":3,"href":"https:\/\/www.jessar.ca\/fr\/wp-json\/wp\/v2\/pages\/4657\/revisions"}],"predecessor-version":[{"id":4660,"href":"https:\/\/www.jessar.ca\/fr\/wp-json\/wp\/v2\/pages\/4657\/revisions\/4660"}],"up":[{"embeddable":true,"href":"https:\/\/www.jessar.ca\/fr\/wp-json\/wp\/v2\/pages\/4537"}],"wp:attachment":[{"href":"https:\/\/www.jessar.ca\/fr\/wp-json\/wp\/v2\/media?parent=4657"}],"curies":[{"name":"wp","href":"https:\/\/api.w.org\/{rel}","templated":true}]}}