{"id":5222,"date":"2020-11-10T14:39:02","date_gmt":"2020-11-10T14:39:02","guid":{"rendered":"http:\/\/10.50.100.5\/?page_id=5222"},"modified":"2020-11-12T15:22:13","modified_gmt":"2020-11-12T15:22:13","slug":"sponge-brush","status":"publish","type":"page","link":"https:\/\/www.jessar.ca\/fr\/products\/cleaning\/sponge-brush\/","title":{"rendered":"\u00c9ponges \/ Brosse"},"content":{"rendered":"<div class=\"breadcrumbs\" typeof=\"BreadcrumbList\" vocab=\"https:\/\/schema.org\/\"><span property=\"itemListElement\" typeof=\"ListItem\"><a property=\"item\" typeof=\"WebPage\" title=\"Go to Jessar.\" href=\"https:\/\/www.jessar.ca\/fr\" class=\"home\" aria-current=\"page\"><span property=\"name\">Jessar<\/span><\/a><meta property=\"position\" content=\"1\"><\/span><\/div>\n\n<div class=\"wc-block-grid wp-block-product-category wc-block-product-category has-4-columns has-multiple-rows\"><ul class=\"wc-block-grid__products\"><li class=\"wc-block-grid__product\">\n\t\t\t\t<a href=\"https:\/\/www.jessar.ca\/fr\/produit\/heavy-duty-brass-bristle-utility-brush\/\" class=\"wc-block-grid__product-link\">\n\t\t\t\t\t<div class=\"wc-block-grid__product-image\"><img width=\"640\" height=\"640\" src=\"https:\/\/www.jessar.ca\/wp-content\/uploads\/6-00081-640x640.jpg\" class=\"attachment-woocommerce_thumbnail size-woocommerce_thumbnail\" alt=\"\" loading=\"lazy\" srcset=\"https:\/\/www.jessar.ca\/wp-content\/uploads\/6-00081-640x640.jpg 640w, https:\/\/www.jessar.ca\/wp-content\/uploads\/6-00081-300x300.jpg 300w, https:\/\/www.jessar.ca\/wp-content\/uploads\/6-00081-1024x1024.jpg 1024w, https:\/\/www.jessar.ca\/wp-content\/uploads\/6-00081-150x150.jpg 150w, https:\/\/www.jessar.ca\/wp-content\/uploads\/6-00081-768x768.jpg 768w, https:\/\/www.jessar.ca\/wp-content\/uploads\/6-00081-240x240.jpg 240w, https:\/\/www.jessar.ca\/wp-content\/uploads\/6-00081-110x110.jpg 110w, https:\/\/www.jessar.ca\/wp-content\/uploads\/6-00081-65x65.jpg 65w, https:\/\/www.jessar.ca\/wp-content\/uploads\/6-00081-50x50.jpg 50w, https:\/\/www.jessar.ca\/wp-content\/uploads\/6-00081-800x800.jpg 800w, https:\/\/www.jessar.ca\/wp-content\/uploads\/6-00081-100x100.jpg 100w, https:\/\/www.jessar.ca\/wp-content\/uploads\/6-00081.jpg 1500w\" sizes=\"(max-width: 640px) 100vw, 640px\" \/><\/div>\n\t\t\t\t\t<div class=\"wc-block-grid__product-title\">BROSSE UTILITAIRE \u00c0 POILS EN LAITON <br><br> #6-00081<\/div>\n\t\t\t\t<\/a>\n\t\t\t\t\n\t\t\t\t\n\t\t\t\t\n\t\t\t\t\n\t\t\t<\/li><li class=\"wc-block-grid__product\">\n\t\t\t\t<a href=\"https:\/\/www.jessar.ca\/fr\/produit\/dishwash-brush\/\" class=\"wc-block-grid__product-link\">\n\t\t\t\t\t<div class=\"wc-block-grid__product-image\"><img width=\"640\" height=\"640\" src=\"https:\/\/www.jessar.ca\/wp-content\/uploads\/6-00084-640x640.jpg\" class=\"attachment-woocommerce_thumbnail size-woocommerce_thumbnail\" alt=\"\" loading=\"lazy\" srcset=\"https:\/\/www.jessar.ca\/wp-content\/uploads\/6-00084-640x640.jpg 640w, https:\/\/www.jessar.ca\/wp-content\/uploads\/6-00084-300x300.jpg 300w, https:\/\/www.jessar.ca\/wp-content\/uploads\/6-00084-1024x1024.jpg 1024w, https:\/\/www.jessar.ca\/wp-content\/uploads\/6-00084-150x150.jpg 150w, https:\/\/www.jessar.ca\/wp-content\/uploads\/6-00084-768x768.jpg 768w, https:\/\/www.jessar.ca\/wp-content\/uploads\/6-00084-240x240.jpg 240w, https:\/\/www.jessar.ca\/wp-content\/uploads\/6-00084-110x110.jpg 110w, https:\/\/www.jessar.ca\/wp-content\/uploads\/6-00084-65x65.jpg 65w, https:\/\/www.jessar.ca\/wp-content\/uploads\/6-00084-50x50.jpg 50w, https:\/\/www.jessar.ca\/wp-content\/uploads\/6-00084-800x800.jpg 800w, https:\/\/www.jessar.ca\/wp-content\/uploads\/6-00084-100x100.jpg 100w, https:\/\/www.jessar.ca\/wp-content\/uploads\/6-00084.jpg 1500w\" sizes=\"(max-width: 640px) 100vw, 640px\" \/><\/div>\n\t\t\t\t\t<div class=\"wc-block-grid__product-title\">BROSSE \u00c0 VAISSELLE <br><br> #6-00084<\/div>\n\t\t\t\t<\/a>\n\t\t\t\t\n\t\t\t\t\n\t\t\t\t\n\t\t\t\t\n\t\t\t<\/li><li class=\"wc-block-grid__product\">\n\t\t\t\t<a href=\"https:\/\/www.jessar.ca\/fr\/produit\/dishwash-brush-round-head\/\" class=\"wc-block-grid__product-link\">\n\t\t\t\t\t<div class=\"wc-block-grid__product-image\"><img width=\"640\" height=\"640\" src=\"https:\/\/www.jessar.ca\/wp-content\/uploads\/6-00074-640x640.jpg\" class=\"attachment-woocommerce_thumbnail size-woocommerce_thumbnail\" alt=\"\" loading=\"lazy\" srcset=\"https:\/\/www.jessar.ca\/wp-content\/uploads\/6-00074-640x640.jpg 640w, https:\/\/www.jessar.ca\/wp-content\/uploads\/6-00074-300x300.jpg 300w, https:\/\/www.jessar.ca\/wp-content\/uploads\/6-00074-1024x1024.jpg 1024w, https:\/\/www.jessar.ca\/wp-content\/uploads\/6-00074-150x150.jpg 150w, https:\/\/www.jessar.ca\/wp-content\/uploads\/6-00074-768x768.jpg 768w, https:\/\/www.jessar.ca\/wp-content\/uploads\/6-00074-240x240.jpg 240w, https:\/\/www.jessar.ca\/wp-content\/uploads\/6-00074-110x110.jpg 110w, https:\/\/www.jessar.ca\/wp-content\/uploads\/6-00074-65x65.jpg 65w, https:\/\/www.jessar.ca\/wp-content\/uploads\/6-00074-50x50.jpg 50w, https:\/\/www.jessar.ca\/wp-content\/uploads\/6-00074-800x800.jpg 800w, https:\/\/www.jessar.ca\/wp-content\/uploads\/6-00074-100x100.jpg 100w, https:\/\/www.jessar.ca\/wp-content\/uploads\/6-00074.jpg 1500w\" sizes=\"(max-width: 640px) 100vw, 640px\" \/><\/div>\n\t\t\t\t\t<div class=\"wc-block-grid__product-title\">BROSSE \u00c0 VAISSELLE T\u00caTE RONDE <br><br> #6-00074<\/div>\n\t\t\t\t<\/a>\n\t\t\t\t\n\t\t\t\t\n\t\t\t\t\n\t\t\t\t\n\t\t\t<\/li><li class=\"wc-block-grid__product\">\n\t\t\t\t<a href=\"https:\/\/www.jessar.ca\/fr\/produit\/bottle-brush-with-sponge-head\/\" class=\"wc-block-grid__product-link\">\n\t\t\t\t\t<div class=\"wc-block-grid__product-image\"><img width=\"640\" height=\"640\" src=\"https:\/\/www.jessar.ca\/wp-content\/uploads\/6-00073-2-640x640.jpg\" class=\"attachment-woocommerce_thumbnail size-woocommerce_thumbnail\" alt=\"\" loading=\"lazy\" srcset=\"https:\/\/www.jessar.ca\/wp-content\/uploads\/6-00073-2-640x640.jpg 640w, https:\/\/www.jessar.ca\/wp-content\/uploads\/6-00073-2-300x300.jpg 300w, https:\/\/www.jessar.ca\/wp-content\/uploads\/6-00073-2-1024x1024.jpg 1024w, https:\/\/www.jessar.ca\/wp-content\/uploads\/6-00073-2-150x150.jpg 150w, https:\/\/www.jessar.ca\/wp-content\/uploads\/6-00073-2-768x768.jpg 768w, https:\/\/www.jessar.ca\/wp-content\/uploads\/6-00073-2-240x240.jpg 240w, https:\/\/www.jessar.ca\/wp-content\/uploads\/6-00073-2-110x110.jpg 110w, https:\/\/www.jessar.ca\/wp-content\/uploads\/6-00073-2-65x65.jpg 65w, https:\/\/www.jessar.ca\/wp-content\/uploads\/6-00073-2-50x50.jpg 50w, https:\/\/www.jessar.ca\/wp-content\/uploads\/6-00073-2-800x800.jpg 800w, https:\/\/www.jessar.ca\/wp-content\/uploads\/6-00073-2-100x100.jpg 100w, https:\/\/www.jessar.ca\/wp-content\/uploads\/6-00073-2.jpg 1500w\" sizes=\"(max-width: 640px) 100vw, 640px\" \/><\/div>\n\t\t\t\t\t<div class=\"wc-block-grid__product-title\">BROSSE \u00c0 BOUTEILLE AVEC T\u00caTE EN \u00c9PONGE <br><br> #6-00073<\/div>\n\t\t\t\t<\/a>\n\t\t\t\t\n\t\t\t\t\n\t\t\t\t\n\t\t\t\t\n\t\t\t<\/li><li class=\"wc-block-grid__product\">\n\t\t\t\t<a href=\"https:\/\/www.jessar.ca\/fr\/produit\/stainless-steel-scourers-2pk\/\" class=\"wc-block-grid__product-link\">\n\t\t\t\t\t<div class=\"wc-block-grid__product-image\"><img width=\"640\" height=\"640\" src=\"https:\/\/www.jessar.ca\/wp-content\/uploads\/6-00030-640x640.jpg\" class=\"attachment-woocommerce_thumbnail size-woocommerce_thumbnail\" alt=\"\" loading=\"lazy\" srcset=\"https:\/\/www.jessar.ca\/wp-content\/uploads\/6-00030-640x640.jpg 640w, https:\/\/www.jessar.ca\/wp-content\/uploads\/6-00030-300x300.jpg 300w, https:\/\/www.jessar.ca\/wp-content\/uploads\/6-00030-1024x1024.jpg 1024w, https:\/\/www.jessar.ca\/wp-content\/uploads\/6-00030-150x150.jpg 150w, https:\/\/www.jessar.ca\/wp-content\/uploads\/6-00030-768x768.jpg 768w, https:\/\/www.jessar.ca\/wp-content\/uploads\/6-00030-240x240.jpg 240w, https:\/\/www.jessar.ca\/wp-content\/uploads\/6-00030-110x110.jpg 110w, https:\/\/www.jessar.ca\/wp-content\/uploads\/6-00030-65x65.jpg 65w, https:\/\/www.jessar.ca\/wp-content\/uploads\/6-00030-50x50.jpg 50w, https:\/\/www.jessar.ca\/wp-content\/uploads\/6-00030-800x800.jpg 800w, https:\/\/www.jessar.ca\/wp-content\/uploads\/6-00030-100x100.jpg 100w, https:\/\/www.jessar.ca\/wp-content\/uploads\/6-00030.jpg 1200w\" sizes=\"(max-width: 640px) 100vw, 640px\" \/><\/div>\n\t\t\t\t\t<div class=\"wc-block-grid__product-title\">TAMPON EN ACIER INOXYDABLE (2PK) <br><br> #6-00030<\/div>\n\t\t\t\t<\/a>\n\t\t\t\t\n\t\t\t\t\n\t\t\t\t\n\t\t\t\t\n\t\t\t<\/li><li class=\"wc-block-grid__product\">\n\t\t\t\t<a href=\"https:\/\/www.jessar.ca\/fr\/produit\/stainless-steel-scourer\/\" class=\"wc-block-grid__product-link\">\n\t\t\t\t\t<div class=\"wc-block-grid__product-image\"><img width=\"640\" height=\"640\" src=\"https:\/\/www.jessar.ca\/wp-content\/uploads\/6-00029-640x640.jpg\" class=\"attachment-woocommerce_thumbnail size-woocommerce_thumbnail\" alt=\"\" loading=\"lazy\" srcset=\"https:\/\/www.jessar.ca\/wp-content\/uploads\/6-00029-640x640.jpg 640w, https:\/\/www.jessar.ca\/wp-content\/uploads\/6-00029-300x300.jpg 300w, https:\/\/www.jessar.ca\/wp-content\/uploads\/6-00029-1024x1024.jpg 1024w, https:\/\/www.jessar.ca\/wp-content\/uploads\/6-00029-150x150.jpg 150w, https:\/\/www.jessar.ca\/wp-content\/uploads\/6-00029-768x768.jpg 768w, https:\/\/www.jessar.ca\/wp-content\/uploads\/6-00029-240x240.jpg 240w, https:\/\/www.jessar.ca\/wp-content\/uploads\/6-00029-110x110.jpg 110w, https:\/\/www.jessar.ca\/wp-content\/uploads\/6-00029-65x65.jpg 65w, https:\/\/www.jessar.ca\/wp-content\/uploads\/6-00029-50x50.jpg 50w, https:\/\/www.jessar.ca\/wp-content\/uploads\/6-00029-800x800.jpg 800w, https:\/\/www.jessar.ca\/wp-content\/uploads\/6-00029-100x100.jpg 100w, https:\/\/www.jessar.ca\/wp-content\/uploads\/6-00029.jpg 1200w\" sizes=\"(max-width: 640px) 100vw, 640px\" \/><\/div>\n\t\t\t\t\t<div class=\"wc-block-grid__product-title\">TAMPON EN ACIER INOXYDABLE <br><br> #6-00029<\/div>\n\t\t\t\t<\/a>\n\t\t\t\t\n\t\t\t\t\n\t\t\t\t\n\t\t\t\t\n\t\t\t<\/li><li class=\"wc-block-grid__product\">\n\t\t\t\t<a href=\"https:\/\/www.jessar.ca\/fr\/produit\/refillable-sponge-head-2pk\/\" class=\"wc-block-grid__product-link\">\n\t\t\t\t\t<div class=\"wc-block-grid__product-image\"><img width=\"640\" height=\"640\" src=\"https:\/\/www.jessar.ca\/wp-content\/uploads\/6-00028-640x640.jpg\" class=\"attachment-woocommerce_thumbnail size-woocommerce_thumbnail\" alt=\"\" loading=\"lazy\" srcset=\"https:\/\/www.jessar.ca\/wp-content\/uploads\/6-00028-640x640.jpg 640w, https:\/\/www.jessar.ca\/wp-content\/uploads\/6-00028-300x300.jpg 300w, https:\/\/www.jessar.ca\/wp-content\/uploads\/6-00028-1024x1024.jpg 1024w, https:\/\/www.jessar.ca\/wp-content\/uploads\/6-00028-150x150.jpg 150w, https:\/\/www.jessar.ca\/wp-content\/uploads\/6-00028-768x768.jpg 768w, https:\/\/www.jessar.ca\/wp-content\/uploads\/6-00028-240x240.jpg 240w, https:\/\/www.jessar.ca\/wp-content\/uploads\/6-00028-110x110.jpg 110w, https:\/\/www.jessar.ca\/wp-content\/uploads\/6-00028-65x65.jpg 65w, https:\/\/www.jessar.ca\/wp-content\/uploads\/6-00028-50x50.jpg 50w, https:\/\/www.jessar.ca\/wp-content\/uploads\/6-00028-800x800.jpg 800w, https:\/\/www.jessar.ca\/wp-content\/uploads\/6-00028-100x100.jpg 100w, https:\/\/www.jessar.ca\/wp-content\/uploads\/6-00028.jpg 1200w\" sizes=\"(max-width: 640px) 100vw, 640px\" \/><\/div>\n\t\t\t\t\t<div class=\"wc-block-grid__product-title\">RECHANGE DE T\u00caTE D'\u00c9PONGES (2PK) <br><br> #6-00028<\/div>\n\t\t\t\t<\/a>\n\t\t\t\t\n\t\t\t\t\n\t\t\t\t\n\t\t\t\t\n\t\t\t<\/li><li class=\"wc-block-grid__product\">\n\t\t\t\t<a href=\"https:\/\/www.jessar.ca\/fr\/produit\/refillable-dishwand\/\" class=\"wc-block-grid__product-link\">\n\t\t\t\t\t<div class=\"wc-block-grid__product-image\"><img width=\"640\" height=\"640\" src=\"https:\/\/www.jessar.ca\/wp-content\/uploads\/6-00027-640x640.jpg\" class=\"attachment-woocommerce_thumbnail size-woocommerce_thumbnail\" alt=\"\" loading=\"lazy\" srcset=\"https:\/\/www.jessar.ca\/wp-content\/uploads\/6-00027-640x640.jpg 640w, https:\/\/www.jessar.ca\/wp-content\/uploads\/6-00027-300x300.jpg 300w, https:\/\/www.jessar.ca\/wp-content\/uploads\/6-00027-1024x1024.jpg 1024w, https:\/\/www.jessar.ca\/wp-content\/uploads\/6-00027-150x150.jpg 150w, https:\/\/www.jessar.ca\/wp-content\/uploads\/6-00027-768x768.jpg 768w, https:\/\/www.jessar.ca\/wp-content\/uploads\/6-00027-240x240.jpg 240w, https:\/\/www.jessar.ca\/wp-content\/uploads\/6-00027-110x110.jpg 110w, https:\/\/www.jessar.ca\/wp-content\/uploads\/6-00027-65x65.jpg 65w, https:\/\/www.jessar.ca\/wp-content\/uploads\/6-00027-50x50.jpg 50w, https:\/\/www.jessar.ca\/wp-content\/uploads\/6-00027-800x800.jpg 800w, https:\/\/www.jessar.ca\/wp-content\/uploads\/6-00027-100x100.jpg 100w, https:\/\/www.jessar.ca\/wp-content\/uploads\/6-00027.jpg 1200w\" sizes=\"(max-width: 640px) 100vw, 640px\" \/><\/div>\n\t\t\t\t\t<div class=\"wc-block-grid__product-title\">BROSSE POUR LA VAISSELLE REMPLISSABLE <br><br> #6-00027<\/div>\n\t\t\t\t<\/a>\n\t\t\t\t\n\t\t\t\t\n\t\t\t\t\n\t\t\t\t\n\t\t\t<\/li><li class=\"wc-block-grid__product\">\n\t\t\t\t<a href=\"https:\/\/www.jessar.ca\/fr\/produit\/wash-sponge\/\" class=\"wc-block-grid__product-link\">\n\t\t\t\t\t<div class=\"wc-block-grid__product-image\"><img width=\"640\" height=\"640\" src=\"https:\/\/www.jessar.ca\/wp-content\/uploads\/6-00026-640x640.jpg\" class=\"attachment-woocommerce_thumbnail size-woocommerce_thumbnail\" alt=\"\" loading=\"lazy\" srcset=\"https:\/\/www.jessar.ca\/wp-content\/uploads\/6-00026-640x640.jpg 640w, https:\/\/www.jessar.ca\/wp-content\/uploads\/6-00026-300x300.jpg 300w, https:\/\/www.jessar.ca\/wp-content\/uploads\/6-00026-1024x1024.jpg 1024w, https:\/\/www.jessar.ca\/wp-content\/uploads\/6-00026-150x150.jpg 150w, https:\/\/www.jessar.ca\/wp-content\/uploads\/6-00026-768x768.jpg 768w, https:\/\/www.jessar.ca\/wp-content\/uploads\/6-00026-240x240.jpg 240w, https:\/\/www.jessar.ca\/wp-content\/uploads\/6-00026-110x110.jpg 110w, https:\/\/www.jessar.ca\/wp-content\/uploads\/6-00026-65x65.jpg 65w, https:\/\/www.jessar.ca\/wp-content\/uploads\/6-00026-50x50.jpg 50w, https:\/\/www.jessar.ca\/wp-content\/uploads\/6-00026-800x800.jpg 800w, https:\/\/www.jessar.ca\/wp-content\/uploads\/6-00026-100x100.jpg 100w, https:\/\/www.jessar.ca\/wp-content\/uploads\/6-00026.jpg 1200w\" sizes=\"(max-width: 640px) 100vw, 640px\" \/><\/div>\n\t\t\t\t\t<div class=\"wc-block-grid__product-title\">\u00c9PONGE DE LAVAGE <br><br> #6-00026<\/div>\n\t\t\t\t<\/a>\n\t\t\t\t\n\t\t\t\t\n\t\t\t\t\n\t\t\t\t\n\t\t\t<\/li><li class=\"wc-block-grid__product\">\n\t\t\t\t<a href=\"https:\/\/www.jessar.ca\/fr\/produit\/multi-purpose-soft-sponge-5pk\/\" class=\"wc-block-grid__product-link\">\n\t\t\t\t\t<div class=\"wc-block-grid__product-image\"><img width=\"558\" height=\"558\" src=\"https:\/\/www.jessar.ca\/wp-content\/uploads\/6-00031.png\" class=\"attachment-woocommerce_thumbnail size-woocommerce_thumbnail\" alt=\"\" loading=\"lazy\" srcset=\"https:\/\/www.jessar.ca\/wp-content\/uploads\/6-00031.png 558w, https:\/\/www.jessar.ca\/wp-content\/uploads\/6-00031-300x300.png 300w, https:\/\/www.jessar.ca\/wp-content\/uploads\/6-00031-150x150.png 150w, https:\/\/www.jessar.ca\/wp-content\/uploads\/6-00031-240x240.png 240w, https:\/\/www.jessar.ca\/wp-content\/uploads\/6-00031-110x110.png 110w, https:\/\/www.jessar.ca\/wp-content\/uploads\/6-00031-65x65.png 65w, https:\/\/www.jessar.ca\/wp-content\/uploads\/6-00031-50x50.png 50w, https:\/\/www.jessar.ca\/wp-content\/uploads\/6-00031-100x100.png 100w\" sizes=\"(max-width: 558px) 100vw, 558px\" \/><\/div>\n\t\t\t\t\t<div class=\"wc-block-grid__product-title\">\u00c9PONGES \u00c0 USAGES MULTIPLES (5PK) <br><br> #6-00031<\/div>\n\t\t\t\t<\/a>\n\t\t\t\t\n\t\t\t\t\n\t\t\t\t\n\t\t\t\t\n\t\t\t<\/li><li class=\"wc-block-grid__product\">\n\t\t\t\t<a href=\"https:\/\/www.jessar.ca\/fr\/produit\/scouring-sponge-for-stainless-steel-2pk\/\" class=\"wc-block-grid__product-link\">\n\t\t\t\t\t<div class=\"wc-block-grid__product-image\"><img width=\"640\" height=\"640\" src=\"https:\/\/www.jessar.ca\/wp-content\/uploads\/6-00025-640x640.jpg\" class=\"attachment-woocommerce_thumbnail size-woocommerce_thumbnail\" alt=\"\" loading=\"lazy\" srcset=\"https:\/\/www.jessar.ca\/wp-content\/uploads\/6-00025-640x640.jpg 640w, https:\/\/www.jessar.ca\/wp-content\/uploads\/6-00025-300x300.jpg 300w, https:\/\/www.jessar.ca\/wp-content\/uploads\/6-00025-1024x1024.jpg 1024w, https:\/\/www.jessar.ca\/wp-content\/uploads\/6-00025-150x150.jpg 150w, https:\/\/www.jessar.ca\/wp-content\/uploads\/6-00025-768x768.jpg 768w, https:\/\/www.jessar.ca\/wp-content\/uploads\/6-00025-240x240.jpg 240w, https:\/\/www.jessar.ca\/wp-content\/uploads\/6-00025-110x110.jpg 110w, https:\/\/www.jessar.ca\/wp-content\/uploads\/6-00025-65x65.jpg 65w, https:\/\/www.jessar.ca\/wp-content\/uploads\/6-00025-50x50.jpg 50w, https:\/\/www.jessar.ca\/wp-content\/uploads\/6-00025-800x800.jpg 800w, https:\/\/www.jessar.ca\/wp-content\/uploads\/6-00025-100x100.jpg 100w, https:\/\/www.jessar.ca\/wp-content\/uploads\/6-00025.jpg 1200w\" sizes=\"(max-width: 640px) 100vw, 640px\" \/><\/div>\n\t\t\t\t\t<div class=\"wc-block-grid__product-title\">\u00c9PONGES POUR L'ACIER INOXYDABLE (2PK) <br><br> #6-00025<\/div>\n\t\t\t\t<\/a>\n\t\t\t\t\n\t\t\t\t\n\t\t\t\t\n\t\t\t\t\n\t\t\t<\/li><li class=\"wc-block-grid__product\">\n\t\t\t\t<a href=\"https:\/\/www.jessar.ca\/fr\/produit\/hand-grip-cleaning-sponge-3pk\/\" class=\"wc-block-grid__product-link\">\n\t\t\t\t\t<div class=\"wc-block-grid__product-image\"><img width=\"640\" height=\"640\" src=\"https:\/\/www.jessar.ca\/wp-content\/uploads\/6-00023-640x640.jpg\" class=\"attachment-woocommerce_thumbnail size-woocommerce_thumbnail\" alt=\"\" loading=\"lazy\" srcset=\"https:\/\/www.jessar.ca\/wp-content\/uploads\/6-00023-640x640.jpg 640w, https:\/\/www.jessar.ca\/wp-content\/uploads\/6-00023-300x300.jpg 300w, https:\/\/www.jessar.ca\/wp-content\/uploads\/6-00023-1024x1024.jpg 1024w, https:\/\/www.jessar.ca\/wp-content\/uploads\/6-00023-150x150.jpg 150w, https:\/\/www.jessar.ca\/wp-content\/uploads\/6-00023-768x768.jpg 768w, https:\/\/www.jessar.ca\/wp-content\/uploads\/6-00023-240x240.jpg 240w, https:\/\/www.jessar.ca\/wp-content\/uploads\/6-00023-110x110.jpg 110w, https:\/\/www.jessar.ca\/wp-content\/uploads\/6-00023-65x65.jpg 65w, https:\/\/www.jessar.ca\/wp-content\/uploads\/6-00023-50x50.jpg 50w, https:\/\/www.jessar.ca\/wp-content\/uploads\/6-00023-800x800.jpg 800w, https:\/\/www.jessar.ca\/wp-content\/uploads\/6-00023-100x100.jpg 100w, https:\/\/www.jessar.ca\/wp-content\/uploads\/6-00023.jpg 1200w\" sizes=\"(max-width: 640px) 100vw, 640px\" \/><\/div>\n\t\t\t\t\t<div class=\"wc-block-grid__product-title\">\u00c9PONGES DE NETTOYAGE \u00c0 POIGN\u00c9E (3PK) <br><br> #6-00023<\/div>\n\t\t\t\t<\/a>\n\t\t\t\t\n\t\t\t\t\n\t\t\t\t\n\t\t\t\t\n\t\t\t<\/li><\/ul><\/div>","protected":false},"excerpt":{"rendered":"","protected":false},"author":5,"featured_media":0,"parent":81,"menu_order":0,"comment_status":"closed","ping_status":"closed","template":"","meta":[],"_links":{"self":[{"href":"https:\/\/www.jessar.ca\/fr\/wp-json\/wp\/v2\/pages\/5222"}],"collection":[{"href":"https:\/\/www.jessar.ca\/fr\/wp-json\/wp\/v2\/pages"}],"about":[{"href":"https:\/\/www.jessar.ca\/fr\/wp-json\/wp\/v2\/types\/page"}],"author":[{"embeddable":true,"href":"https:\/\/www.jessar.ca\/fr\/wp-json\/wp\/v2\/users\/5"}],"replies":[{"embeddable":true,"href":"https:\/\/www.jessar.ca\/fr\/wp-json\/wp\/v2\/comments?post=5222"}],"version-history":[{"count":2,"href":"https:\/\/www.jessar.ca\/fr\/wp-json\/wp\/v2\/pages\/5222\/revisions"}],"predecessor-version":[{"id":5348,"href":"https:\/\/www.jessar.ca\/fr\/wp-json\/wp\/v2\/pages\/5222\/revisions\/5348"}],"up":[{"embeddable":true,"href":"https:\/\/www.jessar.ca\/fr\/wp-json\/wp\/v2\/pages\/81"}],"wp:attachment":[{"href":"https:\/\/www.jessar.ca\/fr\/wp-json\/wp\/v2\/media?parent=5222"}],"curies":[{"name":"wp","href":"https:\/\/api.w.org\/{rel}","templated":true}]}}