{"id":65,"date":"2020-09-03T02:52:15","date_gmt":"2020-09-03T02:52:15","guid":{"rendered":"http:\/\/10.50.100.5\/?page_id=65"},"modified":"2021-01-21T00:37:26","modified_gmt":"2021-01-21T00:37:26","slug":"contact","status":"publish","type":"page","link":"https:\/\/www.jessar.ca\/fr\/contact\/","title":{"rendered":"Nous joindre"},"content":{"rendered":"<div style=\"height:21px\" aria-hidden=\"true\" class=\"wp-block-spacer\"><\/div>\n\n\n\n<h2 class=\"has-text-align-center\">Montr\u00e9al region<\/h2>\n\n\n\n<div style=\"height:33px\" aria-hidden=\"true\" class=\"wp-block-spacer\"><\/div>\n\n\n\n<div class=\"wp-block-columns\">\n<div class=\"wp-block-column\" style=\"flex-basis:33.33%\">\n<p class=\"has-text-align-right\"><strong>Jessar Industries Inc.<\/strong><br>341 All\u00e9e du Golf<br>St-Eustache Qu\u00e9bec<br>Canada J7R 0L5<\/p>\n\n\n\n<p class=\"has-text-align-right\"><strong>T\u00e9l:&nbsp;&nbsp;<\/strong><a href=\"fax: 14504721280\">(450) 472-0280<\/a><br><strong>Fax:<\/strong>&nbsp;<a href=\"fax: 14504721280\">(450) 472-1280<\/a><\/p>\n\n\n\n<p class=\"has-text-align-right\"><strong>Courriel:&nbsp;<\/strong><a href=\"mailto:info@jessar.ca\">info@jessar.ca<\/a><\/p>\n\n\n\n<p class=\"has-text-align-right\"><strong>Web:<\/strong>&nbsp;<a href=\"https:\/\/www.jessar.ca\/fr\/\">www.jessar.ca<\/a><\/p>\n<\/div>\n\n\n\n<div class=\"wp-block-column\" style=\"flex-basis:66.66%\">\n<iframe src=\"https:\/\/www.google.com\/maps\/embed?pb=!1m14!1m8!1m3!1d11174.553345995526!2d-73.9303804!3d45.5576005!3m2!1i1024!2i768!4f13.1!3m3!1m2!1s0x0%3A0xfafe8afb40da122c!2sJessar%20Inc!5e0!3m2!1sen!2sca!4v1597118154781!5m2!1sen!2sca\" width=\"800\" height=\"500\" frameborder=\"0\" style=\"border:0;\" allowfullscreen=\"\" aria-hidden=\"false\" tabindex=\"0\"><\/iframe>\n<\/div>\n<\/div>\n\n\n\n<div style=\"height:56px\" aria-hidden=\"true\" class=\"wp-block-spacer\"><\/div>","protected":false},"excerpt":{"rendered":"<p>Montr\u00e9al region Jessar Industries Inc.341 All\u00e9e du GolfSt-Eustache Qu\u00e9becCanada J7R 0L5 Tel:&nbsp;&nbsp;(450) 472-0280Fax:&nbsp;(450) 472-1280 E-mail:&nbsp;info@jessar.ca Web:&nbsp;www.jessar.ca<\/p>","protected":false},"author":2,"featured_media":146,"parent":0,"menu_order":0,"comment_status":"closed","ping_status":"closed","template":"templates\/full-width-page.php","meta":[],"_links":{"self":[{"href":"https:\/\/www.jessar.ca\/fr\/wp-json\/wp\/v2\/pages\/65"}],"collection":[{"href":"https:\/\/www.jessar.ca\/fr\/wp-json\/wp\/v2\/pages"}],"about":[{"href":"https:\/\/www.jessar.ca\/fr\/wp-json\/wp\/v2\/types\/page"}],"author":[{"embeddable":true,"href":"https:\/\/www.jessar.ca\/fr\/wp-json\/wp\/v2\/users\/2"}],"replies":[{"embeddable":true,"href":"https:\/\/www.jessar.ca\/fr\/wp-json\/wp\/v2\/comments?post=65"}],"version-history":[{"count":5,"href":"https:\/\/www.jessar.ca\/fr\/wp-json\/wp\/v2\/pages\/65\/revisions"}],"predecessor-version":[{"id":4131,"href":"https:\/\/www.jessar.ca\/fr\/wp-json\/wp\/v2\/pages\/65\/revisions\/4131"}],"wp:featuredmedia":[{"embeddable":true,"href":"https:\/\/www.jessar.ca\/fr\/wp-json\/wp\/v2\/media\/146"}],"wp:attachment":[{"href":"https:\/\/www.jessar.ca\/fr\/wp-json\/wp\/v2\/media?parent=65"}],"curies":[{"name":"wp","href":"https:\/\/api.w.org\/{rel}","templated":true}]}}