{"id":67,"date":"2020-09-03T02:53:37","date_gmt":"2020-09-03T06:53:37","guid":{"rendered":"http:\/\/10.50.100.5\/?page_id=67"},"modified":"2021-08-25T11:34:18","modified_gmt":"2021-08-25T15:34:18","slug":"faq","status":"publish","type":"page","link":"https:\/\/www.jessar.ca\/fr\/faq\/","title":{"rendered":"FAQ"},"content":{"rendered":"<h2>Foire aux questions pour l'application SmartLife<\/h2>\n\n\n\n<div class=\"wp-block-group\"><div class=\"wp-block-group__inner-container\">\n<div class=\"wp-block-group\"><div class=\"wp-block-group__inner-container\"><\/div><\/div>\n\n\n\n<div class=\"collapseomatic arrowright\" id=\"id69f42e01c9c3e\"  tabindex=\"0\" title=\"Q : Comment t\u00e9l\u00e9charger l&#039;application Smart Life sur votre smartphone et cr\u00e9er votre compte sur Smart Life ?\"    >Q : Comment t\u00e9l\u00e9charger l'application Smart Life sur votre smartphone et cr\u00e9er votre compte sur Smart Life ?<\/div><div id=\"target-id69f42e01c9c3e\" class=\"collapseomatic_content\"><b>R : Voici la premi\u00e8re \u00e9tape de votre exp\u00e9rience SmartLife<\/b><\/p>\n<div class=\"container\"><input id=\"zoomCheck\" type=\"checkbox\"><br><label for=\"zoomCheck\"><br><img src=\"https:\/\/www.jessar.ca\/wp-content\/uploads\/STEP-1-FR-08-scaled.jpg\"><br><\/label><\/div>\n<p><input id=\"zoomCheck2\" type=\"checkbox\"><br><label for=\"zoomCheck2\"><br><img src=\"https:\/\/www.jessar.ca\/wp-content\/uploads\/STEP-1-FR-09-scaled.jpg\"><br><\/label><\/p>\n<\/div>\n\n\n\n<div class=\"collapseomatic arrowright\" id=\"id69f42e01c9ccc\"  tabindex=\"0\" title=\"Q : Comment configurer votre appareil avec Smart Life ?\"    >Q : Comment configurer votre appareil avec Smart Life ?<\/div><div id=\"target-id69f42e01c9ccc\" class=\"collapseomatic_content\"><b>R : Configurez votre appareil avec votre t\u00e9l\u00e9phone<\/b><div class=\"container\">\n  <input type=\"checkbox\" id=\"zoomCheckTEST\">\n  <label for=\"zoomCheckTEST\">\n    <img src=\"https:\/\/www.jessar.ca\/wp-content\/uploads\/STEP-3-FR-10-scaled.jpg\" link_to_img=\"yes\">\n      <\/label><\/div> \n<input type=\"checkbox\" id=\"zoomCheckTEST2\">\n  <label for=\"zoomCheckTEST2\">\n    <img src=\"https:\/\/www.jessar.ca\/wp-content\/uploads\/STEP-3-FR-11-scaled.jpg\" link_to_img=\"yes\">\n <\/label><\/div><\/div>\n\n\n\n<div class=\"collapseomatic arrowright\" id=\"id69f42e01c9cff\"  tabindex=\"0\" title=\"Q : Comment puis-je voir si mon iPhone est sur un r\u00e9seau 2,4 GHz ? (Pour les utilisateurs Android, veuillez v\u00e9rifier votre routeur)\"    >Q : Comment puis-je voir si mon iPhone est sur un r\u00e9seau 2,4 GHz ? (Pour les utilisateurs Android, veuillez v\u00e9rifier votre routeur)<\/div><div id=\"target-id69f42e01c9cff\" class=\"collapseomatic_content\"><b>R : Vous devez vous assurer que votre r\u00e9seau est r\u00e9gl\u00e9 sur 2,4 Ghz<\/b><\/p>\n<div class=\"container\"><input id=\"zoom2.4\" type=\"checkbox\"> <label for=\"zoom2.4\"> <img src=\"https:\/\/www.jessar.ca\/wp-content\/uploads\/STEP-2-FR-02-scaled.jpg\"> <\/label><\/div>\n<p><input id=\"zoom2.42\" type=\"checkbox\"> <label for=\"zoom2.42\"> <img src=\"https:\/\/www.jessar.ca\/wp-content\/uploads\/STEP-2-FR-03-scaled.jpg\"> <\/label><\/div>\n\n\n\n<div class=\"wp-block-group\"><div class=\"wp-block-group__inner-container\">\n<div class=\"collapseomatic arrowright\" id=\"id69f42e01c9d2c\"  tabindex=\"0\" title=\"Q : Comment puis-je me connecter en mode AP ?\"    >Q : Comment puis-je me connecter en mode AP ?<\/div><div id=\"target-id69f42e01c9d2c\" class=\"collapseomatic_content\"><b>A: si le mode normal (EZ) ne fonctionne pas<\/b><div class=\"container\">\n  <input type=\"checkbox\" id=\"zoomCheckTEST12\">\n  <label for=\"zoomCheckTEST12\">\n    <img src=\"https:\/\/www.jessar.ca\/wp-content\/uploads\/AP-MODE-FRxfdgvhbknjlmmjnbgcvfdx-03-scaled.jpg\" link_to_img=\"yes\">\n      <\/label><\/div> \n<input type=\"checkbox\" id=\"zoomCheckTEST32\">\n  <label for=\"zoomCheckTEST32\">\n    <img src=\"https:\/\/www.jessar.ca\/wp-content\/uploads\/AP-MODE-FR-04-04-scaled.jpg\" link_to_img=\"yes\">\n <\/label><\/div><\/div>\n<\/div><\/div>\n\n\n<div class=\"collapseomatic arrowright\" id=\"id69f42e01c9d52\"  tabindex=\"0\" title=\"Q : Comment mettre \u00e0 jour ?\"    >Q : Comment mettre \u00e0 jour ?<\/div><div id=\"target-id69f42e01c9d52\" class=\"collapseomatic_content\"><b>R\u00a0: Vous devez vous assurer que votre application SmartLife est mise \u00e0 jour<\/b><\/p>\n<div class=\"zoom-without-container\"><img src=\"https:\/\/www.jessar.ca\/wp-content\/uploads\/update-fr-07-scaled.jpg\" link_to_img=\"yes\"><\/div>\n<\/div>\n\n\n<div class=\"collapseomatic arrowright\" id=\"id69f42e01c9d77\"  tabindex=\"0\" title=\"Q : Comment renommer un appareil ?\"    >Q : Comment renommer un appareil ?<\/div><div id=\"target-id69f42e01c9d77\" class=\"collapseomatic_content\"><b>R : Le m\u00eame nom sera utilis\u00e9 pour la commande vocale<\/b><\/p>\n<div class=\"zoom-without-container\"><img src=\"https:\/\/www.jessar.ca\/wp-content\/uploads\/rename-fr-04-scaled.jpg\" link_to_img=\"yes\"><\/div>\n<\/div>\n\n\n<div class=\"collapseomatic arrowright\" id=\"id69f42e01c9d9b\"  tabindex=\"0\" title=\"Q : Comment changer l&#039;ic\u00f4ne d&#039;un appareil ?\"    >Q : Comment changer l'ic\u00f4ne d'un appareil ?<\/div><div id=\"target-id69f42e01c9d9b\" class=\"collapseomatic_content\"><b>R\u00a0: Cela vous aidera \u00e0 organiser vos appareils<\/b><\/p>\n<div class=\"zoom-without-container\"><img src=\"https:\/\/www.jessar.ca\/wp-content\/uploads\/icon-fr-04-scaled.jpg\" link_to_img=\"yes\"><\/div>\n<\/div>\n\n\n<div class=\"collapseomatic arrowright\" id=\"id69f42e01c9dbe\"  tabindex=\"0\" title=\"Q : Comment cr\u00e9er un groupe ?\"    >Q : Comment cr\u00e9er un groupe ?<\/div><div id=\"target-id69f42e01c9dbe\" class=\"collapseomatic_content\"><b>R : Vous pourrez contr\u00f4ler plusieurs appareils \u00e0 la fois<\/b><\/p>\n<div class=\"zoom-without-container\"><img src=\"https:\/\/www.jessar.ca\/wp-content\/uploads\/groupe-fr-06-scaled.jpg\" link_to_img=\"yes\"><\/div>\n<\/div>\n\n\n<div class=\"collapseomatic arrowright\" id=\"id69f42e01c9de1\"  tabindex=\"0\" title=\"Q : Comment partager ? (La personne avec qui vous partagez devra avoir un compte SmartLife)\"    >Q : Comment partager ? (La personne avec qui vous partagez devra avoir un compte SmartLife)<\/div><div id=\"target-id69f42e01c9de1\" class=\"collapseomatic_content\"><b>R : Vous pourrez partager vos appareils intelligents avec quelqu'un<\/b><\/p>\n<div class=\"zoom-without-container\"><img src=\"https:\/\/www.jessar.ca\/wp-content\/uploads\/share-fr-07-scaled.jpg\" link_to_img=\"yes\"><\/div>\n<\/div>\n\n\n<div class=\"collapseomatic arrowright\" id=\"id69f42e01c9e05\"  tabindex=\"0\" title=\"Q : Comment supprimer un appareil ? \"    >Q : Comment supprimer un appareil ? <\/div><div id=\"target-id69f42e01c9e05\" class=\"collapseomatic_content\"><b>A : Supprimer un appareil de votre biblioth\u00e8que<\/b><\/p>\n<div class=\"zoom-without-container\"><img src=\"https:\/\/www.jessar.ca\/wp-content\/uploads\/del-fr-06-scaled.jpg\" link_to_img=\"yes\"><\/div>\n<\/div>\n\n\n\n<h2><strong>Foire aux questions pour une utilisation par des tiers<\/strong> (Google &amp; Alexa)<\/h2>\n\n\n\n<div class=\"collapseomatic arrowright\" id=\"id69f42e01c9e27\"  tabindex=\"0\" title=\"Q : Comment configurer votre appareil avec Google Home ?\"    >Q : Comment configurer votre appareil avec Google Home ?<\/div><div id=\"target-id69f42e01c9e27\" class=\"collapseomatic_content\">\n<div class=\"container\"><input id=\"zoomCheckGOOG10\" type=\"checkbox\"> <label for=\"zoomCheckGOOG10\"> <img src=\"https:\/\/www.jessar.ca\/wp-content\/uploads\/GOOGLE-FAQ-FR-05-1-scaled.jpg\"> <input id=\"zoomCheckGOOG20\" type=\"checkbox\"> <label for=\"zoomCheckGOOG20\"> <img src=\"https:\/\/www.jessar.ca\/wp-content\/uploads\/GOOGLE-FAQ-FR-06-1-scaled.jpg\"><input id=\"zoomCheckGOOG30\" type=\"checkbox\"> <label for=\"zoomCheckGOOG30\"> <img src=\"https:\/\/www.jessar.ca\/wp-content\/uploads\/GOOGLE-FAQ-FR-07-1-scaled.jpg\"> <\/label><\/div>\n<\/div>\n\n\n<div class=\"collapseomatic arrowright\" id=\"id69f42e01c9e4a\"  tabindex=\"0\" title=\"Q : Comment configurer votre appareil avec Alexa ?\"    >Q : Comment configurer votre appareil avec Alexa ?<\/div><div id=\"target-id69f42e01c9e4a\" class=\"collapseomatic_content\">\n<div class=\"zoom-without-container\"><img src=\"https:\/\/www.jessar.ca\/wp-content\/uploads\/AMAZON-FAQ-04-scaled.jpg\" link_to_img=\"yes\"><\/div>\n<\/div>\n\n\n\n<p><\/p>\n<\/div><\/div>\n\n\n\n<p><\/p>","protected":false},"excerpt":{"rendered":"<p>Foire aux questions pour l'application SmartLife<\/p>","protected":false},"author":2,"featured_media":8537,"parent":0,"menu_order":0,"comment_status":"closed","ping_status":"closed","template":"","meta":[],"_links":{"self":[{"href":"https:\/\/www.jessar.ca\/fr\/wp-json\/wp\/v2\/pages\/67"}],"collection":[{"href":"https:\/\/www.jessar.ca\/fr\/wp-json\/wp\/v2\/pages"}],"about":[{"href":"https:\/\/www.jessar.ca\/fr\/wp-json\/wp\/v2\/types\/page"}],"author":[{"embeddable":true,"href":"https:\/\/www.jessar.ca\/fr\/wp-json\/wp\/v2\/users\/2"}],"replies":[{"embeddable":true,"href":"https:\/\/www.jessar.ca\/fr\/wp-json\/wp\/v2\/comments?post=67"}],"version-history":[{"count":5,"href":"https:\/\/www.jessar.ca\/fr\/wp-json\/wp\/v2\/pages\/67\/revisions"}],"predecessor-version":[{"id":8529,"href":"https:\/\/www.jessar.ca\/fr\/wp-json\/wp\/v2\/pages\/67\/revisions\/8529"}],"wp:featuredmedia":[{"embeddable":true,"href":"https:\/\/www.jessar.ca\/fr\/wp-json\/wp\/v2\/media\/8537"}],"wp:attachment":[{"href":"https:\/\/www.jessar.ca\/fr\/wp-json\/wp\/v2\/media?parent=67"}],"curies":[{"name":"wp","href":"https:\/\/api.w.org\/{rel}","templated":true}]}}