{"id":9768,"date":"2023-05-08T10:13:08","date_gmt":"2023-05-08T14:13:08","guid":{"rendered":"https:\/\/www.jessar.ca\/?page_id=9768"},"modified":"2025-06-09T09:27:40","modified_gmt":"2025-06-09T13:27:40","slug":"storage-and-organization","status":"publish","type":"page","link":"https:\/\/www.jessar.ca\/fr\/products\/housewares\/furniture-and-accessories\/storage-and-organization\/","title":{"rendered":"Stockage et organisation"},"content":{"rendered":"<div class=\"breadcrumbs\" typeof=\"BreadcrumbList\" vocab=\"https:\/\/schema.org\/\"><span property=\"itemListElement\" typeof=\"ListItem\"><a property=\"item\" typeof=\"WebPage\" title=\"Go to Jessar.\" href=\"https:\/\/www.jessar.ca\/fr\" class=\"home\" aria-current=\"page\"><span property=\"name\">Jessar<\/span><\/a><meta property=\"position\" content=\"1\"><\/span><\/div>\n\n<div class=\"wc-block-grid wp-block-product-category wc-block-product-category has-4-columns has-multiple-rows\"><ul class=\"wc-block-grid__products\"><li class=\"wc-block-grid__product\">\n\t\t\t\t<a href=\"https:\/\/www.jessar.ca\/fr\/produit\/kitchen-trolley-7-98096\/\" class=\"wc-block-grid__product-link\">\n\t\t\t\t\t<div class=\"wc-block-grid__product-image\"><img width=\"640\" height=\"640\" src=\"https:\/\/www.jessar.ca\/wp-content\/uploads\/7-98096-640x640.jpg\" class=\"attachment-woocommerce_thumbnail size-woocommerce_thumbnail\" alt=\"\" loading=\"lazy\" srcset=\"https:\/\/www.jessar.ca\/wp-content\/uploads\/7-98096-640x640.jpg 640w, https:\/\/www.jessar.ca\/wp-content\/uploads\/7-98096-300x300.jpg 300w, https:\/\/www.jessar.ca\/wp-content\/uploads\/7-98096-1024x1024.jpg 1024w, https:\/\/www.jessar.ca\/wp-content\/uploads\/7-98096-150x150.jpg 150w, https:\/\/www.jessar.ca\/wp-content\/uploads\/7-98096-768x768.jpg 768w, https:\/\/www.jessar.ca\/wp-content\/uploads\/7-98096-12x12.jpg 12w, https:\/\/www.jessar.ca\/wp-content\/uploads\/7-98096-240x240.jpg 240w, https:\/\/www.jessar.ca\/wp-content\/uploads\/7-98096-110x110.jpg 110w, https:\/\/www.jessar.ca\/wp-content\/uploads\/7-98096-65x65.jpg 65w, https:\/\/www.jessar.ca\/wp-content\/uploads\/7-98096-50x50.jpg 50w, https:\/\/www.jessar.ca\/wp-content\/uploads\/7-98096-800x800.jpg 800w, https:\/\/www.jessar.ca\/wp-content\/uploads\/7-98096-100x100.jpg 100w, https:\/\/www.jessar.ca\/wp-content\/uploads\/7-98096.jpg 1500w\" sizes=\"(max-width: 640px) 100vw, 640px\" \/><\/div>\n\t\t\t\t\t<div class=\"wc-block-grid__product-title\">KITCHEN TROLLEY <br><br> #7-98096<\/div>\n\t\t\t\t<\/a>\n\t\t\t\t\n\t\t\t\t\n\t\t\t\t\n\t\t\t\t\n\t\t\t<\/li><li class=\"wc-block-grid__product\">\n\t\t\t\t<a href=\"https:\/\/www.jessar.ca\/fr\/produit\/bench-7-98093\/\" class=\"wc-block-grid__product-link\">\n\t\t\t\t\t<div class=\"wc-block-grid__product-image\"><img width=\"640\" height=\"640\" src=\"https:\/\/www.jessar.ca\/wp-content\/uploads\/7-98093-640x640.jpg\" class=\"attachment-woocommerce_thumbnail size-woocommerce_thumbnail\" alt=\"\" loading=\"lazy\" srcset=\"https:\/\/www.jessar.ca\/wp-content\/uploads\/7-98093-640x640.jpg 640w, https:\/\/www.jessar.ca\/wp-content\/uploads\/7-98093-300x300.jpg 300w, https:\/\/www.jessar.ca\/wp-content\/uploads\/7-98093-1024x1024.jpg 1024w, https:\/\/www.jessar.ca\/wp-content\/uploads\/7-98093-150x150.jpg 150w, https:\/\/www.jessar.ca\/wp-content\/uploads\/7-98093-768x768.jpg 768w, https:\/\/www.jessar.ca\/wp-content\/uploads\/7-98093-12x12.jpg 12w, https:\/\/www.jessar.ca\/wp-content\/uploads\/7-98093-240x240.jpg 240w, https:\/\/www.jessar.ca\/wp-content\/uploads\/7-98093-110x110.jpg 110w, https:\/\/www.jessar.ca\/wp-content\/uploads\/7-98093-65x65.jpg 65w, https:\/\/www.jessar.ca\/wp-content\/uploads\/7-98093-50x50.jpg 50w, https:\/\/www.jessar.ca\/wp-content\/uploads\/7-98093-800x800.jpg 800w, https:\/\/www.jessar.ca\/wp-content\/uploads\/7-98093-100x100.jpg 100w, https:\/\/www.jessar.ca\/wp-content\/uploads\/7-98093.jpg 1500w\" sizes=\"(max-width: 640px) 100vw, 640px\" \/><\/div>\n\t\t\t\t\t<div class=\"wc-block-grid__product-title\">TABOURET \u00c0 LANGER BLANC <br><br> #7-98093<\/div>\n\t\t\t\t<\/a>\n\t\t\t\t\n\t\t\t\t\n\t\t\t\t\n\t\t\t\t\n\t\t\t<\/li><li class=\"wc-block-grid__product\">\n\t\t\t\t<a href=\"https:\/\/www.jessar.ca\/fr\/produit\/bench-7-98082\/\" class=\"wc-block-grid__product-link\">\n\t\t\t\t\t<div class=\"wc-block-grid__product-image\"><img width=\"640\" height=\"640\" src=\"https:\/\/www.jessar.ca\/wp-content\/uploads\/7-98082-3-640x640.jpg\" class=\"attachment-woocommerce_thumbnail size-woocommerce_thumbnail\" alt=\"\" loading=\"lazy\" srcset=\"https:\/\/www.jessar.ca\/wp-content\/uploads\/7-98082-3-640x640.jpg 640w, https:\/\/www.jessar.ca\/wp-content\/uploads\/7-98082-3-300x300.jpg 300w, https:\/\/www.jessar.ca\/wp-content\/uploads\/7-98082-3-1024x1024.jpg 1024w, https:\/\/www.jessar.ca\/wp-content\/uploads\/7-98082-3-150x150.jpg 150w, https:\/\/www.jessar.ca\/wp-content\/uploads\/7-98082-3-768x768.jpg 768w, https:\/\/www.jessar.ca\/wp-content\/uploads\/7-98082-3-12x12.jpg 12w, https:\/\/www.jessar.ca\/wp-content\/uploads\/7-98082-3-240x240.jpg 240w, https:\/\/www.jessar.ca\/wp-content\/uploads\/7-98082-3-110x110.jpg 110w, https:\/\/www.jessar.ca\/wp-content\/uploads\/7-98082-3-65x65.jpg 65w, https:\/\/www.jessar.ca\/wp-content\/uploads\/7-98082-3-50x50.jpg 50w, https:\/\/www.jessar.ca\/wp-content\/uploads\/7-98082-3-800x800.jpg 800w, https:\/\/www.jessar.ca\/wp-content\/uploads\/7-98082-3-100x100.jpg 100w, https:\/\/www.jessar.ca\/wp-content\/uploads\/7-98082-3.jpg 1500w\" sizes=\"(max-width: 640px) 100vw, 640px\" \/><\/div>\n\t\t\t\t\t<div class=\"wc-block-grid__product-title\">BANC \u00c0 CHAUSSURES EN LIN EN MOUSSE DE BAMBOU <br><br> #7-98082<\/div>\n\t\t\t\t<\/a>\n\t\t\t\t\n\t\t\t\t\n\t\t\t\t\n\t\t\t\t\n\t\t\t<\/li><li class=\"wc-block-grid__product\">\n\t\t\t\t<a href=\"https:\/\/www.jessar.ca\/fr\/produit\/white-and-grey-wooden-cabinets-with-6-fabric-drawers\/\" class=\"wc-block-grid__product-link\">\n\t\t\t\t\t<div class=\"wc-block-grid__product-image\"><img width=\"640\" height=\"640\" src=\"https:\/\/www.jessar.ca\/wp-content\/uploads\/6-01639-640x640.jpg\" class=\"attachment-woocommerce_thumbnail size-woocommerce_thumbnail\" alt=\"\" loading=\"lazy\" srcset=\"https:\/\/www.jessar.ca\/wp-content\/uploads\/6-01639-640x640.jpg 640w, https:\/\/www.jessar.ca\/wp-content\/uploads\/6-01639-300x300.jpg 300w, https:\/\/www.jessar.ca\/wp-content\/uploads\/6-01639-1024x1024.jpg 1024w, https:\/\/www.jessar.ca\/wp-content\/uploads\/6-01639-150x150.jpg 150w, https:\/\/www.jessar.ca\/wp-content\/uploads\/6-01639-768x768.jpg 768w, https:\/\/www.jessar.ca\/wp-content\/uploads\/6-01639-12x12.jpg 12w, https:\/\/www.jessar.ca\/wp-content\/uploads\/6-01639-240x240.jpg 240w, https:\/\/www.jessar.ca\/wp-content\/uploads\/6-01639-110x110.jpg 110w, https:\/\/www.jessar.ca\/wp-content\/uploads\/6-01639-65x65.jpg 65w, https:\/\/www.jessar.ca\/wp-content\/uploads\/6-01639-50x50.jpg 50w, https:\/\/www.jessar.ca\/wp-content\/uploads\/6-01639-800x800.jpg 800w, https:\/\/www.jessar.ca\/wp-content\/uploads\/6-01639-100x100.jpg 100w, https:\/\/www.jessar.ca\/wp-content\/uploads\/6-01639.jpg 1500w\" sizes=\"(max-width: 640px) 100vw, 640px\" \/><\/div>\n\t\t\t\t\t<div class=\"wc-block-grid__product-title\">ARMOIRES EN BOIS BLANC ET GRIS AVEC 6 TIROIRS EN TISSU <br><br> #6-01639<\/div>\n\t\t\t\t<\/a>\n\t\t\t\t\n\t\t\t\t\n\t\t\t\t\n\t\t\t\t\n\t\t\t<\/li><li class=\"wc-block-grid__product\">\n\t\t\t\t<a href=\"https:\/\/www.jessar.ca\/fr\/produit\/white-and-grey-wooden-cabinets-with-5-fabric-drawers-40-x-29-x-90-6-01638\/\" class=\"wc-block-grid__product-link\">\n\t\t\t\t\t<div class=\"wc-block-grid__product-image\"><img width=\"640\" height=\"640\" src=\"https:\/\/www.jessar.ca\/wp-content\/uploads\/6-01638-1-640x640.jpg\" class=\"attachment-woocommerce_thumbnail size-woocommerce_thumbnail\" alt=\"\" loading=\"lazy\" srcset=\"https:\/\/www.jessar.ca\/wp-content\/uploads\/6-01638-1-640x640.jpg 640w, https:\/\/www.jessar.ca\/wp-content\/uploads\/6-01638-1-300x300.jpg 300w, https:\/\/www.jessar.ca\/wp-content\/uploads\/6-01638-1-1024x1024.jpg 1024w, https:\/\/www.jessar.ca\/wp-content\/uploads\/6-01638-1-150x150.jpg 150w, https:\/\/www.jessar.ca\/wp-content\/uploads\/6-01638-1-768x768.jpg 768w, https:\/\/www.jessar.ca\/wp-content\/uploads\/6-01638-1-12x12.jpg 12w, https:\/\/www.jessar.ca\/wp-content\/uploads\/6-01638-1-240x240.jpg 240w, https:\/\/www.jessar.ca\/wp-content\/uploads\/6-01638-1-110x110.jpg 110w, https:\/\/www.jessar.ca\/wp-content\/uploads\/6-01638-1-65x65.jpg 65w, https:\/\/www.jessar.ca\/wp-content\/uploads\/6-01638-1-50x50.jpg 50w, https:\/\/www.jessar.ca\/wp-content\/uploads\/6-01638-1-800x800.jpg 800w, https:\/\/www.jessar.ca\/wp-content\/uploads\/6-01638-1-100x100.jpg 100w, https:\/\/www.jessar.ca\/wp-content\/uploads\/6-01638-1.jpg 1500w\" sizes=\"(max-width: 640px) 100vw, 640px\" \/><\/div>\n\t\t\t\t\t<div class=\"wc-block-grid__product-title\">ARMOIRES EN BOIS BLANC ET GRIS AVEC 5 TIROIRS EN TISSU 40 x 29 x 90 #6-01638 <br><br> #6-01638<\/div>\n\t\t\t\t<\/a>\n\t\t\t\t\n\t\t\t\t\n\t\t\t\t\n\t\t\t\t\n\t\t\t<\/li><li class=\"wc-block-grid__product\">\n\t\t\t\t<a href=\"https:\/\/www.jessar.ca\/fr\/produit\/white-and-grey-wooden-cabinets-with-4-fabric-drawers-40-x-29-x-73-cm-6-01637\/\" class=\"wc-block-grid__product-link\">\n\t\t\t\t\t<div class=\"wc-block-grid__product-image\"><img width=\"640\" height=\"640\" src=\"https:\/\/www.jessar.ca\/wp-content\/uploads\/6-01637-640x640.jpg\" class=\"attachment-woocommerce_thumbnail size-woocommerce_thumbnail\" alt=\"\" loading=\"lazy\" srcset=\"https:\/\/www.jessar.ca\/wp-content\/uploads\/6-01637-640x640.jpg 640w, https:\/\/www.jessar.ca\/wp-content\/uploads\/6-01637-300x300.jpg 300w, https:\/\/www.jessar.ca\/wp-content\/uploads\/6-01637-1024x1024.jpg 1024w, https:\/\/www.jessar.ca\/wp-content\/uploads\/6-01637-150x150.jpg 150w, https:\/\/www.jessar.ca\/wp-content\/uploads\/6-01637-768x768.jpg 768w, https:\/\/www.jessar.ca\/wp-content\/uploads\/6-01637-12x12.jpg 12w, https:\/\/www.jessar.ca\/wp-content\/uploads\/6-01637-240x240.jpg 240w, https:\/\/www.jessar.ca\/wp-content\/uploads\/6-01637-110x110.jpg 110w, https:\/\/www.jessar.ca\/wp-content\/uploads\/6-01637-65x65.jpg 65w, https:\/\/www.jessar.ca\/wp-content\/uploads\/6-01637-50x50.jpg 50w, https:\/\/www.jessar.ca\/wp-content\/uploads\/6-01637-800x800.jpg 800w, https:\/\/www.jessar.ca\/wp-content\/uploads\/6-01637-100x100.jpg 100w, https:\/\/www.jessar.ca\/wp-content\/uploads\/6-01637.jpg 1500w\" sizes=\"(max-width: 640px) 100vw, 640px\" \/><\/div>\n\t\t\t\t\t<div class=\"wc-block-grid__product-title\">ARMOIRES EN BOIS BLANC ET GRIS AVEC 5 TIROIRS EN TISSU 40 x 29 x 73 CM <br><br> #6-01637<\/div>\n\t\t\t\t<\/a>\n\t\t\t\t\n\t\t\t\t\n\t\t\t\t\n\t\t\t\t\n\t\t\t<\/li><li class=\"wc-block-grid__product\">\n\t\t\t\t<a href=\"https:\/\/www.jessar.ca\/fr\/produit\/2-tier-shoe-cabinet-60x24x80cm-baron-6-00889\/\" class=\"wc-block-grid__product-link\">\n\t\t\t\t\t<div class=\"wc-block-grid__product-image\"><img width=\"640\" height=\"640\" src=\"https:\/\/www.jessar.ca\/wp-content\/uploads\/6-00889-1-640x640.jpg\" class=\"attachment-woocommerce_thumbnail size-woocommerce_thumbnail\" alt=\"\" loading=\"lazy\" srcset=\"https:\/\/www.jessar.ca\/wp-content\/uploads\/6-00889-1-640x640.jpg 640w, https:\/\/www.jessar.ca\/wp-content\/uploads\/6-00889-1-150x150.jpg 150w, https:\/\/www.jessar.ca\/wp-content\/uploads\/6-00889-1-240x240.jpg 240w, https:\/\/www.jessar.ca\/wp-content\/uploads\/6-00889-1-110x110.jpg 110w, https:\/\/www.jessar.ca\/wp-content\/uploads\/6-00889-1-65x65.jpg 65w, https:\/\/www.jessar.ca\/wp-content\/uploads\/6-00889-1-50x50.jpg 50w, https:\/\/www.jessar.ca\/wp-content\/uploads\/6-00889-1-100x100.jpg 100w\" sizes=\"(max-width: 640px) 100vw, 640px\" \/><\/div>\n\t\t\t\t\t<div class=\"wc-block-grid__product-title\">Armoire pour chaussures \u00e0 2 niveaux 60x24x80cm ''Baron'' <br><br> #6-00889<\/div>\n\t\t\t\t<\/a>\n\t\t\t\t\n\t\t\t\t\n\t\t\t\t\n\t\t\t\t\n\t\t\t<\/li><li class=\"wc-block-grid__product\">\n\t\t\t\t<a href=\"https:\/\/www.jessar.ca\/fr\/produit\/pastic-folding-step-stool-6-01636\/\" class=\"wc-block-grid__product-link\">\n\t\t\t\t\t<div class=\"wc-block-grid__product-image\"><img width=\"640\" height=\"640\" src=\"https:\/\/www.jessar.ca\/wp-content\/uploads\/6-01636-web-640x640.jpg\" class=\"attachment-woocommerce_thumbnail size-woocommerce_thumbnail\" alt=\"\" loading=\"lazy\" srcset=\"https:\/\/www.jessar.ca\/wp-content\/uploads\/6-01636-web-640x640.jpg 640w, https:\/\/www.jessar.ca\/wp-content\/uploads\/6-01636-web-300x300.jpg 300w, https:\/\/www.jessar.ca\/wp-content\/uploads\/6-01636-web-1024x1024.jpg 1024w, https:\/\/www.jessar.ca\/wp-content\/uploads\/6-01636-web-150x150.jpg 150w, https:\/\/www.jessar.ca\/wp-content\/uploads\/6-01636-web-768x768.jpg 768w, https:\/\/www.jessar.ca\/wp-content\/uploads\/6-01636-web-12x12.jpg 12w, https:\/\/www.jessar.ca\/wp-content\/uploads\/6-01636-web-240x240.jpg 240w, https:\/\/www.jessar.ca\/wp-content\/uploads\/6-01636-web-110x110.jpg 110w, https:\/\/www.jessar.ca\/wp-content\/uploads\/6-01636-web-65x65.jpg 65w, https:\/\/www.jessar.ca\/wp-content\/uploads\/6-01636-web-50x50.jpg 50w, https:\/\/www.jessar.ca\/wp-content\/uploads\/6-01636-web-800x800.jpg 800w, https:\/\/www.jessar.ca\/wp-content\/uploads\/6-01636-web-100x100.jpg 100w, https:\/\/www.jessar.ca\/wp-content\/uploads\/6-01636-web.jpg 1500w\" sizes=\"(max-width: 640px) 100vw, 640px\" \/><\/div>\n\t\t\t\t\t<div class=\"wc-block-grid__product-title\">PLASTIC FOLDING STEP STOOL <br><br> #6-01636<\/div>\n\t\t\t\t<\/a>\n\t\t\t\t\n\t\t\t\t\n\t\t\t\t\n\t\t\t\t\n\t\t\t<\/li><li class=\"wc-block-grid__product\">\n\t\t\t\t<a href=\"https:\/\/www.jessar.ca\/fr\/produit\/coat-rack-6-01635\/\" class=\"wc-block-grid__product-link\">\n\t\t\t\t\t<div class=\"wc-block-grid__product-image\"><img width=\"640\" height=\"640\" src=\"https:\/\/www.jessar.ca\/wp-content\/uploads\/6-01635-web-2-640x640.jpg\" class=\"attachment-woocommerce_thumbnail size-woocommerce_thumbnail\" alt=\"\" loading=\"lazy\" srcset=\"https:\/\/www.jessar.ca\/wp-content\/uploads\/6-01635-web-2-640x640.jpg 640w, https:\/\/www.jessar.ca\/wp-content\/uploads\/6-01635-web-2-300x300.jpg 300w, https:\/\/www.jessar.ca\/wp-content\/uploads\/6-01635-web-2-1024x1024.jpg 1024w, https:\/\/www.jessar.ca\/wp-content\/uploads\/6-01635-web-2-150x150.jpg 150w, https:\/\/www.jessar.ca\/wp-content\/uploads\/6-01635-web-2-768x768.jpg 768w, https:\/\/www.jessar.ca\/wp-content\/uploads\/6-01635-web-2-12x12.jpg 12w, https:\/\/www.jessar.ca\/wp-content\/uploads\/6-01635-web-2-240x240.jpg 240w, https:\/\/www.jessar.ca\/wp-content\/uploads\/6-01635-web-2-110x110.jpg 110w, https:\/\/www.jessar.ca\/wp-content\/uploads\/6-01635-web-2-65x65.jpg 65w, https:\/\/www.jessar.ca\/wp-content\/uploads\/6-01635-web-2-50x50.jpg 50w, https:\/\/www.jessar.ca\/wp-content\/uploads\/6-01635-web-2-800x800.jpg 800w, https:\/\/www.jessar.ca\/wp-content\/uploads\/6-01635-web-2-100x100.jpg 100w, https:\/\/www.jessar.ca\/wp-content\/uploads\/6-01635-web-2.jpg 1500w\" sizes=\"(max-width: 640px) 100vw, 640px\" \/><\/div>\n\t\t\t\t\t<div class=\"wc-block-grid__product-title\">PORTE MANTEAUX <br><br> #6-01635<\/div>\n\t\t\t\t<\/a>\n\t\t\t\t\n\t\t\t\t\n\t\t\t\t\n\t\t\t\t\n\t\t\t<\/li><li class=\"wc-block-grid__product\">\n\t\t\t\t<a href=\"https:\/\/www.jessar.ca\/fr\/produit\/3-tier-shoe-rack\/\" class=\"wc-block-grid__product-link\">\n\t\t\t\t\t<div class=\"wc-block-grid__product-image\"><img width=\"640\" height=\"640\" src=\"https:\/\/www.jessar.ca\/wp-content\/uploads\/6-00843-640x640.jpg\" class=\"attachment-woocommerce_thumbnail size-woocommerce_thumbnail\" alt=\"\" loading=\"lazy\" srcset=\"https:\/\/www.jessar.ca\/wp-content\/uploads\/6-00843-640x640.jpg 640w, https:\/\/www.jessar.ca\/wp-content\/uploads\/6-00843-300x300.jpg 300w, https:\/\/www.jessar.ca\/wp-content\/uploads\/6-00843-1024x1024.jpg 1024w, https:\/\/www.jessar.ca\/wp-content\/uploads\/6-00843-150x150.jpg 150w, https:\/\/www.jessar.ca\/wp-content\/uploads\/6-00843-768x768.jpg 768w, https:\/\/www.jessar.ca\/wp-content\/uploads\/6-00843-240x240.jpg 240w, https:\/\/www.jessar.ca\/wp-content\/uploads\/6-00843-110x110.jpg 110w, https:\/\/www.jessar.ca\/wp-content\/uploads\/6-00843-65x65.jpg 65w, https:\/\/www.jessar.ca\/wp-content\/uploads\/6-00843-50x50.jpg 50w, https:\/\/www.jessar.ca\/wp-content\/uploads\/6-00843-800x800.jpg 800w, https:\/\/www.jessar.ca\/wp-content\/uploads\/6-00843-100x100.jpg 100w, https:\/\/www.jessar.ca\/wp-content\/uploads\/6-00843.jpg 1500w\" sizes=\"(max-width: 640px) 100vw, 640px\" \/><\/div>\n\t\t\t\t\t<div class=\"wc-block-grid__product-title\">\u00c9TAG\u00c8RE \u00c0 CHAUSSURES 3 NIVEAUX <br><br> #6-00843<\/div>\n\t\t\t\t<\/a>\n\t\t\t\t\n\t\t\t\t\n\t\t\t\t\n\t\t\t\t\n\t\t\t<\/li><li class=\"wc-block-grid__product\">\n\t\t\t\t<a href=\"https:\/\/www.jessar.ca\/fr\/produit\/2-tier-shoe-rack\/\" class=\"wc-block-grid__product-link\">\n\t\t\t\t\t<div class=\"wc-block-grid__product-image\"><img width=\"640\" height=\"640\" src=\"https:\/\/www.jessar.ca\/wp-content\/uploads\/6-00842-1-640x640.jpg\" class=\"attachment-woocommerce_thumbnail size-woocommerce_thumbnail\" alt=\"\" loading=\"lazy\" srcset=\"https:\/\/www.jessar.ca\/wp-content\/uploads\/6-00842-1-640x640.jpg 640w, https:\/\/www.jessar.ca\/wp-content\/uploads\/6-00842-1-300x300.jpg 300w, https:\/\/www.jessar.ca\/wp-content\/uploads\/6-00842-1-1024x1024.jpg 1024w, https:\/\/www.jessar.ca\/wp-content\/uploads\/6-00842-1-150x150.jpg 150w, https:\/\/www.jessar.ca\/wp-content\/uploads\/6-00842-1-768x768.jpg 768w, https:\/\/www.jessar.ca\/wp-content\/uploads\/6-00842-1-240x240.jpg 240w, https:\/\/www.jessar.ca\/wp-content\/uploads\/6-00842-1-110x110.jpg 110w, https:\/\/www.jessar.ca\/wp-content\/uploads\/6-00842-1-65x65.jpg 65w, https:\/\/www.jessar.ca\/wp-content\/uploads\/6-00842-1-50x50.jpg 50w, https:\/\/www.jessar.ca\/wp-content\/uploads\/6-00842-1-800x800.jpg 800w, https:\/\/www.jessar.ca\/wp-content\/uploads\/6-00842-1-100x100.jpg 100w, https:\/\/www.jessar.ca\/wp-content\/uploads\/6-00842-1.jpg 1500w\" sizes=\"(max-width: 640px) 100vw, 640px\" \/><\/div>\n\t\t\t\t\t<div class=\"wc-block-grid__product-title\">\u00c9TAG\u00c8RE \u00c0 CHAUSSURES 2 NIVEAUX <br><br> #6-00842<\/div>\n\t\t\t\t<\/a>\n\t\t\t\t\n\t\t\t\t\n\t\t\t\t\n\t\t\t\t\n\t\t\t<\/li><\/ul><\/div>","protected":false},"excerpt":{"rendered":"","protected":false},"author":6,"featured_media":0,"parent":8999,"menu_order":0,"comment_status":"closed","ping_status":"closed","template":"","meta":[],"_links":{"self":[{"href":"https:\/\/www.jessar.ca\/fr\/wp-json\/wp\/v2\/pages\/9768"}],"collection":[{"href":"https:\/\/www.jessar.ca\/fr\/wp-json\/wp\/v2\/pages"}],"about":[{"href":"https:\/\/www.jessar.ca\/fr\/wp-json\/wp\/v2\/types\/page"}],"author":[{"embeddable":true,"href":"https:\/\/www.jessar.ca\/fr\/wp-json\/wp\/v2\/users\/6"}],"replies":[{"embeddable":true,"href":"https:\/\/www.jessar.ca\/fr\/wp-json\/wp\/v2\/comments?post=9768"}],"version-history":[{"count":2,"href":"https:\/\/www.jessar.ca\/fr\/wp-json\/wp\/v2\/pages\/9768\/revisions"}],"predecessor-version":[{"id":9778,"href":"https:\/\/www.jessar.ca\/fr\/wp-json\/wp\/v2\/pages\/9768\/revisions\/9778"}],"up":[{"embeddable":true,"href":"https:\/\/www.jessar.ca\/fr\/wp-json\/wp\/v2\/pages\/8999"}],"wp:attachment":[{"href":"https:\/\/www.jessar.ca\/fr\/wp-json\/wp\/v2\/media?parent=9768"}],"curies":[{"name":"wp","href":"https:\/\/api.w.org\/{rel}","templated":true}]}}