{"id":10029,"date":"2024-01-16T12:51:54","date_gmt":"2024-01-16T17:51:54","guid":{"rendered":"https:\/\/www.jessar.ca\/?post_type=product&#038;p=10029"},"modified":"2025-05-08T14:26:05","modified_gmt":"2025-05-08T18:26:05","slug":"7-piece-kitchen-utensil-set-7-99072","status":"publish","type":"product","link":"https:\/\/www.jessar.ca\/fr\/produit\/7-piece-kitchen-utensil-set-7-99072\/","title":{"rendered":"7 PI\u00c8CES USTENSILES DE CUISINE EN BAMBOU <br><br> #7-99072"},"content":{"rendered":"","protected":false},"excerpt":{"rendered":"<p>Code de produit: 7-99072<\/p>\n<p>\u2022 Ustensiles en bambou naturel avec support<br \/>\n\u2022 Facile \u00e0 nettoyer (doit \u00eatre lav\u00e9 et s\u00e9ch\u00e9 \u00e0 la main)<br \/>\n\u2022 Ne raye pas les po\u00eales antiadh\u00e9sives<br \/>\n\u2022 Fabriqu\u00e9 de bambou \u00e9cologique pour une\ndurabilit\u00e9 ultime<br \/>\n\u2022 Diff\u00e9rents ustensiles pour tous vos besoins\nculinaires<br \/>\n\u2022 Trous au bas du support pour le drainage<\/p>\n<table width=\"580\">\n<tbody>\n<tr>\n<td class=\"xl67\" height=\"20\">Carton int\u00e9rieur<\/td>\n<td class=\"xl78\">0<\/td>\n<\/tr>\n<tr>\n<td class=\"xl67\" height=\"20\">Carton ma\u00eetre<\/td>\n<td class=\"xl78\">12<\/td>\n<\/tr>\n<tr>\n<td class=\"xl67\" height=\"20\">Dimensions<\/td>\n<td class=\"xl78\"><\/td>\n<\/tr>\n<tr>\n<td class=\"xl67\" height=\"20\">CUP<\/td>\n<td class=\"xl78\">621139990729<\/td>\n<\/tr>\n<\/tbody>\n<\/table>\n<p> &hellip; <a href=\"https:\/\/www.jessar.ca\/fr\/produit\/7-piece-kitchen-utensil-set-7-99072\/\" class=\"more-link\"><span class=\"more-button\">Buy Now<span class=\"screen-reader-text\">7 PI\u00c8CES USTENSILES DE CUISINE EN BAMBOU <\/p>\n<p> #7-99072<\/span><\/span><\/a><\/p>","protected":false},"featured_media":10030,"template":"","meta":[],"_links":{"self":[{"href":"https:\/\/www.jessar.ca\/fr\/wp-json\/wp\/v2\/product\/10029"}],"collection":[{"href":"https:\/\/www.jessar.ca\/fr\/wp-json\/wp\/v2\/product"}],"about":[{"href":"https:\/\/www.jessar.ca\/fr\/wp-json\/wp\/v2\/types\/product"}],"wp:featuredmedia":[{"embeddable":true,"href":"https:\/\/www.jessar.ca\/fr\/wp-json\/wp\/v2\/media\/10030"}],"wp:attachment":[{"href":"https:\/\/www.jessar.ca\/fr\/wp-json\/wp\/v2\/media?parent=10029"}],"curies":[{"name":"wp","href":"https:\/\/api.w.org\/{rel}","templated":true}]}}