{"id":10033,"date":"2023-07-13T13:38:25","date_gmt":"2023-07-13T17:38:25","guid":{"rendered":"https:\/\/www.jessar.ca\/?post_type=product&#038;p=10033"},"modified":"2025-05-13T14:53:35","modified_gmt":"2025-05-13T18:53:35","slug":"bamboo-banana-holder-and-fruit-stand-7-99060","status":"publish","type":"product","link":"https:\/\/www.jessar.ca\/fr\/produit\/bamboo-banana-holder-and-fruit-stand-7-99060\/","title":{"rendered":"PORTE-BANANE ET FRUITS EN BAMBOU <br><br> #7-99060"},"content":{"rendered":"","protected":false},"excerpt":{"rendered":"<p>Code de produit: 7-99060<\/p>\n<p>\u2022 Support en bois avec crochet<br \/>\n\u2022 Id\u00e9al pour contenir des bananes ou des sacs de divers fruits.<br \/>\n\u2022 Garde les fruits frais plus longtemps, pr\u00e9vient les t\u00e2ches et m\u00fbrit uniform\u00e9ment<\/p>\n<table width=\"580\">\n<tbody>\n<tr>\n<td class=\"xl67\" height=\"20\">Carton int\u00e9rieur<\/td>\n<td class=\"xl78\">0<\/td>\n<\/tr>\n<tr>\n<td class=\"xl67\" height=\"20\">Carton ma\u00eetre<\/td>\n<td class=\"xl78\">6<\/td>\n<\/tr>\n<tr>\n<td class=\"xl67\" height=\"20\">Dimensions<\/td>\n<td class=\"xl78\">13 x 7.5 x 29 cm<\/td>\n<\/tr>\n<tr>\n<td class=\"xl67\" height=\"20\">CUP<\/td>\n<td class=\"xl78\">621139990606<\/td>\n<\/tr>\n<\/tbody>\n<\/table>\n<p> &hellip; <a href=\"https:\/\/www.jessar.ca\/fr\/produit\/bamboo-banana-holder-and-fruit-stand-7-99060\/\" class=\"more-link\"><span class=\"more-button\">Buy Now<span class=\"screen-reader-text\">PORTE-BANANE ET FRUITS EN BAMBOU <\/p>\n<p> #7-99060<\/span><\/span><\/a><\/p>","protected":false},"featured_media":10034,"template":"","meta":[],"_links":{"self":[{"href":"https:\/\/www.jessar.ca\/fr\/wp-json\/wp\/v2\/product\/10033"}],"collection":[{"href":"https:\/\/www.jessar.ca\/fr\/wp-json\/wp\/v2\/product"}],"about":[{"href":"https:\/\/www.jessar.ca\/fr\/wp-json\/wp\/v2\/types\/product"}],"wp:featuredmedia":[{"embeddable":true,"href":"https:\/\/www.jessar.ca\/fr\/wp-json\/wp\/v2\/media\/10034"}],"wp:attachment":[{"href":"https:\/\/www.jessar.ca\/fr\/wp-json\/wp\/v2\/media?parent=10033"}],"curies":[{"name":"wp","href":"https:\/\/api.w.org\/{rel}","templated":true}]}}