{"id":10035,"date":"2023-07-14T10:17:59","date_gmt":"2023-07-14T14:17:59","guid":{"rendered":"https:\/\/www.jessar.ca\/?post_type=product&#038;p=10035"},"modified":"2026-03-30T15:43:47","modified_gmt":"2026-03-30T19:43:47","slug":"acacia-wood-cheese-board-with-knife-groove-7-99059","status":"publish","type":"product","link":"https:\/\/www.jessar.ca\/fr\/produit\/acacia-wood-cheese-board-with-knife-groove-7-99059\/","title":{"rendered":"ACACIA WOOD BOARD WITH KNIFE AND GROOVE <br><br> #7-99059"},"content":{"rendered":"","protected":false},"excerpt":{"rendered":"<p>Code de produit: 7-99059<\/p>\n<p>\u2022 Planche \u00e0 d\u00e9couper et \u00e0 servir avec rainure et couteau \u00e0 fromage<br \/>\n\u2022 Id\u00e9al pour servir et couper le fromage, les craquelins, les viandes, les fruits, les l\u00e9gumes et le pain.<\/p>\n<table width=\"580\">\n<tbody>\n<tr>\n<td class=\"xl67\" height=\"20\">Carton int\u00e9rieur<\/td>\n<td class=\"xl78\">0<\/td>\n<\/tr>\n<tr>\n<td class=\"xl67\" height=\"20\">Carton ma\u00eetre<\/td>\n<td class=\"xl78\">12<\/td>\n<\/tr>\n<tr>\n<td class=\"xl67\" height=\"20\">Dimensions<\/td>\n<td class=\"xl78\">32.5 x 21.6 x 2 cm (1 couteau inclus)<\/td>\n<\/tr>\n<tr>\n<td class=\"xl67\" height=\"20\">CUP<\/td>\n<td class=\"xl78\">621139990590<\/td>\n<\/tr>\n<\/tbody>\n<\/table>\n<p> &hellip; <a href=\"https:\/\/www.jessar.ca\/fr\/produit\/acacia-wood-cheese-board-with-knife-groove-7-99059\/\" class=\"more-link\"><span class=\"more-button\">Buy Now<span class=\"screen-reader-text\">ACACIA WOOD BOARD WITH KNIFE AND GROOVE <\/p>\n<p> #7-99059<\/span><\/span><\/a><\/p>","protected":false},"featured_media":13300,"template":"","meta":[],"_links":{"self":[{"href":"https:\/\/www.jessar.ca\/fr\/wp-json\/wp\/v2\/product\/10035"}],"collection":[{"href":"https:\/\/www.jessar.ca\/fr\/wp-json\/wp\/v2\/product"}],"about":[{"href":"https:\/\/www.jessar.ca\/fr\/wp-json\/wp\/v2\/types\/product"}],"wp:featuredmedia":[{"embeddable":true,"href":"https:\/\/www.jessar.ca\/fr\/wp-json\/wp\/v2\/media\/13300"}],"wp:attachment":[{"href":"https:\/\/www.jessar.ca\/fr\/wp-json\/wp\/v2\/media?parent=10035"}],"curies":[{"name":"wp","href":"https:\/\/api.w.org\/{rel}","templated":true}]}}