{"id":10159,"date":"2023-07-17T15:30:00","date_gmt":"2023-07-17T19:30:00","guid":{"rendered":"https:\/\/www.jessar.ca\/?post_type=product&#038;p=10159"},"modified":"2025-05-13T13:23:57","modified_gmt":"2025-05-13T17:23:57","slug":"3-in-1-apple-peeler-corer-peels-slices-and-cores-7-99078","status":"publish","type":"product","link":"https:\/\/www.jessar.ca\/fr\/produit\/3-in-1-apple-peeler-corer-peels-slices-and-cores-7-99078\/","title":{"rendered":"3 EN 1 \u00c9PLUCHEUR ET VIDE-POMME (\u00c9PLUCHE, TRANCHE ET \u00c9VIDE) <br><br> #7-99078"},"content":{"rendered":"","protected":false},"excerpt":{"rendered":"<p>Code de produit: 7-99078<\/p>\n<p>\u2022 \u00c9pluche, tranche et \u00e9vide les pommes en m\u00eame temps.<br \/>\n\u2022 Id\u00e9al aussi pour les pommes de terre et les poires!<\/p>\n<table width=\"580\">\n<tbody>\n<tr>\n<td class=\"xl67\" height=\"20\">Carton int\u00e9rieur<\/td>\n<td class=\"xl78\">0<\/td>\n<\/tr>\n<tr>\n<td class=\"xl67\" height=\"20\">Carton ma\u00eetre<\/td>\n<td class=\"xl78\">6<\/td>\n<\/tr>\n<tr>\n<td class=\"xl67\" height=\"20\">CUP<\/td>\n<td class=\"xl78\">621139990781<\/td>\n<\/tr>\n<\/tbody>\n<\/table>\n<p> &hellip; <a href=\"https:\/\/www.jessar.ca\/fr\/produit\/3-in-1-apple-peeler-corer-peels-slices-and-cores-7-99078\/\" class=\"more-link\"><span class=\"more-button\">Buy Now<span class=\"screen-reader-text\">3 EN 1 \u00c9PLUCHEUR ET VIDE-POMME (\u00c9PLUCHE, TRANCHE ET \u00c9VIDE) <\/p>\n<p> #7-99078<\/span><\/span><\/a><\/p>","protected":false},"featured_media":10158,"template":"","meta":[],"_links":{"self":[{"href":"https:\/\/www.jessar.ca\/fr\/wp-json\/wp\/v2\/product\/10159"}],"collection":[{"href":"https:\/\/www.jessar.ca\/fr\/wp-json\/wp\/v2\/product"}],"about":[{"href":"https:\/\/www.jessar.ca\/fr\/wp-json\/wp\/v2\/types\/product"}],"wp:featuredmedia":[{"embeddable":true,"href":"https:\/\/www.jessar.ca\/fr\/wp-json\/wp\/v2\/media\/10158"}],"wp:attachment":[{"href":"https:\/\/www.jessar.ca\/fr\/wp-json\/wp\/v2\/media?parent=10159"}],"curies":[{"name":"wp","href":"https:\/\/api.w.org\/{rel}","templated":true}]}}