{"id":10163,"date":"2023-07-12T14:19:22","date_gmt":"2023-07-12T18:19:22","guid":{"rendered":"https:\/\/www.jessar.ca\/?post_type=product&#038;p=10163"},"modified":"2024-10-11T10:30:49","modified_gmt":"2024-10-11T14:30:49","slug":"1-gallon-drink-dispenser-with-built-in-diffuser-7-99042","status":"publish","type":"product","link":"https:\/\/www.jessar.ca\/fr\/produit\/1-gallon-drink-dispenser-with-built-in-diffuser-7-99042\/","title":{"rendered":"4L DISTRIBUTEUR \u00c0 BOISSONS AVEC DIFFUSEUR INT\u00c9GR\u00c9 <br><br> #7-99042"},"content":{"rendered":"","protected":false},"excerpt":{"rendered":"<p>Code de produit: 7-99042<\/p>\n<p>\u2022 Distributeur de boissons en verre massif avec couvercle en m\u00e9tal et support en m\u00e9tal.<br \/>\n\u2022 Id\u00e9al pour les boissons infus\u00e9es aux fruits.<br \/>\n\u2022 Le diuseur int\u00e9gr\u00e9 sp\u00e9cial vous permet de cr\u00e9er des infusions de fruits sans fin avec des fruits frais.<br \/>\n\u2022 Bec \u00e9tanche<br \/>\n\u2022 Couvercle pratique en acier inoxydable avec\nfermeture herm\u00e9tique<br \/>\n\u2022 Id\u00e9al pour toutes les occasions, le bec \u00e0 d\u00e9bit facile \u00e9vite les d\u00e9versements<\/p>\n<table width=\"580\">\n<tbody>\n<tr>\n<td class=\"xl67\" height=\"20\">Carton int\u00e9rieur<\/td>\n<td class=\"xl78\">0<\/td>\n<\/tr>\n<tr>\n<td class=\"xl67\" height=\"20\">Carton ma\u00eetre<\/td>\n<td class=\"xl78\">6<\/td>\n<\/tr>\n<tr>\n<td class=\"xl67\" height=\"20\">Dimensions<\/td>\n<td class=\"xl78\">\u2022 Distributeur: 14.0 x 23.0 x 25.5 cm \/ 5.5 x 9.1 x 10.1 po<br \/>\n\u2022 Support: 16.7 x 16.7 x 17.3 cm \/ 6.6 x 6.6 x 6.8 po<br \/>\n\u2022 Total: 16.7 x 23.0 x 33.5 cm \/ 6.6 x 9.1 x 13.2 po<\/td>\n<\/tr>\n<tr>\n<td class=\"xl67\" height=\"20\">CUP<\/td>\n<td class=\"xl78\">621139990422<\/td>\n<\/tr>\n<\/tbody>\n<\/table>\n<p> &hellip; <a href=\"https:\/\/www.jessar.ca\/fr\/produit\/1-gallon-drink-dispenser-with-built-in-diffuser-7-99042\/\" class=\"more-link\"><span class=\"more-button\">Buy Now<span class=\"screen-reader-text\">4L DISTRIBUTEUR \u00c0 BOISSONS AVEC DIFFUSEUR INT\u00c9GR\u00c9 <\/p>\n<p> #7-99042<\/span><\/span><\/a><\/p>","protected":false},"featured_media":10162,"template":"","meta":[],"_links":{"self":[{"href":"https:\/\/www.jessar.ca\/fr\/wp-json\/wp\/v2\/product\/10163"}],"collection":[{"href":"https:\/\/www.jessar.ca\/fr\/wp-json\/wp\/v2\/product"}],"about":[{"href":"https:\/\/www.jessar.ca\/fr\/wp-json\/wp\/v2\/types\/product"}],"wp:featuredmedia":[{"embeddable":true,"href":"https:\/\/www.jessar.ca\/fr\/wp-json\/wp\/v2\/media\/10162"}],"wp:attachment":[{"href":"https:\/\/www.jessar.ca\/fr\/wp-json\/wp\/v2\/media?parent=10163"}],"curies":[{"name":"wp","href":"https:\/\/api.w.org\/{rel}","templated":true}]}}