{"id":10170,"date":"2024-04-24T01:56:22","date_gmt":"2024-04-24T05:56:22","guid":{"rendered":"https:\/\/www.jessar.ca\/?post_type=product&#038;p=10170"},"modified":"2025-04-16T13:46:34","modified_gmt":"2025-04-16T17:46:34","slug":"whistling-stovetop-tea-kettle-7-99030","status":"publish","type":"product","link":"https:\/\/www.jessar.ca\/fr\/produit\/whistling-stovetop-tea-kettle-7-99030\/","title":{"rendered":"3L BOUILLOIRE SIFFLANTE <br><br> #7-99030"},"content":{"rendered":"","protected":false},"excerpt":{"rendered":"<p>Code de produit: 7-99030<\/p>\n<p>\u2022 Acier inoxydable, rapide \u00e0 bouillir, poign\u00e9e ergonomique en bambou au toucher doux<br \/>\n\u2022 Th\u00e9i\u00e8re en acier inoxydable d'une capacit\u00e9 de 2,5 litres et r\u00e9sistante \u00e0 la corrosion permet d'atteindre une capacit\u00e9 d'environ 13 tasses (une tasse de 200 ml)<br \/>\n\u2022 Chauffe rapidement, 100% sans APFO, durable et ne se d\u00e9colore pas<br \/>\n\u2022 Sifflement parfait. La bouilloire lib\u00e8re un sifflet fort lorsque l'eau a atteint un point d'\u00e9bullition<br \/>\n\u2022 Poign\u00e9e ergonomique en bambou textur\u00e9, recouverte de silicone<\/p>\n<table width=\"580\">\n<tbody>\n<tr>\n<td class=\"xl67\" height=\"20\">Carton int\u00e9rieur<\/td>\n<td class=\"xl78\">0<\/td>\n<\/tr>\n<tr>\n<td class=\"xl67\" height=\"20\">Carton ma\u00eetre<\/td>\n<td class=\"xl78\">6<\/td>\n<\/tr>\n<tr>\n<td class=\"xl67\" height=\"20\">CUP<\/td>\n<td class=\"xl78\">621139990309<\/td>\n<\/tr>\n<\/tbody>\n<\/table>\n<p> &hellip; <a href=\"https:\/\/www.jessar.ca\/fr\/produit\/whistling-stovetop-tea-kettle-7-99030\/\" class=\"more-link\"><span class=\"more-button\">Buy Now<span class=\"screen-reader-text\">3L BOUILLOIRE SIFFLANTE <\/p>\n<p> #7-99030<\/span><\/span><\/a><\/p>","protected":false},"featured_media":10168,"template":"","meta":[],"_links":{"self":[{"href":"https:\/\/www.jessar.ca\/fr\/wp-json\/wp\/v2\/product\/10170"}],"collection":[{"href":"https:\/\/www.jessar.ca\/fr\/wp-json\/wp\/v2\/product"}],"about":[{"href":"https:\/\/www.jessar.ca\/fr\/wp-json\/wp\/v2\/types\/product"}],"wp:featuredmedia":[{"embeddable":true,"href":"https:\/\/www.jessar.ca\/fr\/wp-json\/wp\/v2\/media\/10168"}],"wp:attachment":[{"href":"https:\/\/www.jessar.ca\/fr\/wp-json\/wp\/v2\/media?parent=10170"}],"curies":[{"name":"wp","href":"https:\/\/api.w.org\/{rel}","templated":true}]}}