{"id":10178,"date":"2023-08-15T13:24:09","date_gmt":"2023-08-15T17:24:09","guid":{"rendered":"https:\/\/www.jessar.ca\/?post_type=product&#038;p=10178"},"modified":"2025-05-08T13:08:26","modified_gmt":"2025-05-08T17:08:26","slug":"6-piece-knife-set-with-universal-block-black-7-99032","status":"publish","type":"product","link":"https:\/\/www.jessar.ca\/fr\/produit\/6-piece-knife-set-with-universal-block-black-7-99032\/","title":{"rendered":"6 PI\u00c8CES COUTEAUX AVEC BLOC UNIVERSEL <br><br> #7-99032"},"content":{"rendered":"","protected":false},"excerpt":{"rendered":"<p>Code de produit: 7-99032<\/p>\n<p>\u2022 Texture marbr\u00e9e ray\u00e9e, prise en main facile et design ergonomique<br \/>\n\u2022 Set de couteaux 6 pi\u00e8ces avec support style bambou<br \/>\n\u2022 Poign\u00e9e ergonomique au toucher doux<br \/>\n\u2022 Lames de pr\u00e9cision en acier inoxydable<br \/>\n\u2022 Durabilit\u00e9 am\u00e9lior\u00e9e<br \/>\n\u2022 Bloc \u00e0 couteaux assorti<br \/>\n\u2022 Magnifiquement con\u00e7u<\/p>\n<table width=\"580\">\n<tbody>\n<tr>\n<td class=\"xl67\" height=\"20\">Carton int\u00e9rieur<\/td>\n<td class=\"xl78\">0<\/td>\n<\/tr>\n<tr>\n<td class=\"xl67\" height=\"20\">Carton ma\u00eetre<\/td>\n<td class=\"xl78\">6<\/td>\n<\/tr>\n<tr>\n<td class=\"xl67\" height=\"20\">CUP<\/td>\n<td class=\"xl78\">621139990323<\/td>\n<\/tr>\n<\/tbody>\n<\/table>\n<p> &hellip; <a href=\"https:\/\/www.jessar.ca\/fr\/produit\/6-piece-knife-set-with-universal-block-black-7-99032\/\" class=\"more-link\"><span class=\"more-button\">Buy Now<span class=\"screen-reader-text\">6 PI\u00c8CES COUTEAUX AVEC BLOC UNIVERSEL <\/p>\n<p> #7-99032<\/span><\/span><\/a><\/p>","protected":false},"featured_media":10179,"template":"","meta":[],"_links":{"self":[{"href":"https:\/\/www.jessar.ca\/fr\/wp-json\/wp\/v2\/product\/10178"}],"collection":[{"href":"https:\/\/www.jessar.ca\/fr\/wp-json\/wp\/v2\/product"}],"about":[{"href":"https:\/\/www.jessar.ca\/fr\/wp-json\/wp\/v2\/types\/product"}],"wp:featuredmedia":[{"embeddable":true,"href":"https:\/\/www.jessar.ca\/fr\/wp-json\/wp\/v2\/media\/10179"}],"wp:attachment":[{"href":"https:\/\/www.jessar.ca\/fr\/wp-json\/wp\/v2\/media?parent=10178"}],"curies":[{"name":"wp","href":"https:\/\/api.w.org\/{rel}","templated":true}]}}