{"id":10184,"date":"2023-08-15T14:23:02","date_gmt":"2023-08-15T18:23:02","guid":{"rendered":"https:\/\/www.jessar.ca\/?post_type=product&#038;p=10184"},"modified":"2025-05-08T13:09:02","modified_gmt":"2025-05-08T17:09:02","slug":"6-piece-knife-set-with-universal-block-black-granite-texture-7-99033","status":"publish","type":"product","link":"https:\/\/www.jessar.ca\/fr\/produit\/6-piece-knife-set-with-universal-block-black-granite-texture-7-99033\/","title":{"rendered":"6 PI\u00c8CES COUTEAUX AVEC BLOC UNIVERSEL <br><br> #7-99033"},"content":{"rendered":"","protected":false},"excerpt":{"rendered":"<p>Code de produit: 7-99033<\/p>\n<p>\u2022 Texture en granit noire, prise en main facile et conception ergonomique<br \/>\n\u2022 La conception unique des fentes offre une excellente protection et un excellent stockage<br \/>\n\u2022 Lame forg\u00e9e en acier inoxydable \u00e0 haute teneur en carbone et r\u00e9sistante \u00e0 l'\u00e9rosion<br \/>\n\u2022 La poign\u00e9e ergonomique avec du pp doux\ns\u2019adapte au design incurv\u00e9 et \u00e0 la surface de texture de granite noire<br \/>\n\u2022 S'adapte \u00e0 toutes les tailles ou formes<\/p>\n<table width=\"580\">\n<tbody>\n<tr>\n<td class=\"xl67\" height=\"20\">Carton int\u00e9rieur<\/td>\n<td class=\"xl78\">0<\/td>\n<\/tr>\n<tr>\n<td class=\"xl67\" height=\"20\">Carton ma\u00eetre<\/td>\n<td class=\"xl78\">6<\/td>\n<\/tr>\n<tr>\n<td class=\"xl67\" height=\"20\">CUP<\/td>\n<td class=\"xl78\">621139990330<\/td>\n<\/tr>\n<\/tbody>\n<\/table>\n<p> &hellip; <a href=\"https:\/\/www.jessar.ca\/fr\/produit\/6-piece-knife-set-with-universal-block-black-granite-texture-7-99033\/\" class=\"more-link\"><span class=\"more-button\">Buy Now<span class=\"screen-reader-text\">6 PI\u00c8CES COUTEAUX AVEC BLOC UNIVERSEL <\/p>\n<p> #7-99033<\/span><\/span><\/a><\/p>","protected":false},"featured_media":10182,"template":"","meta":[],"_links":{"self":[{"href":"https:\/\/www.jessar.ca\/fr\/wp-json\/wp\/v2\/product\/10184"}],"collection":[{"href":"https:\/\/www.jessar.ca\/fr\/wp-json\/wp\/v2\/product"}],"about":[{"href":"https:\/\/www.jessar.ca\/fr\/wp-json\/wp\/v2\/types\/product"}],"wp:featuredmedia":[{"embeddable":true,"href":"https:\/\/www.jessar.ca\/fr\/wp-json\/wp\/v2\/media\/10182"}],"wp:attachment":[{"href":"https:\/\/www.jessar.ca\/fr\/wp-json\/wp\/v2\/media?parent=10184"}],"curies":[{"name":"wp","href":"https:\/\/api.w.org\/{rel}","templated":true}]}}