{"id":10202,"date":"2024-01-16T09:24:51","date_gmt":"2024-01-16T14:24:51","guid":{"rendered":"https:\/\/www.jessar.ca\/?post_type=product&#038;p=10202"},"modified":"2025-05-08T14:16:05","modified_gmt":"2025-05-08T18:16:05","slug":"7-piece-kitchen-utensil-set-with-storage-stand-7-99034","status":"publish","type":"product","link":"https:\/\/www.jessar.ca\/fr\/produit\/7-piece-kitchen-utensil-set-with-storage-stand-7-99034\/","title":{"rendered":"7 PI\u00c8CES USTENSILES DE CUISINE AVEC SUPPORT DE RANGEMENT <br><br> #7-99034"},"content":{"rendered":"","protected":false},"excerpt":{"rendered":"<p>Code de produit: 7-99034<\/p>\n<p>\u2022 Poign\u00e9es en bambou de nylon et silicone ergonomiques et douces au toucher<br \/>\n\u2022 Magnifiquement styl\u00e9 avec des mat\u00e9riaux de haute qualit\u00e9<br \/>\n\u2022 R\u00e9sistant \u00e0 la chaleur jusqu'\u00e0 200 C\/375 F<br \/>\n\u2022 Flexible et durable.<br \/>\n\u2022 Le support robuste est id\u00e9al pour n'importe quel comptoir de cuisine<\/p>\n<table width=\"580\">\n<tbody>\n<tr>\n<td class=\"xl67\" height=\"20\">Carton int\u00e9rieur<\/td>\n<td class=\"xl78\">0<\/td>\n<\/tr>\n<tr>\n<td class=\"xl67\" height=\"20\">Carton ma\u00eetre<\/td>\n<td class=\"xl78\">6<\/td>\n<\/tr>\n<tr>\n<td class=\"xl67\" height=\"20\">CUP<\/td>\n<td class=\"xl78\">621139990347<\/td>\n<\/tr>\n<\/tbody>\n<\/table>\n<p> &hellip; <a href=\"https:\/\/www.jessar.ca\/fr\/produit\/7-piece-kitchen-utensil-set-with-storage-stand-7-99034\/\" class=\"more-link\"><span class=\"more-button\">Buy Now<span class=\"screen-reader-text\">7 PI\u00c8CES USTENSILES DE CUISINE AVEC SUPPORT DE RANGEMENT <\/p>\n<p> #7-99034<\/span><\/span><\/a><\/p>","protected":false},"featured_media":10199,"template":"","meta":[],"_links":{"self":[{"href":"https:\/\/www.jessar.ca\/fr\/wp-json\/wp\/v2\/product\/10202"}],"collection":[{"href":"https:\/\/www.jessar.ca\/fr\/wp-json\/wp\/v2\/product"}],"about":[{"href":"https:\/\/www.jessar.ca\/fr\/wp-json\/wp\/v2\/types\/product"}],"wp:featuredmedia":[{"embeddable":true,"href":"https:\/\/www.jessar.ca\/fr\/wp-json\/wp\/v2\/media\/10199"}],"wp:attachment":[{"href":"https:\/\/www.jessar.ca\/fr\/wp-json\/wp\/v2\/media?parent=10202"}],"curies":[{"name":"wp","href":"https:\/\/api.w.org\/{rel}","templated":true}]}}