{"id":10206,"date":"2024-01-16T10:04:32","date_gmt":"2024-01-16T15:04:32","guid":{"rendered":"https:\/\/www.jessar.ca\/?post_type=product&#038;p=10206"},"modified":"2025-05-08T13:22:30","modified_gmt":"2025-05-08T17:22:30","slug":"7-piece-kitchen-utensil-set-with-holder-7-99035","status":"publish","type":"product","link":"https:\/\/www.jessar.ca\/fr\/produit\/7-piece-kitchen-utensil-set-with-holder-7-99035\/","title":{"rendered":"7 PI\u00c8CES ENSEMBLE D'USTENSILES DE CUISINE AVEC SUPPORT <br><br> #7-99035"},"content":{"rendered":"","protected":false},"excerpt":{"rendered":"<p>Code de produit: 7-99035<\/p>\n<p>\u2022 Silicone avec Bambou en bois et poign\u00e9es r\u00e9sistantes \u00e0 la chaleur<br \/>\n\u2022 R\u00e9sistant \u00e0 la chaleur jusqu'\u00e0 230 C\/446F et antiadh\u00e9sif<br \/>\n\u2022 Un conteneur de stockage pratique conserve les ustensiles organis\u00e9s<br \/>\n\u2022 Facile \u00e0 nettoyer, lavage \u00e0 la main et \u00e9cologique<\/p>\n<table width=\"580\">\n<tbody>\n<tr>\n<td class=\"xl67\" height=\"20\">Carton int\u00e9rieur<\/td>\n<td class=\"xl78\">0<\/td>\n<\/tr>\n<tr>\n<td class=\"xl67\" height=\"20\">Carton ma\u00eetre<\/td>\n<td class=\"xl78\">6<\/td>\n<\/tr>\n<tr>\n<td class=\"xl67\" height=\"20\">CUP<\/td>\n<td class=\"xl78\">621139990354<\/td>\n<\/tr>\n<\/tbody>\n<\/table>\n<p> &hellip; <a href=\"https:\/\/www.jessar.ca\/fr\/produit\/7-piece-kitchen-utensil-set-with-holder-7-99035\/\" class=\"more-link\"><span class=\"more-button\">Buy Now<span class=\"screen-reader-text\">7 PI\u00c8CES ENSEMBLE D'USTENSILES DE CUISINE AVEC SUPPORT <\/p>\n<p> #7-99035<\/span><\/span><\/a><\/p>","protected":false},"featured_media":11245,"template":"","meta":[],"_links":{"self":[{"href":"https:\/\/www.jessar.ca\/fr\/wp-json\/wp\/v2\/product\/10206"}],"collection":[{"href":"https:\/\/www.jessar.ca\/fr\/wp-json\/wp\/v2\/product"}],"about":[{"href":"https:\/\/www.jessar.ca\/fr\/wp-json\/wp\/v2\/types\/product"}],"wp:featuredmedia":[{"embeddable":true,"href":"https:\/\/www.jessar.ca\/fr\/wp-json\/wp\/v2\/media\/11245"}],"wp:attachment":[{"href":"https:\/\/www.jessar.ca\/fr\/wp-json\/wp\/v2\/media?parent=10206"}],"curies":[{"name":"wp","href":"https:\/\/api.w.org\/{rel}","templated":true}]}}