{"id":10210,"date":"2023-08-15T10:50:51","date_gmt":"2023-08-15T14:50:51","guid":{"rendered":"https:\/\/www.jessar.ca\/?post_type=product&#038;p=10210"},"modified":"2025-05-08T13:06:59","modified_gmt":"2025-05-08T17:06:59","slug":"6-piece-chef-knife-set-with-stylish-acrylic-stand-7-99038","status":"publish","type":"product","link":"https:\/\/www.jessar.ca\/fr\/produit\/6-piece-chef-knife-set-with-stylish-acrylic-stand-7-99038\/","title":{"rendered":"6 PIECE CHEF KNIFE SET WITH ACRYLIC STAND <br><br> #7-99038"},"content":{"rendered":"","protected":false},"excerpt":{"rendered":"<p>Code de produit: 7-99038<\/p>\n<p>\u2022 Poign\u00e9es ergonomiques en bambou \u00e0 prise souple et lames noires en acier inoxydable<br \/>\n\u2022 Les lames ultra tranchantes sont dot\u00e9es d'un rev\u00eatement antiadh\u00e9sif<br \/>\n\u2022 Support ergonomique en acrylique noir avec d\u00e9tails et garnitures argent\u00e9s<br \/>\n\u2022 Poign\u00e9es en bambou \u00e0 prise souple pour une coupe et un tranchage faciles<br \/>\n\u2022 Excellent style pour n'importe quel comptoir de cuisine<\/p>\n<table width=\"580\">\n<tbody>\n<tr>\n<td class=\"xl67\" height=\"20\">Carton int\u00e9rieur<\/td>\n<td class=\"xl78\">0<\/td>\n<\/tr>\n<tr>\n<td class=\"xl67\" height=\"20\">Carton ma\u00eetre<\/td>\n<td class=\"xl78\">6<\/td>\n<\/tr>\n<tr>\n<td class=\"xl67\" height=\"20\">CUP<\/td>\n<td class=\"xl78\">621139990385<\/td>\n<\/tr>\n<\/tbody>\n<\/table>\n<p> &hellip; <a href=\"https:\/\/www.jessar.ca\/fr\/produit\/6-piece-chef-knife-set-with-stylish-acrylic-stand-7-99038\/\" class=\"more-link\"><span class=\"more-button\">Buy Now<span class=\"screen-reader-text\">6 PIECE CHEF KNIFE SET WITH ACRYLIC STAND <\/p>\n<p> #7-99038<\/span><\/span><\/a><\/p>","protected":false},"featured_media":10208,"template":"","meta":[],"_links":{"self":[{"href":"https:\/\/www.jessar.ca\/fr\/wp-json\/wp\/v2\/product\/10210"}],"collection":[{"href":"https:\/\/www.jessar.ca\/fr\/wp-json\/wp\/v2\/product"}],"about":[{"href":"https:\/\/www.jessar.ca\/fr\/wp-json\/wp\/v2\/types\/product"}],"wp:featuredmedia":[{"embeddable":true,"href":"https:\/\/www.jessar.ca\/fr\/wp-json\/wp\/v2\/media\/10208"}],"wp:attachment":[{"href":"https:\/\/www.jessar.ca\/fr\/wp-json\/wp\/v2\/media?parent=10210"}],"curies":[{"name":"wp","href":"https:\/\/api.w.org\/{rel}","templated":true}]}}