{"id":10277,"date":"2023-07-12T15:56:39","date_gmt":"2023-07-12T19:56:39","guid":{"rendered":"https:\/\/www.jessar.ca\/?post_type=product&#038;p=10277"},"modified":"2024-10-11T09:56:06","modified_gmt":"2024-10-11T13:56:06","slug":"4-piece-metal-canister-set-with-tray-7-99040","status":"publish","type":"product","link":"https:\/\/www.jessar.ca\/fr\/produit\/4-piece-metal-canister-set-with-tray-7-99040\/","title":{"rendered":"4 PI\u00c8CES CONTENANTS EN M\u00c9TAL AVEC PLATEAU <br><br> #7-99040"},"content":{"rendered":"","protected":false},"excerpt":{"rendered":"<p>Code de produit: 7-99040<\/p>\n<p>\u2022 4 contenants en m\u00e9tal avec fen\u00eatre et plateau faciles \u00e0 voir<br \/>\n\u2022 Fabriqu\u00e9 en acier inoxydable.<br \/>\n\u2022 Couvercles d\u00e9vissables herm\u00e9tiques amovibles<br \/>\n\u2022 3 types d\u2019ouverture diff\u00e9rents<br \/>\n\u2022 Id\u00e9al pour: \u00e9pices, sel, poivre, sucre et autres assaisonnements.<\/p>\n<table width=\"580\">\n<tbody>\n<tr>\n<td class=\"xl67\" height=\"20\">Carton int\u00e9rieur<\/td>\n<td class=\"xl78\">12<\/td>\n<\/tr>\n<tr>\n<td class=\"xl67\" height=\"20\">Carton ma\u00eetre<\/td>\n<td class=\"xl78\">36<\/td>\n<\/tr>\n<tr>\n<td class=\"xl67\" height=\"20\">Dimensions<\/td>\n<td class=\"xl78\">L: 4.8 x H: 8.6 cm (100ml)<\/td>\n<\/tr>\n<tr>\n<td class=\"xl67\" height=\"20\">CUP<\/td>\n<td class=\"xl78\">621139990408<\/td>\n<\/tr>\n<\/tbody>\n<\/table>\n<p> &hellip; <a href=\"https:\/\/www.jessar.ca\/fr\/produit\/4-piece-metal-canister-set-with-tray-7-99040\/\" class=\"more-link\"><span class=\"more-button\">Buy Now<span class=\"screen-reader-text\">4 PI\u00c8CES CONTENANTS EN M\u00c9TAL AVEC PLATEAU <\/p>\n<p> #7-99040<\/span><\/span><\/a><\/p>","protected":false},"featured_media":10278,"template":"","meta":[],"_links":{"self":[{"href":"https:\/\/www.jessar.ca\/fr\/wp-json\/wp\/v2\/product\/10277"}],"collection":[{"href":"https:\/\/www.jessar.ca\/fr\/wp-json\/wp\/v2\/product"}],"about":[{"href":"https:\/\/www.jessar.ca\/fr\/wp-json\/wp\/v2\/types\/product"}],"wp:featuredmedia":[{"embeddable":true,"href":"https:\/\/www.jessar.ca\/fr\/wp-json\/wp\/v2\/media\/10278"}],"wp:attachment":[{"href":"https:\/\/www.jessar.ca\/fr\/wp-json\/wp\/v2\/media?parent=10277"}],"curies":[{"name":"wp","href":"https:\/\/api.w.org\/{rel}","templated":true}]}}