{"id":10286,"date":"2023-07-20T16:44:36","date_gmt":"2023-07-20T20:44:36","guid":{"rendered":"https:\/\/www.jessar.ca\/?post_type=product&#038;p=10286"},"modified":"2024-10-11T09:57:05","modified_gmt":"2024-10-11T13:57:05","slug":"6-piece-magnetic-spice-canister-set-with-bamboo-tray-7-99037","status":"publish","type":"product","link":"https:\/\/www.jessar.ca\/fr\/produit\/6-piece-magnetic-spice-canister-set-with-bamboo-tray-7-99037\/","title":{"rendered":"6 PI\u00c8CES CONTENANTS \u00c0 \u00c9PICES MAGN\u00c9TIQUES AVEC PLATEAU EN BAMBOU <br><br> #7-99037"},"content":{"rendered":"","protected":false},"excerpt":{"rendered":"<p>Code de produit: 7-99037<\/p>\n<p>\u2022 6 bidons en m\u00e9tal avec fen\u00eatre facile \u00e0 voir et plateau.<br \/>\n\u2022 Fabriqu\u00e9 en acier inoxydable.<br \/>\n\u2022 Couvercles d\u00e9vissables herm\u00e9tiques amovibles<br \/>\n\u2022 2 trous d'arrosage diff\u00e9rents pour tamiser et verser.<br \/>\n\u2022 Id\u00e9al pour: \u00e9pices, sel, poivre, sucre et autres assaisonnements.<\/p>\n<table width=\"580\">\n<tbody>\n<tr>\n<td class=\"xl67\" height=\"20\">Carton int\u00e9rieur<\/td>\n<td class=\"xl78\">12<\/td>\n<\/tr>\n<tr>\n<td class=\"xl67\" height=\"20\">Carton ma\u00eetre<\/td>\n<td class=\"xl78\">36<\/td>\n<\/tr>\n<tr>\n<td class=\"xl67\" height=\"20\">Dimensions<\/td>\n<td class=\"xl78\"><\/td>\n<\/tr>\n<tr>\n<td class=\"xl67\" height=\"20\">CUP<\/td>\n<td class=\"xl78\">621139990378<\/td>\n<\/tr>\n<\/tbody>\n<\/table>\n<p> &hellip; <a href=\"https:\/\/www.jessar.ca\/fr\/produit\/6-piece-magnetic-spice-canister-set-with-bamboo-tray-7-99037\/\" class=\"more-link\"><span class=\"more-button\">Buy Now<span class=\"screen-reader-text\">6 PI\u00c8CES CONTENANTS \u00c0 \u00c9PICES MAGN\u00c9TIQUES AVEC PLATEAU EN BAMBOU <\/p>\n<p> #7-99037<\/span><\/span><\/a><\/p>","protected":false},"featured_media":10284,"template":"","meta":[],"_links":{"self":[{"href":"https:\/\/www.jessar.ca\/fr\/wp-json\/wp\/v2\/product\/10286"}],"collection":[{"href":"https:\/\/www.jessar.ca\/fr\/wp-json\/wp\/v2\/product"}],"about":[{"href":"https:\/\/www.jessar.ca\/fr\/wp-json\/wp\/v2\/types\/product"}],"wp:featuredmedia":[{"embeddable":true,"href":"https:\/\/www.jessar.ca\/fr\/wp-json\/wp\/v2\/media\/10284"}],"wp:attachment":[{"href":"https:\/\/www.jessar.ca\/fr\/wp-json\/wp\/v2\/media?parent=10286"}],"curies":[{"name":"wp","href":"https:\/\/api.w.org\/{rel}","templated":true}]}}