{"id":10296,"date":"2026-01-14T10:19:10","date_gmt":"2026-01-14T15:19:10","guid":{"rendered":"https:\/\/www.jessar.ca\/?post_type=product&#038;p=10296"},"modified":"2026-04-01T10:29:04","modified_gmt":"2026-04-01T14:29:04","slug":"acacia-wood-cheese-board-7-99085","status":"publish","type":"product","link":"https:\/\/www.jessar.ca\/fr\/produit\/acacia-wood-cheese-board-7-99085\/","title":{"rendered":"PLANCHE \u00c0 FROMAGE EN ACACIA <br><br> #7-99086"},"content":{"rendered":"","protected":false},"excerpt":{"rendered":"<p>Code de produit: 7-99086<\/p>\n<p>\u2022 Planche de service et \u00e0 d\u00e9couper ronde avec poign\u00e9e<br \/>\n\u2022 Id\u00e9al pour servir et couper le fromage, les craquelins, les viandes, les fruits, les l\u00e9gumes et le pain.<\/p>\n<table width=\"580\">\n<tbody>\n<tr>\n<td class=\"xl67\" height=\"20\">Carton int\u00e9rieur<\/td>\n<td class=\"xl78\">0<\/td>\n<\/tr>\n<tr>\n<td class=\"xl67\" height=\"20\">Carton ma\u00eetre<\/td>\n<td class=\"xl78\">6<\/td>\n<\/tr>\n<tr>\n<td class=\"xl67\" height=\"20\">Dimensions<\/td>\n<td class=\"xl78\">40 x 30 x 1.5 cm<\/td>\n<\/tr>\n<tr>\n<td class=\"xl67\" height=\"20\">CUP<\/td>\n<td class=\"xl78\">621139990866<\/td>\n<\/tr>\n<\/tbody>\n<\/table>\n<p> &hellip; <a href=\"https:\/\/www.jessar.ca\/fr\/produit\/acacia-wood-cheese-board-7-99085\/\" class=\"more-link\"><span class=\"more-button\">Buy Now<span class=\"screen-reader-text\">PLANCHE \u00c0 FROMAGE EN ACACIA <\/p>\n<p> #7-99086<\/span><\/span><\/a><\/p>","protected":false},"featured_media":13133,"template":"","meta":[],"_links":{"self":[{"href":"https:\/\/www.jessar.ca\/fr\/wp-json\/wp\/v2\/product\/10296"}],"collection":[{"href":"https:\/\/www.jessar.ca\/fr\/wp-json\/wp\/v2\/product"}],"about":[{"href":"https:\/\/www.jessar.ca\/fr\/wp-json\/wp\/v2\/types\/product"}],"wp:featuredmedia":[{"embeddable":true,"href":"https:\/\/www.jessar.ca\/fr\/wp-json\/wp\/v2\/media\/13133"}],"wp:attachment":[{"href":"https:\/\/www.jessar.ca\/fr\/wp-json\/wp\/v2\/media?parent=10296"}],"curies":[{"name":"wp","href":"https:\/\/api.w.org\/{rel}","templated":true}]}}