{"id":10303,"date":"2023-07-13T14:10:18","date_gmt":"2023-07-13T18:10:18","guid":{"rendered":"https:\/\/www.jessar.ca\/?post_type=product&#038;p=10303"},"modified":"2026-04-01T09:35:53","modified_gmt":"2026-04-01T13:35:53","slug":"2-in-1-bamboo-board-with-sliding-tray-7-99093","status":"publish","type":"product","link":"https:\/\/www.jessar.ca\/fr\/produit\/2-in-1-bamboo-board-with-sliding-tray-7-99093\/","title":{"rendered":"PLATEAU DE TABLE EN BAMBOU PLIABLE <br><br> #7-99090"},"content":{"rendered":"","protected":false},"excerpt":{"rendered":"<p>Code de produit: 7-99090<\/p>\n<p>\u2022 Savourez vos repas n'importe o\u00f9 avec ce plateau de table pratique. Fabriqu\u00e9 avec deux poign\u00e9es, il est pratique \u00e0 transporter. Les pieds pliables permettent de poser le plateau \u00e0 plat pour \u00e9conomiser plus d'espace.<\/p>\n<table width=\"580\">\n<tbody>\n<tr>\n<td class=\"xl67\" height=\"20\">Carton int\u00e9rieur<\/td>\n<td class=\"xl78\">0<\/td>\n<\/tr>\n<tr>\n<td class=\"xl67\" height=\"20\">Carton ma\u00eetre<\/td>\n<td class=\"xl78\">12<\/td>\n<\/tr>\n<tr>\n<td class=\"xl67\" height=\"20\">Dimensions<\/td>\n<td class=\"xl78\">50 x 30 x 21 cm<\/td>\n<\/tr>\n<tr>\n<td class=\"xl67\" height=\"20\">CUP<\/td>\n<td class=\"xl78\">621139990903<\/td>\n<\/tr>\n<\/tbody>\n<\/table>\n<p> &hellip; <a href=\"https:\/\/www.jessar.ca\/fr\/produit\/2-in-1-bamboo-board-with-sliding-tray-7-99093\/\" class=\"more-link\"><span class=\"more-button\">Buy Now<span class=\"screen-reader-text\">PLATEAU DE TABLE EN BAMBOU PLIABLE <\/p>\n<p> #7-99090<\/span><\/span><\/a><\/p>","protected":false},"featured_media":13313,"template":"","meta":[],"_links":{"self":[{"href":"https:\/\/www.jessar.ca\/fr\/wp-json\/wp\/v2\/product\/10303"}],"collection":[{"href":"https:\/\/www.jessar.ca\/fr\/wp-json\/wp\/v2\/product"}],"about":[{"href":"https:\/\/www.jessar.ca\/fr\/wp-json\/wp\/v2\/types\/product"}],"wp:featuredmedia":[{"embeddable":true,"href":"https:\/\/www.jessar.ca\/fr\/wp-json\/wp\/v2\/media\/13313"}],"wp:attachment":[{"href":"https:\/\/www.jessar.ca\/fr\/wp-json\/wp\/v2\/media?parent=10303"}],"curies":[{"name":"wp","href":"https:\/\/api.w.org\/{rel}","templated":true}]}}