{"id":10325,"date":"2026-01-14T10:19:18","date_gmt":"2026-01-14T15:19:18","guid":{"rendered":"https:\/\/www.jessar.ca\/?post_type=product&#038;p=10325"},"modified":"2026-04-01T10:29:34","modified_gmt":"2026-04-01T14:29:34","slug":"acacia-wood-pizza-board-7-99099","status":"publish","type":"product","link":"https:\/\/www.jessar.ca\/fr\/produit\/acacia-wood-pizza-board-7-99099\/","title":{"rendered":"PLANCHE \u00c0 PIZZA EN BOIS D'ACACIA AVEC SECTIONS GRAV\u00c9ES POUR UNE PIZZA FACILE \u00c0 TRANCHER <br><br> #7-99099"},"content":{"rendered":"","protected":false},"excerpt":{"rendered":"<p>Code de produit: 7-99099<\/p>\n<p>\u2022 Pour une pr\u00e9paration et un service de pizza parfait \u00e0 chaque fois<\/p>\n<table width=\"580\">\n<tbody>\n<tr>\n<td class=\"xl67\" height=\"20\">Carton int\u00e9rieur<\/td>\n<td class=\"xl78\">0<\/td>\n<\/tr>\n<tr>\n<td class=\"xl67\" height=\"20\">Carton ma\u00eetre<\/td>\n<td class=\"xl78\">6<\/td>\n<\/tr>\n<tr>\n<td class=\"xl67\" height=\"20\">Dimensions<\/td>\n<td class=\"xl78\">42 x 32 x 1.5 cm<\/td>\n<\/tr>\n<tr>\n<td class=\"xl67\" height=\"20\">CUP<\/td>\n<td class=\"xl78\">621139990996<\/td>\n<\/tr>\n<\/tbody>\n<\/table>\n<p> &hellip; <a href=\"https:\/\/www.jessar.ca\/fr\/produit\/acacia-wood-pizza-board-7-99099\/\" class=\"more-link\"><span class=\"more-button\">Buy Now<span class=\"screen-reader-text\">PLANCHE \u00c0 PIZZA EN BOIS D'ACACIA AVEC SECTIONS GRAV\u00c9ES POUR UNE PIZZA FACILE \u00c0 TRANCHER <\/p>\n<p> #7-99099<\/span><\/span><\/a><\/p>","protected":false},"featured_media":10311,"template":"","meta":[],"_links":{"self":[{"href":"https:\/\/www.jessar.ca\/fr\/wp-json\/wp\/v2\/product\/10325"}],"collection":[{"href":"https:\/\/www.jessar.ca\/fr\/wp-json\/wp\/v2\/product"}],"about":[{"href":"https:\/\/www.jessar.ca\/fr\/wp-json\/wp\/v2\/types\/product"}],"wp:featuredmedia":[{"embeddable":true,"href":"https:\/\/www.jessar.ca\/fr\/wp-json\/wp\/v2\/media\/10311"}],"wp:attachment":[{"href":"https:\/\/www.jessar.ca\/fr\/wp-json\/wp\/v2\/media?parent=10325"}],"curies":[{"name":"wp","href":"https:\/\/api.w.org\/{rel}","templated":true}]}}