{"id":10326,"date":"2023-07-12T13:26:14","date_gmt":"2023-07-12T17:26:14","guid":{"rendered":"https:\/\/www.jessar.ca\/?post_type=product&#038;p=10326"},"modified":"2024-10-11T11:01:44","modified_gmt":"2024-10-11T15:01:44","slug":"4l-glass-dispenser-in-one-set-on-stand-7-99073","status":"publish","type":"product","link":"https:\/\/www.jessar.ca\/fr\/produit\/4l-glass-dispenser-in-one-set-on-stand-7-99073\/","title":{"rendered":"4L DISTRIBUTEUR DE VERRE AVEC TABLEAU NOIR ET SUPPORT EN M\u00c9TAL <br><br> #7-99073"},"content":{"rendered":"","protected":false},"excerpt":{"rendered":"<p>Code de produit: 7-99073<\/p>\n<p>\u2022 Distributeur de boissons en verre massif avec couvercle noir et support en m\u00e9tal.<br \/>\n\u2022 Id\u00e9al pour les boissons infus\u00e9es aux fruits.<br \/>\n\u2022 Bec \u00e9tanche<br \/>\n\u2022 Id\u00e9al pour toutes les occasions, le bec \u00e0 d\u00e9bit facile \u00e9vite les d\u00e9versements<\/p>\n<table width=\"580\">\n<tbody>\n<tr>\n<td class=\"xl67\" height=\"20\">Carton int\u00e9rieur<\/td>\n<td class=\"xl78\">0<\/td>\n<\/tr>\n<tr>\n<td class=\"xl67\" height=\"20\">Carton ma\u00eetre<\/td>\n<td class=\"xl78\">2<\/td>\n<\/tr>\n<tr>\n<td class=\"xl67\" height=\"20\">Dimensions<\/td>\n<td class=\"xl78\">15 x 15 x 20 cm<\/td>\n<\/tr>\n<tr>\n<td class=\"xl67\" height=\"20\">CUP<\/td>\n<td class=\"xl78\">621139990736<\/td>\n<\/tr>\n<\/tbody>\n<\/table>\n<p> &hellip; <a href=\"https:\/\/www.jessar.ca\/fr\/produit\/4l-glass-dispenser-in-one-set-on-stand-7-99073\/\" class=\"more-link\"><span class=\"more-button\">Buy Now<span class=\"screen-reader-text\">4L DISTRIBUTEUR DE VERRE AVEC TABLEAU NOIR ET SUPPORT EN M\u00c9TAL <\/p>\n<p> #7-99073<\/span><\/span><\/a><\/p>","protected":false},"featured_media":10439,"template":"","meta":[],"_links":{"self":[{"href":"https:\/\/www.jessar.ca\/fr\/wp-json\/wp\/v2\/product\/10326"}],"collection":[{"href":"https:\/\/www.jessar.ca\/fr\/wp-json\/wp\/v2\/product"}],"about":[{"href":"https:\/\/www.jessar.ca\/fr\/wp-json\/wp\/v2\/types\/product"}],"wp:featuredmedia":[{"embeddable":true,"href":"https:\/\/www.jessar.ca\/fr\/wp-json\/wp\/v2\/media\/10439"}],"wp:attachment":[{"href":"https:\/\/www.jessar.ca\/fr\/wp-json\/wp\/v2\/media?parent=10326"}],"curies":[{"name":"wp","href":"https:\/\/api.w.org\/{rel}","templated":true}]}}