{"id":10331,"date":"2023-07-24T13:49:24","date_gmt":"2023-07-24T17:49:24","guid":{"rendered":"https:\/\/www.jessar.ca\/?post_type=product&#038;p=10331"},"modified":"2024-01-19T15:32:34","modified_gmt":"2024-01-19T20:32:34","slug":"bathroom-body-digital-scale-with-bamboo-top-7-99092","status":"publish","type":"product","link":"https:\/\/www.jessar.ca\/fr\/produit\/bathroom-body-digital-scale-with-bamboo-top-7-99092\/","title":{"rendered":"P\u00c8SE-PERSONNE NUM\u00c9RIQUE POUR LE CORPS DE SALLE DE BAIN AVEC PLATEAU EN BAMBOU <br><br> #7-99092"},"content":{"rendered":"","protected":false},"excerpt":{"rendered":"<p>Code de produit: 7-99092<\/p>\n<p>\u2022 \u00c9cran LCD 75 x 30 mm avec temp\u00e9rature d'\u00e9clairage de fond et \u00e9tat de l'alimentation affich\u00e9s<br \/>\n\u2022 Bambou \u00e9paisseur 12 mm<br \/>\n\u2022 Poids maximum 180 kg<br \/>\n\u2022 Piles (2 x AAA, 1,5 V) non incluses<\/p>\n<table width=\"580\">\n<tbody>\n<tr>\n<td class=\"xl67\" height=\"20\">Carton int\u00e9rieur<\/td>\n<td class=\"xl78\">0<\/td>\n<\/tr>\n<tr>\n<td class=\"xl67\" height=\"20\">Carton ma\u00eetre<\/td>\n<td class=\"xl78\">6<\/td>\n<\/tr>\n<tr>\n<td class=\"xl67\" height=\"20\">Dimension (L x P x H)<\/td>\n<td class=\"xl78\">30 x 30 x 3 cm<\/td>\n<\/tr>\n<tr>\n<td class=\"xl67\" height=\"20\">CUP<\/td>\n<td class=\"xl78\">621139990927<\/td>\n<\/tr>\n<\/tbody>\n<\/table>\n<p> &hellip; <a href=\"https:\/\/www.jessar.ca\/fr\/produit\/bathroom-body-digital-scale-with-bamboo-top-7-99092\/\" class=\"more-link\"><span class=\"more-button\">Buy Now<span class=\"screen-reader-text\">P\u00c8SE-PERSONNE NUM\u00c9RIQUE POUR LE CORPS DE SALLE DE BAIN AVEC PLATEAU EN BAMBOU <\/p>\n<p> #7-99092<\/span><\/span><\/a><\/p>","protected":false},"featured_media":10330,"template":"","meta":[],"_links":{"self":[{"href":"https:\/\/www.jessar.ca\/fr\/wp-json\/wp\/v2\/product\/10331"}],"collection":[{"href":"https:\/\/www.jessar.ca\/fr\/wp-json\/wp\/v2\/product"}],"about":[{"href":"https:\/\/www.jessar.ca\/fr\/wp-json\/wp\/v2\/types\/product"}],"wp:featuredmedia":[{"embeddable":true,"href":"https:\/\/www.jessar.ca\/fr\/wp-json\/wp\/v2\/media\/10330"}],"wp:attachment":[{"href":"https:\/\/www.jessar.ca\/fr\/wp-json\/wp\/v2\/media?parent=10331"}],"curies":[{"name":"wp","href":"https:\/\/api.w.org\/{rel}","templated":true}]}}