{"id":10335,"date":"2023-07-24T14:19:34","date_gmt":"2023-07-24T18:19:34","guid":{"rendered":"https:\/\/www.jessar.ca\/?post_type=product&#038;p=10335"},"modified":"2025-08-12T08:14:57","modified_gmt":"2025-08-12T12:14:57","slug":"immersion-stick-hand-blender-7-99101","status":"publish","type":"product","link":"https:\/\/www.jessar.ca\/fr\/produit\/immersion-stick-hand-blender-7-99101\/","title":{"rendered":"M\u00c9LANGEUR \u00c0 MAIN - ROUGE <br><br> #7-99101"},"content":{"rendered":"","protected":false},"excerpt":{"rendered":"<p>Code de produit: 7-99101<\/p>\n<p>\u2022 Moteur \u00e0 courant alternatif de 300W<br \/>\n\u2022 2 boutons de vitesse<br \/>\n\u2022 Lame en acier inoxydable, adapt\u00e9e aux boissons chaudes et froides<br \/>\n\u2022 Id\u00e9al pour les smoothies, les soupes, les sauces, les aliments pour b\u00e9b\u00e9s, les laits frapp\u00e9s et plus<\/p>\n<table width=\"580\">\n<tbody>\n<tr>\n<td class=\"xl67\" height=\"20\">Carton int\u00e9rieur<\/td>\n<td class=\"xl78\">0<\/td>\n<\/tr>\n<tr>\n<td class=\"xl67\" height=\"20\">Carton ma\u00eetre<\/td>\n<td class=\"xl78\">6<\/td>\n<\/tr>\n<tr>\n<td class=\"xl67\" height=\"20\">CUP<\/td>\n<td class=\"xl78\">621139991016<\/td>\n<\/tr>\n<tr>\n<td class=\"xl67\" height=\"20\">Certification<\/td>\n<td class=\"xl78\"><img loading=\"lazy\" class=\"alignnone wp-image-7207\" src=\"https:\/\/www.jessar.ca\/wp-content\/uploads\/ETL-LOGO-300x228.jpg\" alt=\"\" width=\"48\" height=\"37\" srcset=\"https:\/\/www.jessar.ca\/wp-content\/uploads\/ETL-LOGO-300x228.jpg 300w, https:\/\/www.jessar.ca\/wp-content\/uploads\/ETL-LOGO-768x584.jpg 768w, https:\/\/www.jessar.ca\/wp-content\/uploads\/ETL-LOGO-16x12.jpg 16w, https:\/\/www.jessar.ca\/wp-content\/uploads\/ETL-LOGO-730x547.jpg 730w, https:\/\/www.jessar.ca\/wp-content\/uploads\/ETL-LOGO-800x609.jpg 800w, https:\/\/www.jessar.ca\/wp-content\/uploads\/ETL-LOGO.jpg 878w\" sizes=\"(max-width: 48px) 100vw, 48px\" \/><\/td>\n<\/tr>\n<tr>\n<td class=\"xl67\" height=\"20\">Feuille d'instruction<\/td>\n<td class=\"xl78\"><a href=\"https:\/\/www.jessar.ca\/wp-content\/uploads\/7-99101-and-7-99102-instrcution.pdf\" target=\"_blank\" rel=\"noopener noreferrer\">7-99101<\/a><\/td>\n<\/tr>\n<\/tbody>\n<\/table>\n<p> &hellip; <a href=\"https:\/\/www.jessar.ca\/fr\/produit\/immersion-stick-hand-blender-7-99101\/\" class=\"more-link\"><span class=\"more-button\">Buy Now<span class=\"screen-reader-text\">M\u00c9LANGEUR \u00c0 MAIN - ROUGE <\/p>\n<p> #7-99101<\/span><\/span><\/a><\/p>","protected":false},"featured_media":10333,"template":"","meta":[],"_links":{"self":[{"href":"https:\/\/www.jessar.ca\/fr\/wp-json\/wp\/v2\/product\/10335"}],"collection":[{"href":"https:\/\/www.jessar.ca\/fr\/wp-json\/wp\/v2\/product"}],"about":[{"href":"https:\/\/www.jessar.ca\/fr\/wp-json\/wp\/v2\/types\/product"}],"wp:featuredmedia":[{"embeddable":true,"href":"https:\/\/www.jessar.ca\/fr\/wp-json\/wp\/v2\/media\/10333"}],"wp:attachment":[{"href":"https:\/\/www.jessar.ca\/fr\/wp-json\/wp\/v2\/media?parent=10335"}],"curies":[{"name":"wp","href":"https:\/\/api.w.org\/{rel}","templated":true}]}}