{"id":10349,"date":"2023-10-03T10:51:46","date_gmt":"2023-10-03T14:51:46","guid":{"rendered":"https:\/\/www.jessar.ca\/?post_type=product&#038;p=10349"},"modified":"2025-05-14T13:45:47","modified_gmt":"2025-05-14T17:45:47","slug":"pineapple-corer-remover-peels-slices-and-cores-7-99081","status":"publish","type":"product","link":"https:\/\/www.jessar.ca\/fr\/produit\/pineapple-corer-remover-peels-slices-and-cores-7-99081\/","title":{"rendered":"EXTRACTEUR DE NOYAUX D'ANANAS (\u00c9PLUCHE, TRANCHE ET \u00c9VIDE) <br><br> #7-99081"},"content":{"rendered":"","protected":false},"excerpt":{"rendered":"<p>Code de produit: 7-99081<\/p>\n<p>\u2022 Acier inoxydable de haute qualit\u00e9<br \/>\n\u2022 Durable et facile \u00e0 utiliser<br \/>\n\u2022 L'ananas peut \u00eatre \u00e9pluche, tranch\u00e9 et \u00e9vid\u00e9 facilement<br \/>\n\u2022 Poign\u00e9e antid\u00e9rapante confortable et facile \u00e0 saisir<\/p>\n<table width=\"580\">\n<tbody>\n<tr>\n<td class=\"xl67\" height=\"20\">Carton int\u00e9rieur<\/td>\n<td class=\"xl78\">0<\/td>\n<\/tr>\n<tr>\n<td class=\"xl67\" height=\"20\">Carton ma\u00eetre<\/td>\n<td class=\"xl78\">12<\/td>\n<\/tr>\n<tr>\n<td class=\"xl67\" height=\"20\">Dimensions<\/td>\n<td class=\"xl78\">23 x 9.8 x 8.5 cm<\/td>\n<\/tr>\n<tr>\n<td class=\"xl67\" height=\"20\">CUP<\/td>\n<td class=\"xl78\">621139990811<\/td>\n<\/tr>\n<\/tbody>\n<\/table>\n<p> &hellip; <a href=\"https:\/\/www.jessar.ca\/fr\/produit\/pineapple-corer-remover-peels-slices-and-cores-7-99081\/\" class=\"more-link\"><span class=\"more-button\">Buy Now<span class=\"screen-reader-text\">EXTRACTEUR DE NOYAUX D'ANANAS (\u00c9PLUCHE, TRANCHE ET \u00c9VIDE) <\/p>\n<p> #7-99081<\/span><\/span><\/a><\/p>","protected":false},"featured_media":10350,"template":"","meta":[],"_links":{"self":[{"href":"https:\/\/www.jessar.ca\/fr\/wp-json\/wp\/v2\/product\/10349"}],"collection":[{"href":"https:\/\/www.jessar.ca\/fr\/wp-json\/wp\/v2\/product"}],"about":[{"href":"https:\/\/www.jessar.ca\/fr\/wp-json\/wp\/v2\/types\/product"}],"wp:featuredmedia":[{"embeddable":true,"href":"https:\/\/www.jessar.ca\/fr\/wp-json\/wp\/v2\/media\/10350"}],"wp:attachment":[{"href":"https:\/\/www.jessar.ca\/fr\/wp-json\/wp\/v2\/media?parent=10349"}],"curies":[{"name":"wp","href":"https:\/\/api.w.org\/{rel}","templated":true}]}}