{"id":10355,"date":"2023-07-25T10:01:44","date_gmt":"2023-07-25T14:01:44","guid":{"rendered":"https:\/\/www.jessar.ca\/?post_type=product&#038;p=10355"},"modified":"2025-05-13T13:28:38","modified_gmt":"2025-05-13T17:28:38","slug":"burger-press-7-99082","status":"publish","type":"product","link":"https:\/\/www.jessar.ca\/fr\/produit\/burger-press-7-99082\/","title":{"rendered":"PRESSE \u00c0 BURGER <br><br> #7-99082"},"content":{"rendered":"","protected":false},"excerpt":{"rendered":"<p>Code de produit: 7-99082<\/p>\n<p>\u2022 3 types de moules \u00e0 hamburger pour des galettes de diff\u00e9rentes tailles.<br \/>\n\u2022 Le rev\u00eatement amovible et antiadh\u00e9sif facilite le nettoyage. D\u00e9moulez facilement vos hamburgers parfaitement ronds, de la taille d'un petit pain. (Brosse d'huile sur l'assiette avant de la remplir de viande pour faciliter le d\u00e9moulage)<br \/>\n\u2022 Fabriqu\u00e9 \u00e0 partir d'un mat\u00e9riau de qualit\u00e9 sup\u00e9rieure sans BPA durable.<br \/>\n\u2022 Le burger antiadh\u00e9sif est con\u00e7u avec une base amovible \u00e0 d\u00e9gagement facile et donne une galette parfaitement form\u00e9e sans g\u00e2chis.<br \/>\n\u2022 Pr\u00e9parez un hamburger de forme parfaite \u00e0 chaque fois !<\/p>\n<table width=\"580\">\n<tbody>\n<tr>\n<td class=\"xl67\" height=\"20\">Carton int\u00e9rieur<\/td>\n<td class=\"xl78\">0<\/td>\n<\/tr>\n<tr>\n<td class=\"xl67\" height=\"20\">Carton ma\u00eetre<\/td>\n<td class=\"xl78\">12<\/td>\n<\/tr>\n<tr>\n<td class=\"xl67\" height=\"20\">Dimension (L x P x H)<\/td>\n<td class=\"xl78\">12.5 x 12.5 x 6 cm<\/td>\n<\/tr>\n<tr>\n<td class=\"xl67\" height=\"20\">CUP<\/td>\n<td class=\"xl78\">621139990828<\/td>\n<\/tr>\n<\/tbody>\n<\/table>\n<p> &hellip; <a href=\"https:\/\/www.jessar.ca\/fr\/produit\/burger-press-7-99082\/\" class=\"more-link\"><span class=\"more-button\">Buy Now<span class=\"screen-reader-text\">PRESSE \u00c0 BURGER <\/p>\n<p> #7-99082<\/span><\/span><\/a><\/p>","protected":false},"featured_media":10321,"template":"","meta":[],"_links":{"self":[{"href":"https:\/\/www.jessar.ca\/fr\/wp-json\/wp\/v2\/product\/10355"}],"collection":[{"href":"https:\/\/www.jessar.ca\/fr\/wp-json\/wp\/v2\/product"}],"about":[{"href":"https:\/\/www.jessar.ca\/fr\/wp-json\/wp\/v2\/types\/product"}],"wp:featuredmedia":[{"embeddable":true,"href":"https:\/\/www.jessar.ca\/fr\/wp-json\/wp\/v2\/media\/10321"}],"wp:attachment":[{"href":"https:\/\/www.jessar.ca\/fr\/wp-json\/wp\/v2\/media?parent=10355"}],"curies":[{"name":"wp","href":"https:\/\/api.w.org\/{rel}","templated":true}]}}