{"id":10358,"date":"2024-01-25T10:23:53","date_gmt":"2024-01-25T15:23:53","guid":{"rendered":"https:\/\/www.jessar.ca\/?post_type=product&#038;p=10358"},"modified":"2025-05-08T13:21:57","modified_gmt":"2025-05-08T17:21:57","slug":"7-piece-kitchen-utensil-set-7-99054","status":"publish","type":"product","link":"https:\/\/www.jessar.ca\/fr\/produit\/7-piece-kitchen-utensil-set-7-99054\/","title":{"rendered":"7 PI\u00c8CES USTENSILES DE CUISINE <br><br> #7-99054"},"content":{"rendered":"","protected":false},"excerpt":{"rendered":"<p>Code de produit: 7-99054<\/p>\n<p>\u2022 R\u00e9sistant \u00e0 la chaleur<br \/>\n\u2022 Poign\u00e9es en bois d'acacia naturel sans BPA de haute qualit\u00e9 pour un look \u00e9l\u00e9gant<br \/>\n\u2022 Durable et antiadh\u00e9sif<br \/>\n\u2022 Valeur et qualit\u00e9 exceptionnelles pour l'ensemble complet avec moins de 3,00 $ de vente au d\u00e9tail pour chaque gadget<\/p>\n<table width=\"580\">\n<tbody>\n<tr>\n<td class=\"xl67\" height=\"20\">Carton int\u00e9rieur<\/td>\n<td class=\"xl78\">0<\/td>\n<\/tr>\n<tr>\n<td class=\"xl67\" height=\"20\">Carton ma\u00eetre<\/td>\n<td class=\"xl78\">6<\/td>\n<\/tr>\n<tr>\n<td class=\"xl67\" height=\"20\">CUP<\/td>\n<td class=\"xl78\">621139990545<\/td>\n<\/tr>\n<\/tbody>\n<\/table>\n<p> &hellip; <a href=\"https:\/\/www.jessar.ca\/fr\/produit\/7-piece-kitchen-utensil-set-7-99054\/\" class=\"more-link\"><span class=\"more-button\">Buy Now<span class=\"screen-reader-text\">7 PI\u00c8CES USTENSILES DE CUISINE <\/p>\n<p> #7-99054<\/span><\/span><\/a><\/p>","protected":false},"featured_media":10310,"template":"","meta":[],"_links":{"self":[{"href":"https:\/\/www.jessar.ca\/fr\/wp-json\/wp\/v2\/product\/10358"}],"collection":[{"href":"https:\/\/www.jessar.ca\/fr\/wp-json\/wp\/v2\/product"}],"about":[{"href":"https:\/\/www.jessar.ca\/fr\/wp-json\/wp\/v2\/types\/product"}],"wp:featuredmedia":[{"embeddable":true,"href":"https:\/\/www.jessar.ca\/fr\/wp-json\/wp\/v2\/media\/10310"}],"wp:attachment":[{"href":"https:\/\/www.jessar.ca\/fr\/wp-json\/wp\/v2\/media?parent=10358"}],"curies":[{"name":"wp","href":"https:\/\/api.w.org\/{rel}","templated":true}]}}