{"id":10365,"date":"2023-07-13T14:10:43","date_gmt":"2023-07-13T18:10:43","guid":{"rendered":"https:\/\/www.jessar.ca\/?post_type=product&#038;p=10365"},"modified":"2025-07-24T14:12:26","modified_gmt":"2025-07-24T18:12:26","slug":"bamboo-sofa-tray-7-99100","status":"publish","type":"product","link":"https:\/\/www.jessar.ca\/fr\/produit\/bamboo-sofa-tray-7-99100\/","title":{"rendered":"PLATEAU DE CANAP\u00c9 EN BAMBOU <br><br> #7-99100"},"content":{"rendered":"","protected":false},"excerpt":{"rendered":"<p>Code de produit: 7-99100<\/p>\n<p>\u2022 Une solution simple, plus de g\u00e2chis, commode et pratique pour vous d\u00e9tendre sur votre canap\u00e9 pr\u00e9f\u00e9r\u00e9 tout en grignotant et en rangeant votre mobile et votre iPad<br \/>\n\u2022 Bras larges stables avec clip r\u00e9glable qui convient et s'adapte \u00e0 la plupart des canap\u00e9s et bras de canap\u00e9 \u00e0 partir de bras plats de 3,5 pouces jusqu'\u00e0 des bras ronds de 14 pouces<br \/>\n\u2022 Adh\u00e9rence et antid\u00e9rapant maintiendront le plateau en place tout en vous d\u00e9tendant avec votre repas et en utilisant vos appareils mains libres jusqu'\u00e0 13 pouces<br \/>\n\u2022 Le support sp\u00e9cial tournant \u00e0 360 degr\u00e9s facilite la visualisation de votre appareil et la section rainur\u00e9e maintient les boissons en place<br \/>\n\u2022 100 % bambou durable<\/p>\n<table width=\"580\">\n<tbody>\n<tr>\n<td class=\"xl67\" height=\"20\">Carton int\u00e9rieur<\/td>\n<td class=\"xl78\">0<\/td>\n<\/tr>\n<tr>\n<td class=\"xl67\" height=\"20\">Carton ma\u00eetre<\/td>\n<td class=\"xl78\">6<\/td>\n<\/tr>\n<tr>\n<td class=\"xl67\" height=\"20\">Dimensions<\/td>\n<td class=\"xl78\">11.8&#8243; x 8.7&#8243; (2.4 lbs)<\/td>\n<\/tr>\n<tr>\n<td class=\"xl67\" height=\"20\">CUP<\/td>\n<td class=\"xl78\">621139991009<\/td>\n<\/tr>\n<\/tbody>\n<\/table>\n<p> &hellip; <a href=\"https:\/\/www.jessar.ca\/fr\/produit\/bamboo-sofa-tray-7-99100\/\" class=\"more-link\"><span class=\"more-button\">Buy Now<span class=\"screen-reader-text\">PLATEAU DE CANAP\u00c9 EN BAMBOU <\/p>\n<p> #7-99100<\/span><\/span><\/a><\/p>","protected":false},"featured_media":10379,"template":"","meta":[],"_links":{"self":[{"href":"https:\/\/www.jessar.ca\/fr\/wp-json\/wp\/v2\/product\/10365"}],"collection":[{"href":"https:\/\/www.jessar.ca\/fr\/wp-json\/wp\/v2\/product"}],"about":[{"href":"https:\/\/www.jessar.ca\/fr\/wp-json\/wp\/v2\/types\/product"}],"wp:featuredmedia":[{"embeddable":true,"href":"https:\/\/www.jessar.ca\/fr\/wp-json\/wp\/v2\/media\/10379"}],"wp:attachment":[{"href":"https:\/\/www.jessar.ca\/fr\/wp-json\/wp\/v2\/media?parent=10365"}],"curies":[{"name":"wp","href":"https:\/\/api.w.org\/{rel}","templated":true}]}}