{"id":10375,"date":"2023-07-25T13:50:17","date_gmt":"2023-07-25T17:50:17","guid":{"rendered":"https:\/\/www.jessar.ca\/?post_type=product&#038;p=10375"},"modified":"2025-05-08T10:22:44","modified_gmt":"2025-05-08T14:22:44","slug":"laguiole-4-piece-forced-stainless-steel-steak-knife-set-with-multi-color-handles-7-99050","status":"publish","type":"product","link":"https:\/\/www.jessar.ca\/fr\/produit\/laguiole-4-piece-forced-stainless-steel-steak-knife-set-with-multi-color-handles-7-99050\/","title":{"rendered":"COUTEAUX \u00c0 STEAK LAGUIOLE 4 PI\u00c8CES EN ACIER INOXYDABLE AVEC MANCHES MULTICOLORES <br><br> #7-99050"},"content":{"rendered":"","protected":false},"excerpt":{"rendered":"<p>Code de produit: 7-99050<\/p>\n<p>\u2022 Couteaux \u00e0 steak luxueux et culinaires de haute qualit\u00e9 avec lames dentel\u00e9es en acier inoxydable 30CR13(420) (\u00e9paisseur 2,5 mm)<br \/>\n\u2022 Des coupes nettes comme un rasoir \u00e0 travers le steak et parfait pour trancher, couper en d\u00e9s et hacher<br \/>\n\u2022 Id\u00e9al pour les viandes, les poissons, le pain et m\u00eame les fromages<br \/>\n\u2022 Une coupe lisse et des poign\u00e9es artisanales \u00e9l\u00e9gantes ajoutent de la valeur et de la tradition \u00e0 tout repas ou \u00e9v\u00e9nement sp\u00e9cial<\/p>\n<table width=\"580\">\n<tbody>\n<tr>\n<td class=\"xl67\" height=\"20\">Carton int\u00e9rieur<\/td>\n<td class=\"xl78\">0<\/td>\n<\/tr>\n<tr>\n<td class=\"xl67\" height=\"20\">Carton ma\u00eetre<\/td>\n<td class=\"xl78\">12<\/td>\n<\/tr>\n<tr>\n<td class=\"xl67\" height=\"20\">CUP<\/td>\n<td class=\"xl78\">621139990507<\/td>\n<\/tr>\n<\/tbody>\n<\/table>\n<p> &hellip; <a href=\"https:\/\/www.jessar.ca\/fr\/produit\/laguiole-4-piece-forced-stainless-steel-steak-knife-set-with-multi-color-handles-7-99050\/\" class=\"more-link\"><span class=\"more-button\">Buy Now<span class=\"screen-reader-text\">COUTEAUX \u00c0 STEAK LAGUIOLE 4 PI\u00c8CES EN ACIER INOXYDABLE AVEC MANCHES MULTICOLORES <\/p>\n<p> #7-99050<\/span><\/span><\/a><\/p>","protected":false},"featured_media":10452,"template":"","meta":[],"_links":{"self":[{"href":"https:\/\/www.jessar.ca\/fr\/wp-json\/wp\/v2\/product\/10375"}],"collection":[{"href":"https:\/\/www.jessar.ca\/fr\/wp-json\/wp\/v2\/product"}],"about":[{"href":"https:\/\/www.jessar.ca\/fr\/wp-json\/wp\/v2\/types\/product"}],"wp:featuredmedia":[{"embeddable":true,"href":"https:\/\/www.jessar.ca\/fr\/wp-json\/wp\/v2\/media\/10452"}],"wp:attachment":[{"href":"https:\/\/www.jessar.ca\/fr\/wp-json\/wp\/v2\/media?parent=10375"}],"curies":[{"name":"wp","href":"https:\/\/api.w.org\/{rel}","templated":true}]}}