{"id":10385,"date":"2024-04-25T09:02:50","date_gmt":"2024-04-25T13:02:50","guid":{"rendered":"https:\/\/www.jessar.ca\/?post_type=product&#038;p=10385"},"modified":"2024-10-04T11:42:16","modified_gmt":"2024-10-04T15:42:16","slug":"french-press-glass-coffee-maker-with-bamboo-lid-and-handle-gs-07b137","status":"publish","type":"product","link":"https:\/\/www.jessar.ca\/fr\/produit\/french-press-glass-coffee-maker-with-bamboo-lid-and-handle-gs-07b137\/","title":{"rendered":"CAFETI\u00c8RE \u00c0 PISTON AVEC COUVERCLE ET POIGN\u00c9E EN BAMBOU <br><br> #7-99137"},"content":{"rendered":"","protected":false},"excerpt":{"rendered":"<p>Code de produit: 7-99137<\/p>\n<table width=\"580\">\n<tbody>\n<tr>\n<td class=\"xl67\" height=\"20\">Carton int\u00e9rieur<\/td>\n<td class=\"xl78\">0<\/td>\n<\/tr>\n<tr>\n<td class=\"xl67\" height=\"20\">Carton ma\u00eetre<\/td>\n<td class=\"xl78\">6<\/td>\n<\/tr>\n<tr>\n<td class=\"xl67\" height=\"20\">CUP<\/td>\n<td class=\"xl78\">621139991375<\/td>\n<\/tr>\n<\/tbody>\n<\/table>\n<p> &hellip; <a href=\"https:\/\/www.jessar.ca\/fr\/produit\/french-press-glass-coffee-maker-with-bamboo-lid-and-handle-gs-07b137\/\" class=\"more-link\"><span class=\"more-button\">Buy Now<span class=\"screen-reader-text\">CAFETI\u00c8RE \u00c0 PISTON AVEC COUVERCLE ET POIGN\u00c9E EN BAMBOU <\/p>\n<p> #7-99137<\/span><\/span><\/a><\/p>","protected":false},"featured_media":12165,"template":"","meta":[],"_links":{"self":[{"href":"https:\/\/www.jessar.ca\/fr\/wp-json\/wp\/v2\/product\/10385"}],"collection":[{"href":"https:\/\/www.jessar.ca\/fr\/wp-json\/wp\/v2\/product"}],"about":[{"href":"https:\/\/www.jessar.ca\/fr\/wp-json\/wp\/v2\/types\/product"}],"wp:featuredmedia":[{"embeddable":true,"href":"https:\/\/www.jessar.ca\/fr\/wp-json\/wp\/v2\/media\/12165"}],"wp:attachment":[{"href":"https:\/\/www.jessar.ca\/fr\/wp-json\/wp\/v2\/media?parent=10385"}],"curies":[{"name":"wp","href":"https:\/\/api.w.org\/{rel}","templated":true}]}}