{"id":10497,"date":"2024-02-05T10:39:32","date_gmt":"2024-02-05T15:39:32","guid":{"rendered":"https:\/\/www.jessar.ca\/?post_type=product&#038;p=10497"},"modified":"2024-02-15T08:45:43","modified_gmt":"2024-02-15T13:45:43","slug":"pendant-fixture-genesis-5-90286","status":"publish","type":"product","link":"https:\/\/www.jessar.ca\/fr\/produit\/pendant-fixture-genesis-5-90286\/","title":{"rendered":"LUMINAIRE SUSPENDU. \u201cGENESIS\u201d <br><br> #5-90286"},"content":{"rendered":"","protected":false},"excerpt":{"rendered":"<p>Product code: 5-90286<\/p>\n<p>Produit de la m\u00eame famille : <a href=\"https:\/\/www.jessar.ca\/fr\/produit\/pendant-fixture-3-lights-genesis-5-90287\/\">5-90287<\/a><\/p>\n<table border=\"0\" width=\"580\" cellspacing=\"0\" cellpadding=\"0\">\n<tbody>\n<tr>\n<td class=\"xl65\" width=\"166\" height=\"20\">Type<\/td>\n<td class=\"xl66\" width=\"414\">Luminaire Suspendu<\/td>\n<\/tr>\n<tr>\n<td class=\"xl65\" height=\"20\">Ampoule requise<\/td>\n<td class=\"xl66\">1 ampoule \u00e0 culot LED x GU10, 12W max (vendue s\u00e9par\u00e9ment)<\/td>\n<\/tr>\n<tr>\n<td class=\"xl65\" height=\"20\">Fini<\/td>\n<td class=\"xl67\">Fini noir<\/td>\n<\/tr>\n<tr>\n<td class=\"xl65\" height=\"20\">Longueur du cordon<\/td>\n<td class=\"xl67\">180 cm (70.8\u2033)<\/td>\n<\/tr>\n<tr>\n<td class=\"xl65\" height=\"20\">Dimensions<\/td>\n<td class=\"xl67\">L: 6 cm (2.36\u201d)\u00a0 \u00a0 H: 40 cm (15.75\u201d)<\/td>\n<\/tr>\n<tr>\n<td class=\"xl65\" height=\"20\">Carton int\u00e9rieur<\/td>\n<td class=\"xl66\">0<\/td>\n<\/tr>\n<tr>\n<td class=\"xl65\" height=\"20\">Carton ma\u00eetre<\/td>\n<td class=\"xl66\">6<\/td>\n<\/tr>\n<tr>\n<td class=\"xl65\" height=\"20\">CUP<\/td>\n<td class=\"xl67\">621139902869<\/td>\n<\/tr>\n<tr>\n<td class=\"xl65\" height=\"20\">Certification<\/td>\n<td class=\"xl67\"><img loading=\"lazy\" class=\"alignnone wp-image-7208\" src=\"https:\/\/www.jessar.ca\/wp-content\/uploads\/CUL-LOGO-300x228.jpg\" alt=\"\" width=\"46\" height=\"35\" srcset=\"https:\/\/www.jessar.ca\/wp-content\/uploads\/CUL-LOGO-300x228.jpg 300w, https:\/\/www.jessar.ca\/wp-content\/uploads\/CUL-LOGO-768x584.jpg 768w, https:\/\/www.jessar.ca\/wp-content\/uploads\/CUL-LOGO-16x12.jpg 16w, https:\/\/www.jessar.ca\/wp-content\/uploads\/CUL-LOGO-730x547.jpg 730w, https:\/\/www.jessar.ca\/wp-content\/uploads\/CUL-LOGO.jpg 878w, https:\/\/www.jessar.ca\/wp-content\/uploads\/CUL-LOGO-800x609.jpg 800w\" sizes=\"(max-width: 46px) 100vw, 46px\" \/><\/td>\n<\/tr>\n<tr>\n<td class=\"xl65\" height=\"20\">Feuille d'instruction<\/td>\n<td class=\"xl67\"><a href=\"https:\/\/www.jessar.ca\/wp-content\/uploads\/5-90286_instruction-sheet.pdf\">5-90286<\/a><\/td>\n<\/tr>\n<\/tbody>\n<\/table>\n<p> &hellip; <a href=\"https:\/\/www.jessar.ca\/fr\/produit\/pendant-fixture-genesis-5-90286\/\" class=\"more-link\"><span class=\"more-button\">Buy Now<span class=\"screen-reader-text\">LUMINAIRE SUSPENDU. \u201cGENESIS\u201d <\/p>\n<p> #5-90286<\/span><\/span><\/a><\/p>","protected":false},"featured_media":10751,"template":"","meta":[],"_links":{"self":[{"href":"https:\/\/www.jessar.ca\/fr\/wp-json\/wp\/v2\/product\/10497"}],"collection":[{"href":"https:\/\/www.jessar.ca\/fr\/wp-json\/wp\/v2\/product"}],"about":[{"href":"https:\/\/www.jessar.ca\/fr\/wp-json\/wp\/v2\/types\/product"}],"wp:featuredmedia":[{"embeddable":true,"href":"https:\/\/www.jessar.ca\/fr\/wp-json\/wp\/v2\/media\/10751"}],"wp:attachment":[{"href":"https:\/\/www.jessar.ca\/fr\/wp-json\/wp\/v2\/media?parent=10497"}],"curies":[{"name":"wp","href":"https:\/\/api.w.org\/{rel}","templated":true}]}}