{"id":10535,"date":"2023-08-14T14:29:49","date_gmt":"2023-08-14T18:29:49","guid":{"rendered":"https:\/\/www.jessar.ca\/?post_type=product&#038;p=10535"},"modified":"2025-05-13T13:33:20","modified_gmt":"2025-05-13T17:33:20","slug":"special-built-in-lemon-lime-squeezer-k-5134","status":"publish","type":"product","link":"https:\/\/www.jessar.ca\/fr\/produit\/special-built-in-lemon-lime-squeezer-k-5134\/","title":{"rendered":"PRESSE-AGRUMES CITRON ET LIME INT\u00c9GR\u00c9 SP\u00c9CIAL <br><br> #7-99118"},"content":{"rendered":"","protected":false},"excerpt":{"rendered":"<p>Code de produit: 7-99118<\/p>\n<p>\u2022 Pressez facilement<br \/>\n\u2022 Construction en aluminium lourd et finition \u00e9maill\u00e9e<\/p>\n<table width=\"580\">\n<tbody>\n<tr>\n<td class=\"xl67\" height=\"20\">Carton int\u00e9rieur<\/td>\n<td class=\"xl78\">0<\/td>\n<\/tr>\n<tr>\n<td class=\"xl67\" height=\"20\">Carton ma\u00eetre<\/td>\n<td class=\"xl78\">12<\/td>\n<\/tr>\n<tr>\n<td class=\"xl67\" height=\"20\">CUP<\/td>\n<td class=\"xl78\">621139991184<\/td>\n<\/tr>\n<\/tbody>\n<\/table>\n<p> &hellip; <a href=\"https:\/\/www.jessar.ca\/fr\/produit\/special-built-in-lemon-lime-squeezer-k-5134\/\" class=\"more-link\"><span class=\"more-button\">Buy Now<span class=\"screen-reader-text\">PRESSE-AGRUMES CITRON ET LIME INT\u00c9GR\u00c9 SP\u00c9CIAL <\/p>\n<p> #7-99118<\/span><\/span><\/a><\/p>","protected":false},"featured_media":10536,"template":"","meta":[],"_links":{"self":[{"href":"https:\/\/www.jessar.ca\/fr\/wp-json\/wp\/v2\/product\/10535"}],"collection":[{"href":"https:\/\/www.jessar.ca\/fr\/wp-json\/wp\/v2\/product"}],"about":[{"href":"https:\/\/www.jessar.ca\/fr\/wp-json\/wp\/v2\/types\/product"}],"wp:featuredmedia":[{"embeddable":true,"href":"https:\/\/www.jessar.ca\/fr\/wp-json\/wp\/v2\/media\/10536"}],"wp:attachment":[{"href":"https:\/\/www.jessar.ca\/fr\/wp-json\/wp\/v2\/media?parent=10535"}],"curies":[{"name":"wp","href":"https:\/\/api.w.org\/{rel}","templated":true}]}}