{"id":10563,"date":"2023-08-15T09:15:35","date_gmt":"2023-08-15T13:15:35","guid":{"rendered":"https:\/\/www.jessar.ca\/?post_type=product&#038;p=10563"},"modified":"2023-08-15T09:15:35","modified_gmt":"2023-08-15T13:15:35","slug":"ceiling-light-1-head-nickel-indiana-5-90289","status":"publish","type":"product","link":"https:\/\/www.jessar.ca\/fr\/produit\/ceiling-light-1-head-nickel-indiana-5-90289\/","title":{"rendered":"LUMINAIRE PLAFOND 1 TETE NICKEL \"INDIANA\" <br><br> #5-90289"},"content":{"rendered":"","protected":false},"excerpt":{"rendered":"<p>Code produit : 5-90289<\/p>\n<table border=\"0\" width=\"580\" cellspacing=\"0\" cellpadding=\"0\">\n<tbody>\n<tr>\n<td class=\"xl66\" width=\"166\" height=\"21\">Type<\/td>\n<td class=\"xl68\" width=\"414\">Luminaire Plafonnier<\/td>\n<\/tr>\n<tr>\n<td class=\"xl66\" width=\"166\" height=\"21\">Fini<\/td>\n<td class=\"xl68\" width=\"414\">Fini nickel<\/td>\n<\/tr>\n<tr>\n<td class=\"xl66\" width=\"166\" height=\"21\">Ampoule requise<\/td>\n<td class=\"xl68\" width=\"414\">1 ampoule \u00e0 culot LED x E26, 60W max (vendue s\u00e9par\u00e9ment)<\/td>\n<\/tr>\n<tr>\n<td class=\"xl66\" width=\"166\" height=\"21\">Voltage<\/td>\n<td class=\"xl68\" width=\"414\">120V<\/td>\n<\/tr>\n<tr>\n<td class=\"xl66\" width=\"166\" height=\"21\">Dimension (L x P x H)<\/td>\n<td class=\"xl68\" width=\"414\">L: 8 cm (7.09\u201d) H: 27 cm (10.63\u201d)<\/td>\n<\/tr>\n<tr>\n<td class=\"xl66\" width=\"166\" height=\"21\">Usage<\/td>\n<td class=\"xl68\" width=\"414\">Int\u00e9rieur<\/td>\n<\/tr>\n<tr>\n<td class=\"xl66\" width=\"166\" height=\"21\">Carton int\u00e9rieur<\/td>\n<td class=\"xl68\" width=\"414\">0<\/td>\n<\/tr>\n<tr>\n<td class=\"xl66\" width=\"166\" height=\"21\">Carton ma\u00eetre<\/td>\n<td class=\"xl68\" width=\"414\">6<\/td>\n<\/tr>\n<tr>\n<td class=\"xl66\" width=\"166\" height=\"21\">CUP<\/td>\n<td class=\"xl70\" width=\"414\">621139902890<\/td>\n<\/tr>\n<tr>\n<td class=\"xl66\" width=\"166\" height=\"21\">Certification<\/td>\n<td class=\"xl70\" width=\"414\"><img loading=\"lazy\" class=\"alignnone wp-image-7208\" src=\"https:\/\/www.jessar.ca\/wp-content\/uploads\/CUL-LOGO-300x228.jpg\" alt=\"\" width=\"46\" height=\"35\" srcset=\"https:\/\/www.jessar.ca\/wp-content\/uploads\/CUL-LOGO-300x228.jpg 300w, https:\/\/www.jessar.ca\/wp-content\/uploads\/CUL-LOGO-768x584.jpg 768w, https:\/\/www.jessar.ca\/wp-content\/uploads\/CUL-LOGO-16x12.jpg 16w, https:\/\/www.jessar.ca\/wp-content\/uploads\/CUL-LOGO-730x547.jpg 730w, https:\/\/www.jessar.ca\/wp-content\/uploads\/CUL-LOGO.jpg 878w, https:\/\/www.jessar.ca\/wp-content\/uploads\/CUL-LOGO-800x609.jpg 800w\" sizes=\"(max-width: 46px) 100vw, 46px\" \/><\/td>\n<\/tr>\n<tr>\n<td class=\"xl66\" width=\"166\" height=\"21\">Feuille d'instruction<\/td>\n<td class=\"xl70\" width=\"414\"><a href=\"https:\/\/www.jessar.ca\/wp-content\/uploads\/5-90289-instruction.pdf\">5-90289<\/a><\/td>\n<\/tr>\n<tr>\n<td class=\"xl66\" width=\"166\" height=\"21\"><\/td>\n<td class=\"xl68\" width=\"414\"><\/td>\n<\/tr>\n<tr>\n<td class=\"xl69\" width=\"166\" height=\"21\"><\/td>\n<td class=\"xl71\" width=\"414\"><\/td>\n<\/tr>\n<\/tbody>\n<\/table>\n<p> &hellip; <a href=\"https:\/\/www.jessar.ca\/fr\/produit\/ceiling-light-1-head-nickel-indiana-5-90289\/\" class=\"more-link\"><span class=\"more-button\">Buy Now<span class=\"screen-reader-text\">LUMINAIRE PLAFOND 1 TETE NICKEL \"INDIANA\" <\/p>\n<p> #5-90289<\/span><\/span><\/a><\/p>","protected":false},"featured_media":10564,"template":"","meta":[],"_links":{"self":[{"href":"https:\/\/www.jessar.ca\/fr\/wp-json\/wp\/v2\/product\/10563"}],"collection":[{"href":"https:\/\/www.jessar.ca\/fr\/wp-json\/wp\/v2\/product"}],"about":[{"href":"https:\/\/www.jessar.ca\/fr\/wp-json\/wp\/v2\/types\/product"}],"wp:featuredmedia":[{"embeddable":true,"href":"https:\/\/www.jessar.ca\/fr\/wp-json\/wp\/v2\/media\/10564"}],"wp:attachment":[{"href":"https:\/\/www.jessar.ca\/fr\/wp-json\/wp\/v2\/media?parent=10563"}],"curies":[{"name":"wp","href":"https:\/\/api.w.org\/{rel}","templated":true}]}}