{"id":10583,"date":"2023-08-15T13:13:39","date_gmt":"2023-08-15T17:13:39","guid":{"rendered":"https:\/\/www.jessar.ca\/?post_type=product&#038;p=10583"},"modified":"2025-05-08T13:10:29","modified_gmt":"2025-05-08T17:10:29","slug":"6-piece-knife-block-set-with-wood-grain-handle-7-99105","status":"publish","type":"product","link":"https:\/\/www.jessar.ca\/fr\/produit\/6-piece-knife-block-set-with-wood-grain-handle-7-99105\/","title":{"rendered":"6 PI\u00c8CES BLOC \u00c0 COUTEAUX AVEC POIGN\u00c9ES EN GRAIN DE BOIS <br><br> #7-99105"},"content":{"rendered":"","protected":false},"excerpt":{"rendered":"<p>Code de produit: 7-99105<\/p>\n<p>\u2022 Couteaux \u00e0 lame noire avec bloc de rangement<br \/>\n\u2022 L'ensemble de couteaux parfait pour le chef de tous les jours!<br \/>\n\u2022 Facile \u00e0 nettoyer<br \/>\n\u2022 Rev\u00eatement antiadh\u00e9sif<br \/>\n\u2022 Compact et id\u00e9al pour les comptoirs<br \/>\n\u2022 Fabriqu\u00e9 en acier inoxydable \u00e0 haute teneur en carbone<\/p>\n<table width=\"580\">\n<tbody>\n<tr>\n<td class=\"xl67\" height=\"20\">Carton int\u00e9rieur<\/td>\n<td class=\"xl78\">0<\/td>\n<\/tr>\n<tr>\n<td class=\"xl67\" height=\"20\">Carton ma\u00eetre<\/td>\n<td class=\"xl78\">6<\/td>\n<\/tr>\n<tr>\n<td class=\"xl67\" height=\"20\">CUP<\/td>\n<td class=\"xl78\">621139991054<\/td>\n<\/tr>\n<\/tbody>\n<\/table>\n<p> &hellip; <a href=\"https:\/\/www.jessar.ca\/fr\/produit\/6-piece-knife-block-set-with-wood-grain-handle-7-99105\/\" class=\"more-link\"><span class=\"more-button\">Buy Now<span class=\"screen-reader-text\">6 PI\u00c8CES BLOC \u00c0 COUTEAUX AVEC POIGN\u00c9ES EN GRAIN DE BOIS <\/p>\n<p> #7-99105<\/span><\/span><\/a><\/p>","protected":false},"featured_media":10584,"template":"","meta":[],"_links":{"self":[{"href":"https:\/\/www.jessar.ca\/fr\/wp-json\/wp\/v2\/product\/10583"}],"collection":[{"href":"https:\/\/www.jessar.ca\/fr\/wp-json\/wp\/v2\/product"}],"about":[{"href":"https:\/\/www.jessar.ca\/fr\/wp-json\/wp\/v2\/types\/product"}],"wp:featuredmedia":[{"embeddable":true,"href":"https:\/\/www.jessar.ca\/fr\/wp-json\/wp\/v2\/media\/10584"}],"wp:attachment":[{"href":"https:\/\/www.jessar.ca\/fr\/wp-json\/wp\/v2\/media?parent=10583"}],"curies":[{"name":"wp","href":"https:\/\/api.w.org\/{rel}","templated":true}]}}