{"id":10591,"date":"2023-08-16T09:46:47","date_gmt":"2023-08-16T13:46:47","guid":{"rendered":"https:\/\/www.jessar.ca\/?post_type=product&#038;p=10591"},"modified":"2025-05-13T13:18:56","modified_gmt":"2025-05-13T17:18:56","slug":"18-stainless-steel-pizza-cutter-and-slicer-rocker-7-99112","status":"publish","type":"product","link":"https:\/\/www.jessar.ca\/fr\/produit\/18-stainless-steel-pizza-cutter-and-slicer-rocker-7-99112\/","title":{"rendered":"COUPE-PIZZA ET TRANCHEUSE BASCULE EN ACIER INOXYDABLE DE 13,7\" <br><br> #7-99112"},"content":{"rendered":"","protected":false},"excerpt":{"rendered":"<p>Code de produit: 7-99112<\/p>\n<p>\u2022 Hachez, tranchez et coupez en d\u00e9s sans effort\navec un seul outil!<br \/>\n\u2022 Cet outil de tranchage multifonctionnel tranche en douceur les pizzas, les g\u00e2teaux et les tartes et coupe en d\u00e9s les l\u00e9gumes et les herbes.<\/p>\n<table width=\"580\">\n<tbody>\n<tr>\n<td class=\"xl67\" height=\"20\">Carton int\u00e9rieur<\/td>\n<td class=\"xl78\">0<\/td>\n<\/tr>\n<tr>\n<td class=\"xl67\" height=\"20\">Carton ma\u00eetre<\/td>\n<td class=\"xl78\">12<\/td>\n<\/tr>\n<tr>\n<td class=\"xl67\" height=\"20\">CUP<\/td>\n<td class=\"xl78\">621139991122<\/td>\n<\/tr>\n<\/tbody>\n<\/table>\n<p> &hellip; <a href=\"https:\/\/www.jessar.ca\/fr\/produit\/18-stainless-steel-pizza-cutter-and-slicer-rocker-7-99112\/\" class=\"more-link\"><span class=\"more-button\">Buy Now<span class=\"screen-reader-text\">COUPE-PIZZA ET TRANCHEUSE BASCULE EN ACIER INOXYDABLE DE 13,7\" <\/p>\n<p> #7-99112<\/span><\/span><\/a><\/p>","protected":false},"featured_media":10592,"template":"","meta":[],"_links":{"self":[{"href":"https:\/\/www.jessar.ca\/fr\/wp-json\/wp\/v2\/product\/10591"}],"collection":[{"href":"https:\/\/www.jessar.ca\/fr\/wp-json\/wp\/v2\/product"}],"about":[{"href":"https:\/\/www.jessar.ca\/fr\/wp-json\/wp\/v2\/types\/product"}],"wp:featuredmedia":[{"embeddable":true,"href":"https:\/\/www.jessar.ca\/fr\/wp-json\/wp\/v2\/media\/10592"}],"wp:attachment":[{"href":"https:\/\/www.jessar.ca\/fr\/wp-json\/wp\/v2\/media?parent=10591"}],"curies":[{"name":"wp","href":"https:\/\/api.w.org\/{rel}","templated":true}]}}