{"id":10832,"date":"2024-04-25T06:35:53","date_gmt":"2024-04-25T10:35:53","guid":{"rendered":"https:\/\/www.jessar.ca\/?post_type=product&#038;p=10832"},"modified":"2024-10-04T11:56:58","modified_gmt":"2024-10-04T15:56:58","slug":"manual-coffee-grinder-with-adjustable-settings-7-99114","status":"publish","type":"product","link":"https:\/\/www.jessar.ca\/fr\/produit\/manual-coffee-grinder-with-adjustable-settings-7-99114\/","title":{"rendered":"MOULIN \u00c0 CAF\u00c9 MANUEL AVEC R\u00c9GLAGES AJUSTABLES <br><br> #7-99114"},"content":{"rendered":"","protected":false},"excerpt":{"rendered":"<p>\u2022 Mouture constante qui pr\u00e9serve la saveur.<br \/>\n\u2022 S\u2019ajuste facilement pour moudre n'importe quelle taille, de grossi\u00e8re \u00e0 fine.<br \/>\n\u2022 D\u00e9tachable pour un nettoyage facile.<\/p>\n<table width=\"580\">\n<tbody>\n<tr>\n<td class=\"xl67\" height=\"20\">Carton int\u00e9rieur<\/td>\n<td class=\"xl78\">6<\/td>\n<\/tr>\n<tr>\n<td class=\"xl67\" height=\"20\">Carton ma\u00eetre<\/td>\n<td class=\"xl78\">36<\/td>\n<\/tr>\n<tr>\n<td class=\"xl67\" height=\"20\">CUP<\/td>\n<td class=\"xl78\">621139991146<\/td>\n<\/tr>\n<\/tbody>\n<\/table>\n<p> &hellip; <a href=\"https:\/\/www.jessar.ca\/fr\/produit\/manual-coffee-grinder-with-adjustable-settings-7-99114\/\" class=\"more-link\"><span class=\"more-button\">Buy Now<span class=\"screen-reader-text\">MOULIN \u00c0 CAF\u00c9 MANUEL AVEC R\u00c9GLAGES AJUSTABLES <\/p>\n<p> #7-99114<\/span><\/span><\/a><\/p>","protected":false},"featured_media":10842,"template":"","meta":[],"_links":{"self":[{"href":"https:\/\/www.jessar.ca\/fr\/wp-json\/wp\/v2\/product\/10832"}],"collection":[{"href":"https:\/\/www.jessar.ca\/fr\/wp-json\/wp\/v2\/product"}],"about":[{"href":"https:\/\/www.jessar.ca\/fr\/wp-json\/wp\/v2\/types\/product"}],"wp:featuredmedia":[{"embeddable":true,"href":"https:\/\/www.jessar.ca\/fr\/wp-json\/wp\/v2\/media\/10842"}],"wp:attachment":[{"href":"https:\/\/www.jessar.ca\/fr\/wp-json\/wp\/v2\/media?parent=10832"}],"curies":[{"name":"wp","href":"https:\/\/api.w.org\/{rel}","templated":true}]}}