{"id":10854,"date":"2023-07-12T14:29:38","date_gmt":"2023-07-12T18:29:38","guid":{"rendered":"https:\/\/www.jessar.ca\/?post_type=product&#038;p=10854"},"modified":"2025-05-13T13:25:41","modified_gmt":"2025-05-13T17:25:41","slug":"multi-use-mandoline-7-99104","status":"publish","type":"product","link":"https:\/\/www.jessar.ca\/fr\/produit\/multi-use-mandoline-7-99104\/","title":{"rendered":"MANDOLINE MULTI-USAGE <br><br> #7-99104"},"content":{"rendered":"","protected":false},"excerpt":{"rendered":"<p>Code de produit: 7-99104<\/p>\n<p>\u2022 Facile \u00e0 utiliser<br \/>\nAppuyez simplement sur la poign\u00e9e \u00e0 ressort pour trancher en quelques secondes.<br \/>\n\u2022 Pas de lames desserr\u00e9es<br \/>\nLes lames int\u00e9gr\u00e9es r\u00e9glables prot\u00e8gent les doigts.<br \/>\n\u2022 Mat\u00e9riaux durables<br \/>\nPlastiques sans BPA, pieds antid\u00e9rapants et acier inoxydable \u00e0 haute teneur en carbone.<\/p>\n<table width=\"580\">\n<tbody>\n<tr>\n<td class=\"xl67\" height=\"20\">Carton int\u00e9rieur<\/td>\n<td class=\"xl78\">0<\/td>\n<\/tr>\n<tr>\n<td class=\"xl67\" height=\"20\">Carton ma\u00eetre<\/td>\n<td class=\"xl78\">12<\/td>\n<\/tr>\n<tr>\n<td class=\"xl67\" height=\"20\">CUP<\/td>\n<td class=\"xl78\">621139991047<\/td>\n<\/tr>\n<\/tbody>\n<\/table>\n<p> &hellip; <a href=\"https:\/\/www.jessar.ca\/fr\/produit\/multi-use-mandoline-7-99104\/\" class=\"more-link\"><span class=\"more-button\">Buy Now<span class=\"screen-reader-text\">MANDOLINE MULTI-USAGE <\/p>\n<p> #7-99104<\/span><\/span><\/a><\/p>","protected":false},"featured_media":10855,"template":"","meta":[],"_links":{"self":[{"href":"https:\/\/www.jessar.ca\/fr\/wp-json\/wp\/v2\/product\/10854"}],"collection":[{"href":"https:\/\/www.jessar.ca\/fr\/wp-json\/wp\/v2\/product"}],"about":[{"href":"https:\/\/www.jessar.ca\/fr\/wp-json\/wp\/v2\/types\/product"}],"wp:featuredmedia":[{"embeddable":true,"href":"https:\/\/www.jessar.ca\/fr\/wp-json\/wp\/v2\/media\/10855"}],"wp:attachment":[{"href":"https:\/\/www.jessar.ca\/fr\/wp-json\/wp\/v2\/media?parent=10854"}],"curies":[{"name":"wp","href":"https:\/\/api.w.org\/{rel}","templated":true}]}}