{"id":10929,"date":"2024-04-24T01:57:49","date_gmt":"2024-04-24T05:57:49","guid":{"rendered":"https:\/\/www.jessar.ca\/?post_type=product&#038;p=10929"},"modified":"2024-10-10T15:07:52","modified_gmt":"2024-10-10T19:07:52","slug":"3l-whistling-stovetop-kettle-7-99133","status":"publish","type":"product","link":"https:\/\/www.jessar.ca\/fr\/produit\/3l-whistling-stovetop-kettle-7-99133\/","title":{"rendered":"3L BOUILLOIRE SIFFLANTE <br><br> #7-99133"},"content":{"rendered":"","protected":false},"excerpt":{"rendered":"<p>Code de produit: 7-99133<\/p>\n<p>\u2022 Bouilloire en acier inoxydable et poign\u00e9e ergonomique et couvercle fini bois<br \/>\n\u2022 Fait bouillir l'eau rapidement et facilement<br \/>\n\u2022 Bec verseur qui siffle pour signaler que l\u2019eau bout<br \/>\n\u2022 Convient aux cuisini\u00e8res \u00e9lectriques, \u00e0 induction et \u00e0 gaz<\/p>\n<table width=\"580\">\n<tbody>\n<tr>\n<td class=\"xl67\" height=\"20\">Carton int\u00e9rieur<\/td>\n<td class=\"xl78\">0<\/td>\n<\/tr>\n<tr>\n<td class=\"xl67\" height=\"20\">Carton ma\u00eetre<\/td>\n<td class=\"xl78\">6<\/td>\n<\/tr>\n<tr>\n<td class=\"xl67\" height=\"20\">CUP<\/td>\n<td class=\"xl78\">621139991337<\/td>\n<\/tr>\n<\/tbody>\n<\/table>\n<p> &hellip; <a href=\"https:\/\/www.jessar.ca\/fr\/produit\/3l-whistling-stovetop-kettle-7-99133\/\" class=\"more-link\"><span class=\"more-button\">Buy Now<span class=\"screen-reader-text\">3L BOUILLOIRE SIFFLANTE <\/p>\n<p> #7-99133<\/span><\/span><\/a><\/p>","protected":false},"featured_media":10930,"template":"","meta":[],"_links":{"self":[{"href":"https:\/\/www.jessar.ca\/fr\/wp-json\/wp\/v2\/product\/10929"}],"collection":[{"href":"https:\/\/www.jessar.ca\/fr\/wp-json\/wp\/v2\/product"}],"about":[{"href":"https:\/\/www.jessar.ca\/fr\/wp-json\/wp\/v2\/types\/product"}],"wp:featuredmedia":[{"embeddable":true,"href":"https:\/\/www.jessar.ca\/fr\/wp-json\/wp\/v2\/media\/10930"}],"wp:attachment":[{"href":"https:\/\/www.jessar.ca\/fr\/wp-json\/wp\/v2\/media?parent=10929"}],"curies":[{"name":"wp","href":"https:\/\/api.w.org\/{rel}","templated":true}]}}