{"id":10931,"date":"2024-04-25T06:34:20","date_gmt":"2024-04-25T10:34:20","guid":{"rendered":"https:\/\/www.jessar.ca\/?post_type=product&#038;p=10931"},"modified":"2024-10-04T11:34:45","modified_gmt":"2024-10-04T15:34:45","slug":"1500ml-tea-kettle-with-built-in-infuser-7-99134","status":"publish","type":"product","link":"https:\/\/www.jessar.ca\/fr\/produit\/1500ml-tea-kettle-with-built-in-infuser-7-99134\/","title":{"rendered":"BOUILLOIRE \u00c0 TH\u00c9 1500ML AVEC INFUSEUR INT\u00c9GR\u00c9 <br><br> #7-99134"},"content":{"rendered":"","protected":false},"excerpt":{"rendered":"<p>Code de produit: 7-99134<\/p>\n<p>\u2022 Infuseur en acier inoxydable et verre r\u00e9sistant \u00e0 la chaleur<br \/>\n\u2022 Du th\u00e9 parfaitement infus\u00e9 \u00e0 chaque fois<br \/>\n\u2022 Poign\u00e9e r\u00e9sistante \u00e0 la chaleur<\/p>\n<table width=\"580\">\n<tbody>\n<tr>\n<td class=\"xl67\" height=\"20\">Carton int\u00e9rieur<\/td>\n<td class=\"xl78\">0<\/td>\n<\/tr>\n<tr>\n<td class=\"xl67\" height=\"20\">Carton ma\u00eetre<\/td>\n<td class=\"xl78\">6<\/td>\n<\/tr>\n<tr>\n<td class=\"xl67\" height=\"20\">CUP<\/td>\n<td class=\"xl78\">621139991344<\/td>\n<\/tr>\n<\/tbody>\n<\/table>\n<p> &hellip; <a href=\"https:\/\/www.jessar.ca\/fr\/produit\/1500ml-tea-kettle-with-built-in-infuser-7-99134\/\" class=\"more-link\"><span class=\"more-button\">Buy Now<span class=\"screen-reader-text\">BOUILLOIRE \u00c0 TH\u00c9 1500ML AVEC INFUSEUR INT\u00c9GR\u00c9 <\/p>\n<p> #7-99134<\/span><\/span><\/a><\/p>","protected":false},"featured_media":10932,"template":"","meta":[],"_links":{"self":[{"href":"https:\/\/www.jessar.ca\/fr\/wp-json\/wp\/v2\/product\/10931"}],"collection":[{"href":"https:\/\/www.jessar.ca\/fr\/wp-json\/wp\/v2\/product"}],"about":[{"href":"https:\/\/www.jessar.ca\/fr\/wp-json\/wp\/v2\/types\/product"}],"wp:featuredmedia":[{"embeddable":true,"href":"https:\/\/www.jessar.ca\/fr\/wp-json\/wp\/v2\/media\/10932"}],"wp:attachment":[{"href":"https:\/\/www.jessar.ca\/fr\/wp-json\/wp\/v2\/media?parent=10931"}],"curies":[{"name":"wp","href":"https:\/\/api.w.org\/{rel}","templated":true}]}}